{"id":11063,"date":"2014-08-03T02:48:09","date_gmt":"2014-08-03T02:48:09","guid":{"rendered":"http:\/\/antaiji.org\/?page_id=11063"},"modified":"2019-05-19T09:30:05","modified_gmt":"2019-05-19T09:30:05","slug":"2-9","status":"publish","type":"page","link":"https:\/\/antaiji.org\/de\/essays\/2-9\/","title":{"rendered":"2-9 Was den Optimisten vom Pessimisten unterscheidet"},"content":{"rendered":"<h3>Was den Optimisten vom Pessimisten unterscheidet<\/h3>\n<p><b><div class=\"demo-sep sep-none\" style=\"margin-top:40px;\"><\/div><span class=\"dropcap\">2-9<\/span><\/b><\/p>\n<p>Ich: Warum muss man \u00fcberhaupt Lernen?<br \/>\nPenetre: Ist dir das immer noch nicht klar? Zum Vergn\u00fcgen! Du musst jetzt lernen, damit du sp\u00e4ter mehr Geschmack und Vergn\u00fcgen am Leben hast. Wenn du ans Leben im Ganzen denkst, musst du jetzt lernen, damit du das gr\u00f6\u00dftm\u00f6gliche Vergn\u00fcgen hast.<br \/>\nIch: Ich verstehe nicht, warum man lernen muss, um sich zu vergn\u00fcgen. Vergn\u00fcgen kann ich mich auch so! Warum soll ich mir das Vergn\u00fcgen f\u00fcr sp\u00e4ter aufheben, wenn ich mich schon heute vergn\u00fcgen kann?<br \/>\nPenetre: Erinnerst du dich an das Gespr\u00e4ch, als ich den Unterschied zwischen einem anst\u00e4ndigen Menschen und einem, dem nicht zu helfen ist, erw\u00e4hnte (<a href=\"https:\/\/antaiji.org\/de\/essays\/1-3\/\">siehe 1-3<\/a>)? Ein anst\u00e4ndiger Mensch ist dazu in der Lage, die eigene Gegenwart f\u00fcr die eigene Zukunft zu opfern. Wer dagegen die eigene Zukunft f\u00fcr die eigene Gegenwart opfert, dem ist nicht zu helfen. Und einen Menschen, der sich f\u00fcr andere opfert, nennt man einen guten Menschen, w\u00e4hrend ein Mensch, der die anderen f\u00fcr sich opfert, ein schlechter Mensch ist. Wichtig ist, dass nur ein anst\u00e4ndiger Mensch zu einem guten oder schlechten Menschen werden kann. Wem nicht zu helfen ist, der kann noch nicht einmal zu einem anst\u00e4ndigen schlechten Menschen werden!<br \/>\nIch: Aber du hast auch gesagt, dass der Unterschied zwischen einem echten Optimisten und einem echten Pessimisten noch wichtiger ist, nicht wahr?<br \/>\nPenetre: Ja, genau darum geht es mir. Der einzige Weg f\u00fcr einen Pessimisten, zu einem anst\u00e4ndigen Menschen zu werden, besteht darin, sich irgendwo <b>eine Lebensanschauung und ein h\u00f6heres Ziel<\/b> zu besorgen. Ein Pessimist muss seinem gegenw\u00e4rtigen Leben dadurch einen Sinn verleihen, in dem er es von einer h\u00f6heren Warte aus betrachtet. Ein Optimist hat das nicht n\u00f6tig. <b>Selbst das, was er in der Gegenwart tun muss, um sich in der Zukunft zu vergn\u00fcgen, wird f\u00fcr einen Optimisten zum Vergn\u00fcgen<\/b>. Alles, was er f\u00fcr andere tut, tut der Optimist nur zum eigenen Vergn\u00fcgen.<\/p>\n","protected":false},"excerpt":{"rendered":"<p>Was den Optimisten vom Pessimisten unterscheidet Ich: Warum muss man \u00fcberhaupt Lernen? Penetre: Ist dir das immer noch nicht klar? Zum Vergn\u00fcgen! Du musst jetzt lernen, damit du sp\u00e4ter mehr Geschmack und Vergn\u00fcgen am Leben hast. Wenn du ans Leben im Ganzen denkst, musst du jetzt lernen, damit du das gr\u00f6\u00dftm\u00f6gliche Vergn\u00fcgen hast. Ich: Ich verstehe nicht, warum man lernen muss, um sich zu vergn\u00fcgen. Vergn\u00fcgen kann ich mich auch so! Warum soll ich mir das Vergn\u00fcgen f\u00fcr sp\u00e4ter aufheben, wenn ich mich schon heute vergn\u00fcgen kann? Penetre: Erinnerst du dich an das Gespr\u00e4ch, als ich den Unterschied zwischen einem anst\u00e4ndigen Menschen und einem, dem nicht zu helfen ist, erw\u00e4hnte (siehe 1-3)? Ein anst\u00e4ndiger Mensch ist dazu in der Lage, die eigene Gegenwart f\u00fcr die eigene Zukunft zu opfern. Wer dagegen die eigene Zukunft f\u00fcr die eigene Gegenwart opfert, dem ist nicht zu helfen. Und einen Menschen, der sich f\u00fcr andere opfert, nennt man einen guten Menschen, w\u00e4hrend ein Mensch, der die anderen f\u00fcr sich opfert, ein schlechter Mensch ist. Wichtig ist, dass nur ein anst\u00e4ndiger Mensch zu einem guten oder schlechten Menschen werden kann. Wem nicht zu helfen ist, der kann noch nicht einmal zu einem anst\u00e4ndigen schlechten Menschen werden! Ich: Aber du hast auch gesagt, dass der Unterschied zwischen einem echten Optimisten und einem echten Pessimisten noch wichtiger ist, nicht wahr? Penetre: Ja, genau darum geht es mir. Der einzige Weg f\u00fcr einen Pessimisten, zu einem anst\u00e4ndigen Menschen zu werden, besteht darin, sich irgendwo eine Lebensanschauung und ein h\u00f6heres Ziel zu besorgen. Ein Pessimist muss seinem gegenw\u00e4rtigen Leben dadurch einen Sinn verleihen, in dem er es von einer h\u00f6heren Warte aus betrachtet. Ein Optimist hat das nicht n\u00f6tig. Selbst das, was er in [&hellip;]<\/p>\n","protected":false},"author":1,"featured_media":0,"parent":4141,"menu_order":62,"comment_status":"closed","ping_status":"closed","template":"side-navigation.php","meta":{"ngg_post_thumbnail":0,"footnotes":""},"class_list":["post-11063","page","type-page","status-publish","hentry"],"_links":{"self":[{"href":"https:\/\/antaiji.org\/de\/wp-json\/wp\/v2\/pages\/11063","targetHints":{"allow":["GET"]}}],"collection":[{"href":"https:\/\/antaiji.org\/de\/wp-json\/wp\/v2\/pages"}],"about":[{"href":"https:\/\/antaiji.org\/de\/wp-json\/wp\/v2\/types\/page"}],"author":[{"embeddable":true,"href":"https:\/\/antaiji.org\/de\/wp-json\/wp\/v2\/users\/1"}],"replies":[{"embeddable":true,"href":"https:\/\/antaiji.org\/de\/wp-json\/wp\/v2\/comments?post=11063"}],"version-history":[{"count":3,"href":"https:\/\/antaiji.org\/de\/wp-json\/wp\/v2\/pages\/11063\/revisions"}],"predecessor-version":[{"id":17653,"href":"https:\/\/antaiji.org\/de\/wp-json\/wp\/v2\/pages\/11063\/revisions\/17653"}],"up":[{"embeddable":true,"href":"https:\/\/antaiji.org\/de\/wp-json\/wp\/v2\/pages\/4141"}],"wp:attachment":[{"href":"https:\/\/antaiji.org\/de\/wp-json\/wp\/v2\/media?parent=11063"}],"curies":[{"name":"wp","href":"https:\/\/api.w.org\/{rel}","templated":true}]}}