{"id":11079,"date":"2014-08-08T23:12:44","date_gmt":"2014-08-08T23:12:44","guid":{"rendered":"http:\/\/antaiji.org\/?page_id=11079"},"modified":"2019-04-05T06:51:55","modified_gmt":"2019-04-05T06:51:55","slug":"2-11","status":"publish","type":"page","link":"https:\/\/antaiji.org\/de\/essays\/2-11\/","title":{"rendered":"2-11 Was bedeutet \u201elinks\u201c und \u201erechts\u201c?"},"content":{"rendered":"<h3>Was bedeutet \u201elinks\u201c und \u201erechts\u201c?<\/h3>\n<p><b><div class=\"demo-sep sep-none\" style=\"margin-top:40px;\"><\/div><span class=\"dropcap\">2-11<\/span><\/b><\/p>\n<p>Ich: Du, Penetre! Wenn die Erwachsenen \u00fcber Politik reden, sagen sie \u201elinks\u201c oder \u201erechts\u201c \u2013 was ist damit gemeint?<br \/>\nPenetre: Damit ist die politische Grundeinstellung gemeint. Die Linken berufen sich nicht auf die Nation oder Tradition, sondern vertrauen auf die Kreativit\u00e4t und Spontanit\u00e4t der Bev\u00f6lkerung selbst. F\u00fcr die Rechten sind die Werte wichtig, die das Volk \u00fcber die Jahrhunderte hinweg kultiviert hat. Sie glauben, dass die Nation die Funktion einer geistigen St\u00fctze f\u00fcr die Gesellschaft hat.<br \/>\nIch: Und wer von den beiden hat recht?<br \/>\nPenetre: Eigentlich gibt es da keinen gro\u00dfen Unterschied.<br \/>\nIch: Wirklich? Wie kommt es dann, dass die immer miteinander streiten?<br \/>\nPenetre: <b>Streiten kann man nur dann, wenn man etwas gemeinsam hat<\/b>. Wei\u00df und Schwarz sind nur deshalb Gegens\u00e4tze, weil sie beide zu den Farben geh\u00f6ren. S\u00fc\u00df und Sauer sind beides Geschmacksrichtungen, deshalb k\u00f6nnen sie sich unterscheiden. Aber f\u00fcr einen Streit zwischen Wei\u00df und S\u00fc\u00df fehlt die gemeinsame Grundlage. So ist es auch bei den Menschen. Man kann sich nur dann dar\u00fcber streiten, ob Furtw\u00e4ngler oder Karajan der bessere Dirigent von Beethovens 9. Sinfonie ist, wenn man sich einig ist, dass die 9. Sinfonie wichtig ist. Wor\u00fcber sollten sich dagegen ein Karajan-Fan und ein Fan der New York Giants streiten? Man muss sich \u00fcber etwas einig sein, um sich zu streiten.<br \/>\nIch: Und so ist es auch bei den Linken und den Rechten?<br \/>\nPenetre: Genau. Politische Gegens\u00e4tze kann es nur zwischen Menschen geben, f\u00fcr die Politik wichtig ist.<br \/>\nIch: Aber anders als Musik oder Baseball ist die Politik doch etwas, was die ganze Welt betrifft?<br \/>\nPenetre: Du hast recht damit, dass das Aufgabenfeld der Politik weiter ist als das der Musik oder des Baseballs. Aber so wenig man die Probleme der Welt von einem \u201efurtw\u00e4nglerischen\u201c oder \u201ekarajanischen\u201c Standpunkt aus betrachten kann, so wenig kann man alle Probleme von einem \u201elinken\u201c oder \u201erechten\u201c Standpunkt aus l\u00f6sen.<\/p>\n","protected":false},"excerpt":{"rendered":"<p>Was bedeutet \u201elinks\u201c und \u201erechts\u201c? Ich: Du, Penetre! Wenn die Erwachsenen \u00fcber Politik reden, sagen sie \u201elinks\u201c oder \u201erechts\u201c \u2013 was ist damit gemeint? Penetre: Damit ist die politische Grundeinstellung gemeint. Die Linken berufen sich nicht auf die Nation oder Tradition, sondern vertrauen auf die Kreativit\u00e4t und Spontanit\u00e4t der Bev\u00f6lkerung selbst. F\u00fcr die Rechten sind die Werte wichtig, die das Volk \u00fcber die Jahrhunderte hinweg kultiviert hat. Sie glauben, dass die Nation die Funktion einer geistigen St\u00fctze f\u00fcr die Gesellschaft hat. Ich: Und wer von den beiden hat recht? Penetre: Eigentlich gibt es da keinen gro\u00dfen Unterschied. Ich: Wirklich? Wie kommt es dann, dass die immer miteinander streiten? Penetre: Streiten kann man nur dann, wenn man etwas gemeinsam hat. Wei\u00df und Schwarz sind nur deshalb Gegens\u00e4tze, weil sie beide zu den Farben geh\u00f6ren. S\u00fc\u00df und Sauer sind beides Geschmacksrichtungen, deshalb k\u00f6nnen sie sich unterscheiden. Aber f\u00fcr einen Streit zwischen Wei\u00df und S\u00fc\u00df fehlt die gemeinsame Grundlage. So ist es auch bei den Menschen. Man kann sich nur dann dar\u00fcber streiten, ob Furtw\u00e4ngler oder Karajan der bessere Dirigent von Beethovens 9. Sinfonie ist, wenn man sich einig ist, dass die 9. Sinfonie wichtig ist. Wor\u00fcber sollten sich dagegen ein Karajan-Fan und ein Fan der New York Giants streiten? Man muss sich \u00fcber etwas einig sein, um sich zu streiten. Ich: Und so ist es auch bei den Linken und den Rechten? Penetre: Genau. Politische Gegens\u00e4tze kann es nur zwischen Menschen geben, f\u00fcr die Politik wichtig ist. Ich: Aber anders als Musik oder Baseball ist die Politik doch etwas, was die ganze Welt betrifft? Penetre: Du hast recht damit, dass das Aufgabenfeld der Politik weiter ist als das der Musik oder des Baseballs. Aber so wenig man [&hellip;]<\/p>\n","protected":false},"author":1,"featured_media":0,"parent":4141,"menu_order":72,"comment_status":"closed","ping_status":"closed","template":"side-navigation.php","meta":{"ngg_post_thumbnail":0,"footnotes":""},"class_list":["post-11079","page","type-page","status-publish","hentry"],"_links":{"self":[{"href":"https:\/\/antaiji.org\/de\/wp-json\/wp\/v2\/pages\/11079","targetHints":{"allow":["GET"]}}],"collection":[{"href":"https:\/\/antaiji.org\/de\/wp-json\/wp\/v2\/pages"}],"about":[{"href":"https:\/\/antaiji.org\/de\/wp-json\/wp\/v2\/types\/page"}],"author":[{"embeddable":true,"href":"https:\/\/antaiji.org\/de\/wp-json\/wp\/v2\/users\/1"}],"replies":[{"embeddable":true,"href":"https:\/\/antaiji.org\/de\/wp-json\/wp\/v2\/comments?post=11079"}],"version-history":[{"count":1,"href":"https:\/\/antaiji.org\/de\/wp-json\/wp\/v2\/pages\/11079\/revisions"}],"predecessor-version":[{"id":17506,"href":"https:\/\/antaiji.org\/de\/wp-json\/wp\/v2\/pages\/11079\/revisions\/17506"}],"up":[{"embeddable":true,"href":"https:\/\/antaiji.org\/de\/wp-json\/wp\/v2\/pages\/4141"}],"wp:attachment":[{"href":"https:\/\/antaiji.org\/de\/wp-json\/wp\/v2\/media?parent=11079"}],"curies":[{"name":"wp","href":"https:\/\/api.w.org\/{rel}","templated":true}]}}