{"id":11089,"date":"2014-08-11T01:23:56","date_gmt":"2014-08-11T01:23:56","guid":{"rendered":"http:\/\/antaiji.org\/?page_id=11089"},"modified":"2019-04-05T06:54:07","modified_gmt":"2019-04-05T06:54:07","slug":"3-1","status":"publish","type":"page","link":"https:\/\/antaiji.org\/de\/essays\/3-1\/","title":{"rendered":"3-1 Das menschliche Bewusstsein"},"content":{"rendered":"<h3>Das menschliche Bewusstsein<\/h3>\n<p><b><div class=\"demo-sep sep-none\" style=\"margin-top:40px;\"><\/div><span class=\"dropcap\">3-1<\/span><\/b><\/p>\n<p>Penetre: Stell dir einen Hund vor, der seinem Herrchen lange Jahre beim Schachspielen zugeguckt hat. Eines Tages setzt er sich vor das Brett und bewegt eine der Figuren, so wie er es bei seinem Herrchen immer gesehen hat. Sein Herrchen ist total \u00fcberrascht und macht seinerseits einen Zug, so als w\u00fcrde der Hund tats\u00e4chlich die Regeln kennen. Worauf der Hund wiederum die Pfote ausstreckt und eine Figur bewegt\u2026<br \/>\nIch: Das ist ja s\u00fc\u00df! Ich w\u00fcnschte, uns w\u00e4re auch so ein braver Hund zugelaufen und nicht eine Katze, die so merkw\u00fcrdige Dinge erz\u00e4hlt wie du!<br \/>\nPenetre: K\u00f6nnte es nicht sein, dass ihr Menschen genauso wie dieser Hund in der Illusion lebt, den Sinn eures Tuns zu verstehen, obwohl ihr in Wirklichkeit gar nichts versteht?<br \/>\nIch: Mir ist es tats\u00e4chlich schon vorgekommen, dass ich geglaubt hatte etwas zu verstehen, nur um hinterher festzustellen, dass ich es doch nicht verstand.<br \/>\nPenetre: Das meine ich nicht. Ich meine, dass die Menschheit als Ganze einem Missverst\u00e4ndnis aufsitzt. Zum Beispiel der Glaube, dass Menschen und Hunde sich unterscheiden, dass sich die Erde um die Sonne dreht, dass alle materiellen Dinge eine Anziehungskraft aufeinander aus\u00fcben\u2026 k\u00f6nnte es nicht sein, dass das alles ein Irrtum ist? <b>So wie sich der Hund t\u00e4uscht, wenn er glaubt, dass Schachspielen bedeutet, einfach nur die Figuren mit der Pfote zu bewegen, so t\u00e4uschen sich vielleicht auch die Menschen grunds\u00e4tzlich \u00fcber die Bedeutung ihres Tuns<\/b>.<br \/>\nIch: Beim Hund ist es der Mensch, der den Irrtum erkennt, aber wer w\u00fcrde es erkennen, wenn sich die ganze Menscheit im Irrtum befindet?<br \/>\nPenetre: Keiner! Und selbst wenn es jemanden g\u00e4be, der es erkennt \u2013 ihr Menschen w\u00fcrdet davon nichts mitbekommen. Genauso wie der Hund es nicht bemerkt, dass der Mensch seinen Irrtum durchschaut. Deshalb kannst du dir auch nicht sicher sein, ob wir Katzen euch Menschen in Wirklichkeit nicht schon l\u00e4ngst durchschaut haben!<\/p>\n","protected":false},"excerpt":{"rendered":"<p>Das menschliche Bewusstsein Penetre: Stell dir einen Hund vor, der seinem Herrchen lange Jahre beim Schachspielen zugeguckt hat. Eines Tages setzt er sich vor das Brett und bewegt eine der Figuren, so wie er es bei seinem Herrchen immer gesehen hat. Sein Herrchen ist total \u00fcberrascht und macht seinerseits einen Zug, so als w\u00fcrde der Hund tats\u00e4chlich die Regeln kennen. Worauf der Hund wiederum die Pfote ausstreckt und eine Figur bewegt\u2026 Ich: Das ist ja s\u00fc\u00df! Ich w\u00fcnschte, uns w\u00e4re auch so ein braver Hund zugelaufen und nicht eine Katze, die so merkw\u00fcrdige Dinge erz\u00e4hlt wie du! Penetre: K\u00f6nnte es nicht sein, dass ihr Menschen genauso wie dieser Hund in der Illusion lebt, den Sinn eures Tuns zu verstehen, obwohl ihr in Wirklichkeit gar nichts versteht? Ich: Mir ist es tats\u00e4chlich schon vorgekommen, dass ich geglaubt hatte etwas zu verstehen, nur um hinterher festzustellen, dass ich es doch nicht verstand. Penetre: Das meine ich nicht. Ich meine, dass die Menschheit als Ganze einem Missverst\u00e4ndnis aufsitzt. Zum Beispiel der Glaube, dass Menschen und Hunde sich unterscheiden, dass sich die Erde um die Sonne dreht, dass alle materiellen Dinge eine Anziehungskraft aufeinander aus\u00fcben\u2026 k\u00f6nnte es nicht sein, dass das alles ein Irrtum ist? So wie sich der Hund t\u00e4uscht, wenn er glaubt, dass Schachspielen bedeutet, einfach nur die Figuren mit der Pfote zu bewegen, so t\u00e4uschen sich vielleicht auch die Menschen grunds\u00e4tzlich \u00fcber die Bedeutung ihres Tuns. Ich: Beim Hund ist es der Mensch, der den Irrtum erkennt, aber wer w\u00fcrde es erkennen, wenn sich die ganze Menscheit im Irrtum befindet? Penetre: Keiner! Und selbst wenn es jemanden g\u00e4be, der es erkennt \u2013 ihr Menschen w\u00fcrdet davon nichts mitbekommen. Genauso wie der Hund es nicht bemerkt, dass [&hellip;]<\/p>\n","protected":false},"author":1,"featured_media":0,"parent":4141,"menu_order":77,"comment_status":"closed","ping_status":"closed","template":"side-navigation.php","meta":{"ngg_post_thumbnail":0,"footnotes":""},"class_list":["post-11089","page","type-page","status-publish","hentry"],"_links":{"self":[{"href":"https:\/\/antaiji.org\/de\/wp-json\/wp\/v2\/pages\/11089","targetHints":{"allow":["GET"]}}],"collection":[{"href":"https:\/\/antaiji.org\/de\/wp-json\/wp\/v2\/pages"}],"about":[{"href":"https:\/\/antaiji.org\/de\/wp-json\/wp\/v2\/types\/page"}],"author":[{"embeddable":true,"href":"https:\/\/antaiji.org\/de\/wp-json\/wp\/v2\/users\/1"}],"replies":[{"embeddable":true,"href":"https:\/\/antaiji.org\/de\/wp-json\/wp\/v2\/comments?post=11089"}],"version-history":[{"count":1,"href":"https:\/\/antaiji.org\/de\/wp-json\/wp\/v2\/pages\/11089\/revisions"}],"predecessor-version":[{"id":17507,"href":"https:\/\/antaiji.org\/de\/wp-json\/wp\/v2\/pages\/11089\/revisions\/17507"}],"up":[{"embeddable":true,"href":"https:\/\/antaiji.org\/de\/wp-json\/wp\/v2\/pages\/4141"}],"wp:attachment":[{"href":"https:\/\/antaiji.org\/de\/wp-json\/wp\/v2\/media?parent=11089"}],"curies":[{"name":"wp","href":"https:\/\/api.w.org\/{rel}","templated":true}]}}