{"id":11116,"date":"2014-08-17T02:35:00","date_gmt":"2014-08-17T02:35:00","guid":{"rendered":"http:\/\/antaiji.org\/?page_id=11116"},"modified":"2019-04-20T02:12:29","modified_gmt":"2019-04-20T02:12:29","slug":"3-3","status":"publish","type":"page","link":"https:\/\/antaiji.org\/de\/essays\/3-3\/","title":{"rendered":"3-3 Kann man Dinge sehen, weil sie existieren? Oder existieren sie, weil man sie sehen kann?"},"content":{"rendered":"<h3>Kann man Dinge sehen, weil sie existieren? Oder existieren sie, weil man sie sehen kann?<\/h3>\n<p><b><div class=\"demo-sep sep-none\" style=\"margin-top:40px;\"><\/div><span class=\"dropcap\">3-3<\/span><\/b><\/p>\n<p>Penetre: Glaubst, dass man etwas sehen und anfassen kann, weil es existiert? Oder glaubst, dass etwas existiert, weil du es sehen und anfassen kannst?<br \/>\nIch: Nat\u00fcrlich m\u00fcssen die Dinge erst einmal existieren, damit ich sie sehen und anfassen kann!<br \/>\nPenetre: Warum bist du dir da so sicher? Dass du die Dinge sehen und anfassen kannst, weil sie existieren, kannst du doch nur behaupten, weil du sie sehen und anfassen kannst. Wenn du etwas nicht sehen oder anfassen kannst, dann wei\u00dft du auch nicht, ob es existiert.<br \/>\nIch: Gut, vielleicht wei\u00df ich dann nicht, ob das Ding existiert. Aber die Existenz des Dinges ist doch unabh\u00e4ngig davon, ob ich es erkenne oder nicht.<br \/>\nPenetre: Wie kannst du denn behaupten, es g\u00e4be eine vom Erkennen unabh\u00e4ngige Existenz? Um das zu behaupten, musst du doch erstmal etwas erkannt haben. Muss man etwas nicht erst einmal gesehen und erkannt haben, bevor man sagen kann, dass es existiert?<br \/>\nIch: Willst du damit sagen, dass Dinge nur existieren, wenn man sie auch sehen und anfassen kann? Das ist doch seltsam! Die Dinge existieren doch unabh\u00e4ngig davon, ob man sie gerade sieht oder nicht.<br \/>\nPenetre: Nat\u00fcrlich, du hast da nicht ganz unrecht. Die Antwort ist deshalb weder, dass die Dinge existieren, weil man sie sehen kann, noch dass man sie sehen kann, weil sie existieren. <b>In Wahrheit muss man sie sehen, um zu erkennen, dass sie existieren m\u00fcssen, damit man sie sehen kann<\/b>.<br \/>\nIch: ???<\/p>\n","protected":false},"excerpt":{"rendered":"<p>Kann man Dinge sehen, weil sie existieren? Oder existieren sie, weil man sie sehen kann? Penetre: Glaubst, dass man etwas sehen und anfassen kann, weil es existiert? Oder glaubst, dass etwas existiert, weil du es sehen und anfassen kannst? Ich: Nat\u00fcrlich m\u00fcssen die Dinge erst einmal existieren, damit ich sie sehen und anfassen kann! Penetre: Warum bist du dir da so sicher? Dass du die Dinge sehen und anfassen kannst, weil sie existieren, kannst du doch nur behaupten, weil du sie sehen und anfassen kannst. Wenn du etwas nicht sehen oder anfassen kannst, dann wei\u00dft du auch nicht, ob es existiert. Ich: Gut, vielleicht wei\u00df ich dann nicht, ob das Ding existiert. Aber die Existenz des Dinges ist doch unabh\u00e4ngig davon, ob ich es erkenne oder nicht. Penetre: Wie kannst du denn behaupten, es g\u00e4be eine vom Erkennen unabh\u00e4ngige Existenz? Um das zu behaupten, musst du doch erstmal etwas erkannt haben. Muss man etwas nicht erst einmal gesehen und erkannt haben, bevor man sagen kann, dass es existiert? Ich: Willst du damit sagen, dass Dinge nur existieren, wenn man sie auch sehen und anfassen kann? Das ist doch seltsam! Die Dinge existieren doch unabh\u00e4ngig davon, ob man sie gerade sieht oder nicht. Penetre: Nat\u00fcrlich, du hast da nicht ganz unrecht. Die Antwort ist deshalb weder, dass die Dinge existieren, weil man sie sehen kann, noch dass man sie sehen kann, weil sie existieren. In Wahrheit muss man sie sehen, um zu erkennen, dass sie existieren m\u00fcssen, damit man sie sehen kann. Ich: ???<\/p>\n","protected":false},"author":1,"featured_media":0,"parent":4141,"menu_order":84,"comment_status":"closed","ping_status":"closed","template":"side-navigation.php","meta":{"ngg_post_thumbnail":0,"footnotes":""},"class_list":["post-11116","page","type-page","status-publish","hentry"],"_links":{"self":[{"href":"https:\/\/antaiji.org\/de\/wp-json\/wp\/v2\/pages\/11116","targetHints":{"allow":["GET"]}}],"collection":[{"href":"https:\/\/antaiji.org\/de\/wp-json\/wp\/v2\/pages"}],"about":[{"href":"https:\/\/antaiji.org\/de\/wp-json\/wp\/v2\/types\/page"}],"author":[{"embeddable":true,"href":"https:\/\/antaiji.org\/de\/wp-json\/wp\/v2\/users\/1"}],"replies":[{"embeddable":true,"href":"https:\/\/antaiji.org\/de\/wp-json\/wp\/v2\/comments?post=11116"}],"version-history":[{"count":1,"href":"https:\/\/antaiji.org\/de\/wp-json\/wp\/v2\/pages\/11116\/revisions"}],"predecessor-version":[{"id":17557,"href":"https:\/\/antaiji.org\/de\/wp-json\/wp\/v2\/pages\/11116\/revisions\/17557"}],"up":[{"embeddable":true,"href":"https:\/\/antaiji.org\/de\/wp-json\/wp\/v2\/pages\/4141"}],"wp:attachment":[{"href":"https:\/\/antaiji.org\/de\/wp-json\/wp\/v2\/media?parent=11116"}],"curies":[{"name":"wp","href":"https:\/\/api.w.org\/{rel}","templated":true}]}}