{"id":13732,"date":"2016-01-11T14:50:42","date_gmt":"2016-01-11T14:50:42","guid":{"rendered":"http:\/\/antaiji.org\/?page_id=13732"},"modified":"2016-01-11T14:50:42","modified_gmt":"2016-01-11T14:50:42","slug":"home","status":"publish","type":"page","link":"https:\/\/antaiji.org\/de\/home\/","title":{"rendered":"Home"},"content":{"rendered":"<p><img loading=\"lazy\" decoding=\"async\" class=\"alignleft\" alt=\"star_aux\" src=\"https:\/\/antaiji.org\/wp-content\/uploads\/2013\/06\/star_aux.png\" width=\"40\" height=\"40\" \/><strong>Antaiji <\/strong>geh\u00f6rt zur japanischen S\u014dt\u014d-Zen-Schule. Die 24 Stunden jedes einzelnen Tages hier sind unsere Praxis. Wir praktizieren Zazen und vertiefen uns in den Dharma,\u00a0 w\u00e4hrend wir die Felder des Klosters bestellen, Reis anbauen, Gras m\u00e4hen und B\u00e4ume f\u00e4llen. Auf diese Weise versorgt sich die Gemeinschaft mit Nahrung und Holz f\u00fcr die K\u00fcche und das Heizen im Winter. Was bringt uns diese Praxis? Die Antwort ist einfach: Nichts! Zenpraxis ist nichts weiter als ein Ausdruck unseres nat\u00fcrlichen Lebens, ohne Ziel, nicht einmal Erleuchtung.<div class=\"demo-sep sep-shadow\" style=\"margin-top:30px;margin-bottom:30px\"><\/div>\n<h3><a href=\"https:\/\/antaiji.org\/category\/blog\/?lang=de\">Nichts Neues? <\/div><\/div><div id=\"post-20163\"class=\"post-20163 post type-post status-publish format-standard hentry category-blog category-video\"><style type=\"text\/css\"><\/style><h2><a href=\"https:\/\/antaiji.org\/de\/20220908-2-2-3-2-2-3-2-2-2-4-3-3-2-2-2-2-2-2-2-2-3-3\/\">January<\/a><\/h2>\n\t\t\t<div class=\"post-content\">\n\t\t\t<p><iframe loading=\"lazy\" title=\"YouTube video player\" src=\"https:\/\/www.youtube.com\/embed\/rTzCPguUZ4c?si=-BNZdi3UhBq9VbX5\" width=\"560\" height=\"315\" frameborder=\"0\" allowfullscreen=\"allowfullscreen\"><\/iframe><\/p>\n<p><iframe loading=\"lazy\" title=\"YouTube video player\" src=\"https:\/\/www.youtube.com\/embed\/NH4EVhDhLvM?si=nop4Uv5GdJrok1jo\" width=\"560\" height=\"315\" frameborder=\"0\" allowfullscreen=\"allowfullscreen\"><\/iframe><\/p>\n<p><iframe loading=\"lazy\" title=\"YouTube video player\" src=\"https:\/\/www.youtube.com\/embed\/Ec-L8vpd7UM?si=iffFMnPUnCz-GpIx\" width=\"560\" height=\"315\" frameborder=\"0\" allowfullscreen=\"allowfullscreen\"><\/iframe><\/p>\n<\/div><div class=\"clearboth\"><\/div><\/div><div><div> <\/a><\/h3>\n<p> <div class=\"demo-sep sep-shadow\" style=\"margin-top:20px;margin-bottom:20px\"><\/div> <style type='text\/css'>\n\t\t#content-boxes-1 article.col{background-color: !important;}\n\t\t#content-boxes-1 .fontawesome-icon.circle-yes{color: !important;background-color: !important;border:1px solid  !important;}\n\t\t<\/style><section class=\"clearfix columns content-boxes content-boxes-icon-with-title columns-4\" id=\"content-boxes-1\"> <article class=\"col\"><div class=\"col-content-container \"><style type='text\/css'>\n\t#imageframe-1.imageframe{float:;}\n\t#imageframe-1.imageframe img{border:6px solid #FFFFFF;}\n\t#imageframe-1.imageframe-glow img{\n\t\t-moz-box-shadow: 0 0 3px rgba(0,0,0,.3); \/* outer glow *\/\n\t\t-webkit-box-shadow: 0 0 3px rgba(0,0,0,.3); \/* outer glow *\/\n\t\tbox-shadow: 0 0 3px rgba(0,0,0,.3); \/* outer glow *\/\n\t}\n\t#imageframe-1.imageframe-dropshadow img{\n\t\t-moz-box-shadow: 2px 3px 7px rgba(0,0,0,.3); \/* drop shadow *\/\n\t\t-webkit-box-shadow: 2px 3px 7px rgba(0,0,0,.3); \/* drop shadow *\/\n\t\tbox-shadow: 2px 3px 7px rgba(0,0,0,.3); \/* drop shadow *\/\n\t}\n\t<\/style>\n\t<span id=\"imageframe-1\" class=\"imageframe imageframe-dropshadow\"><a title=\"Abt Muho\" href=\"https:\/\/antaiji.org\/muho\/?lang=de\"><div id=\"metaslider-id-13719\" style=\"max-width: 215px;\" class=\"ml-slider-3-106-0 metaslider metaslider-coin metaslider-13719 ml-slider ms-theme-default\" role=\"region\" aria-label=\"Teaser1\" data-height=\"143\" data-width=\"215\">\n    <div id=\"metaslider_container_13719\">\n        <div id='metaslider_13719' class='coin-slider'>\n<a href=\"javascript:void(0)\" target=\"_self\"><img loading=\"lazy\" decoding=\"async\" src=\"https:\/\/antaiji.org\/wp-content\/uploads\/2013\/06\/album_2012_DEC_5843-215x143.jpg\" height=\"143\" width=\"215\" alt=\"\" class=\"slider-13719 slide-6255 msDefaultImage\" style=\"display: none;\" \/><span>The abbot moves snow.<\/span><\/a>\n<a href=\"javascript:void(0)\" target=\"_self\"><img loading=\"lazy\" decoding=\"async\" src=\"https:\/\/antaiji.org\/wp-content\/uploads\/2013\/06\/slider_\u00a9Huebner_4276-215x143.jpg\" height=\"143\" width=\"215\" alt=\"\" class=\"slider-13719 slide-5433 msDefaultImage\" title=\"\u30cd\u30eb\u30b1\u7121\u65b9 \u8b1b\u6f14\u4e88\u5b9a\" style=\"display: none;\" \/><\/a>\n<a href=\"javascript:void(0)\" target=\"_self\"><img loading=\"lazy\" decoding=\"async\" src=\"https:\/\/antaiji.org\/wp-content\/uploads\/2013\/06\/DSC06592-215x143.jpg\" height=\"143\" width=\"215\" alt=\"\" class=\"slider-13719 slide-5948 msDefaultImage\" style=\"display: none;\" \/><\/a>\n<a href=\"javascript:void(0)\" target=\"_self\"><img loading=\"lazy\" decoding=\"async\" src=\"https:\/\/antaiji.org\/wp-content\/uploads\/2015\/03\/takuhatsu_c_300x225-215x143.jpg\" height=\"143\" width=\"215\" alt=\"\" class=\"slider-13719 slide-12547 msDefaultImage\" style=\"display: none;\" \/><\/a>\n<a href=\"javascript:void(0)\" target=\"_self\"><img loading=\"lazy\" decoding=\"async\" src=\"https:\/\/antaiji.org\/wp-content\/uploads\/2013\/10\/teaser_muhovintage.jpg\" height=\"143\" width=\"215\" alt=\"\" class=\"slider-13719 slide-8399 msDefaultImage\" style=\"display: none;\" \/><\/a>\n<a href=\"javascript:void(0)\" target=\"_self\"><img loading=\"lazy\" decoding=\"async\" src=\"https:\/\/antaiji.org\/wp-content\/uploads\/2015\/04\/yoga-215x143.jpg\" height=\"143\" width=\"215\" alt=\"\" class=\"slider-13719 slide-12577 msDefaultImage\" style=\"display: none;\" \/><\/a>\n<a href=\"javascript:void(0)\" target=\"_self\"><img loading=\"lazy\" decoding=\"async\" src=\"https:\/\/antaiji.org\/wp-content\/uploads\/2013\/06\/slider_\u00a9Huebner_3076-215x143.jpg\" height=\"143\" width=\"215\" alt=\"\" class=\"slider-13719 slide-5411 msDefaultImage\" style=\"display: none;\" \/><\/a>\n<a href=\"javascript:void(0)\" target=\"_self\"><img loading=\"lazy\" decoding=\"async\" src=\"https:\/\/antaiji.org\/wp-content\/uploads\/2013\/06\/slider_\u00a9Huebner_3868-215x143.jpg\" height=\"143\" width=\"215\" alt=\"\" class=\"slider-13719 slide-5430 msDefaultImage\" style=\"display: none;\" \/><\/a>\n        <\/div>\n        \n    <\/div>\n<\/div><\/a><\/span>\n<h4><a href=\"https:\/\/antaiji.org\/de\/muho\/\"><strong>Abt Muho<\/strong><\/a><\/h4>\n<p>Informationen &uuml;ber den deutschen M\u00f6nch, der heute unser Abt ist.<\/div><\/article> <article class=\"col\"><div class=\"col-content-container \"><style type='text\/css'>\n\t#imageframe-2.imageframe{float:;}\n\t#imageframe-2.imageframe img{border:6px solid #FFFFFF;}\n\t#imageframe-2.imageframe-glow img{\n\t\t-moz-box-shadow: 0 0 3px rgba(0,0,0,.3); \/* outer glow *\/\n\t\t-webkit-box-shadow: 0 0 3px rgba(0,0,0,.3); \/* outer glow *\/\n\t\tbox-shadow: 0 0 3px rgba(0,0,0,.3); \/* outer glow *\/\n\t}\n\t#imageframe-2.imageframe-dropshadow img{\n\t\t-moz-box-shadow: 2px 3px 7px rgba(0,0,0,.3); \/* drop shadow *\/\n\t\t-webkit-box-shadow: 2px 3px 7px rgba(0,0,0,.3); \/* drop shadow *\/\n\t\tbox-shadow: 2px 3px 7px rgba(0,0,0,.3); \/* drop shadow *\/\n\t}\n\t<\/style>\n\t<span id=\"imageframe-2\" class=\"imageframe imageframe-dropshadow\"><a href=\"https:\/\/antaiji.org\/de\/services\/\"><div id=\"metaslider-id-13721\" style=\"max-width: 215px;\" class=\"ml-slider-3-106-0 metaslider metaslider-coin metaslider-13721 ml-slider ms-theme-default\" role=\"region\" aria-label=\"Teaser2\" data-height=\"143\" data-width=\"215\">\n    <div id=\"metaslider_container_13721\">\n        <div id='metaslider_13721' class='coin-slider'>\n<a href=\"javascript:void(0)\" target=\"_self\"><img loading=\"lazy\" decoding=\"async\" src=\"https:\/\/antaiji.org\/wp-content\/uploads\/2013\/10\/slider_\u00a9Huebner_2013aug_1883c1-215x143.jpg\" height=\"143\" width=\"215\" alt=\"\" class=\"slider-13721 slide-8386 msDefaultImage\" style=\"display: none;\" \/><\/a>\n<a href=\"javascript:void(0)\" target=\"_self\"><img loading=\"lazy\" decoding=\"async\" src=\"https:\/\/antaiji.org\/wp-content\/uploads\/2013\/10\/slider_\u00a9Huebner_2013aug_1530bc1-215x143.jpg\" height=\"143\" width=\"215\" alt=\"\" class=\"slider-13721 slide-8371 msDefaultImage\" style=\"display: none;\" \/><\/a>\n<a href=\"javascript:void(0)\" target=\"_self\"><img loading=\"lazy\" decoding=\"async\" src=\"https:\/\/antaiji.org\/wp-content\/uploads\/2013\/10\/slider_\u00a9Huebner_2013aug_1501c1-215x143.jpg\" height=\"143\" width=\"215\" alt=\"\" class=\"slider-13721 slide-8369 msDefaultImage\" style=\"display: none;\" \/><\/a>\n<a href=\"javascript:void(0)\" target=\"_self\"><img loading=\"lazy\" decoding=\"async\" src=\"https:\/\/antaiji.org\/wp-content\/uploads\/2013\/10\/slider_\u00a9Huebner_2013aug_2007c1-215x143.jpg\" height=\"143\" width=\"215\" alt=\"\" class=\"slider-13721 slide-8391 msDefaultImage\" style=\"display: none;\" \/><\/a>\n<a href=\"javascript:void(0)\" target=\"_self\"><img loading=\"lazy\" decoding=\"async\" src=\"https:\/\/antaiji.org\/wp-content\/uploads\/2013\/10\/slider_\u00a9Huebner_2013aug_1334c1-215x143.jpg\" height=\"143\" width=\"215\" alt=\"\" class=\"slider-13721 slide-8353 msDefaultImage\" style=\"display: none;\" \/><\/a>\n<a href=\"javascript:void(0)\" target=\"_self\"><img loading=\"lazy\" decoding=\"async\" src=\"https:\/\/antaiji.org\/wp-content\/uploads\/2013\/10\/slider_\u00a9Huebner_2013aug_1257c1-215x143.jpg\" height=\"143\" width=\"215\" alt=\"\" class=\"slider-13721 slide-8343 msDefaultImage\" style=\"display: none;\" \/><\/a>\n<a href=\"javascript:void(0)\" target=\"_self\"><img loading=\"lazy\" decoding=\"async\" src=\"https:\/\/antaiji.org\/wp-content\/uploads\/2013\/10\/slider_\u00a9Huebner_2013aug_1237c1-215x143.jpg\" height=\"143\" width=\"215\" alt=\"\" class=\"slider-13721 slide-8338 msDefaultImage\" style=\"display: none;\" \/><\/a>\n<a href=\"javascript:void(0)\" target=\"_self\"><img loading=\"lazy\" decoding=\"async\" src=\"https:\/\/antaiji.org\/wp-content\/uploads\/2013\/10\/slider_\u00a9Huebner_2013aug_1235c1-215x143.jpg\" height=\"143\" width=\"215\" alt=\"\" class=\"slider-13721 slide-8337 msDefaultImage\" style=\"display: none;\" \/><\/a>\n<a href=\"javascript:void(0)\" target=\"_self\"><img loading=\"lazy\" decoding=\"async\" src=\"https:\/\/antaiji.org\/wp-content\/uploads\/2013\/10\/slider_\u00a9Huebner_2013aug_1232c1-215x143.jpg\" height=\"143\" width=\"215\" alt=\"\" class=\"slider-13721 slide-8336 msDefaultImage\" style=\"display: none;\" \/><\/a>\n<a href=\"javascript:void(0)\" target=\"_self\"><img loading=\"lazy\" decoding=\"async\" src=\"https:\/\/antaiji.org\/wp-content\/uploads\/2013\/10\/slider_\u00a9Huebner_2013aug_1215c1-215x143.jpg\" height=\"143\" width=\"215\" alt=\"\" class=\"slider-13721 slide-8331 msDefaultImage\" style=\"display: none;\" \/><\/a>\n<a href=\"javascript:void(0)\" target=\"_self\"><img loading=\"lazy\" decoding=\"async\" src=\"https:\/\/antaiji.org\/wp-content\/uploads\/2013\/10\/slider_\u00a9Huebner_2013aug_1577c1-215x143.jpg\" height=\"143\" width=\"215\" alt=\"\" class=\"slider-13721 slide-8374 msDefaultImage\" style=\"display: none;\" \/><\/a>\n<a href=\"javascript:void(0)\" target=\"_self\"><img loading=\"lazy\" decoding=\"async\" src=\"https:\/\/antaiji.org\/wp-content\/uploads\/2013\/10\/slider_\u00a9Huebner_2013aug_1247c1-215x143.jpg\" height=\"143\" width=\"215\" alt=\"\" class=\"slider-13721 slide-8340 msDefaultImage\" style=\"display: none;\" \/><\/a>\n        <\/div>\n        \n    <\/div>\n<\/div><\/a><\/span>\n<h4><a href=\"https:\/\/antaiji.org\/de\/services\/&#091;metaslider id=13723&#093;; Uchiyama<\/strong><\/a><\/h4>\n<p>Texte von zwei international bekannten &Auml;bten aus Antaiji.<\/div><\/article> <article class=\"col\"><div class=\"col-content-container \"><style type='text\/css'>\n\t#imageframe-3.imageframe{float:;}\n\t#imageframe-3.imageframe img{border:6px solid #FFFFFF;}\n\t#imageframe-3.imageframe-glow img{\n\t\t-moz-box-shadow: 0 0 3px rgba(0,0,0,.3); \/* outer glow *\/\n\t\t-webkit-box-shadow: 0 0 3px rgba(0,0,0,.3); \/* outer glow *\/\n\t\tbox-shadow: 0 0 3px rgba(0,0,0,.3); \/* outer glow *\/\n\t}\n\t#imageframe-3.imageframe-dropshadow img{\n\t\t-moz-box-shadow: 2px 3px 7px rgba(0,0,0,.3); \/* drop shadow *\/\n\t\t-webkit-box-shadow: 2px 3px 7px rgba(0,0,0,.3); \/* drop shadow *\/\n\t\tbox-shadow: 2px 3px 7px rgba(0,0,0,.3); \/* drop shadow *\/\n\t}\n\t<\/style>\n\t<span id=\"imageframe-3\" class=\"imageframe imageframe-dropshadow\"><a href=\"https:\/\/antaiji.org\/de\/dharma\/\"><div id=\"metaslider-id-13723\" style=\"max-width: 215px;\" class=\"ml-slider-3-106-0 metaslider metaslider-coin metaslider-13723 ml-slider ms-theme-default\" role=\"region\" aria-label=\"Teaser3\" data-height=\"143\" data-width=\"215\">\n    <div id=\"metaslider_container_13723\">\n        <div id='metaslider_13723' class='coin-slider'>\n<a href=\"javascript:void(0)\" target=\"_self\"><img loading=\"lazy\" decoding=\"async\" src=\"https:\/\/antaiji.org\/wp-content\/uploads\/2013\/06\/slider_\u00a9Huebner_4449-215x143.jpg\" height=\"143\" width=\"215\" alt=\"\" class=\"slider-13723 slide-6147 msDefaultImage\" style=\"display: none;\" \/><\/a>\n<a href=\"javascript:void(0)\" target=\"_self\"><img loading=\"lazy\" decoding=\"async\" src=\"https:\/\/antaiji.org\/wp-content\/uploads\/2014\/10\/slider_\u00a9Huebner_201406_8000_C7-215x143.jpg\" height=\"143\" width=\"215\" alt=\"\" class=\"slider-13723 slide-11438 msDefaultImage\" style=\"display: none;\" \/><\/a>\n<a href=\"javascript:void(0)\" target=\"_self\"><img loading=\"lazy\" decoding=\"async\" src=\"https:\/\/antaiji.org\/wp-content\/uploads\/2013\/10\/slider_\u00a9Huebner_2013aug_0940c2-215x143.jpg\" height=\"143\" width=\"215\" alt=\"\" class=\"slider-13723 slide-8308 msDefaultImage\" style=\"display: none;\" \/><\/a>\n<a href=\"javascript:void(0)\" target=\"_self\"><img loading=\"lazy\" decoding=\"async\" src=\"https:\/\/antaiji.org\/wp-content\/uploads\/2013\/10\/slider_\u00a9Huebner_2013aug_0841c1-215x143.jpg\" height=\"143\" width=\"215\" alt=\"\" class=\"slider-13723 slide-8299 msDefaultImage\" style=\"display: none;\" \/><\/a>\n<a href=\"javascript:void(0)\" target=\"_self\"><img loading=\"lazy\" decoding=\"async\" src=\"https:\/\/antaiji.org\/wp-content\/uploads\/2013\/06\/slider_\u00a9Huebner_4422-215x143.jpg\" height=\"143\" width=\"215\" alt=\"\" class=\"slider-13723 slide-5438 msDefaultImage\" style=\"display: none;\" \/><\/a>\n        <\/div>\n        \n    <\/div>\n<\/div><\/a><\/span>\n<h4><a href=\"https:\/\/antaiji.org\/de&#091;metaslider id=13725&#093;r Zazen<\/strong><\/a><\/h4>\n<p>Nur Sitzen &#8211; einfacher gesagt als getan. Warum Zazen nichts bringt \u2013 falls du es richtig machst.<\/div><\/article> <article class=\"col last\"><div class=\"col-content-container \"><style type='text\/css'>\n\t#imageframe-4.imageframe{float:;}\n\t#imageframe-4.imageframe img{border:6px solid #FFFFFF;}\n\t#imageframe-4.imageframe-glow img{\n\t\t-moz-box-shadow: 0 0 3px rgba(0,0,0,.3); \/* outer glow *\/\n\t\t-webkit-box-shadow: 0 0 3px rgba(0,0,0,.3); \/* outer glow *\/\n\t\tbox-shadow: 0 0 3px rgba(0,0,0,.3); \/* outer glow *\/\n\t}\n\t#imageframe-4.imageframe-dropshadow img{\n\t\t-moz-box-shadow: 2px 3px 7px rgba(0,0,0,.3); \/* drop shadow *\/\n\t\t-webkit-box-shadow: 2px 3px 7px rgba(0,0,0,.3); \/* drop shadow *\/\n\t\tbox-shadow: 2px 3px 7px rgba(0,0,0,.3); \/* drop shadow *\/\n\t}\n\t<\/style>\n\t<span id=\"imageframe-4\" class=\"imageframe imageframe-dropshadow\"><a href=\"https:\/\/antaiji.org\/de\/category\/blog\/\"><div id=\"metaslider-id-13725\" style=\"max-width: 215px;\" class=\"ml-slider-3-106-0 metaslider metaslider-coin metaslider-13725 ml-slider ms-theme-default\" role=\"region\" aria-label=\"Teaser4\" data-height=\"143\" data-width=\"215\">\n    <div id=\"metaslider_container_13725\">\n        <div id='metaslider_13725' class='coin-slider'>\n<a href=\"javascript:void(0)\" target=\"_self\"><img loading=\"lazy\" decoding=\"async\" src=\"https:\/\/antaiji.org\/wp-content\/uploads\/2014\/10\/slider_\u00a9Huebner_201406_9514_C7-215x143.jpg\" height=\"143\" width=\"215\" alt=\"\" class=\"slider-13725 slide-11553 msDefaultImage\" style=\"display: none;\" \/><\/a>\n<a href=\"javascript:void(0)\" target=\"_self\"><img loading=\"lazy\" decoding=\"async\" src=\"https:\/\/antaiji.org\/wp-content\/uploads\/2014\/10\/slider_\u00a9Huebner_201406_8334_C8b1-215x143.jpg\" height=\"143\" width=\"215\" alt=\"\" class=\"slider-13725 slide-11585 msDefaultImage\" style=\"display: none;\" \/><\/a>\n<a href=\"javascript:void(0)\" target=\"_self\"><img loading=\"lazy\" decoding=\"async\" src=\"https:\/\/antaiji.org\/wp-content\/uploads\/2014\/10\/slider_\u00a9Huebner_201406_9513_C8-215x143.jpg\" height=\"143\" width=\"215\" alt=\"\" class=\"slider-13725 slide-11552 msDefaultImage\" style=\"display: none;\" \/><\/a>\n<a href=\"javascript:void(0)\" target=\"_self\"><img loading=\"lazy\" decoding=\"async\" src=\"https:\/\/antaiji.org\/wp-content\/uploads\/2014\/10\/slider_\u00a9Huebner_201406_8748_C8_adjusted-215x143.jpg\" height=\"143\" width=\"215\" alt=\"\" class=\"slider-13725 slide-11506 msDefaultImage\" style=\"display: none;\" \/><\/a>\n<a href=\"javascript:void(0)\" target=\"_self\"><img loading=\"lazy\" decoding=\"async\" src=\"https:\/\/antaiji.org\/wp-content\/uploads\/2014\/10\/slider_\u00a9Huebner_201406_8268_C7-215x143.jpg\" height=\"143\" width=\"215\" alt=\"\" class=\"slider-13725 slide-11451 msDefaultImage\" style=\"display: none;\" \/><\/a>\n<a href=\"javascript:void(0)\" target=\"_self\"><img loading=\"lazy\" decoding=\"async\" src=\"https:\/\/antaiji.org\/wp-content\/uploads\/2014\/10\/slider_\u00a9Huebner_201406_2098_C6-215x143.jpg\" height=\"143\" width=\"215\" alt=\"\" class=\"slider-13725 slide-11429 msDefaultImage\" style=\"display: none;\" \/><\/a>\n<a href=\"javascript:void(0)\" target=\"_self\"><img loading=\"lazy\" decoding=\"async\" src=\"https:\/\/antaiji.org\/wp-content\/uploads\/2014\/10\/slider_\u00a9Huebner_201406_9897_C7-215x143.jpg\" height=\"143\" width=\"215\" alt=\"\" class=\"slider-13725 slide-11577 msDefaultImage\" style=\"display: none;\" \/><\/a>\n<a href=\"javascript:void(0)\" target=\"_self\"><img loading=\"lazy\" decoding=\"async\" src=\"https:\/\/antaiji.org\/wp-content\/uploads\/2014\/10\/slider_\u00a9Huebner_201406_8009_C8-215x143.jpg\" height=\"143\" width=\"215\" alt=\"\" class=\"slider-13725 slide-11439 msDefaultImage\" style=\"display: none;\" \/><\/a>\n<a href=\"javascript:void(0)\" target=\"_self\"><img loading=\"lazy\" decoding=\"async\" src=\"https:\/\/antaiji.org\/wp-content\/uploads\/2014\/10\/slider_\u00a9Huebner_201406_9945_C7-215x143.jpg\" height=\"143\" width=\"215\" alt=\"\" class=\"slider-13725 slide-11582 msDefaultImage\" style=\"display: none;\" \/><\/a>\n<a href=\"javascript:void(0)\" target=\"_self\"><img loading=\"lazy\" decoding=\"async\" src=\"https:\/\/antaiji.org\/wp-content\/uploads\/2014\/10\/slider_\u00a9Huebner_201406_9141_C8-215x143.jpg\" height=\"143\" width=\"215\" alt=\"\" class=\"slider-13725 slide-11522 msDefaultImage\" style=\"display: none;\" \/><\/a>\n<a href=\"javascript:void(0)\" target=\"_self\"><img loading=\"lazy\" decoding=\"async\" src=\"https:\/\/antaiji.org\/wp-content\/uploads\/2014\/10\/slider_\u00a9Huebner_201406_9111_C8-215x143.jpg\" height=\"143\" width=\"215\" alt=\"\" class=\"slider-13725 slide-11519 msDefaultImage\" style=\"display: none;\" \/><\/a>\n        <\/div>\n        \n    <\/div>\n<\/div><\/a><\/span>\n<h4><a href=\"https:\/\/antaiji.org\/de\/category\/blog\/\"><strong>Blog<\/strong><\/a><\/h4>\n<p>Was gibt es Neues im Kloster? In unserem Blog findest du u.a. aktuelle Videoclips.<\/div><\/article> <\/section>\n","protected":false},"excerpt":{"rendered":"<p>Antaiji geh\u00f6rt zur japanischen S\u014dt\u014d-Zen-Schule. Die 24 Stunden jedes einzelnen Tages hier sind unsere Praxis. Wir praktizieren Zazen und vertiefen uns in den Dharma,\u00a0 w\u00e4hrend wir die Felder des Klosters bestellen, Reis anbauen, Gras m\u00e4hen und B\u00e4ume f\u00e4llen. Auf diese Weise versorgt sich die Gemeinschaft mit Nahrung und Holz f\u00fcr die K\u00fcche und das Heizen im Winter. Was bringt uns diese Praxis? Die Antwort ist einfach: Nichts! Zenpraxis ist nichts weiter als ein Ausdruck unseres nat\u00fcrlichen Lebens, ohne Ziel, nicht einmal Erleuchtung. Nichts Neues?<\/p>\n","protected":false},"author":1,"featured_media":0,"parent":0,"menu_order":52,"comment_status":"closed","ping_status":"closed","template":"full-width.php","meta":{"ngg_post_thumbnail":0,"footnotes":""},"class_list":["post-13732","page","type-page","status-publish","hentry"],"_links":{"self":[{"href":"https:\/\/antaiji.org\/de\/wp-json\/wp\/v2\/pages\/13732","targetHints":{"allow":["GET"]}}],"collection":[{"href":"https:\/\/antaiji.org\/de\/wp-json\/wp\/v2\/pages"}],"about":[{"href":"https:\/\/antaiji.org\/de\/wp-json\/wp\/v2\/types\/page"}],"author":[{"embeddable":true,"href":"https:\/\/antaiji.org\/de\/wp-json\/wp\/v2\/users\/1"}],"replies":[{"embeddable":true,"href":"https:\/\/antaiji.org\/de\/wp-json\/wp\/v2\/comments?post=13732"}],"version-history":[{"count":1,"href":"https:\/\/antaiji.org\/de\/wp-json\/wp\/v2\/pages\/13732\/revisions"}],"predecessor-version":[{"id":13733,"href":"https:\/\/antaiji.org\/de\/wp-json\/wp\/v2\/pages\/13732\/revisions\/13733"}],"wp:attachment":[{"href":"https:\/\/antaiji.org\/de\/wp-json\/wp\/v2\/media?parent=13732"}],"curies":[{"name":"wp","href":"https:\/\/api.w.org\/{rel}","templated":true}]}}