{"id":13848,"date":"2016-02-12T02:24:25","date_gmt":"2016-02-12T02:24:25","guid":{"rendered":"http:\/\/antaiji.org\/?page_id=13848"},"modified":"2016-02-12T02:25:35","modified_gmt":"2016-02-12T02:25:35","slug":"home-3","status":"publish","type":"page","link":"https:\/\/antaiji.org\/de\/home-3\/","title":{"rendered":"Home"},"content":{"rendered":"<p><div id=\"metaslider-id-13693\" style=\"width: 100%;\" class=\"ml-slider-3-106-0 metaslider metaslider-nivo metaslider-13693 ml-slider ms-theme-default\" role=\"region\" aria-label=\"Winter\" data-height=\"350\" data-width=\"960\">\n    <div id=\"metaslider_container_13693\">\n        <div class='slider-wrapper theme-default'><div class='ribbon'><\/div><div id='metaslider_13693' class='nivoSlider'><img loading=\"lazy\" decoding=\"async\" src=\"https:\/\/antaiji.org\/wp-content\/uploads\/2013\/10\/slider_\u00a9Huebner_2013aug_0984.jpg\" height=\"350\" width=\"960\" alt=\"\" class=\"slider-13693 slide-8311 msDefaultImage\" \/><img loading=\"lazy\" decoding=\"async\" src=\"https:\/\/antaiji.org\/wp-content\/uploads\/2013\/10\/slider_\u00a9Huebner_2013aug_0794.jpg\" height=\"350\" width=\"960\" alt=\"\" class=\"slider-13693 slide-8297 msDefaultImage\" \/><img loading=\"lazy\" decoding=\"async\" src=\"https:\/\/antaiji.org\/wp-content\/uploads\/2013\/06\/slider_\u00a9Huebner_2366.jpg\" height=\"350\" width=\"960\" alt=\"\" class=\"slider-13693 slide-5386 msDefaultImage\" \/><img loading=\"lazy\" decoding=\"async\" src=\"https:\/\/antaiji.org\/wp-content\/uploads\/2016\/12\/6g4.jpg\" height=\"350\" width=\"960\" alt=\"\" class=\"slider-13693 slide-14883 msDefaultImage\" \/><img loading=\"lazy\" decoding=\"async\" src=\"https:\/\/antaiji.org\/wp-content\/uploads\/2014\/10\/slider_\u00a9Huebner_201406_0121_C10.jpg\" height=\"350\" width=\"960\" alt=\"\" class=\"slider-13693 slide-11328 msDefaultImage\" \/><img loading=\"lazy\" decoding=\"async\" src=\"https:\/\/antaiji.org\/wp-content\/uploads\/2016\/07\/0540.jpg\" height=\"350\" width=\"960\" alt=\"\" class=\"slider-13693 slide-14248 msDefaultImage\" \/><img loading=\"lazy\" decoding=\"async\" src=\"https:\/\/antaiji.org\/wp-content\/uploads\/2014\/10\/slider_\u00a9Huebner_201406_9963_C7.jpg\" height=\"350\" width=\"960\" alt=\"\" class=\"slider-13693 slide-11584 msDefaultImage\" \/><img loading=\"lazy\" decoding=\"async\" src=\"https:\/\/antaiji.org\/wp-content\/uploads\/2014\/10\/slider_\u00a9Huebner_201406_1261_C6.jpg\" height=\"350\" width=\"960\" alt=\"\" class=\"slider-13693 slide-11401 msDefaultImage\" \/><img loading=\"lazy\" decoding=\"async\" src=\"https:\/\/antaiji.org\/wp-content\/uploads\/2016\/07\/0450.jpg\" height=\"350\" width=\"960\" alt=\"\" class=\"slider-13693 slide-14246 msDefaultImage\" \/><img loading=\"lazy\" decoding=\"async\" src=\"https:\/\/antaiji.org\/wp-content\/uploads\/2013\/10\/slider_\u00a9Huebner_2013aug_0860.jpg\" height=\"350\" width=\"960\" alt=\"\" class=\"slider-13693 slide-8303 msDefaultImage\" \/><img loading=\"lazy\" decoding=\"async\" src=\"https:\/\/antaiji.org\/wp-content\/uploads\/2016\/11\/win5.jpg\" height=\"350\" width=\"960\" alt=\"\" class=\"slider-13693 slide-14864 msDefaultImage\" \/><img loading=\"lazy\" decoding=\"async\" src=\"https:\/\/antaiji.org\/wp-content\/uploads\/2013\/06\/slider_\u00a9Huebner_2664.jpg\" height=\"350\" width=\"960\" alt=\"\" class=\"slider-13693 slide-5394 msDefaultImage\" \/><img loading=\"lazy\" decoding=\"async\" src=\"https:\/\/antaiji.org\/wp-content\/uploads\/2016\/11\/win3-960x350.jpg\" height=\"350\" width=\"960\" alt=\"\" class=\"slider-13693 slide-14861 msDefaultImage\" \/><img loading=\"lazy\" decoding=\"async\" src=\"https:\/\/antaiji.org\/wp-content\/uploads\/2013\/06\/slider_yearbook_2012b.jpg\" height=\"350\" width=\"960\" alt=\"\" class=\"slider-13693 slide-6603 msDefaultImage\" \/><img loading=\"lazy\" decoding=\"async\" src=\"https:\/\/antaiji.org\/wp-content\/uploads\/2014\/10\/slider_\u00a9Huebner_201406_8595_C8.jpg\" height=\"350\" width=\"960\" alt=\"\" class=\"slider-13693 slide-11490 msDefaultImage\" \/><img loading=\"lazy\" decoding=\"async\" src=\"https:\/\/antaiji.org\/wp-content\/uploads\/2016\/12\/8888.jpg\" height=\"350\" width=\"960\" alt=\"\" class=\"slider-13693 slide-14901 msDefaultImage\" \/><img loading=\"lazy\" decoding=\"async\" src=\"https:\/\/antaiji.org\/wp-content\/uploads\/2013\/10\/slider_\u00a9Huebner_2013aug_0869c1.jpg\" height=\"350\" width=\"960\" alt=\"\" class=\"slider-13693 slide-8304 msDefaultImage\" \/><img loading=\"lazy\" decoding=\"async\" src=\"https:\/\/antaiji.org\/wp-content\/uploads\/2014\/10\/slider_\u00a9Huebner_201406_8334_C8.jpg\" height=\"350\" width=\"960\" alt=\"\" class=\"slider-13693 slide-11456 msDefaultImage\" \/><img loading=\"lazy\" decoding=\"async\" src=\"https:\/\/antaiji.org\/wp-content\/uploads\/2013\/10\/slider_\u00a9Huebner_2013aug_1247c1.jpg\" height=\"350\" width=\"960\" alt=\"\" class=\"slider-13693 slide-8340 msDefaultImage\" \/><img loading=\"lazy\" decoding=\"async\" src=\"https:\/\/antaiji.org\/wp-content\/uploads\/2014\/10\/slider_\u00a9Huebner_201406_9897_C7.jpg\" height=\"350\" width=\"960\" alt=\"\" class=\"slider-13693 slide-11577 msDefaultImage\" \/><img loading=\"lazy\" decoding=\"async\" src=\"https:\/\/antaiji.org\/wp-content\/uploads\/2013\/10\/slider_\u00a9Huebner_2013aug_1577c1.jpg\" height=\"350\" width=\"960\" alt=\"\" class=\"slider-13693 slide-8374 msDefaultImage\" \/><img loading=\"lazy\" decoding=\"async\" src=\"https:\/\/antaiji.org\/wp-content\/uploads\/2013\/06\/2992_banner.jpg\" height=\"350\" width=\"960\" alt=\"\" class=\"slider-13693 slide-5295 msDefaultImage\" \/><img loading=\"lazy\" decoding=\"async\" src=\"https:\/\/antaiji.org\/wp-content\/uploads\/2013\/10\/slider_\u00a9Huebner_2013aug_1329c2b.jpg\" height=\"350\" width=\"960\" alt=\"\" class=\"slider-13693 slide-8352 msDefaultImage\" \/><img loading=\"lazy\" decoding=\"async\" src=\"https:\/\/antaiji.org\/wp-content\/uploads\/2013\/10\/slider_\u00a9Huebner_2013aug_1187c2.jpg\" height=\"350\" width=\"960\" alt=\"\" class=\"slider-13693 slide-8325 msDefaultImage\" \/><img loading=\"lazy\" decoding=\"async\" src=\"https:\/\/antaiji.org\/wp-content\/uploads\/2013\/06\/slider_\u00a9Huebner_1749.jpg\" height=\"350\" width=\"960\" alt=\"\" class=\"slider-13693 slide-5375 msDefaultImage\" \/><img loading=\"lazy\" decoding=\"async\" src=\"https:\/\/antaiji.org\/wp-content\/uploads\/2016\/11\/win1.jpg\" height=\"350\" width=\"960\" alt=\"\" class=\"slider-13693 slide-14859 msDefaultImage\" \/><img loading=\"lazy\" decoding=\"async\" src=\"https:\/\/antaiji.org\/wp-content\/uploads\/2014\/10\/slider_\u00a9Huebner_201406_1680_C6.jpg\" height=\"350\" width=\"960\" alt=\"\" class=\"slider-13693 slide-11412 msDefaultImage\" \/><img loading=\"lazy\" decoding=\"async\" src=\"https:\/\/antaiji.org\/wp-content\/uploads\/2016\/11\/win4.jpg\" height=\"350\" width=\"960\" alt=\"\" class=\"slider-13693 slide-14862 msDefaultImage\" \/><img loading=\"lazy\" decoding=\"async\" src=\"https:\/\/antaiji.org\/wp-content\/uploads\/2013\/06\/slider_\u00a9Huebner_4422.jpg\" height=\"350\" width=\"960\" alt=\"\" class=\"slider-13693 slide-5438 msDefaultImage\" \/><img loading=\"lazy\" decoding=\"async\" src=\"https:\/\/antaiji.org\/wp-content\/uploads\/2014\/10\/slider_\u00a9Huebner_201406_9945_C7.jpg\" height=\"350\" width=\"960\" alt=\"\" class=\"slider-13693 slide-11582 msDefaultImage\" \/><img loading=\"lazy\" decoding=\"async\" src=\"https:\/\/antaiji.org\/wp-content\/uploads\/2016\/04\/wernerpenzel.jpg\" height=\"350\" width=\"960\" alt=\"\" class=\"slider-13693 slide-13975 msDefaultImage\" \/><img loading=\"lazy\" decoding=\"async\" src=\"https:\/\/antaiji.org\/wp-content\/uploads\/2013\/10\/slider_\u00a9Huebner_2013aug_1031c2.jpg\" height=\"350\" width=\"960\" alt=\"\" class=\"slider-13693 slide-8317 msDefaultImage\" \/><img loading=\"lazy\" decoding=\"async\" src=\"https:\/\/antaiji.org\/wp-content\/uploads\/2016\/11\/win2.jpg\" height=\"350\" width=\"960\" alt=\"\" class=\"slider-13693 slide-14860 msDefaultImage\" \/><img loading=\"lazy\" decoding=\"async\" src=\"https:\/\/antaiji.org\/wp-content\/uploads\/2016\/12\/4r2.jpg\" height=\"350\" width=\"960\" alt=\"\" class=\"slider-13693 slide-14881 msDefaultImage\" \/><img loading=\"lazy\" decoding=\"async\" src=\"https:\/\/antaiji.org\/wp-content\/uploads\/2013\/06\/slider_\u00a9Huebner_2627.jpg\" height=\"350\" width=\"960\" alt=\"Buddha\" class=\"slider-13693 slide-5393 msDefaultImage\" \/><img loading=\"lazy\" decoding=\"async\" src=\"https:\/\/antaiji.org\/wp-content\/uploads\/2016\/07\/0460.jpg\" height=\"350\" width=\"960\" alt=\"\" class=\"slider-13693 slide-14247 msDefaultImage\" \/><img loading=\"lazy\" decoding=\"async\" src=\"https:\/\/antaiji.org\/wp-content\/uploads\/2017\/01\/0450.jpg\" height=\"350\" width=\"960\" alt=\"\" class=\"slider-13693 slide-14910 msDefaultImage\" \/><img loading=\"lazy\" decoding=\"async\" src=\"https:\/\/antaiji.org\/wp-content\/uploads\/2013\/10\/slider_\u00a9Huebner_2013aug_1653c1.jpg\" height=\"350\" width=\"960\" alt=\"\" class=\"slider-13693 slide-8377 msDefaultImage\" \/><img loading=\"lazy\" decoding=\"async\" src=\"https:\/\/antaiji.org\/wp-content\/uploads\/2016\/12\/5c1.jpg\" height=\"350\" width=\"960\" alt=\"\" class=\"slider-13693 slide-14882 msDefaultImage\" \/><img loading=\"lazy\" decoding=\"async\" src=\"https:\/\/antaiji.org\/wp-content\/uploads\/2013\/06\/1962_banner.jpg\" height=\"350\" width=\"960\" alt=\"\" class=\"slider-13693 slide-5266 msDefaultImage\" \/><img loading=\"lazy\" decoding=\"async\" src=\"https:\/\/antaiji.org\/wp-content\/uploads\/2017\/01\/aDSC.jpg\" height=\"350\" width=\"960\" alt=\"\" class=\"slider-13693 slide-14927 msDefaultImage\" \/><img loading=\"lazy\" decoding=\"async\" src=\"https:\/\/antaiji.org\/wp-content\/uploads\/2013\/06\/slider_\u00a9Huebner_3705.jpg\" height=\"350\" width=\"960\" alt=\"\" class=\"slider-13693 slide-5421 msDefaultImage\" \/><\/div><\/div>\n        \n    <\/div>\n<\/div><br \/>\n<br \/>\n<img loading=\"lazy\" decoding=\"async\" class=\"alignleft\" alt=\"star_aux\" src=\"https:\/\/antaiji.org\/wp-content\/uploads\/2013\/06\/star_aux.png\" width=\"40\" height=\"40\" \/><strong>Antaiji <\/strong>geh\u00f6rt zur japanischen S\u014dt\u014d-Zen-Schule. Die 24 Stunden jedes einzelnen Tages sind unsere Praxis. Wir praktizieren Zazen und vertiefen uns in den Dharma,\u00a0 w\u00e4hrend wir die Felder bestellen, Reis anbauen, Gras m\u00e4hen und B\u00e4ume f\u00e4llen. Auf diese Weise versorgt sich die Klostergemeinschaft mit Nahrung und Holz f\u00fcr die K\u00fcche und den Ofen im Winter. Was bringt uns das? Die Antwort ist einfach: Nichts! Zenpraxis ist nichts weiter als ein Ausdruck nat\u00fcrlichen Lebens, ohne Ziel, nicht einmal Erleuchtung.<div class=\"demo-sep sep-shadow\" style=\"margin-top:30px;margin-bottom:30px\"><\/div>\n<h3><a href=\"https:\/\/antaiji.org\/category\/blog\/?lang=de\">Nichts Neues im Osten? <\/div><\/div><div id=\"post-20163\"class=\"post-20163 post type-post status-publish format-standard hentry category-blog category-video\"><style type=\"text\/css\"><\/style><h2><a href=\"https:\/\/antaiji.org\/de\/20220908-2-2-3-2-2-3-2-2-2-4-3-3-2-2-2-2-2-2-2-2-3-3\/\">January<\/a><\/h2>\n\t\t\t<div class=\"post-content\">\n\t\t\t<p><iframe loading=\"lazy\" title=\"YouTube video player\" src=\"https:\/\/www.youtube.com\/embed\/rTzCPguUZ4c?si=-BNZdi3UhBq9VbX5\" width=\"560\" height=\"315\" frameborder=\"0\" allowfullscreen=\"allowfullscreen\"><\/iframe><\/p>\n<p><iframe loading=\"lazy\" title=\"YouTube video player\" src=\"https:\/\/www.youtube.com\/embed\/NH4EVhDhLvM?si=nop4Uv5GdJrok1jo\" width=\"560\" height=\"315\" frameborder=\"0\" allowfullscreen=\"allowfullscreen\"><\/iframe><\/p>\n<p><iframe loading=\"lazy\" title=\"YouTube video player\" src=\"https:\/\/www.youtube.com\/embed\/Ec-L8vpd7UM?si=iffFMnPUnCz-GpIx\" width=\"560\" height=\"315\" frameborder=\"0\" allowfullscreen=\"allowfullscreen\"><\/iframe><\/p>\n<\/div><div class=\"clearboth\"><\/div><\/div><div><div> <\/a><\/h3>\n<p> <div class=\"demo-sep sep-shadow\" style=\"margin-top:20px;margin-bottom:20px\"><\/div>\n<style type='text\/css'>\n\t\t#content-boxes-1 article.col{background-color: !important;}\n\t\t#content-boxes-1 .fontawesome-icon.circle-yes{color: !important;background-color: !important;border:1px solid  !important;}\n\t\t<\/style><section class=\"clearfix columns content-boxes content-boxes-icon-with-title columns-4\" id=\"content-boxes-1\"> <article class=\"col\"><div class=\"col-content-container \"><style type='text\/css'>\n\t#imageframe-1.imageframe{float:;}\n\t#imageframe-1.imageframe img{border:6px solid #FFFFFF;}\n\t#imageframe-1.imageframe-glow img{\n\t\t-moz-box-shadow: 0 0 3px rgba(0,0,0,.3); \/* outer glow *\/\n\t\t-webkit-box-shadow: 0 0 3px rgba(0,0,0,.3); \/* outer glow *\/\n\t\tbox-shadow: 0 0 3px rgba(0,0,0,.3); \/* outer glow *\/\n\t}\n\t#imageframe-1.imageframe-dropshadow img{\n\t\t-moz-box-shadow: 2px 3px 7px rgba(0,0,0,.3); \/* drop shadow *\/\n\t\t-webkit-box-shadow: 2px 3px 7px rgba(0,0,0,.3); \/* drop shadow *\/\n\t\tbox-shadow: 2px 3px 7px rgba(0,0,0,.3); \/* drop shadow *\/\n\t}\n\t<\/style>\n\t<span id=\"imageframe-1\" class=\"imageframe imageframe-dropshadow\"><a title=\"Abbot Muho\" href=\"https:\/\/antaiji.org\/de\/muho\/\"><img loading=\"lazy\" decoding=\"async\" alt=\"Abbot Muho\" src=\"https:\/\/antaiji.org\/wp-content\/uploads\/2013\/10\/teaser_dochohondo.jpg\" width=\"300\" height=\"200\" \/><\/a><\/span>\n<h4><a href=\"https:\/\/antaiji.org\/de\/muho\/\"><strong>Abt Muho<\/strong><\/a><\/h4>\n<p>Informationen \u00fcber den deutschen M\u00f6nch, der heute unser Abt ist.<\/div><\/article> <article class=\"col\"><div class=\"col-content-container \"><style type='text\/css'>\n\t#imageframe-2.imageframe{float:;}\n\t#imageframe-2.imageframe img{border:6px solid #FFFFFF;}\n\t#imageframe-2.imageframe-glow img{\n\t\t-moz-box-shadow: 0 0 3px rgba(0,0,0,.3); \/* outer glow *\/\n\t\t-webkit-box-shadow: 0 0 3px rgba(0,0,0,.3); \/* outer glow *\/\n\t\tbox-shadow: 0 0 3px rgba(0,0,0,.3); \/* outer glow *\/\n\t}\n\t#imageframe-2.imageframe-dropshadow img{\n\t\t-moz-box-shadow: 2px 3px 7px rgba(0,0,0,.3); \/* drop shadow *\/\n\t\t-webkit-box-shadow: 2px 3px 7px rgba(0,0,0,.3); \/* drop shadow *\/\n\t\tbox-shadow: 2px 3px 7px rgba(0,0,0,.3); \/* drop shadow *\/\n\t}\n\t<\/style>\n\t<span id=\"imageframe-2\" class=\"imageframe imageframe-dropshadow\"><a href=\"https:\/\/antaiji.org\/de\/services\/\"><img loading=\"lazy\" decoding=\"async\" alt=\"Sawaki &amp; Uchiyama\" src=\"https:\/\/antaiji.org\/wp-content\/uploads\/2013\/10\/teaser_sawakisquat.jpg\" width=\"320\" height=\"215\" \/><\/a><\/span>\n<h4><a href=\"https:\/\/antaiji.org\/de\/services\/\"><strong>Sawaki &amp; Uchiyama<\/strong><\/a><\/h4>\n<p>Texte von zwei international bekannten Meistern aus Antaiji.<\/div><\/article> <article class=\"col\"><div class=\"col-content-container \"><style type='text\/css'>\n\t#imageframe-3.imageframe{float:;}\n\t#imageframe-3.imageframe img{border:6px solid #FFFFFF;}\n\t#imageframe-3.imageframe-glow img{\n\t\t-moz-box-shadow: 0 0 3px rgba(0,0,0,.3); \/* outer glow *\/\n\t\t-webkit-box-shadow: 0 0 3px rgba(0,0,0,.3); \/* outer glow *\/\n\t\tbox-shadow: 0 0 3px rgba(0,0,0,.3); \/* outer glow *\/\n\t}\n\t#imageframe-3.imageframe-dropshadow img{\n\t\t-moz-box-shadow: 2px 3px 7px rgba(0,0,0,.3); \/* drop shadow *\/\n\t\t-webkit-box-shadow: 2px 3px 7px rgba(0,0,0,.3); \/* drop shadow *\/\n\t\tbox-shadow: 2px 3px 7px rgba(0,0,0,.3); \/* drop shadow *\/\n\t}\n\t<\/style>\n\t<span id=\"imageframe-3\" class=\"imageframe imageframe-dropshadow\"><a href=\"https:\/\/antaiji.org\/de\/dharma\/\"><img loading=\"lazy\" decoding=\"async\" alt=\"About Zazen\" src=\"https:\/\/antaiji.org\/wp-content\/uploads\/2013\/10\/teaser_gushozazen.jpg\" width=\"299\" height=\"198\" \/><\/a><\/span>\n<h4><a href=\"https:\/\/antaiji.org\/de\/dharma\/\"><strong>\u00dcber Zazen<\/strong><\/a><\/h4>\n<p>Sitzen bleiben: Leichter gesagt, als getan. Warum Zazen nichts bringt \u2013 wenn du es richtig machst.<\/div><\/article> <article class=\"col last\"><div class=\"col-content-container \"><style type='text\/css'>\n\t#imageframe-4.imageframe{float:;}\n\t#imageframe-4.imageframe img{border:6px solid #FFFFFF;}\n\t#imageframe-4.imageframe-glow img{\n\t\t-moz-box-shadow: 0 0 3px rgba(0,0,0,.3); \/* outer glow *\/\n\t\t-webkit-box-shadow: 0 0 3px rgba(0,0,0,.3); \/* outer glow *\/\n\t\tbox-shadow: 0 0 3px rgba(0,0,0,.3); \/* outer glow *\/\n\t}\n\t#imageframe-4.imageframe-dropshadow img{\n\t\t-moz-box-shadow: 2px 3px 7px rgba(0,0,0,.3); \/* drop shadow *\/\n\t\t-webkit-box-shadow: 2px 3px 7px rgba(0,0,0,.3); \/* drop shadow *\/\n\t\tbox-shadow: 2px 3px 7px rgba(0,0,0,.3); \/* drop shadow *\/\n\t}\n\t<\/style>\n\t<span id=\"imageframe-4\" class=\"imageframe imageframe-dropshadow\"><a href=\"https:\/\/antaiji.org\/de\/category\/blog\/\"><img loading=\"lazy\" decoding=\"async\" alt=\"Staying at Antaiji\" src=\"https:\/\/antaiji.org\/wp-content\/uploads\/2013\/10\/teaser_yudai.jpg\" width=\"299\" height=\"198\" \/><\/a><\/span>\n<h4><a href=\"https:\/\/antaiji.org\/de\/category\/blog\/\"><strong>Blog<\/strong><\/a><\/h4>\n<p>Was gibt&#8217;s Neues im Kloster? Hier findest du auch aktuelle Videoclips. <\/div><\/article> <\/section>\n","protected":false},"excerpt":{"rendered":"<p>Antaiji geh\u00f6rt zur japanischen S\u014dt\u014d-Zen-Schule. Die 24 Stunden jedes einzelnen Tages sind unsere Praxis. Wir praktizieren Zazen und vertiefen uns in den Dharma,\u00a0 w\u00e4hrend wir die Felder bestellen, Reis anbauen, Gras m\u00e4hen und B\u00e4ume f\u00e4llen. Auf diese Weise versorgt sich die Klostergemeinschaft mit Nahrung und Holz f\u00fcr die K\u00fcche und den Ofen im Winter. Was bringt uns das? Die Antwort ist einfach: Nichts! Zenpraxis ist nichts weiter als ein Ausdruck nat\u00fcrlichen Lebens, ohne Ziel, nicht einmal Erleuchtung. Nichts Neues im Osten?<\/p>\n","protected":false},"author":1,"featured_media":0,"parent":0,"menu_order":52,"comment_status":"closed","ping_status":"closed","template":"full-width.php","meta":{"ngg_post_thumbnail":0,"footnotes":""},"class_list":["post-13848","page","type-page","status-publish","hentry"],"_links":{"self":[{"href":"https:\/\/antaiji.org\/de\/wp-json\/wp\/v2\/pages\/13848","targetHints":{"allow":["GET"]}}],"collection":[{"href":"https:\/\/antaiji.org\/de\/wp-json\/wp\/v2\/pages"}],"about":[{"href":"https:\/\/antaiji.org\/de\/wp-json\/wp\/v2\/types\/page"}],"author":[{"embeddable":true,"href":"https:\/\/antaiji.org\/de\/wp-json\/wp\/v2\/users\/1"}],"replies":[{"embeddable":true,"href":"https:\/\/antaiji.org\/de\/wp-json\/wp\/v2\/comments?post=13848"}],"version-history":[{"count":2,"href":"https:\/\/antaiji.org\/de\/wp-json\/wp\/v2\/pages\/13848\/revisions"}],"predecessor-version":[{"id":13850,"href":"https:\/\/antaiji.org\/de\/wp-json\/wp\/v2\/pages\/13848\/revisions\/13850"}],"wp:attachment":[{"href":"https:\/\/antaiji.org\/de\/wp-json\/wp\/v2\/media?parent=13848"}],"curies":[{"name":"wp","href":"https:\/\/api.w.org\/{rel}","templated":true}]}}