{"id":16207,"date":"2017-12-12T04:02:31","date_gmt":"2017-12-12T04:02:31","guid":{"rendered":"http:\/\/antaiji.org\/?page_id=16207"},"modified":"2025-12-27T19:35:26","modified_gmt":"2025-12-27T19:35:26","slug":"tenzo","status":"publish","type":"page","link":"https:\/\/antaiji.org\/de\/practice\/tenzo\/","title":{"rendered":"Retreat im Mai"},"content":{"rendered":"<div id=\"metaslider-id-16209\" style=\"width: 100%;\" class=\"ml-slider-3-106-0 metaslider metaslider-flex metaslider-16209 ml-slider has-dots-nav ms-theme-default nav-hidden\" role=\"region\" aria-label=\"Tenzo\" data-height=\"300\" data-width=\"700\">\n    <div id=\"metaslider_container_16209\">\n        <div id=\"metaslider_16209\">\n            <ul class='slides'>\n                <li style=\"display: block; width: 100%;\" class=\"slide-16210 ms-image \" aria-roledescription=\"slide\" data-date=\"2017-12-12 04:04:22\" data-filename=\"slider_\u00a9Huebner_201406_9124_C8.jpg\" data-slide-type=\"image\"><img loading=\"lazy\" decoding=\"async\" src=\"https:\/\/antaiji.org\/wp-content\/uploads\/2014\/10\/slider_\u00a9Huebner_201406_9124_C8.jpg\" height=\"0\" width=\"0\" alt=\"\" class=\"slider-16209 slide-16210 msDefaultImage\" \/><\/li>\n                <li style=\"display: none; width: 100%;\" class=\"slide-16211 ms-image \" aria-roledescription=\"slide\" data-date=\"2017-12-12 04:04:47\" data-filename=\"slider_\u00a9Huebner_201406_9061_C8.jpg\" data-slide-type=\"image\"><img loading=\"lazy\" decoding=\"async\" src=\"https:\/\/antaiji.org\/wp-content\/uploads\/2014\/10\/slider_\u00a9Huebner_201406_9061_C8.jpg\" height=\"0\" width=\"0\" alt=\"\" class=\"slider-16209 slide-16211 msDefaultImage\" \/><\/li>\n                <li style=\"display: none; width: 100%;\" class=\"slide-16212 ms-image \" aria-roledescription=\"slide\" data-date=\"2017-12-12 04:04:59\" data-filename=\"slider_\u00a9Huebner_201406_8993_C8.jpg\" data-slide-type=\"image\"><img loading=\"lazy\" decoding=\"async\" src=\"https:\/\/antaiji.org\/wp-content\/uploads\/2014\/10\/slider_\u00a9Huebner_201406_8993_C8.jpg\" height=\"0\" width=\"0\" alt=\"\" class=\"slider-16209 slide-16212 msDefaultImage\" \/><\/li>\n                <li style=\"display: none; width: 100%;\" class=\"slide-16214 ms-image \" aria-roledescription=\"slide\" data-date=\"2017-12-12 04:10:36\" data-filename=\"slider_\u00a9Huebner_201406_9027_C8.jpg\" data-slide-type=\"image\"><img loading=\"lazy\" decoding=\"async\" src=\"https:\/\/antaiji.org\/wp-content\/uploads\/2014\/10\/slider_\u00a9Huebner_201406_9027_C8.jpg\" height=\"0\" width=\"0\" alt=\"\" class=\"slider-16209 slide-16214 msDefaultImage\" \/><\/li>\n                <li style=\"display: none; width: 100%;\" class=\"slide-16215 ms-image \" aria-roledescription=\"slide\" data-date=\"2017-12-12 04:12:45\" data-filename=\"slider_\u00a9Huebner_201406_8994_C8.jpg\" data-slide-type=\"image\"><img loading=\"lazy\" decoding=\"async\" src=\"https:\/\/antaiji.org\/wp-content\/uploads\/2014\/10\/slider_\u00a9Huebner_201406_8994_C8.jpg\" height=\"0\" width=\"0\" alt=\"\" class=\"slider-16209 slide-16215 msDefaultImage\" \/><\/li>\n                <li style=\"display: none; width: 100%;\" class=\"slide-16216 ms-image \" aria-roledescription=\"slide\" data-date=\"2017-12-12 04:12:45\" data-filename=\"slider_\u00a9Huebner_201406_8636_C7.jpg\" data-slide-type=\"image\"><img loading=\"lazy\" decoding=\"async\" src=\"https:\/\/antaiji.org\/wp-content\/uploads\/2014\/10\/slider_\u00a9Huebner_201406_8636_C7.jpg\" height=\"0\" width=\"0\" alt=\"\" class=\"slider-16209 slide-16216 msDefaultImage\" \/><\/li>\n                <li style=\"display: none; width: 100%;\" class=\"slide-16217 ms-image \" aria-roledescription=\"slide\" data-date=\"2017-12-12 04:12:46\" data-filename=\"slider_\u00a9Huebner_201406_8563_C8.jpg\" data-slide-type=\"image\"><img loading=\"lazy\" decoding=\"async\" src=\"https:\/\/antaiji.org\/wp-content\/uploads\/2014\/10\/slider_\u00a9Huebner_201406_8563_C8.jpg\" height=\"0\" width=\"0\" alt=\"\" class=\"slider-16209 slide-16217 msDefaultImage\" \/><\/li>\n                <li style=\"display: none; width: 100%;\" class=\"slide-16218 ms-image \" aria-roledescription=\"slide\" data-date=\"2017-12-12 04:12:46\" data-filename=\"slider_\u00a9Huebner_201406_8503_C8.jpg\" data-slide-type=\"image\"><img loading=\"lazy\" decoding=\"async\" src=\"https:\/\/antaiji.org\/wp-content\/uploads\/2014\/10\/slider_\u00a9Huebner_201406_8503_C8.jpg\" height=\"0\" width=\"0\" alt=\"\" class=\"slider-16209 slide-16218 msDefaultImage\" \/><\/li>\n                <li style=\"display: none; width: 100%;\" class=\"slide-16219 ms-image \" aria-roledescription=\"slide\" data-date=\"2017-12-12 04:12:47\" data-filename=\"slider_\u00a9Huebner_201406_8472_C8.jpg\" data-slide-type=\"image\"><img loading=\"lazy\" decoding=\"async\" src=\"https:\/\/antaiji.org\/wp-content\/uploads\/2014\/10\/slider_\u00a9Huebner_201406_8472_C8.jpg\" height=\"0\" width=\"0\" alt=\"\" class=\"slider-16209 slide-16219 msDefaultImage\" \/><\/li>\n                <li style=\"display: none; width: 100%;\" class=\"slide-16220 ms-image \" aria-roledescription=\"slide\" data-date=\"2017-12-12 04:12:47\" data-filename=\"slider_\u00a9Huebner_201406_8334_C8.jpg\" data-slide-type=\"image\"><img loading=\"lazy\" decoding=\"async\" src=\"https:\/\/antaiji.org\/wp-content\/uploads\/2014\/10\/slider_\u00a9Huebner_201406_8334_C8.jpg\" height=\"0\" width=\"0\" alt=\"\" class=\"slider-16209 slide-16220 msDefaultImage\" \/><\/li>\n                <li style=\"display: none; width: 100%;\" class=\"slide-16221 ms-image \" aria-roledescription=\"slide\" data-date=\"2017-12-12 04:12:48\" data-filename=\"slider_\u00a9Huebner_201406_1546_C6-0x0.jpg\" data-slide-type=\"image\"><img loading=\"lazy\" decoding=\"async\" src=\"https:\/\/antaiji.org\/wp-content\/uploads\/2014\/10\/slider_\u00a9Huebner_201406_1546_C6-0x0.jpg\" height=\"0\" width=\"0\" alt=\"\" class=\"slider-16209 slide-16221 msDefaultImage\" \/><\/li>\n                <li style=\"display: none; width: 100%;\" class=\"slide-16222 ms-image \" aria-roledescription=\"slide\" data-date=\"2017-12-12 04:12:48\" data-filename=\"slider_\u00a9Huebner_201406_1057_C6-0x0.jpg\" data-slide-type=\"image\"><img loading=\"lazy\" decoding=\"async\" src=\"https:\/\/antaiji.org\/wp-content\/uploads\/2014\/10\/slider_\u00a9Huebner_201406_1057_C6-0x0.jpg\" height=\"0\" width=\"0\" alt=\"\" class=\"slider-16209 slide-16222 msDefaultImage\" \/><\/li>\n                <li style=\"display: none; width: 100%;\" class=\"slide-16223 ms-image \" aria-roledescription=\"slide\" data-date=\"2017-12-12 04:12:49\" data-filename=\"slider_\u00a9Huebner_201406_0628_C6-0x0.jpg\" data-slide-type=\"image\"><img loading=\"lazy\" decoding=\"async\" src=\"https:\/\/antaiji.org\/wp-content\/uploads\/2014\/10\/slider_\u00a9Huebner_201406_0628_C6-0x0.jpg\" height=\"0\" width=\"0\" alt=\"\" class=\"slider-16209 slide-16223 msDefaultImage\" \/><\/li>\n                <li style=\"display: none; width: 100%;\" class=\"slide-16224 ms-image \" aria-roledescription=\"slide\" data-date=\"2017-12-12 04:12:49\" data-filename=\"slider_\u00a9Huebner_201406_0457_C8-0x0.jpg\" data-slide-type=\"image\"><img loading=\"lazy\" decoding=\"async\" src=\"https:\/\/antaiji.org\/wp-content\/uploads\/2014\/10\/slider_\u00a9Huebner_201406_0457_C8-0x0.jpg\" height=\"0\" width=\"0\" alt=\"\" class=\"slider-16209 slide-16224 msDefaultImage\" \/><\/li>\n                <li style=\"display: none; width: 100%;\" class=\"slide-16225 ms-image \" aria-roledescription=\"slide\" data-date=\"2017-12-12 04:12:50\" data-filename=\"slider_\u00a9Huebner_201406_0468_C8-0x0.jpg\" data-slide-type=\"image\"><img loading=\"lazy\" decoding=\"async\" src=\"https:\/\/antaiji.org\/wp-content\/uploads\/2014\/10\/slider_\u00a9Huebner_201406_0468_C8-0x0.jpg\" height=\"0\" width=\"0\" alt=\"\" class=\"slider-16209 slide-16225 msDefaultImage\" \/><\/li>\n                <li style=\"display: none; width: 100%;\" class=\"slide-16226 ms-image \" aria-roledescription=\"slide\" data-date=\"2017-12-12 04:12:50\" data-filename=\"slider_\u00a9Huebner_201406_0476_C8-0x0.jpg\" data-slide-type=\"image\"><img loading=\"lazy\" decoding=\"async\" src=\"https:\/\/antaiji.org\/wp-content\/uploads\/2014\/10\/slider_\u00a9Huebner_201406_0476_C8-0x0.jpg\" height=\"0\" width=\"0\" alt=\"\" class=\"slider-16209 slide-16226 msDefaultImage\" \/><\/li>\n                <li style=\"display: none; width: 100%;\" class=\"slide-16227 ms-image \" aria-roledescription=\"slide\" data-date=\"2017-12-12 04:12:51\" data-filename=\"slider_\u00a9Huebner_201406_0219_C10-0x0.jpg\" data-slide-type=\"image\"><img loading=\"lazy\" decoding=\"async\" src=\"https:\/\/antaiji.org\/wp-content\/uploads\/2014\/10\/slider_\u00a9Huebner_201406_0219_C10-0x0.jpg\" height=\"0\" width=\"0\" alt=\"\" class=\"slider-16209 slide-16227 msDefaultImage\" \/><\/li>\n                <li style=\"display: none; width: 100%;\" class=\"slide-16228 ms-image \" aria-roledescription=\"slide\" data-date=\"2017-12-12 04:12:52\" data-filename=\"slider_\u00a9Huebner_201406_0084_C8-0x0.jpg\" data-slide-type=\"image\"><img loading=\"lazy\" decoding=\"async\" src=\"https:\/\/antaiji.org\/wp-content\/uploads\/2014\/10\/slider_\u00a9Huebner_201406_0084_C8-0x0.jpg\" height=\"0\" width=\"0\" alt=\"\" class=\"slider-16209 slide-16228 msDefaultImage\" \/><\/li>\n            <\/ul>\n        <\/div>\n        \n    <\/div>\n<\/div>\n<h3>Retreat im Mai<span style=\"color: #ff0000;\">\u3000<\/span><\/h3>\n<p><strong><span style=\"color: #ff0000;\">Hinweis: Das Retreat im Mai 2026 ist bereits ausgebucht. Bitte erw\u00e4gen Sie ein Retreat im Juli 2026.<\/span><\/strong><\/p>\n<p>Wer Antaiji im Fr\u00fchjahr erleben will, hat die M\u00f6glichkeit, an einem 5-t\u00e4gigen Retreat vom 1. bis 6. Mai teilzunehmen. Es erwarten Dich das Reispflanzen im Nassfeld und viele Bambussprossen!<\/p>\n<p>&nbsp;<\/p>\n<h4>Tagesablauf:<\/h4>\n<h4>Erster Tag (1. Mai)<\/h4>\n<div id=\"tab4\" class=\"tab tab_content\">\n<table class=\"antaiji_table\" style=\"height: 129px;\" width=\"801\">\n<tbody>\n<tr>\n<td>Bis 14:00<\/td>\n<td>Ankunft&nbsp; &nbsp; Orientierung<\/td>\n<\/tr>\n<tr>\n<td>17:00<\/td>\n<td>Abendessen<\/td>\n<\/tr>\n<tr>\n<td>18:00<\/td>\n<td>Orientierung<\/td>\n<\/tr>\n<tr>\n<td>Nach 20:00<\/td>\n<td>Freizeit, Schlafen<\/td>\n<\/tr>\n<\/tbody>\n<\/table>\n<\/div>\n<h4>Zweiter bis vierter Tag (2. bis 4. Mai)<\/h4>\n<div id=\"tab3\" class=\"tab tab_content\">\n<table class=\"antaiji_table\" width=\"100%\">\n<tbody>\n<tr>\n<td width=\"40%\">4:00 bis 6:10<\/td>\n<td>Zazen<\/td>\n<\/tr>\n<tr>\n<td>6:10<\/td>\n<td>Fr\u00fchst\u00fcck<\/td>\n<\/tr>\n<tr>\n<td>6:40<\/td>\n<td>Saubermachen<\/td>\n<\/tr>\n<tr>\n<td>Im Anschluss<\/td>\n<td>K\u00fcchenhilfe<\/td>\n<\/tr>\n<tr>\n<td>7:30 bis 12:00<\/td>\n<td>Arbeit: Wildes Gew\u00e4chs wird in den W\u00e4ldern gesucht, Bambus-Sprossen ausgegraben, Nudeln und Tofu hergestellt, Holz gehackt oder Gem\u00fcese ausges\u00e4t&#8230;<br \/>\nOder: Reispflanzen in den Nassfeldern.<\/td>\n<\/tr>\n<tr>\n<td>12:00<\/td>\n<td>Mittagessen<\/td>\n<\/tr>\n<tr>\n<td>13:00<\/td>\n<td>K\u00fcchenarbeit oder anderes Programm<\/td>\n<\/tr>\n<tr>\n<td>17:00<\/td>\n<td>Abendessen<\/td>\n<\/tr>\n<tr>\n<td>17:20<\/td>\n<td>Abwaschen<\/td>\n<\/tr>\n<tr>\n<td>17:30<\/td>\n<td>Teetreffen<\/td>\n<\/tr>\n<tr>\n<td>18:00 bis 20:00<\/td>\n<td>Zazen<\/td>\n<\/tr>\n<tr>\n<td>nach 20:00<\/td>\n<td>Freie Zeit (bitte nach 21:00 leise sein)<\/td>\n<\/tr>\n<\/tbody>\n<\/table>\n<\/div>\n<h4>F\u00fcnfter Tag (5. Mai)<\/h4>\n<div id=\"tab2\" class=\"tab tab_content\">\n<table class=\"antaiji_table\" width=\"100%\">\n<tbody>\n<tr>\n<td width=\"40%\">4:00 bis 6:10a<\/td>\n<td>Zazen<\/td>\n<\/tr>\n<tr>\n<td>6:10<\/td>\n<td>Fr\u00fchst\u00fcck<\/td>\n<\/tr>\n<tr>\n<td>6:40<\/td>\n<td>Saubermachen<\/td>\n<\/tr>\n<tr>\n<td>Im Anschluss<\/td>\n<td>K\u00fcchenhilfe<\/td>\n<\/tr>\n<tr>\n<td>7:30 bis 12:00<\/td>\n<td>Arbeit: Wildes Gew\u00e4chs wird in den W\u00e4ldern gesucht, Bambus-Sprossen ausgegraben, Nudeln und Tofu hergestellt, Holz gehackt oder Gem\u00fcese ausges\u00e4t&#8230;<br \/>\nOder: Reispflanzen in den Nassfeldern.<\/td>\n<\/tr>\n<tr>\n<td>12:00<\/td>\n<td>Mittagessen<\/td>\n<\/tr>\n<tr>\n<td>Anschlie\u00dfend<\/td>\n<td>Abendessen am Lagerfeuer<\/td>\n<\/tr>\n<\/tbody>\n<\/table>\n<h4>Letzter Tag (6. Mai)<\/h4>\n<div id=\"tab4\" class=\"tab tab_content\"><\/div>\n<table class=\"antaiji_table\" width=\"100%\">\n<tbody>\n<tr>\n<td>7:00<\/td>\n<td>Fr\u00fchst\u00fcck<\/td>\n<\/tr>\n<tr>\n<td>7:30<\/td>\n<td>Saubermachen<\/td>\n<\/tr>\n<tr>\n<td>9:00<\/td>\n<td>Teetreffen und Austausch<\/td>\n<\/tr>\n<tr>\n<td>12:00<\/td>\n<td>Mittagessen<\/td>\n<\/tr>\n<tr>\n<td>Anschlie\u00dfend<\/td>\n<td>Aufbruch<\/td>\n<\/tr>\n<\/tbody>\n<\/table>\n<\/div>\n<h4>Teilnahmegeb\u00fchr (\u00dcbernachtung, Mahlzeiten und Kurs inklusive)<\/h4>\n<div class=\"one_half\">\n55.000 Yen<br \/>\nDer Betrag kann entweder direkt bei Ankunft in bar bezahlt werden (bitte japanische Yen mitbringen!) oder im Voraus mit Paypal \u00fcberwiesen werden. Daf\u00fcr muss man auf den &#8222;Jetzt kaufen&#8220;-Knopf rechts klicken. Da Paypal eine Bearbeitungsgeb\u00fchr von knapp 5% erhebt, bitten wir in diesem Fall um eine \u00dcberweisung von 57,500 Yen.<\/p>\n<p>Wenn Sie per PayPal bezahlen m\u00f6chten, leisten Sie die Zahlung bitte erst nach der Teilnahmebest\u00e4tigung. Zahlungen, die vor der Teilnahmebest\u00e4tigung geleistet wurden, werden nicht erstattet.<br \/>\n<\/div>\n<div class=\"one_half last\">\n<p>&nbsp;<\/p>\n<style>.pp-T2E89N4JUY6HC{text-align:center;border:none;border-radius:1.5rem;min-width:11.625rem;padding:0 2rem;height:2.625rem;font-weight:bold;background-color:#FFD140;color:#000000;font-family:\"Helvetica Neue\",Arial,sans-serif;font-size:1rem;line-height:1.25rem;cursor:pointer;}<\/style>\n<form style=\"display: inline-grid; justify-items: center; align-content: start; gap: 0.5rem;\" action=\"https:\/\/www.paypal.com\/ncp\/payment\/T2E89N4JUY6HC\" method=\"post\" target=\"_top\"><input class=\"pp-T2E89N4JUY6HC\" type=\"submit\" value=\"Jetzt Kaufen\"><br \/>\n<img decoding=\"async\" src=\"https:\/\/www.paypalobjects.com\/images\/Debit_Credit.svg\" alt=\"cards\"><\/p>\n<section>Powered by <img decoding=\"async\" style=\"height: 0.875rem; vertical-align: middle;\" src=\"https:\/\/www.paypalobjects.com\/paypal-ui\/logos\/svg\/paypal-wordmark-color.svg\" alt=\"paypal\"><\/section>\n<\/form>\n<\/div><div class=\"clearboth\"><\/div>\n<h4>Information und Anmeldung<\/h4>\n<p>antaiji@gmail.com<br \/>\n<script type=\"text\/javascript\" language=\"javascript\">\/\/ <![CDATA[ var username = \"antaiji\"; var hostname = \"gmail\"; var dot = \".\"; var end = \"com\"; var linktext = username + \"@\" + hostname + dot + end; document.write (linktext) \/\/ ]]><\/script><\/p>\n","protected":false},"excerpt":{"rendered":"<p>Retreat im Mai\u3000 Hinweis: Das Retreat im Mai 2026 ist bereits ausgebucht. Bitte erw\u00e4gen Sie ein Retreat im Juli 2026. Wer Antaiji im Fr\u00fchjahr erleben will, hat die M\u00f6glichkeit, an einem 5-t\u00e4gigen Retreat vom 1. bis 6. Mai teilzunehmen. Es erwarten Dich das Reispflanzen im Nassfeld und viele Bambussprossen! &nbsp; Tagesablauf: Erster Tag (1. Mai) Zweiter bis vierter Tag (2. bis 4. Mai) F\u00fcnfter Tag (5. Mai) Teilnahmegeb\u00fchr (\u00dcbernachtung, Mahlzeiten und Kurs inklusive) Information und Anmeldung antaiji@gmail.com<\/p>\n","protected":false},"author":1,"featured_media":0,"parent":5105,"menu_order":22,"comment_status":"closed","ping_status":"closed","template":"side-navigation.php","meta":{"ngg_post_thumbnail":0,"footnotes":""},"class_list":["post-16207","page","type-page","status-publish","hentry"],"_links":{"self":[{"href":"https:\/\/antaiji.org\/de\/wp-json\/wp\/v2\/pages\/16207","targetHints":{"allow":["GET"]}}],"collection":[{"href":"https:\/\/antaiji.org\/de\/wp-json\/wp\/v2\/pages"}],"about":[{"href":"https:\/\/antaiji.org\/de\/wp-json\/wp\/v2\/types\/page"}],"author":[{"embeddable":true,"href":"https:\/\/antaiji.org\/de\/wp-json\/wp\/v2\/users\/1"}],"replies":[{"embeddable":true,"href":"https:\/\/antaiji.org\/de\/wp-json\/wp\/v2\/comments?post=16207"}],"version-history":[{"count":70,"href":"https:\/\/antaiji.org\/de\/wp-json\/wp\/v2\/pages\/16207\/revisions"}],"predecessor-version":[{"id":20145,"href":"https:\/\/antaiji.org\/de\/wp-json\/wp\/v2\/pages\/16207\/revisions\/20145"}],"up":[{"embeddable":true,"href":"https:\/\/antaiji.org\/de\/wp-json\/wp\/v2\/pages\/5105"}],"wp:attachment":[{"href":"https:\/\/antaiji.org\/de\/wp-json\/wp\/v2\/media?parent=16207"}],"curies":[{"name":"wp","href":"https:\/\/api.w.org\/{rel}","templated":true}]}}