{"id":16495,"date":"2018-04-27T06:21:30","date_gmt":"2018-04-27T06:21:30","guid":{"rendered":"http:\/\/antaiji.org\/?page_id=16495"},"modified":"2025-07-09T13:06:57","modified_gmt":"2025-07-09T13:06:57","slug":"summer-retreat","status":"publish","type":"page","link":"https:\/\/antaiji.org\/de\/practice\/summer-retreat\/","title":{"rendered":"Sommer-Retreat"},"content":{"rendered":"<div id=\"metaslider-id-10317\" style=\"width: 100%;\" class=\"ml-slider-3-106-0 metaslider metaslider-nivo metaslider-10317 ml-slider ms-theme-default\" role=\"region\" aria-label=\"Retreat\" data-height=\"350\" data-width=\"960\">\n    <div id=\"metaslider_container_10317\">\n        <div class='slider-wrapper theme-default'><div class='ribbon'><\/div><div id='metaslider_10317' class='nivoSlider'><img loading=\"lazy\" decoding=\"async\" src=\"https:\/\/antaiji.org\/wp-content\/uploads\/2013\/06\/slider_\u00a9Huebner_1589.jpg\" height=\"350\" width=\"960\" alt=\"\" class=\"slider-10317 slide-5525 msDefaultImage\" \/><img loading=\"lazy\" decoding=\"async\" src=\"https:\/\/antaiji.org\/wp-content\/uploads\/2014\/10\/slider_\u00a9Huebner_201406_8000_C7.jpg\" height=\"350\" width=\"960\" alt=\"\" class=\"slider-10317 slide-11438 msDefaultImage\" \/><img loading=\"lazy\" decoding=\"async\" src=\"https:\/\/antaiji.org\/wp-content\/uploads\/2013\/06\/slider_\u00a9Huebner_2368.jpg\" height=\"350\" width=\"960\" alt=\"\" class=\"slider-10317 slide-5387 msDefaultImage\" \/><img loading=\"lazy\" decoding=\"async\" src=\"https:\/\/antaiji.org\/wp-content\/uploads\/2014\/10\/slider_\u00a9Huebner_201406_0269_C10.jpg\" height=\"350\" width=\"960\" alt=\"Blackboard\" class=\"slider-10317 slide-11339 msDefaultImage\" \/><img loading=\"lazy\" decoding=\"async\" src=\"https:\/\/antaiji.org\/wp-content\/uploads\/2013\/10\/slider_\u00a9Huebner_2013aug_1435c2.jpg\" height=\"350\" width=\"960\" alt=\"\" class=\"slider-10317 slide-8361 msDefaultImage\" \/><img loading=\"lazy\" decoding=\"async\" src=\"https:\/\/antaiji.org\/wp-content\/uploads\/2013\/06\/slider_\u00a9Huebner_1167.jpg\" height=\"350\" width=\"960\" alt=\"\" class=\"slider-10317 slide-5339 msDefaultImage\" \/><img loading=\"lazy\" decoding=\"async\" src=\"https:\/\/antaiji.org\/wp-content\/uploads\/2013\/10\/slider_\u00a9Huebner_2013aug_0841c1.jpg\" height=\"350\" width=\"960\" alt=\"\" class=\"slider-10317 slide-8299 msDefaultImage\" \/><img loading=\"lazy\" decoding=\"async\" src=\"https:\/\/antaiji.org\/wp-content\/uploads\/2014\/10\/slider_\u00a9Huebner_201406_8268_C7.jpg\" height=\"350\" width=\"960\" alt=\"\" class=\"slider-10317 slide-11451 msDefaultImage\" \/><img loading=\"lazy\" decoding=\"async\" src=\"https:\/\/antaiji.org\/wp-content\/uploads\/2013\/10\/slider_\u00a9Huebner_2013aug_0940c2.jpg\" height=\"350\" width=\"960\" alt=\"\" class=\"slider-10317 slide-8308 msDefaultImage\" \/><img loading=\"lazy\" decoding=\"async\" src=\"https:\/\/antaiji.org\/wp-content\/uploads\/2013\/10\/slider_\u00a9Huebner_2013aug_1297c2.jpg\" height=\"350\" width=\"960\" alt=\"\" class=\"slider-10317 slide-8346 msDefaultImage\" \/><img loading=\"lazy\" decoding=\"async\" src=\"https:\/\/antaiji.org\/wp-content\/uploads\/2013\/06\/slider_\u00a9Huebner_1705.jpg\" height=\"350\" width=\"960\" alt=\"\" class=\"slider-10317 slide-5371 msDefaultImage\" \/><img loading=\"lazy\" decoding=\"async\" src=\"https:\/\/antaiji.org\/wp-content\/uploads\/2013\/06\/slider_\u00a9Huebner_1258.jpg\" height=\"350\" width=\"960\" title=\"\u30cd\u30eb\u30b1\u7121\u65b9 \u8b1b\u6f14\u4e88\u5b9a\" alt=\"\" class=\"slider-10317 slide-5345 msDefaultImage\" \/><img loading=\"lazy\" decoding=\"async\" src=\"https:\/\/antaiji.org\/wp-content\/uploads\/2014\/10\/slider_\u00a9Huebner_201406_0672_C10b.jpg\" height=\"350\" width=\"960\" alt=\"\" class=\"slider-10317 slide-11379 msDefaultImage\" \/><img loading=\"lazy\" decoding=\"async\" src=\"https:\/\/antaiji.org\/wp-content\/uploads\/2013\/10\/slider_\u00a9Huebner_2013aug_1369c2.jpg\" height=\"350\" width=\"960\" alt=\"\" class=\"slider-10317 slide-8358 msDefaultImage\" \/><img loading=\"lazy\" decoding=\"async\" src=\"https:\/\/antaiji.org\/wp-content\/uploads\/2013\/06\/slider_\u00a9Huebner_3159.jpg\" height=\"350\" width=\"960\" alt=\"\" class=\"slider-10317 slide-5412 msDefaultImage\" \/><img loading=\"lazy\" decoding=\"async\" src=\"https:\/\/antaiji.org\/wp-content\/uploads\/2013\/06\/slider_\u00a9Huebner_1255.jpg\" height=\"350\" width=\"960\" alt=\"\" class=\"slider-10317 slide-5344 msDefaultImage\" \/><img loading=\"lazy\" decoding=\"async\" src=\"https:\/\/antaiji.org\/wp-content\/uploads\/2013\/06\/slider_\u00a9Huebner_1262.jpg\" height=\"350\" width=\"960\" alt=\"\" class=\"slider-10317 slide-5346 msDefaultImage\" \/><img loading=\"lazy\" decoding=\"async\" src=\"https:\/\/antaiji.org\/wp-content\/uploads\/2013\/10\/slider_\u00a9Huebner_2013aug_0607.jpg\" height=\"350\" width=\"960\" alt=\"\" class=\"slider-10317 slide-8281 msDefaultImage\" \/><img loading=\"lazy\" decoding=\"async\" src=\"https:\/\/antaiji.org\/wp-content\/uploads\/2014\/10\/slider_\u00a9Huebner_201406_8636_C8.jpg\" height=\"350\" width=\"960\" alt=\"\" class=\"slider-10317 slide-11495 msDefaultImage\" \/><\/div><\/div>\n        \n    <\/div>\n<\/div>\n<h3>Sommer-Retreat<\/h3>\n<p>Wem die Hitze nichts ausmacht, der sollte bei unserem Retreat vom 6. bis 11. Juli 2026<\/p>\n<p>mitmachen.<\/p>\n<h4>Tagesablauf:<\/h4>\n<h4>Erster Tag (6. Juli)<\/h4>\n<div id=\"tab4\" class=\"tab tab_content\">\n<table class=\"antaiji_table\" width=\"100%\">\n<tbody>\n<tr>\n<td>Bis 14:00<\/td>\n<td>Ankunft<\/td>\n<\/tr>\n<tr>\n<td>17:00<\/td>\n<td>Abendessen<\/td>\n<\/tr>\n<tr>\n<td>18:00<\/td>\n<td>Orientierung<\/td>\n<\/tr>\n<tr>\n<td>Nach 20:00<\/td>\n<td>Freizeit, Schlafen<\/td>\n<\/tr>\n<\/tbody>\n<\/table>\n<\/div>\n<h4>Zweiter bis vierter Tag (7. bis 9. Juli)<\/h4>\n<div id=\"tab3\" class=\"tab tab_content\">\n<table class=\"antaiji_table\" width=\"100%\">\n<tbody>\n<tr>\n<td width=\"40%\">4:00 bis 6:10a<\/td>\n<td>Zazen<\/td>\n<\/tr>\n<tr>\n<td>6:10<\/td>\n<td>Fr\u00fchst\u00fcck<\/td>\n<\/tr>\n<tr>\n<td>6:40<\/td>\n<td>Saubermachen<\/td>\n<\/tr>\n<tr>\n<td>Im Anschluss<\/td>\n<td>K\u00fcchenhilfe<\/td>\n<\/tr>\n<tr>\n<td>7:30 bis 12:00<\/td>\n<td>Samu (Arbeit)<\/td>\n<\/tr>\n<tr>\n<td>12:00<\/td>\n<td>Mittagessen<\/td>\n<\/tr>\n<tr>\n<td>13:00<\/td>\n<td>Samu oder anderes Programm<\/td>\n<\/tr>\n<tr>\n<td>17:00<\/td>\n<td>Abendessen<\/td>\n<\/tr>\n<tr>\n<td>17:20<\/td>\n<td>Abwaschen<\/td>\n<\/tr>\n<tr>\n<td>17:30<\/td>\n<td>Teetreffen<\/td>\n<\/tr>\n<tr>\n<td>18:00 bis 20:00<\/td>\n<td>Zazen<\/td>\n<\/tr>\n<tr>\n<td>nach 20:00<\/td>\n<td>Freie Zeit (bitte nach 21:00 leise sein)<\/td>\n<\/tr>\n<\/tbody>\n<\/table>\n<\/div>\n<h4>F\u00fcnfter Tag (10. Juli)<\/h4>\n<div id=\"tab2\" class=\"tab tab_content\">\n<table class=\"antaiji_table\" width=\"100%\">\n<tbody>\n<tr>\n<td width=\"40%\">4:00 bis 9:00<\/td>\n<td width=\"60%\">Zazen<\/td>\n<\/tr>\n<tr>\n<td>9:00<\/td>\n<td>Fr\u00fchst\u00fcck<\/td>\n<\/tr>\n<tr>\n<td>10:00 bis 15:00<\/td>\n<td>Zazen<\/td>\n<\/tr>\n<tr>\n<td>15:00<\/td>\n<td>Ende des Sesshins<\/td>\n<\/tr>\n<tr>\n<td>Anschlie\u00dfend<\/td>\n<td>Abendessen am Lagerfeuer<\/td>\n<\/tr>\n<\/tbody>\n<\/table>\n<div class=\"demo-sep sep-none\" style=\"margin-top:20px;\"><\/div>\nZazen wird jede volle Stunde von 15 Minuten Kinhin (Gehen) unterbrochen. Das Sesshin endet um 15:00 am letzten Tag. W\u00e4hrend des Sesshin herrscht Schweigen.<\/p>\n<h4>Letzter Tag (11. Juli)<\/h4>\n<div id=\"tab4\" class=\"tab tab_content\"><\/div>\n<table class=\"antaiji_table\" width=\"100%\">\n<tbody>\n<tr>\n<td>7:00<\/td>\n<td>Fr\u00fchst\u00fcck<\/td>\n<\/tr>\n<tr>\n<td>7:30<\/td>\n<td>Saubermachen<\/td>\n<\/tr>\n<tr>\n<td>Nach Saubermachen<\/td>\n<td>Teetreffen und Austausch<\/td>\n<\/tr>\n<tr>\n<td>12:00<\/td>\n<td>Mittagessen<\/td>\n<\/tr>\n<tr>\n<td>Anschlie\u00dfend<\/td>\n<td>Aufbruch<\/td>\n<\/tr>\n<\/tbody>\n<\/table>\n<\/div>\n<h4>Teilnahmegeb\u00fchr (\u00dcbernachtung, Mahlzeiten und Kurs inklusive)<\/h4>\n<div class=\"one_half\">\n55.000 Yen<br \/>\nDer Betrag kann entweder direkt bei Ankunft in bar bezahlt werden (bitte japanische Yen mitbringen!) oder im Voraus mit Paypal \u00fcberwiesen werden. Daf\u00fcr muss man auf den &#8222;Jetzt kaufen&#8220;-Knopf rechts klicken. Da Paypal eine Bearbeitungsgeb\u00fchr von knapp 5% erhebt, bitten wir in diesem Fall um eine \u00dcberweisung von 57,500 Yen.<br \/>\n<\/div>\n<div class=\"one_half last\">\n<p>&nbsp;<\/p>\n<style>.pp-T2E89N4JUY6HC{text-align:center;border:none;border-radius:1.5rem;min-width:11.625rem;padding:0 2rem;height:2.625rem;font-weight:bold;background-color:#FFD140;color:#000000;font-family:\"Helvetica Neue\",Arial,sans-serif;font-size:1rem;line-height:1.25rem;cursor:pointer;}<\/style>\n<form style=\"display: inline-grid; justify-items: center; align-content: start; gap: 0.5rem;\" action=\"https:\/\/www.paypal.com\/ncp\/payment\/T2E89N4JUY6HC\" method=\"post\" target=\"_top\"><input class=\"pp-T2E89N4JUY6HC\" type=\"submit\" value=\"Jetzt Kaufen\"><br \/>\n<img decoding=\"async\" src=\"https:\/\/www.paypalobjects.com\/images\/Debit_Credit.svg\" alt=\"cards\"><\/p>\n<section>Powered by <img decoding=\"async\" style=\"height: 0.875rem; vertical-align: middle;\" src=\"https:\/\/www.paypalobjects.com\/paypal-ui\/logos\/svg\/paypal-wordmark-color.svg\" alt=\"paypal\"><\/section>\n<\/form>\n<\/div><div class=\"clearboth\"><\/div>\n<h4>Information und Anmeldung&nbsp; &nbsp; &nbsp;antaiji@gmail.com<\/h4>\n<p><script type=\"text\/javascript\" language=\"javascript\">\/\/ <![CDATA[ var username = \"antaiji\"; var hostname = \"gmail\"; var dot = \".\"; var end = \"com\"; var linktext = username + \"@\" + hostname + dot + end; document.write (linktext) \/\/ ]]><\/script><\/p>\n","protected":false},"excerpt":{"rendered":"<p>Sommer-Retreat Wem die Hitze nichts ausmacht, der sollte bei unserem Retreat vom 6. bis 11. Juli 2026 mitmachen. Tagesablauf: Erster Tag (6. Juli) Zweiter bis vierter Tag (7. bis 9. Juli) F\u00fcnfter Tag (10. Juli) Teilnahmegeb\u00fchr (\u00dcbernachtung, Mahlzeiten und Kurs inklusive) Information und Anmeldung&nbsp; &nbsp; &nbsp;antaiji@gmail.com<\/p>\n","protected":false},"author":1,"featured_media":0,"parent":5105,"menu_order":33,"comment_status":"closed","ping_status":"closed","template":"side-navigation.php","meta":{"ngg_post_thumbnail":0,"footnotes":""},"class_list":["post-16495","page","type-page","status-publish","hentry"],"_links":{"self":[{"href":"https:\/\/antaiji.org\/de\/wp-json\/wp\/v2\/pages\/16495","targetHints":{"allow":["GET"]}}],"collection":[{"href":"https:\/\/antaiji.org\/de\/wp-json\/wp\/v2\/pages"}],"about":[{"href":"https:\/\/antaiji.org\/de\/wp-json\/wp\/v2\/types\/page"}],"author":[{"embeddable":true,"href":"https:\/\/antaiji.org\/de\/wp-json\/wp\/v2\/users\/1"}],"replies":[{"embeddable":true,"href":"https:\/\/antaiji.org\/de\/wp-json\/wp\/v2\/comments?post=16495"}],"version-history":[{"count":31,"href":"https:\/\/antaiji.org\/de\/wp-json\/wp\/v2\/pages\/16495\/revisions"}],"predecessor-version":[{"id":20053,"href":"https:\/\/antaiji.org\/de\/wp-json\/wp\/v2\/pages\/16495\/revisions\/20053"}],"up":[{"embeddable":true,"href":"https:\/\/antaiji.org\/de\/wp-json\/wp\/v2\/pages\/5105"}],"wp:attachment":[{"href":"https:\/\/antaiji.org\/de\/wp-json\/wp\/v2\/media?parent=16495"}],"curies":[{"name":"wp","href":"https:\/\/api.w.org\/{rel}","templated":true}]}}