{"id":17360,"date":"2019-03-12T10:06:48","date_gmt":"2019-03-12T10:06:48","guid":{"rendered":"https:\/\/antaiji.org\/?page_id=17360"},"modified":"2025-02-26T05:23:54","modified_gmt":"2025-02-26T05:23:54","slug":"support","status":"publish","type":"page","link":"https:\/\/antaiji.org\/de\/support\/","title":{"rendered":"Hilf uns"},"content":{"rendered":"<h3>Antaiji braucht deine Hilfe.<\/h3>\n<h4><b>Wie kannst du dem Kloster helfen?<\/b><\/h4>\n<p>Die gr\u00f6\u00dfte Hilfe bedeutet es f\u00fcr uns, wenn sich jemand f\u00fcr einen langfristigen Aufenthalt im Kloster entscheidet und mit Leib und Seele aktiv zum Gemeinschaftsleben beitr\u00e4gt. Der Aufenthalt im Kloster ist kostenlos f\u00fcr Aspiranten und langfristige Bewohner, allerdings sind damit Voraussetzungen verbunden, die nicht jeder erf\u00fcllen kann. Informationen \u00fcber diese M\u00f6glichkeit, das Kloster zu unterst\u00fctzen, gibt es auf unserer Seite <a href=\"https:\/\/antaiji.org\/de\/residency\/\">Aufenthalt im Kloster<\/a>. Wer nur f\u00fcr einen k\u00fcrzeren Zeitraum kommen will, hat die M\u00f6glichkeit an einem <a title=\"contact\" href=\"https:\/\/antaiji.org\/de\/practice\/\">5-t\u00e4gigen Retreat<\/a> teilzunehmen.<\/p>\n<div class=\"demo-sep sep-none\" style=\"margin-top:30px;\"><\/div>\n<h4><b>Welche anderen M\u00f6glichkeiten gibt es, Antaiji zu unterst\u00fctzen?<\/b><\/h4>\n<p>Es besteht auch die M\u00f6glichkeit, das Kloster durch Spenden zu unterst\u00fctzen. Antaiji hat j\u00e4hrliche Ausgaben in H\u00f6he von 1.200.000 Yen bis 1.800.000 Yen (ungef\u00e4hr 10.000 bis 15.000 Euro). Das umfasst alle Ausgaben f\u00fcr Strom, Telefon, Benzin, Kauf und Reparatur von Werkzeug und landwirtschaftlichen Maschinen, Lebensmittel die wir nicht selbst produzieren k\u00f6nnen (wie Zucker, Salz, \u00d6l und viele Gew\u00fcrze), Reparaturen am Geb\u00e4ude und Zahlungen an die Soto-Schule. Diese Kosten werden durch Bettelg\u00e4nge, die wir zweimal j\u00e4hrlich in Osaka und Kobe durchf\u00fchren, und durch Spenden von unseren Besuchern gedeckt.<\/p>\n<p>Wenn du keine Gelegenheit hast, nach Antaiji zu kommen, um uns direkt durch deine Praxis zu helfen, dann kannst du uns auch durch eine Spende in beliebiger H\u00f6he durch Paypal unter die Arme greifen. Mit diesen Spenden werden wir die oben genannten Kosten bezahlen und wenn m\u00f6glich Geld f\u00fcr in der Zukunft anfallende gr\u00f6\u00dfere Reparaturen im Kloster auf die Seite legen.<\/p>\n<div class=\"one_half\">\n<p><img loading=\"lazy\" decoding=\"async\" src=\"https:\/\/antaiji.org\/wp-content\/uploads\/2013\/06\/donation02-300x225.jpg\" alt=\"donation02\" width=\"300\" height=\"225\"><br \/>\n<\/div>\n<div class=\"one_half last\">\n<h4><b>Einmalige Spende an das Kloster Antaiji<\/b><\/h4>\n<p>Der Betrag kann zwischen 1000 Yen und 30.000 Yen gew\u00e4hlt werden. (1000 Yen entsprechen circa 8 Euro (Stand: M\u00e4rz 2019)).<\/p>\n<p><script src=\"https:\/\/www.paypal.com\/sdk\/js?client-id=BAAFqu6pGrtXNnSDigTEx1DoRaPKvrWUzcjoVjN4Zu525fjoxkHZgJypyfB8AG6ukT283tHgzKZ7YTxPZQ&amp;components=hosted-buttons&amp;disable-funding=venmo&amp;currency=JPY\"><\/script><\/p>\n<div id=\"paypal-container-63SMH2YMF5Q28\">&nbsp;<\/div>\n<p><script>\n  paypal.HostedButtons({\n    hostedButtonId: \"63SMH2YMF5Q28\",\n  }).render(\"#paypal-container-63SMH2YMF5Q28\")\n<\/script><\/p>\n<\/div><div class=\"clearboth\"><\/div>\n<h4><b><div class=\"demo-sep sep-none\" style=\"margin-top:30px;\"><\/div>Dauerauftrag bei Paypal<\/b><\/h4>\n<p>Wer uns helfen will, \u00fcber die n\u00e4chsten Jahre hinweg gezielt f\u00fcr gr\u00f6\u00dfere Reparaturen zu sparen, hat die M\u00f6glichkeit, ein <b>Freund von Antaiji<\/b> zu werden und \u00fcber einen Dauerauftrag entweder j\u00e4hrlich 30.000 Yen (ca. 250 Euro) oder monatlich 2.500 Yen (ca. 21 Euro) in einen Fond einzuzahlen. Selbstverst\u00e4ndlich kann der Dauerauftrag jederzeit gek\u00fcndigt werden.<br \/>\n<div class=\"demo-sep sep-shadow\" style=\"margin-top:20px;margin-bottom:20px\"><\/div>\n<style type='text\/css'>\n\t\t#content-boxes-1 article.col{background-color: !important;}\n\t\t#content-boxes-1 .fontawesome-icon.circle-yes{color: !important;background-color: !important;border:1px solid  !important;}\n\t\t<\/style><section class=\"clearfix columns content-boxes content-boxes-icon-on-top columns-3\" id=\"content-boxes-1\">\n<article class=\"col\"><div class=\"col-content-container \">\n<style>.pp-TQHVDAATFDVJ6{text-align:center;border:none;border-radius:1.5rem;min-width:11.625rem;padding:0 2rem;height:2rem;font-weight:bold;background-color:#FFD140;color:#000000;font-family:\"Helvetica Neue\",Arial,sans-serif;font-size:0.875rem;line-height:1.125rem;cursor:pointer;}<\/style>\n<form action=\"https:\/\/www.paypal.com\/ncp\/payment\/TQHVDAATFDVJ6\" method=\"post\" target=\"_top\" style=\"display:inline-grid;justify-items:center;align-content:start;gap:0.5rem;\">\n  <input class=\"pp-TQHVDAATFDVJ6\" type=\"submit\" value=\"Jetzt Kaufen\" \/><br \/>\n<\/form>\n<div class=\"demo-sep sep-none\" style=\"margin-top:10px;\"><\/div>Einmalige Spende von 30,000 Yen an den Fonds der Freunde von Antaiji.<\/div><\/article>\n<article class=\"col\"><div class=\"col-content-container \">\n<form action=\"https:\/\/www.paypal.com\/cgi-bin\/webscr\" method=\"post\" target=\"_top\"><input name=\"cmd\" type=\"hidden\" value=\"_s-xclick\"><br \/>\n<input name=\"hosted_button_id\" type=\"hidden\" value=\"5WVALJ7A3T6EG\"><br \/>\n<input alt=\"Jetzt einfach, schnell und sicher online bezahlen \u2013 mit PayPal.\" name=\"submit\" src=\"https:\/\/www.paypalobjects.com\/de_DE\/DE\/i\/btn\/btn_subscribe_LG.gif\" type=\"image\"><br \/>\n<img loading=\"lazy\" decoding=\"async\" src=\"https:\/\/www.paypalobjects.com\/ja_JP\/i\/scr\/pixel.gif\" alt=\"\" width=\"1\" height=\"1\" border=\"0\"><\/form>\n<div class=\"demo-sep sep-none\" style=\"margin-top:10px;\"><\/div>Spende j\u00e4hrlich<br \/>\n30,000 Yen.<br \/>\n<\/div><\/article>\n<article class=\"col\"><div class=\"col-content-container \">\n<form action=\"https:\/\/www.paypal.com\/cgi-bin\/webscr\" method=\"post\" target=\"_top\"><input name=\"cmd\" type=\"hidden\" value=\"_s-xclick\"><br \/>\n<input name=\"hosted_button_id\" type=\"hidden\" value=\"5BYN4RTTJK5RA\"><br \/>\n<input alt=\"Jetzt einfach, schnell und sicher online bezahlen \u2013 mit PayPal.\" name=\"submit\" src=\"https:\/\/www.paypalobjects.com\/de_DE\/DE\/i\/btn\/btn_subscribe_LG.gif\" type=\"image\"><br \/>\n<img loading=\"lazy\" decoding=\"async\" src=\"https:\/\/www.paypalobjects.com\/ja_JP\/i\/scr\/pixel.gif\" alt=\"\" width=\"1\" height=\"1\" border=\"0\"><\/form>\n<div class=\"demo-sep sep-none\" style=\"margin-top:10px;\"><\/div>Spende monatlich<br \/>\n2500 Yen.<\/div><\/article>\n<\/section>\n<h4><b>Wichtig:<\/b><\/h4>\n<p>Bitte f\u00fchle dich nicht verpflichtet, mehr zu tun, als in deinen M\u00f6glichkeiten steht. Wenn du nicht die M\u00f6glichkeit zu einem langfristigen Klosteraufenthalt hast, und auch nicht finanziell zur Klosterkasse beitragen kannst, sind wir dennoch dankbar f\u00fcr deine moralische Unterst\u00fctzung. Wenn du die Texte auf dieser Homepage liest und Zen in deinem t\u00e4glichen Leben praktizierst, so ist das auch ein Riesen-Beitrag, denn dann bist du im Geist ein Teil unserer Gemeinschaft. Danke dir daf\u00fcr, dass du dabei bist, auf deine ganz eigene Weise!<\/p>\n","protected":false},"excerpt":{"rendered":"<p>Antaiji braucht deine Hilfe. Wie kannst du dem Kloster helfen? Die gr\u00f6\u00dfte Hilfe bedeutet es f\u00fcr uns, wenn sich jemand f\u00fcr einen langfristigen Aufenthalt im Kloster entscheidet und mit Leib und Seele aktiv zum Gemeinschaftsleben beitr\u00e4gt. Der Aufenthalt im Kloster ist kostenlos f\u00fcr Aspiranten und langfristige Bewohner, allerdings sind damit Voraussetzungen verbunden, die nicht jeder erf\u00fcllen kann. Informationen \u00fcber diese M\u00f6glichkeit, das Kloster zu unterst\u00fctzen, gibt es auf unserer Seite Aufenthalt im Kloster. Wer nur f\u00fcr einen k\u00fcrzeren Zeitraum kommen will, hat die M\u00f6glichkeit an einem 5-t\u00e4gigen Retreat teilzunehmen. Welche anderen M\u00f6glichkeiten gibt es, Antaiji zu unterst\u00fctzen? Es besteht auch die M\u00f6glichkeit, das Kloster durch Spenden zu unterst\u00fctzen. Antaiji hat j\u00e4hrliche Ausgaben in H\u00f6he von 1.200.000 Yen bis 1.800.000 Yen (ungef\u00e4hr 10.000 bis 15.000 Euro). Das umfasst alle Ausgaben f\u00fcr Strom, Telefon, Benzin, Kauf und Reparatur von Werkzeug und landwirtschaftlichen Maschinen, Lebensmittel die wir nicht selbst produzieren k\u00f6nnen (wie Zucker, Salz, \u00d6l und viele Gew\u00fcrze), Reparaturen am Geb\u00e4ude und Zahlungen an die Soto-Schule. Diese Kosten werden durch Bettelg\u00e4nge, die wir zweimal j\u00e4hrlich in Osaka und Kobe durchf\u00fchren, und durch Spenden von unseren Besuchern gedeckt. Wenn du keine Gelegenheit hast, nach Antaiji zu kommen, um uns direkt durch deine Praxis zu helfen, dann kannst du uns auch durch eine Spende in beliebiger H\u00f6he durch Paypal unter die Arme greifen. Mit diesen Spenden werden wir die oben genannten Kosten bezahlen und wenn m\u00f6glich Geld f\u00fcr in der Zukunft anfallende gr\u00f6\u00dfere Reparaturen im Kloster auf die Seite legen. Dauerauftrag bei Paypal Wer uns helfen will, \u00fcber die n\u00e4chsten Jahre hinweg gezielt f\u00fcr gr\u00f6\u00dfere Reparaturen zu sparen, hat die M\u00f6glichkeit, ein Freund von Antaiji zu werden und \u00fcber einen Dauerauftrag entweder j\u00e4hrlich 30.000 Yen (ca. 250 Euro) oder monatlich [&hellip;]<\/p>\n","protected":false},"author":1,"featured_media":0,"parent":0,"menu_order":50,"comment_status":"closed","ping_status":"closed","template":"side-navigation.php","meta":{"ngg_post_thumbnail":0,"footnotes":""},"class_list":["post-17360","page","type-page","status-publish","hentry"],"_links":{"self":[{"href":"https:\/\/antaiji.org\/de\/wp-json\/wp\/v2\/pages\/17360","targetHints":{"allow":["GET"]}}],"collection":[{"href":"https:\/\/antaiji.org\/de\/wp-json\/wp\/v2\/pages"}],"about":[{"href":"https:\/\/antaiji.org\/de\/wp-json\/wp\/v2\/types\/page"}],"author":[{"embeddable":true,"href":"https:\/\/antaiji.org\/de\/wp-json\/wp\/v2\/users\/1"}],"replies":[{"embeddable":true,"href":"https:\/\/antaiji.org\/de\/wp-json\/wp\/v2\/comments?post=17360"}],"version-history":[{"count":68,"href":"https:\/\/antaiji.org\/de\/wp-json\/wp\/v2\/pages\/17360\/revisions"}],"predecessor-version":[{"id":19865,"href":"https:\/\/antaiji.org\/de\/wp-json\/wp\/v2\/pages\/17360\/revisions\/19865"}],"wp:attachment":[{"href":"https:\/\/antaiji.org\/de\/wp-json\/wp\/v2\/media?parent=17360"}],"curies":[{"name":"wp","href":"https:\/\/api.w.org\/{rel}","templated":true}]}}