{"id":17631,"date":"2019-05-07T04:49:51","date_gmt":"2019-05-07T04:49:51","guid":{"rendered":"https:\/\/antaiji.org\/?page_id=17631"},"modified":"2019-05-19T09:14:37","modified_gmt":"2019-05-19T09:14:37","slug":"3-8","status":"publish","type":"page","link":"https:\/\/antaiji.org\/de\/essays\/3-8\/","title":{"rendered":"3-8 Die Erde ist <i>nicht<\/i> rund!"},"content":{"rendered":"<h3>Die Erde ist <i>nicht<\/i> rund!<\/h3>\n<p><b><div class=\"demo-sep sep-none\" style=\"margin-top:40px;\"><\/div><span class=\"dropcap\">3-8<\/span><\/b><\/p>\n<p>Ich: Dass die Erde rund ist, oder dass sie sich um die Sonne dreht \u2013 sind das auch alles nur Erfindungen?<br \/>\nPenetre: Genau! Warum glaubst du denn, dass die Menschen auf der Unterseite der Erde nicht herunterfallen?<br \/>\nIch: Das liegt doch an der Anziehungskraft!<br \/>\nPenetre: Stimmt das wirklich? Anziehungskraft kommt doch von ziehen. Sp\u00fcrst du einen Zug? Woran liegt es, dass es sich nicht so anf\u00fchlt, als w\u00fcrden wir von der Erde angezogen?<br \/>\nIch: Tats\u00e4chlich sp\u00fcre ich keinen Zug\u2026<br \/>\nPenetre: Vielleicht werden wir in Wirklichkeit gar nicht von der Erde angezogen. Wenn man von \u201eziehen\u201c oder \u201eanziehen\u201c spricht, dann meint man damit doch so etwas wie beim Tauziehen, das <b>auf der Erde<\/b> stattfindet.<br \/>\nIch: Soll das hei\u00dfen, dass es die Anziehungskraft in Wirklichkeit gar nicht gibt?<br \/>\nPenetre: Nicht nur das. Auch die Geschichte, dass die Erde rund sei, kommt mir suspekt vor.<br \/>\nIch: Wieso denn das?<br \/>\nPenetre: Man kann doch nur von Dingen <b>auf der Erde<\/b> \u2013 so wie zum Beispiel einem Fu\u00dfball oder einer Wassermelone \u2013 wirklich sagen, dass sie rund sind. Wenn man behauptet, dass die Erde rund sei, dann bezieht man sich doch gar nicht auf die Erde, auf der man steht. Man denkt sich, dass die Erde nur ein riesiger Ball <b>auf der Erde<\/b> ist. Deshalb braucht man die Anziehungskraft, um hinterher zu erkl\u00e4ren, warum die Menschen auf der Unterseite der Erde nicht herunterfallen.<br \/>\nIch: Und was ist das Problem dabei?<br \/>\nPenetre: Es gibt doch gar keine \u201eUnterseite\u201c der Erde! Aber <b>auf der Erde<\/b> hat jedes Bild eine Ober- und Unterseite. Versuch doch einmal ein Bild der Erde zu malen, bei der es keine Ober- und Unterseite gibt. Jede Weltkarte hat ein \u201eoben\u201c und \u201eunten\u201c, jeder Globus hat ein \u201eoben\u201c und \u201eunten\u201c, selbst Sternenkarten haben ein \u201eoben\u201c und \u201eunten\u201c. Und zwar deshalb, weil es Karten <b>auf der Erde<\/b> sind. K\u00f6nnte es nicht sein, dass alles, was existiert \u2013 inklusive des Planeten Erde, auf dem wir leben \u2013 <b>auf der Erde<\/b> existiert?<br \/>\nIch: Das meinst du doch nicht wirklich im Ernst, Penetre?<\/p>\n","protected":false},"excerpt":{"rendered":"<p>Die Erde ist nicht rund! Ich: Dass die Erde rund ist, oder dass sie sich um die Sonne dreht \u2013 sind das auch alles nur Erfindungen? Penetre: Genau! Warum glaubst du denn, dass die Menschen auf der Unterseite der Erde nicht herunterfallen? Ich: Das liegt doch an der Anziehungskraft! Penetre: Stimmt das wirklich? Anziehungskraft kommt doch von ziehen. Sp\u00fcrst du einen Zug? Woran liegt es, dass es sich nicht so anf\u00fchlt, als w\u00fcrden wir von der Erde angezogen? Ich: Tats\u00e4chlich sp\u00fcre ich keinen Zug\u2026 Penetre: Vielleicht werden wir in Wirklichkeit gar nicht von der Erde angezogen. Wenn man von \u201eziehen\u201c oder \u201eanziehen\u201c spricht, dann meint man damit doch so etwas wie beim Tauziehen, das auf der Erde stattfindet. Ich: Soll das hei\u00dfen, dass es die Anziehungskraft in Wirklichkeit gar nicht gibt? Penetre: Nicht nur das. Auch die Geschichte, dass die Erde rund sei, kommt mir suspekt vor. Ich: Wieso denn das? Penetre: Man kann doch nur von Dingen auf der Erde \u2013 so wie zum Beispiel einem Fu\u00dfball oder einer Wassermelone \u2013 wirklich sagen, dass sie rund sind. Wenn man behauptet, dass die Erde rund sei, dann bezieht man sich doch gar nicht auf die Erde, auf der man steht. Man denkt sich, dass die Erde nur ein riesiger Ball auf der Erde ist. Deshalb braucht man die Anziehungskraft, um hinterher zu erkl\u00e4ren, warum die Menschen auf der Unterseite der Erde nicht herunterfallen. Ich: Und was ist das Problem dabei? Penetre: Es gibt doch gar keine \u201eUnterseite\u201c der Erde! Aber auf der Erde hat jedes Bild eine Ober- und Unterseite. Versuch doch einmal ein Bild der Erde zu malen, bei der es keine Ober- und Unterseite gibt. Jede Weltkarte hat ein \u201eoben\u201c und \u201eunten\u201c, jeder [&hellip;]<\/p>\n","protected":false},"author":1,"featured_media":0,"parent":4141,"menu_order":94,"comment_status":"closed","ping_status":"closed","template":"side-navigation.php","meta":{"ngg_post_thumbnail":0,"footnotes":""},"class_list":["post-17631","page","type-page","status-publish","hentry"],"_links":{"self":[{"href":"https:\/\/antaiji.org\/de\/wp-json\/wp\/v2\/pages\/17631","targetHints":{"allow":["GET"]}}],"collection":[{"href":"https:\/\/antaiji.org\/de\/wp-json\/wp\/v2\/pages"}],"about":[{"href":"https:\/\/antaiji.org\/de\/wp-json\/wp\/v2\/types\/page"}],"author":[{"embeddable":true,"href":"https:\/\/antaiji.org\/de\/wp-json\/wp\/v2\/users\/1"}],"replies":[{"embeddable":true,"href":"https:\/\/antaiji.org\/de\/wp-json\/wp\/v2\/comments?post=17631"}],"version-history":[{"count":1,"href":"https:\/\/antaiji.org\/de\/wp-json\/wp\/v2\/pages\/17631\/revisions"}],"predecessor-version":[{"id":17632,"href":"https:\/\/antaiji.org\/de\/wp-json\/wp\/v2\/pages\/17631\/revisions\/17632"}],"up":[{"embeddable":true,"href":"https:\/\/antaiji.org\/de\/wp-json\/wp\/v2\/pages\/4141"}],"wp:attachment":[{"href":"https:\/\/antaiji.org\/de\/wp-json\/wp\/v2\/media?parent=17631"}],"curies":[{"name":"wp","href":"https:\/\/api.w.org\/{rel}","templated":true}]}}