{"id":17643,"date":"2019-05-19T09:13:28","date_gmt":"2019-05-19T09:13:28","guid":{"rendered":"https:\/\/antaiji.org\/?page_id=17643"},"modified":"2019-05-19T09:15:43","modified_gmt":"2019-05-19T09:15:43","slug":"3-9","status":"publish","type":"page","link":"https:\/\/antaiji.org\/de\/essays\/3-9\/","title":{"rendered":"3-9 Die Welt wird von einem Vertrag zusammengehalten (2)"},"content":{"rendered":"<h3>Die Welt wird von einem Vertrag zusammengehalten (2)<\/h3>\n<p><b><div class=\"demo-sep sep-none\" style=\"margin-top:40px;\"><\/div><span class=\"dropcap\">3-9<\/span><\/b><\/p>\n<p>Penetre: Erinnerst du dich an unser Gespr\u00e4ch \u00fcber den Gesellschaftsvertrag (<a href=\"https:\/\/antaiji.org\/de\/essays\/1-6\/\">siehe 1-6<\/a>)? Weil man im nat\u00fcrlichen Zustand st\u00e4ndig Angst um sein Leben haben muss, versprachen sich die Menschen gegenseitig, sich an Gesetze und eine gemeinsame Moralvorstellung zu halten. Die Frage ist nur: Wer garantiert denn, dass dieses Versprechen auch eingehalten wird? Es hat ja niemand versprochen, sich an das Versprechen zu halten.<br \/>\nIch: Ja, ich erinnere mich. Ich zweifele auch daran, dass es m\u00f6glich ist, sich auf einen letztg\u00fcltigen Gesellschaftsvertrag zu einigen.<br \/>\nPenetre: Da irrst du dich! Wahrscheinlich stellst du dir vor, dass der Gesellschaftsvertrag von Menschen abgeschlossen wurde, die so wie du und ich \u2013 wobei ich nat\u00fcrlich eine Katze bin \u2013 dar\u00fcber diskutiert und sich dann geeinigt haben. Aber das ist ein Missverst\u00e4ndnis. In Wirklichkeit ist es umgekehrt: <b>Nur deshalb, weil der Gesellschaftsvertrag abgeschlossen wurde, gibt es heute Menschen wie dich und mich<\/b> \u2013 wobei ich nat\u00fcrlich eine Katze bin!  Unser heutiges Welt- und Menschenbild \u2013 das, was man den gesunden Menschenverstand nennt \u2013 g\u00e4be es ohne den Gesellschaftsvertrag nicht. Die Welt, in der wir leben, ist ein Resultat des Gesellschaftsvertrags: Das ist die eigentliche Bedeutung der Theorie vom Gesellschaftsvertrag. Deshalb macht es gar keinen Sinn, nach einer Garantie des Vertrages zu fragen. Nur weil der Vertrag \u2013 aus welchem Grund auch immer \u2013 gehalten wurde, k\u00f6nnen wir heute <b>als sein Resultat<\/b> \u00fcber ihn nachdenken und zweifeln.<br \/>\nDer Gesellschaftsvertrag ist also so etwas wie die Erde, auf der wir uns immer schon befinden, bevor wir sie f\u00fcr rund erkl\u00e4ren oder \u00fcber ihre Anziehungskraft reden k\u00f6nnen. Und die Versprechen, die wir im Alltag abgeben, kann man mit der Kugelform einer Wassermelone oder dem Tauziehen auf der Erde vergleichen. Verstehst du?<br \/>\nIch: Hmm\u2026 nicht mehr als die H\u00e4lfte, f\u00fcrchte ich.<br \/>\nPenetre: Wenn du das verstehst, dann wirst du auch dich selbst besser verstehen k\u00f6nnen. Damit du dir \u00fcber etwas Gedanken machen kannst, musst du es dir erst zu eigen gemacht haben. Deine Gedanken \u00fcber eine Sache sind ein Resultat der Sache selbst. Das Resultat einer Sache ist ihr eigentlicher Grund!<br \/>\nIch: Hmm\u2026<\/p>\n","protected":false},"excerpt":{"rendered":"<p>Die Welt wird von einem Vertrag zusammengehalten (2) Penetre: Erinnerst du dich an unser Gespr\u00e4ch \u00fcber den Gesellschaftsvertrag (siehe 1-6)? Weil man im nat\u00fcrlichen Zustand st\u00e4ndig Angst um sein Leben haben muss, versprachen sich die Menschen gegenseitig, sich an Gesetze und eine gemeinsame Moralvorstellung zu halten. Die Frage ist nur: Wer garantiert denn, dass dieses Versprechen auch eingehalten wird? Es hat ja niemand versprochen, sich an das Versprechen zu halten. Ich: Ja, ich erinnere mich. Ich zweifele auch daran, dass es m\u00f6glich ist, sich auf einen letztg\u00fcltigen Gesellschaftsvertrag zu einigen. Penetre: Da irrst du dich! Wahrscheinlich stellst du dir vor, dass der Gesellschaftsvertrag von Menschen abgeschlossen wurde, die so wie du und ich \u2013 wobei ich nat\u00fcrlich eine Katze bin \u2013 dar\u00fcber diskutiert und sich dann geeinigt haben. Aber das ist ein Missverst\u00e4ndnis. In Wirklichkeit ist es umgekehrt: Nur deshalb, weil der Gesellschaftsvertrag abgeschlossen wurde, gibt es heute Menschen wie dich und mich \u2013 wobei ich nat\u00fcrlich eine Katze bin! Unser heutiges Welt- und Menschenbild \u2013 das, was man den gesunden Menschenverstand nennt \u2013 g\u00e4be es ohne den Gesellschaftsvertrag nicht. Die Welt, in der wir leben, ist ein Resultat des Gesellschaftsvertrags: Das ist die eigentliche Bedeutung der Theorie vom Gesellschaftsvertrag. Deshalb macht es gar keinen Sinn, nach einer Garantie des Vertrages zu fragen. Nur weil der Vertrag \u2013 aus welchem Grund auch immer \u2013 gehalten wurde, k\u00f6nnen wir heute als sein Resultat \u00fcber ihn nachdenken und zweifeln. Der Gesellschaftsvertrag ist also so etwas wie die Erde, auf der wir uns immer schon befinden, bevor wir sie f\u00fcr rund erkl\u00e4ren oder \u00fcber ihre Anziehungskraft reden k\u00f6nnen. Und die Versprechen, die wir im Alltag abgeben, kann man mit der Kugelform einer Wassermelone oder dem Tauziehen auf der [&hellip;]<\/p>\n","protected":false},"author":1,"featured_media":0,"parent":4141,"menu_order":95,"comment_status":"closed","ping_status":"closed","template":"side-navigation.php","meta":{"ngg_post_thumbnail":0,"footnotes":""},"class_list":["post-17643","page","type-page","status-publish","hentry"],"_links":{"self":[{"href":"https:\/\/antaiji.org\/de\/wp-json\/wp\/v2\/pages\/17643","targetHints":{"allow":["GET"]}}],"collection":[{"href":"https:\/\/antaiji.org\/de\/wp-json\/wp\/v2\/pages"}],"about":[{"href":"https:\/\/antaiji.org\/de\/wp-json\/wp\/v2\/types\/page"}],"author":[{"embeddable":true,"href":"https:\/\/antaiji.org\/de\/wp-json\/wp\/v2\/users\/1"}],"replies":[{"embeddable":true,"href":"https:\/\/antaiji.org\/de\/wp-json\/wp\/v2\/comments?post=17643"}],"version-history":[{"count":3,"href":"https:\/\/antaiji.org\/de\/wp-json\/wp\/v2\/pages\/17643\/revisions"}],"predecessor-version":[{"id":17646,"href":"https:\/\/antaiji.org\/de\/wp-json\/wp\/v2\/pages\/17643\/revisions\/17646"}],"up":[{"embeddable":true,"href":"https:\/\/antaiji.org\/de\/wp-json\/wp\/v2\/pages\/4141"}],"wp:attachment":[{"href":"https:\/\/antaiji.org\/de\/wp-json\/wp\/v2\/media?parent=17643"}],"curies":[{"name":"wp","href":"https:\/\/api.w.org\/{rel}","templated":true}]}}