{"id":17681,"date":"2019-05-28T06:04:41","date_gmt":"2019-05-28T06:04:41","guid":{"rendered":"https:\/\/antaiji.org\/?page_id=17681"},"modified":"2020-05-16T14:03:47","modified_gmt":"2020-05-16T14:03:47","slug":"3-10","status":"publish","type":"page","link":"https:\/\/antaiji.org\/de\/essays\/3-10\/","title":{"rendered":"3-10 Der Lebenssimulator (2)"},"content":{"rendered":"<h3>Der Lebenssimulator (2)<\/h3>\n<p><b><div class=\"demo-sep sep-none\" style=\"margin-top:40px;\"><\/div><span class=\"dropcap\">3-10<\/span><\/b><\/p>\n<p>Penetre: Wir haben uns schon einmal \u00fcber den Lebenssimulator unterhalten, nicht wahr? Damals hattest du gesagt, dass dir die h\u00e4rteste Wirklichkeit lieber w\u00e4re als ein vom Simulator vorgespieltes, lebenslanges Gl\u00fcck.<br \/>\nIch: Ja, genau. Und du hattest damals gesagt, dass es doch denkbar w\u00e4re, dass dieses Leben, das ich jetzt lebe, in Wirklichkeit ein Traum ist, der mir von diesem Simulator vorgespielt wird. Aber ist das wirklich m\u00f6glich? Kann ich mir denn vorstellen, dass dieses Leben eine Illusion ist und mein wirkliches Leben au\u00dferhalb der Illusion liegt?<br \/>\nPenetre: Es gibt da ein noch grundlegenderes Problem.<br \/>\nIch: Was meinst du?<br \/>\nPenetre: Selbst wenn es denkbar w\u00e4re, dass du an einen solchen Simulator angeschlossen bist. Warum sollte das Leben, dass der Simulator dann vorspielt, dein Leben sein? Das simulierte Leben w\u00e4re wie ein Theaterst\u00fcck, dass sich auf der B\u00fchne deines Gehirns abspielt. Aber in dem Theaterst\u00fcck k\u00e4mst du selbst doch gar nicht vor! Da ist ein anderer Hauptdarsteller, der ein anderes Leben als du lebst. Oder kannst du dir wirklich sicher sein, dass dieser andere Hauptdarsteller trotzdem du w\u00e4rest? <b>Bei einem Traum kannst du sagen, dass <i>du<\/i> es warst, der getr\u00e4umt hat \u2013 aber nur, nachdem du aufgewacht bist. Wenn du ein Leben lang an den Simulator angeschlossen bist, gibt es kein Aufwachen!<\/b><br \/>\nIch: Du meinst, der Hauptdarsteller des simulierten Lebens k\u00f6nnte ein ganz anderer sein als ich? Aber ich w\u00e4re trotzdem noch der, der diese Simulation erlebt, oder nicht?<br \/>\nPenetre: Umgekehrt! Stell dir vor, dieses Leben, das du gerade lebst, ist das Resultat einer Simulation, die sich im Gehirn eines anderen abspielt. Kannst du dir wirklich sicher sein, dass dieser andere, den man an den Simulator angeschlossen hat, du bist? Ist dieser andere nicht ein Fremder f\u00fcr dich, wenn du dich hier mit mir unterh\u00e4ltst? Was sollte dieser Mensch da drau\u00dfen denn anderes sein als ein vollkommen Fremder?<\/p>\n","protected":false},"excerpt":{"rendered":"<p>Der Lebenssimulator (2) Penetre: Wir haben uns schon einmal \u00fcber den Lebenssimulator unterhalten, nicht wahr? Damals hattest du gesagt, dass dir die h\u00e4rteste Wirklichkeit lieber w\u00e4re als ein vom Simulator vorgespieltes, lebenslanges Gl\u00fcck. Ich: Ja, genau. Und du hattest damals gesagt, dass es doch denkbar w\u00e4re, dass dieses Leben, das ich jetzt lebe, in Wirklichkeit ein Traum ist, der mir von diesem Simulator vorgespielt wird. Aber ist das wirklich m\u00f6glich? Kann ich mir denn vorstellen, dass dieses Leben eine Illusion ist und mein wirkliches Leben au\u00dferhalb der Illusion liegt? Penetre: Es gibt da ein noch grundlegenderes Problem. Ich: Was meinst du? Penetre: Selbst wenn es denkbar w\u00e4re, dass du an einen solchen Simulator angeschlossen bist. Warum sollte das Leben, dass der Simulator dann vorspielt, dein Leben sein? Das simulierte Leben w\u00e4re wie ein Theaterst\u00fcck, dass sich auf der B\u00fchne deines Gehirns abspielt. Aber in dem Theaterst\u00fcck k\u00e4mst du selbst doch gar nicht vor! Da ist ein anderer Hauptdarsteller, der ein anderes Leben als du lebst. Oder kannst du dir wirklich sicher sein, dass dieser andere Hauptdarsteller trotzdem du w\u00e4rest? Bei einem Traum kannst du sagen, dass du es warst, der getr\u00e4umt hat \u2013 aber nur, nachdem du aufgewacht bist. Wenn du ein Leben lang an den Simulator angeschlossen bist, gibt es kein Aufwachen! Ich: Du meinst, der Hauptdarsteller des simulierten Lebens k\u00f6nnte ein ganz anderer sein als ich? Aber ich w\u00e4re trotzdem noch der, der diese Simulation erlebt, oder nicht? Penetre: Umgekehrt! Stell dir vor, dieses Leben, das du gerade lebst, ist das Resultat einer Simulation, die sich im Gehirn eines anderen abspielt. Kannst du dir wirklich sicher sein, dass dieser andere, den man an den Simulator angeschlossen hat, du bist? Ist dieser andere nicht [&hellip;]<\/p>\n","protected":false},"author":1,"featured_media":0,"parent":4141,"menu_order":96,"comment_status":"closed","ping_status":"closed","template":"side-navigation.php","meta":{"ngg_post_thumbnail":0,"footnotes":""},"class_list":["post-17681","page","type-page","status-publish","hentry"],"_links":{"self":[{"href":"https:\/\/antaiji.org\/de\/wp-json\/wp\/v2\/pages\/17681","targetHints":{"allow":["GET"]}}],"collection":[{"href":"https:\/\/antaiji.org\/de\/wp-json\/wp\/v2\/pages"}],"about":[{"href":"https:\/\/antaiji.org\/de\/wp-json\/wp\/v2\/types\/page"}],"author":[{"embeddable":true,"href":"https:\/\/antaiji.org\/de\/wp-json\/wp\/v2\/users\/1"}],"replies":[{"embeddable":true,"href":"https:\/\/antaiji.org\/de\/wp-json\/wp\/v2\/comments?post=17681"}],"version-history":[{"count":4,"href":"https:\/\/antaiji.org\/de\/wp-json\/wp\/v2\/pages\/17681\/revisions"}],"predecessor-version":[{"id":18360,"href":"https:\/\/antaiji.org\/de\/wp-json\/wp\/v2\/pages\/17681\/revisions\/18360"}],"up":[{"embeddable":true,"href":"https:\/\/antaiji.org\/de\/wp-json\/wp\/v2\/pages\/4141"}],"wp:attachment":[{"href":"https:\/\/antaiji.org\/de\/wp-json\/wp\/v2\/media?parent=17681"}],"curies":[{"name":"wp","href":"https:\/\/api.w.org\/{rel}","templated":true}]}}