{"id":17694,"date":"2019-05-31T05:09:05","date_gmt":"2019-05-31T05:09:05","guid":{"rendered":"https:\/\/antaiji.org\/?page_id=17694"},"modified":"2019-06-06T03:06:51","modified_gmt":"2019-06-06T03:06:51","slug":"3-11","status":"publish","type":"page","link":"https:\/\/antaiji.org\/de\/essays\/3-11\/","title":{"rendered":"3-11 Ist es notwendig, dass ich auf der Welt bin (1)?"},"content":{"rendered":"<h3>Ist es notwendig, dass ich auf der Welt bin (1)?<\/h3>\n<p><b><div class=\"demo-sep sep-none\" style=\"margin-top:40px;\"><\/div><span class=\"dropcap\">3-11<\/span><\/b><\/p>\n<p>Penetre: Wei\u00dft du was notwendig war, damit du auf die Welt kommen konntest?<br \/>\nIch: Nat\u00fcrlich, das habe ich doch in der Schule gelernt! Eine Eizelle meiner Mutter wurde von einer Samenzelle meines Vaters befruchtet, als die beiden vor vierzehn Jahren Geschlechtsverkehr miteinander hatten. Von den Millionen von Samenzellen in der Samenfl\u00fcssigkeit ist es nur ein einziges, dass sich mit der Eizelle verbinden kann. Deshalb war die Wahrscheinlichkeit, dass <i>ich<\/i> geboren werde, weniger als ein Millionstel!<br \/>\nPenetre: Die Wahrscheinlichkeit, dass ein Individuum mit genau den Eigenschaften, die du hast, geboren wird, mag weniger als ein Millionstel gewesen sein. <b>Aber wie gro\u00df war wohl die Wahrscheinlichkeit, dass <i>du<\/i> \u2013 und nicht irgendein anderer \u2013 als dieses spezielle Individuum geboren wurde?<\/b><br \/>\nIch: Jetzt verstehe ich gar nichts mehr!<br \/>\nPenetre: Angekommen, dass die 391 578 426ste Samenzelle deines Vaters sich mit der Eizelle deiner Mutter verbunden h\u00e4tte. Damit h\u00e4tte festgestanden, welche Eigenschaften das daraus entstehende Individuum haben wird. Aber das ist ja noch lange kein Grund daf\u00fcr, dass genau dieser Mensch <i>du<\/i> sein musstest. Genauso gut h\u00e4tte dieser Mensch als eine fremde Person geboren werden k\u00f6nnen. Oder umgekehrt: Wenn als Resultat der Verbindung der 258 749 631sten Samenzelle mit derselben Eizelle ein Individuum mit ganz anderen Eigenschaften als deinen geboren worden w\u00e4re, h\u00e4tte dieser Mensch nicht trotzdem du sein k\u00f6nnen? Und es h\u00e4tte ja durchaus auch die M\u00f6glichkeit gegeben, dass kein einziges dieser Millionen von m\u00f6glichen Individuen als du geboren worden w\u00e4re.<br \/>\nIch: Da magst du recht haben. Selbst wenn eine andere Samenzelle die Eizelle meiner Mutter befruchtet h\u00e4tte und sie ein ganz anderes Kind geboren h\u00e4tte, gibt es doch keinen Grund, warum ich nicht auch als dieses andere Kind auf die Welt h\u00e4tte kommen k\u00f6nnen. Eigentlich schade, dass ich nicht als ein Kind mit mehr Verstand und weniger Pickeln geboren wurde! Umgekehrt h\u00e4tte auch ein ganz anderer als genau dieses Kind, das ich bin, geboren werden k\u00f6nnen. Woran liegt es blo\u00df, dass ausgerechnet dieses Individuum <i>ich<\/i> bin und kein anderer. Egal von welcher Samenzelle die Eizelle meiner Mutter befruchtet wurde, das allein ist kein Grund, warum ich geboren wurde. Weshalb bin ich auf der Welt?<\/p>\n","protected":false},"excerpt":{"rendered":"<p>Ist es notwendig, dass ich auf der Welt bin (1)? Penetre: Wei\u00dft du was notwendig war, damit du auf die Welt kommen konntest? Ich: Nat\u00fcrlich, das habe ich doch in der Schule gelernt! Eine Eizelle meiner Mutter wurde von einer Samenzelle meines Vaters befruchtet, als die beiden vor vierzehn Jahren Geschlechtsverkehr miteinander hatten. Von den Millionen von Samenzellen in der Samenfl\u00fcssigkeit ist es nur ein einziges, dass sich mit der Eizelle verbinden kann. Deshalb war die Wahrscheinlichkeit, dass ich geboren werde, weniger als ein Millionstel! Penetre: Die Wahrscheinlichkeit, dass ein Individuum mit genau den Eigenschaften, die du hast, geboren wird, mag weniger als ein Millionstel gewesen sein. Aber wie gro\u00df war wohl die Wahrscheinlichkeit, dass du \u2013 und nicht irgendein anderer \u2013 als dieses spezielle Individuum geboren wurde? Ich: Jetzt verstehe ich gar nichts mehr! Penetre: Angekommen, dass die 391 578 426ste Samenzelle deines Vaters sich mit der Eizelle deiner Mutter verbunden h\u00e4tte. Damit h\u00e4tte festgestanden, welche Eigenschaften das daraus entstehende Individuum haben wird. Aber das ist ja noch lange kein Grund daf\u00fcr, dass genau dieser Mensch du sein musstest. Genauso gut h\u00e4tte dieser Mensch als eine fremde Person geboren werden k\u00f6nnen. Oder umgekehrt: Wenn als Resultat der Verbindung der 258 749 631sten Samenzelle mit derselben Eizelle ein Individuum mit ganz anderen Eigenschaften als deinen geboren worden w\u00e4re, h\u00e4tte dieser Mensch nicht trotzdem du sein k\u00f6nnen? Und es h\u00e4tte ja durchaus auch die M\u00f6glichkeit gegeben, dass kein einziges dieser Millionen von m\u00f6glichen Individuen als du geboren worden w\u00e4re. Ich: Da magst du recht haben. Selbst wenn eine andere Samenzelle die Eizelle meiner Mutter befruchtet h\u00e4tte und sie ein ganz anderes Kind geboren h\u00e4tte, gibt es doch keinen Grund, warum ich nicht auch als dieses andere [&hellip;]<\/p>\n","protected":false},"author":1,"featured_media":0,"parent":4141,"menu_order":97,"comment_status":"closed","ping_status":"closed","template":"side-navigation.php","meta":{"ngg_post_thumbnail":0,"footnotes":""},"class_list":["post-17694","page","type-page","status-publish","hentry"],"_links":{"self":[{"href":"https:\/\/antaiji.org\/de\/wp-json\/wp\/v2\/pages\/17694","targetHints":{"allow":["GET"]}}],"collection":[{"href":"https:\/\/antaiji.org\/de\/wp-json\/wp\/v2\/pages"}],"about":[{"href":"https:\/\/antaiji.org\/de\/wp-json\/wp\/v2\/types\/page"}],"author":[{"embeddable":true,"href":"https:\/\/antaiji.org\/de\/wp-json\/wp\/v2\/users\/1"}],"replies":[{"embeddable":true,"href":"https:\/\/antaiji.org\/de\/wp-json\/wp\/v2\/comments?post=17694"}],"version-history":[{"count":5,"href":"https:\/\/antaiji.org\/de\/wp-json\/wp\/v2\/pages\/17694\/revisions"}],"predecessor-version":[{"id":17715,"href":"https:\/\/antaiji.org\/de\/wp-json\/wp\/v2\/pages\/17694\/revisions\/17715"}],"up":[{"embeddable":true,"href":"https:\/\/antaiji.org\/de\/wp-json\/wp\/v2\/pages\/4141"}],"wp:attachment":[{"href":"https:\/\/antaiji.org\/de\/wp-json\/wp\/v2\/media?parent=17694"}],"curies":[{"name":"wp","href":"https:\/\/api.w.org\/{rel}","templated":true}]}}