{"id":17716,"date":"2019-06-06T03:10:55","date_gmt":"2019-06-06T03:10:55","guid":{"rendered":"https:\/\/antaiji.org\/?page_id=17716"},"modified":"2019-06-06T03:13:02","modified_gmt":"2019-06-06T03:13:02","slug":"3-12","status":"publish","type":"page","link":"https:\/\/antaiji.org\/de\/essays\/3-12\/","title":{"rendered":"3-12 Ist es notwendig, dass ich auf der Welt bin (2)?"},"content":{"rendered":"<h3>Ist es notwendig, dass ich auf der Welt bin (2)?<\/h3>\n<p><b><div class=\"demo-sep sep-none\" style=\"margin-top:40px;\"><\/div><span class=\"dropcap\">3-12<\/span><\/b><\/p>\n<p>Penetre: Stelle dir vor, es g\u00e4be noch keinen Menschen auf der Erde. Da beschlie\u00dft Gott eines Tages, f\u00fcnf Menschen zu erschaffen. Nat\u00fcrlich sehen alle f\u00fcnf verschieden aus und haben auch einen anderen Charakter. Die Frage ist: Was muss Gott dazu tun, damit nicht einfach f\u00fcnf Individuen mit ihrem jeweiligen K\u00f6rper und Bewusstsein entstehen, sondern damit einer dieser f\u00fcnf Menschen <i>zu einem selbst<\/i> wird?<br \/>\nIch: Zu einem selbst? Meinst du, dass <i>ich<\/i> einer von den f\u00fcnf sein soll?<br \/>\nPenetre: Ja, genau! In der Welt hat es dich bis zu dem Zeitpunkt noch nicht gegeben. Selbst wenn Gott ein Individuum erschafft, dass genauso aussieht und denkt wie du, gibt es doch keinen Grund, warum das <i>du<\/i> sein solltest. Was ist notwendig, damit einer der f\u00fcnf Menschen <i>du<\/i> bist? Was muss Gott daf\u00fcr hinzuf\u00fcgen?<br \/>\nIch: Damit <i>ich<\/i> einer von den F\u00fcnfen bin, reicht es nicht, dass Gott f\u00fcnf verschiedene K\u00f6rper mit ihrem jeweiligen Bewusstsein erschafft. Denn dann h\u00e4tte er ja nur f\u00fcnf Menschen erschaffen, die auf gleiche Weise \u00fcber ein individuelles Selbst verf\u00fcgen. Damit eines davon auf eine ganz andere Art existiert \u2013 indem es mein Selbst ist \u2013 braucht es etwas mehr als f\u00fcnf verschiedene K\u00f6rper mit ihrem jeweiligen Bewusstsein.<br \/>\nPenetre: Die Frage ist nur, ob Gott in der Lage ist, dieses \u201eetwas mehr\u201c hinzuzuf\u00fcgen? Selbst der Allm\u00e4chtige kann eines nicht: <i>Dich<\/i> erschaffen!<br \/>\nIch: Wie ist das m\u00f6glich!?<br \/>\nPenetre: <b>Egal, ob einer der f\u00fcnf Menschen zuf\u00e4llig <i>du<\/i> bist oder nicht, Gott k\u00f6nnte den Unterschied nicht erkennen<\/b>. Denn zwischen diesen beiden m\u00f6glichen Welten g\u00e4be es nicht den geringsten Unterschied!<br \/>\nIch: Wenn es f\u00fcr Gott keinen Unterschied gibt, dann kann er auch nicht entscheiden, ob er eine Welt mit oder ohne mich erschaffen will?<br \/>\nPenetre: Das einzige, was Gott kann, ist, die unterschiedlichsten Menschen mit ihrem jeweiligen K\u00f6rper und Bewusstsein zu erschaffen.<br \/>\nIch: Ob ich darunter bin, macht f\u00fcr Gott keinen Unterschied \u2026 Dann wei\u00df Gott also nicht einmal, ob es mich gibt oder nicht! Gott kann einen Menschen <i>wie<\/i> mich erschaffen, aber <i>mich<\/i> erschaffen, das kann er nicht (siehe <a href=\"https:\/\/antaiji.org\/de\/essays\/2-5\/\">2-5<\/a>).<\/p>\n","protected":false},"excerpt":{"rendered":"<p>Ist es notwendig, dass ich auf der Welt bin (2)? Penetre: Stelle dir vor, es g\u00e4be noch keinen Menschen auf der Erde. Da beschlie\u00dft Gott eines Tages, f\u00fcnf Menschen zu erschaffen. Nat\u00fcrlich sehen alle f\u00fcnf verschieden aus und haben auch einen anderen Charakter. Die Frage ist: Was muss Gott dazu tun, damit nicht einfach f\u00fcnf Individuen mit ihrem jeweiligen K\u00f6rper und Bewusstsein entstehen, sondern damit einer dieser f\u00fcnf Menschen zu einem selbst wird? Ich: Zu einem selbst? Meinst du, dass ich einer von den f\u00fcnf sein soll? Penetre: Ja, genau! In der Welt hat es dich bis zu dem Zeitpunkt noch nicht gegeben. Selbst wenn Gott ein Individuum erschafft, dass genauso aussieht und denkt wie du, gibt es doch keinen Grund, warum das du sein solltest. Was ist notwendig, damit einer der f\u00fcnf Menschen du bist? Was muss Gott daf\u00fcr hinzuf\u00fcgen? Ich: Damit ich einer von den F\u00fcnfen bin, reicht es nicht, dass Gott f\u00fcnf verschiedene K\u00f6rper mit ihrem jeweiligen Bewusstsein erschafft. Denn dann h\u00e4tte er ja nur f\u00fcnf Menschen erschaffen, die auf gleiche Weise \u00fcber ein individuelles Selbst verf\u00fcgen. Damit eines davon auf eine ganz andere Art existiert \u2013 indem es mein Selbst ist \u2013 braucht es etwas mehr als f\u00fcnf verschiedene K\u00f6rper mit ihrem jeweiligen Bewusstsein. Penetre: Die Frage ist nur, ob Gott in der Lage ist, dieses \u201eetwas mehr\u201c hinzuzuf\u00fcgen? Selbst der Allm\u00e4chtige kann eines nicht: Dich erschaffen! Ich: Wie ist das m\u00f6glich!? Penetre: Egal, ob einer der f\u00fcnf Menschen zuf\u00e4llig du bist oder nicht, Gott k\u00f6nnte den Unterschied nicht erkennen. Denn zwischen diesen beiden m\u00f6glichen Welten g\u00e4be es nicht den geringsten Unterschied! Ich: Wenn es f\u00fcr Gott keinen Unterschied gibt, dann kann er auch nicht entscheiden, ob er eine Welt mit [&hellip;]<\/p>\n","protected":false},"author":1,"featured_media":0,"parent":4141,"menu_order":98,"comment_status":"closed","ping_status":"closed","template":"side-navigation.php","meta":{"ngg_post_thumbnail":0,"footnotes":""},"class_list":["post-17716","page","type-page","status-publish","hentry"],"_links":{"self":[{"href":"https:\/\/antaiji.org\/de\/wp-json\/wp\/v2\/pages\/17716","targetHints":{"allow":["GET"]}}],"collection":[{"href":"https:\/\/antaiji.org\/de\/wp-json\/wp\/v2\/pages"}],"about":[{"href":"https:\/\/antaiji.org\/de\/wp-json\/wp\/v2\/types\/page"}],"author":[{"embeddable":true,"href":"https:\/\/antaiji.org\/de\/wp-json\/wp\/v2\/users\/1"}],"replies":[{"embeddable":true,"href":"https:\/\/antaiji.org\/de\/wp-json\/wp\/v2\/comments?post=17716"}],"version-history":[{"count":1,"href":"https:\/\/antaiji.org\/de\/wp-json\/wp\/v2\/pages\/17716\/revisions"}],"predecessor-version":[{"id":17717,"href":"https:\/\/antaiji.org\/de\/wp-json\/wp\/v2\/pages\/17716\/revisions\/17717"}],"up":[{"embeddable":true,"href":"https:\/\/antaiji.org\/de\/wp-json\/wp\/v2\/pages\/4141"}],"wp:attachment":[{"href":"https:\/\/antaiji.org\/de\/wp-json\/wp\/v2\/media?parent=17716"}],"curies":[{"name":"wp","href":"https:\/\/api.w.org\/{rel}","templated":true}]}}