{"id":18942,"date":"2021-04-19T03:44:03","date_gmt":"2021-04-19T03:44:03","guid":{"rendered":"https:\/\/antaiji.org\/?page_id=18942"},"modified":"2025-02-18T08:50:12","modified_gmt":"2025-02-18T08:50:12","slug":"eko","status":"publish","type":"page","link":"https:\/\/antaiji.org\/de\/eko\/","title":{"rendered":"\u00c4btissin Eko"},"content":{"rendered":"<h3><\/h3>\r\n<h2 class=\"wp-block-heading\">\u00c4btissin Eko<\/h2>\r\n<h3>\r\n\r\n<\/h3>\r\n<p>Im Jahr 2020 habe ich, Eko Nakamura, das Amt als 10. Abt des Antaiji-Tempels \u00fcbernommen.<\/p>\r\n<p>W\u00e4hrend meiner Arbeit als Hebamme interessierte ich mich f\u00fcr nat\u00fcrliche Geburten, Stillen, nat\u00fcrliche Ern\u00e4hrung, nat\u00fcrliche Landwirtschaft und kam zu der Erkenntnis, dass der Mensch nur durch die Kraft der Natur leben kann. Ich kam zu der \u00dcberzeugung, dass die menschliche Lebensweise urspr\u00fcnglich auf einer landwirtschaftlichen Lebensweise durch den Anbau von Reis und Gem\u00fcse basiert haben muss, und so k\u00fcndigte ich meinen Job im Krankenhaus und begann, nach einer alternativen Lebensweise zu suchen. <br>Infolgedessen wurde ich von folgedem Satz &#8222;ein selbstversorgender Zen-Tempel mit der Unterst\u00fctzung von Gemeindemitgliedern&#8220; angezogen und so ging ich zum Antaiji, um die Antwort auf: &#8222;Wie soll ich leben?&#8220; zu finden.<\/p>\r\n<p>Meine 40er Jahre habe ich damit verbracht, Zen zu praktizieren, und jetzt, in meinen 50ern, bin ich als Leiter des Antaiji-Tempels in eine neue Phase der Praxis eingetreten.<\/p>\r\n<p>Was wird wohl in meinen 60ern passieren?<\/p>\r\n<p><br><!--\/data\/user\/0\/com.samsung.android.app.notes\/files\/clipdata\/clipdata_bodytext_210419_095714_061.sdocx--><\/p>\r\n<h3>\r\n\r\n<\/h3>\r\n<div class=\"wp-block-columns is-layout-flex wp-container-core-columns-is-layout-9d6595d7 wp-block-columns-is-layout-flex\">\r\n<div class=\"wp-block-column is-layout-flow wp-block-column-is-layout-flow\">\r\n<div class=\"alignnormal\"><div id=\"metaslider-id-18902\" style=\"width: 100%;\" class=\"ml-slider-3-106-0 metaslider metaslider-responsive metaslider-18902 ml-slider ms-theme-default\" role=\"region\" aria-label=\"Eko\" data-height=\"600\" data-width=\"400\">\n    <div id=\"metaslider_container_18902\">\n        <ul id='metaslider_18902' class='rslides'>\n            <li aria-roledescription='slide' aria-labelledby='slide-0'><img loading=\"lazy\" decoding=\"async\" src=\"https:\/\/antaiji.org\/wp-content\/uploads\/2021\/04\/Resizer_16187910507741-400x600.jpg\" height=\"600\" width=\"400\" alt=\"\" class=\"slider-18902 slide-18913 msDefaultImage\" title=\"Resizer_16187910507741\" \/><\/li>\n            <li style='display: none;' aria-roledescription='slide' aria-labelledby='slide-1'><img loading=\"lazy\" decoding=\"async\" src=\"https:\/\/antaiji.org\/wp-content\/uploads\/2021\/04\/Resizer_16187910507743-400x600.jpg\" height=\"600\" width=\"400\" alt=\"\" class=\"slider-18902 slide-18905 msDefaultImage\" title=\"Resizer_16187910507743\" \/><\/li>\n            <li style='display: none;' aria-roledescription='slide' aria-labelledby='slide-2'><img loading=\"lazy\" decoding=\"async\" src=\"https:\/\/antaiji.org\/wp-content\/uploads\/2021\/04\/Resizer_161879105077419-400x600.jpg\" height=\"600\" width=\"400\" alt=\"\" class=\"slider-18902 slide-18910 msDefaultImage\" title=\"Resizer_161879105077419\" \/><\/li>\n            <li style='display: none;' aria-roledescription='slide' aria-labelledby='slide-3'><img loading=\"lazy\" decoding=\"async\" src=\"https:\/\/antaiji.org\/wp-content\/uploads\/2021\/04\/Resizer_161879105077413-400x600.jpg\" height=\"600\" width=\"400\" alt=\"\" class=\"slider-18902 slide-18908 msDefaultImage\" title=\"Resizer_161879105077413\" \/><\/li>\n            <li style='display: none;' aria-roledescription='slide' aria-labelledby='slide-4'><img loading=\"lazy\" decoding=\"async\" src=\"https:\/\/antaiji.org\/wp-content\/uploads\/2021\/04\/Resizer_161879105077417-scaled-400x600.jpg\" height=\"600\" width=\"400\" alt=\"\" class=\"slider-18902 slide-18909 msDefaultImage\" title=\"Resizer_161879105077417\" \/><\/li>\n            <li style='display: none;' aria-roledescription='slide' aria-labelledby='slide-5'><img loading=\"lazy\" decoding=\"async\" src=\"https:\/\/antaiji.org\/wp-content\/uploads\/2021\/04\/Resizer_161879105077411-400x600.jpg\" height=\"600\" width=\"400\" alt=\"\" class=\"slider-18902 slide-18914 msDefaultImage\" title=\"Resizer_161879105077411\" \/><\/li>\n            <li style='display: none;' aria-roledescription='slide' aria-labelledby='slide-6'><img loading=\"lazy\" decoding=\"async\" src=\"https:\/\/antaiji.org\/wp-content\/uploads\/2021\/04\/Resizer_16187910507749-400x600.jpg\" height=\"600\" width=\"400\" alt=\"\" class=\"slider-18902 slide-18907 msDefaultImage\" title=\"Resizer_16187910507749\" \/><\/li>\n            <li style='display: none;' aria-roledescription='slide' aria-labelledby='slide-7'><img loading=\"lazy\" decoding=\"async\" src=\"https:\/\/antaiji.org\/wp-content\/uploads\/2021\/04\/Resizer_16187910507745-400x600.jpg\" height=\"600\" width=\"400\" alt=\"\" class=\"slider-18902 slide-18930 msDefaultImage\" title=\"Resizer_16187910507745\" \/><\/li>\n            <li style='display: none;' aria-roledescription='slide' aria-labelledby='slide-8'><img loading=\"lazy\" decoding=\"async\" src=\"https:\/\/antaiji.org\/wp-content\/uploads\/2021\/04\/Resizer_161879105077421-400x600.jpg\" height=\"600\" width=\"400\" alt=\"\" class=\"slider-18902 slide-18911 msDefaultImage\" title=\"Resizer_161879105077421\" \/><\/li>\n            <li style='display: none;' aria-roledescription='slide' aria-labelledby='slide-9'><img loading=\"lazy\" decoding=\"async\" src=\"https:\/\/antaiji.org\/wp-content\/uploads\/2021\/04\/Resizer_161879105077423-400x600.jpg\" height=\"600\" width=\"400\" alt=\"\" class=\"slider-18902 slide-18912 msDefaultImage\" title=\"Resizer_161879105077423\" \/><\/li>\n        <\/ul>\n        \n    <\/div>\n<\/div><\/div>\r\n<\/div>\r\n\r\n\r\n\r\n<div class=\"wp-block-column is-layout-flow wp-block-column-is-layout-flow\">\r\n<p>&nbsp;<\/p>\r\n<p><strong>September 2010:<\/strong> Beitritt in Antaiji<\/p>\r\n<p><strong>Mai 2013:<\/strong> Ordiniert unter Muho N\u00f6lke Roshi<\/p>\r\n<p><strong>M\u00e4rz 2015:<\/strong> Dharma-Kampf-Zeremonie (Hossenshiki), statt gefunden unter der Leitung von Meister Muho N\u00f6lke\u3000<\/p>\r\n<p><strong>April 2015:<\/strong> Zweij\u00e4hriges Ango im Nonnenkloster in Aichi<\/p>\r\n<p><strong>April 2017:<\/strong> R\u00fcckkehr nach Antaiji<\/p>\r\n<p><strong>M\u00e4rz 2018:<\/strong> Dharma-\u00dcbertragung (shih\u014d) von Muho N\u00f6lke Roshi<\/p>\r\n<p><strong>Oktober 2020:<\/strong> Ernennung zum 10. Abt von Antaiji<\/p>\r\n<p>Geboren am 8. Dezember 1967 in der Stadt Yonago, Pr\u00e4fektur Tottori<\/p>\r\n<\/div>\r\n<\/div>\r\n<h3>\r\n\r\n<\/h3>\r\n<p>&nbsp;<\/p>\r\n<h3><\/h3>","protected":false},"excerpt":{"rendered":"<p>\u00c4btissin Eko Im Jahr 2020 habe ich, Eko Nakamura, das Amt als 10. Abt des Antaiji-Tempels \u00fcbernommen. W\u00e4hrend meiner Arbeit als Hebamme interessierte ich mich f\u00fcr nat\u00fcrliche Geburten, Stillen, nat\u00fcrliche Ern\u00e4hrung, nat\u00fcrliche Landwirtschaft und kam zu der Erkenntnis, dass der Mensch nur durch die Kraft der Natur leben kann. Ich kam zu der \u00dcberzeugung, dass die menschliche Lebensweise urspr\u00fcnglich auf einer landwirtschaftlichen Lebensweise durch den Anbau von Reis und Gem\u00fcse basiert haben muss, und so k\u00fcndigte ich meinen Job im Krankenhaus und begann, nach einer alternativen Lebensweise zu suchen. Infolgedessen wurde ich von folgedem Satz &#8222;ein selbstversorgender Zen-Tempel mit der Unterst\u00fctzung von Gemeindemitgliedern&#8220; angezogen und so ging ich zum Antaiji, um die Antwort auf: &#8222;Wie soll ich leben?&#8220; zu finden. Meine 40er Jahre habe ich damit verbracht, Zen zu praktizieren, und jetzt, in meinen 50ern, bin ich als Leiter des Antaiji-Tempels in eine neue Phase der Praxis eingetreten. Was wird wohl in meinen 60ern passieren? &nbsp; September 2010: Beitritt in Antaiji Mai 2013: Ordiniert unter Muho N\u00f6lke Roshi M\u00e4rz 2015: Dharma-Kampf-Zeremonie (Hossenshiki), statt gefunden unter der Leitung von Meister Muho N\u00f6lke\u3000 April 2015: Zweij\u00e4hriges Ango im Nonnenkloster in Aichi April 2017: R\u00fcckkehr nach Antaiji M\u00e4rz 2018: Dharma-\u00dcbertragung (shih\u014d) von Muho N\u00f6lke Roshi Oktober 2020: Ernennung zum 10. Abt von Antaiji Geboren am 8. Dezember 1967 in der Stadt Yonago, Pr\u00e4fektur Tottori &nbsp;<\/p>\n","protected":false},"author":1,"featured_media":0,"parent":0,"menu_order":54,"comment_status":"closed","ping_status":"closed","template":"side-navigation.php","meta":{"ngg_post_thumbnail":0,"footnotes":""},"class_list":["post-18942","page","type-page","status-publish","hentry"],"_links":{"self":[{"href":"https:\/\/antaiji.org\/de\/wp-json\/wp\/v2\/pages\/18942","targetHints":{"allow":["GET"]}}],"collection":[{"href":"https:\/\/antaiji.org\/de\/wp-json\/wp\/v2\/pages"}],"about":[{"href":"https:\/\/antaiji.org\/de\/wp-json\/wp\/v2\/types\/page"}],"author":[{"embeddable":true,"href":"https:\/\/antaiji.org\/de\/wp-json\/wp\/v2\/users\/1"}],"replies":[{"embeddable":true,"href":"https:\/\/antaiji.org\/de\/wp-json\/wp\/v2\/comments?post=18942"}],"version-history":[{"count":4,"href":"https:\/\/antaiji.org\/de\/wp-json\/wp\/v2\/pages\/18942\/revisions"}],"predecessor-version":[{"id":19955,"href":"https:\/\/antaiji.org\/de\/wp-json\/wp\/v2\/pages\/18942\/revisions\/19955"}],"wp:attachment":[{"href":"https:\/\/antaiji.org\/de\/wp-json\/wp\/v2\/media?parent=18942"}],"curies":[{"name":"wp","href":"https:\/\/api.w.org\/{rel}","templated":true}]}}