{"id":3106,"date":"2013-02-09T21:05:54","date_gmt":"2013-02-09T21:05:54","guid":{"rendered":"http:\/\/theme-fusion.com\/avada2\/?page_id=3106"},"modified":"2025-11-01T12:13:45","modified_gmt":"2025-11-01T12:13:45","slug":"muho","status":"publish","type":"page","link":"https:\/\/antaiji.org\/de\/muho\/","title":{"rendered":"Muho"},"content":{"rendered":"<p><div id=\"metaslider-id-14318\" style=\"width: 100%;\" class=\"ml-slider-3-106-0 metaslider metaslider-nivo metaslider-14318 ml-slider ms-theme-default\" role=\"region\" aria-label=\"Event\" data-height=\"350\" data-width=\"960\">\n    <div id=\"metaslider_container_14318\">\n        <div class='slider-wrapper theme-default'><div class='ribbon'><\/div><div id='metaslider_14318' class='nivoSlider'><img loading=\"lazy\" decoding=\"async\" src=\"https:\/\/antaiji.org\/wp-content\/uploads\/2018\/10\/b.jpg\" height=\"350\" width=\"960\" title=\"\u30cd\u30eb\u30b1\u7121\u65b9 \u8b1b\u6f14\u4e88\u5b9a\" alt=\"\" class=\"slider-14318 slide-16933 msDefaultImage\" \/><img loading=\"lazy\" decoding=\"async\" src=\"https:\/\/antaiji.org\/wp-content\/uploads\/2018\/10\/d.jpg\" height=\"350\" width=\"960\" data-caption=\"????????????????????????????????????\" title=\"\u30cd\u30eb\u30b1\u7121\u65b9 \u8b1b\u6f14\u4e88\u5b9a\" alt=\"\" class=\"slider-14318 slide-16935 msDefaultImage\" \/><img loading=\"lazy\" decoding=\"async\" src=\"https:\/\/antaiji.org\/wp-content\/uploads\/2016\/06\/feg.jpg\" height=\"350\" width=\"960\" title=\"\u30cd\u30eb\u30b1\u7121\u65b9 \u8b1b\u6f14\u4e88\u5b9a\" alt=\"\" class=\"slider-14318 slide-14174 msDefaultImage\" \/><img loading=\"lazy\" decoding=\"async\" src=\"https:\/\/antaiji.org\/wp-content\/uploads\/2016\/06\/tn1.jpg\" height=\"350\" width=\"960\" title=\"\u30cd\u30eb\u30b1\u7121\u65b9 \u8b1b\u6f14\u4e88\u5b9a\" alt=\"\" class=\"slider-14318 slide-14167 msDefaultImage\" \/><img loading=\"lazy\" decoding=\"async\" src=\"https:\/\/antaiji.org\/wp-content\/uploads\/2017\/09\/img_abt_muho-960x350.jpg\" height=\"350\" width=\"960\" title=\"\u30cd\u30eb\u30b1\u7121\u65b9 \u8b1b\u6f14\u4e88\u5b9a\" alt=\"\" class=\"slider-14318 slide-15836 msDefaultImage\" \/><img loading=\"lazy\" decoding=\"async\" src=\"https:\/\/antaiji.org\/wp-content\/uploads\/2017\/09\/akita8.jpg\" height=\"350\" width=\"960\" title=\"\u30cd\u30eb\u30b1\u7121\u65b9 \u8b1b\u6f14\u4e88\u5b9a\" alt=\"\" class=\"slider-14318 slide-15725 msDefaultImage\" \/><img loading=\"lazy\" decoding=\"async\" src=\"https:\/\/antaiji.org\/wp-content\/uploads\/2016\/06\/fee.jpg\" height=\"350\" width=\"960\" title=\"\u30cd\u30eb\u30b1\u7121\u65b9 \u8b1b\u6f14\u4e88\u5b9a\" alt=\"\" class=\"slider-14318 slide-14173 msDefaultImage\" \/><img loading=\"lazy\" decoding=\"async\" src=\"https:\/\/antaiji.org\/wp-content\/uploads\/2016\/11\/tanba2.jpeg\" height=\"350\" width=\"960\" title=\"\u30cd\u30eb\u30b1\u7121\u65b9 \u8b1b\u6f14\u4e88\u5b9a\" alt=\"\" class=\"slider-14318 slide-14720 msDefaultImage\" \/><img loading=\"lazy\" decoding=\"async\" src=\"https:\/\/antaiji.org\/wp-content\/uploads\/2016\/06\/fea.jpg\" height=\"350\" width=\"960\" title=\"\u30cd\u30eb\u30b1\u7121\u65b9 \u8b1b\u6f14\u4e88\u5b9a\" alt=\"\" class=\"slider-14318 slide-14168 msDefaultImage\" \/><img loading=\"lazy\" decoding=\"async\" src=\"https:\/\/antaiji.org\/wp-content\/uploads\/2016\/11\/tanba1.jpeg\" height=\"350\" width=\"960\" title=\"\u30cd\u30eb\u30b1\u7121\u65b9 \u8b1b\u6f14\u4e88\u5b9a\" alt=\"\" class=\"slider-14318 slide-14719 msDefaultImage\" \/><img loading=\"lazy\" decoding=\"async\" src=\"https:\/\/antaiji.org\/wp-content\/uploads\/2017\/09\/muho1.jpg\" height=\"350\" width=\"960\" title=\"\u30cd\u30eb\u30b1\u7121\u65b9 \u8b1b\u6f14\u4e88\u5b9a\" alt=\"\" class=\"slider-14318 slide-15701 msDefaultImage\" \/><img loading=\"lazy\" decoding=\"async\" src=\"https:\/\/antaiji.org\/wp-content\/uploads\/2013\/06\/slider_\u00a9Huebner_1258.jpg\" height=\"350\" width=\"960\" title=\"\u30cd\u30eb\u30b1\u7121\u65b9 \u8b1b\u6f14\u4e88\u5b9a\" alt=\"\" class=\"slider-14318 slide-5345 msDefaultImage\" \/><img loading=\"lazy\" decoding=\"async\" src=\"https:\/\/antaiji.org\/wp-content\/uploads\/2016\/11\/norb.jpg\" height=\"350\" width=\"960\" title=\"\u30cd\u30eb\u30b1\u7121\u65b9 \u8b1b\u6f14\u4e88\u5b9a\" alt=\"\" class=\"slider-14318 slide-14721 msDefaultImage\" \/><img loading=\"lazy\" decoding=\"async\" src=\"https:\/\/antaiji.org\/wp-content\/uploads\/2013\/06\/3868_banner.jpg\" height=\"350\" width=\"960\" title=\"\u30cd\u30eb\u30b1\u7121\u65b9 \u8b1b\u6f14\u4e88\u5b9a\" alt=\"\" class=\"slider-14318 slide-5317 msDefaultImage\" \/><img loading=\"lazy\" decoding=\"async\" src=\"https:\/\/antaiji.org\/wp-content\/uploads\/2018\/10\/e.jpg\" height=\"350\" width=\"960\" data-caption=\"????????????????????????????????????\" title=\"\u30cd\u30eb\u30b1\u7121\u65b9 \u8b1b\u6f14\u4e88\u5b9a\" alt=\"\" class=\"slider-14318 slide-16936 msDefaultImage\" \/><img loading=\"lazy\" decoding=\"async\" src=\"https:\/\/antaiji.org\/wp-content\/uploads\/2017\/09\/akita7.jpg\" height=\"350\" width=\"960\" title=\"\u30cd\u30eb\u30b1\u7121\u65b9 \u8b1b\u6f14\u4e88\u5b9a\" alt=\"\" class=\"slider-14318 slide-15724 msDefaultImage\" \/><img loading=\"lazy\" decoding=\"async\" src=\"https:\/\/antaiji.org\/wp-content\/uploads\/2018\/12\/truenature4.jpg\" height=\"350\" width=\"960\" title=\"truenature4\" alt=\"\" class=\"slider-14318 slide-17012 msDefaultImage\" \/><img loading=\"lazy\" decoding=\"async\" src=\"https:\/\/antaiji.org\/wp-content\/uploads\/2018\/10\/c.jpg\" height=\"350\" width=\"960\" data-caption=\"????????????????????????????????????\" title=\"\u30cd\u30eb\u30b1\u7121\u65b9 \u8b1b\u6f14\u4e88\u5b9a\" alt=\"\" class=\"slider-14318 slide-16934 msDefaultImage\" \/><img loading=\"lazy\" decoding=\"async\" src=\"https:\/\/antaiji.org\/wp-content\/uploads\/2018\/10\/l-1.jpg\" height=\"350\" width=\"960\" title=\"\u30cd\u30eb\u30b1\u7121\u65b9 \u8b1b\u6f14\u4e88\u5b9a\" alt=\"\" class=\"slider-14318 slide-16919 msDefaultImage\" \/><img loading=\"lazy\" decoding=\"async\" src=\"https:\/\/antaiji.org\/wp-content\/uploads\/2017\/09\/muho2-1.jpg\" height=\"350\" width=\"960\" title=\"\u30cd\u30eb\u30b1\u7121\u65b9 \u8b1b\u6f14\u4e88\u5b9a\" alt=\"\" class=\"slider-14318 slide-15703 msDefaultImage\" \/><img loading=\"lazy\" decoding=\"async\" src=\"https:\/\/antaiji.org\/wp-content\/uploads\/2017\/09\/muho3.jpg\" height=\"350\" width=\"960\" title=\"\u30cd\u30eb\u30b1\u7121\u65b9 \u8b1b\u6f14\u4e88\u5b9a\" alt=\"\" class=\"slider-14318 slide-15702 msDefaultImage\" \/><img loading=\"lazy\" decoding=\"async\" src=\"https:\/\/antaiji.org\/wp-content\/uploads\/2018\/12\/truenature3.jpg\" height=\"350\" width=\"960\" title=\"truenature3\" alt=\"\" class=\"slider-14318 slide-17011 msDefaultImage\" \/><img loading=\"lazy\" decoding=\"async\" src=\"https:\/\/antaiji.org\/wp-content\/uploads\/2013\/06\/slider_\u00a9Huebner_4276.jpg\" height=\"350\" width=\"960\" title=\"\u30cd\u30eb\u30b1\u7121\u65b9 \u8b1b\u6f14\u4e88\u5b9a\" alt=\"\" class=\"slider-14318 slide-5433 msDefaultImage\" \/><img loading=\"lazy\" decoding=\"async\" src=\"https:\/\/antaiji.org\/wp-content\/uploads\/2016\/06\/few-960x350.jpg\" height=\"350\" width=\"960\" title=\"\u30cd\u30eb\u30b1\u7121\u65b9 \u8b1b\u6f14\u4e88\u5b9a\" alt=\"\" class=\"slider-14318 slide-14183 msDefaultImage\" \/><img loading=\"lazy\" decoding=\"async\" src=\"https:\/\/antaiji.org\/wp-content\/uploads\/2016\/06\/feh.jpg\" height=\"350\" width=\"960\" title=\"\u30cd\u30eb\u30b1\u7121\u65b9 \u8b1b\u6f14\u4e88\u5b9a\" alt=\"\" class=\"slider-14318 slide-14175 msDefaultImage\" \/><\/div><\/div>\n        \n    <\/div>\n<\/div><br \/>\n<br \/>\nMuh\u014d war von 2002 bis 2020 Antaijis neunter Abt. Er wurde 1968 in Berlin geboren und wuchs in Braunschweig und T\u00fcbingen auf. Mit 16 Jahren kam er mit Zazen in Kontakt und hatte bald den Wunsch, sp\u00e4ter in Japan als Zenm\u00f6nch zu leben. Er studierte Japanologie, Philosophie und Physik in Berlin und f\u00fcr ein Jahr auch an der Universit\u00e4t Ky\u014dto. Zu dieser Zeit, mit 22 Jahren, besuchte er auch zum ersten Mal das Kloster Antaiji und verbrachte dort 6 Monate.<\/p>\n<p>Mit 25 Jahren, nach dem Abschluss der Universit\u00e4t, ordinierte Muh\u014d in Antaiji und wurde so zum Sch\u00fcler des damaligen Abtes, Miyaura Shiny\u016b R\u014dshi. Au\u00dfer in Antaiji verbrachte Muh\u014d auch jeweils ein Jahr in dem Rinzai-Kloster T\u014dfukuji in Ky\u014dto und Hosshinji in Obama, einem Priesterseminar der S\u014dt\u014d-Schule.<\/p>\n<p>Nach Abschluss seiner Ausbildung in Antaiji erhielt Muh\u014d die \u00dcbertragung des Dharma (Shih\u014d) von seinem Meister Miyaura und wurde damit als eigenst\u00e4ndiger Meister der S\u014dt\u014d-Schule anerkannt.<\/p>\n<p>Daraufhin beschloss er, als Obdachloser im Schlosspark von \u014csaka zu leben, wo er f\u00fcr ein halbes Jahr ein Zengruppe leitete, bis ihn die Nachricht vom Tod seines Meisters im Februar 2002 erreichte. Im Fr\u00fchjahr dieses Jahres wurde Muh\u014d als Nachfolger seines Meister zum neunten Abt von Antaiji berufen. 2020 gab er sein Abt an seine langj&auml;hrige Sch&uuml;lerin <a href=\"https:\/\/antaiji.org\/de\/eko.shtml\">Ek\u014d<\/a> weiter, die das Kloster gegenw&auml;rtig leitet. Heute meldet er sich unter anderem auf <a target-\"_blank\" href=\"https:\/\/www.youtube.com\/channel\/UCffBVsdYVFfvxPLaX6EHZKQ\">YouTube<\/a> und <a target=\"_blank\" href=\"https:\/\/twitter.com\/MuhoNoelke\" rel=\"noopener noreferrer\">Twitter<\/a> zu Wort.<\/p>\n<p>Muh\u014d ist seit 2002 verheiratet und hat drei Kinder. Er ist der Autor der <a href=\"https:\/\/muhonoelke.blogspot.com\/p\/bucher.html\">B&uuml;cher<\/a> &#8222;Alles, was du denkst, sind nur Gedanken&#8220; (O.W. Barth Verlag), &#8222;Der Mond leuchtet in jeder Pf&uuml;tze&#8220;, &#8222;Das Meer weist keinen Fluss zur\u00fcck&#8220; und &#8222;Ein Regentropfen kehrt ins Meer zur\u00fcck&#8220;, die im Berlin-Verlag erschienen sind, und &#8222;Futter f\u00fcr Pferd und Esel &#8211; das Dogen-Lesebuch&#8220;, einer Einf&uuml;hrung ins Shobogenzo und andere Texte von Dogen im Angkor Verlag. <\/p>\n<p>Au&szlig;erdem hat er die B\u00fccher <a href=\"https:\/\/antaiji.org\/archives\/deu\/andich.shtml\">An dich<\/a>, <a href=\"https:\/\/antaiji.org\/archives\/deu\/zenluege.shtml\">Zen ist die gr\u00f6\u00dfte L\u00fcge aller Zeiten<\/a> und <a href=\"https:\/\/antaiji.org\/archives\/deu\/kodo-sawaki-gewoehnliche-menschen.shtml\">Tag f\u00fcr Tag ein guter Tag<\/a> von Sawaki K\u014dd\u014d ins Deutsche \u00fcbersetzt (Angkor-Verlag). Seine englischen Artikel kann man im Archiv dieser Homepage finden: <a href=\"https:\/\/antaiji.org\/?page_id=4802&#038;lang=en\">Adult practice<\/a><\/p>\n","protected":false},"excerpt":{"rendered":"<p>Muh\u014d war von 2002 bis 2020 Antaijis neunter Abt. Er wurde 1968 in Berlin geboren und wuchs in Braunschweig und T\u00fcbingen auf. Mit 16 Jahren kam er mit Zazen in Kontakt und hatte bald den Wunsch, sp\u00e4ter in Japan als Zenm\u00f6nch zu leben. Er studierte Japanologie, Philosophie und Physik in Berlin und f\u00fcr ein Jahr auch an der Universit\u00e4t Ky\u014dto. Zu dieser Zeit, mit 22 Jahren, besuchte er auch zum ersten Mal das Kloster Antaiji und verbrachte dort 6 Monate. Mit 25 Jahren, nach dem Abschluss der Universit\u00e4t, ordinierte Muh\u014d in Antaiji und wurde so zum Sch\u00fcler des damaligen Abtes, Miyaura Shiny\u016b R\u014dshi. Au\u00dfer in Antaiji verbrachte Muh\u014d auch jeweils ein Jahr in dem Rinzai-Kloster T\u014dfukuji in Ky\u014dto und Hosshinji in Obama, einem Priesterseminar der S\u014dt\u014d-Schule. Nach Abschluss seiner Ausbildung in Antaiji erhielt Muh\u014d die \u00dcbertragung des Dharma (Shih\u014d) von seinem Meister Miyaura und wurde damit als eigenst\u00e4ndiger Meister der S\u014dt\u014d-Schule anerkannt. Daraufhin beschloss er, als Obdachloser im Schlosspark von \u014csaka zu leben, wo er f\u00fcr ein halbes Jahr ein Zengruppe leitete, bis ihn die Nachricht vom Tod seines Meisters im Februar 2002 erreichte. Im Fr\u00fchjahr dieses Jahres wurde Muh\u014d als Nachfolger seines Meister zum neunten Abt von Antaiji berufen. 2020 gab er sein Abt an seine langj&auml;hrige Sch&uuml;lerin Ek\u014d weiter, die das Kloster gegenw&auml;rtig leitet. Heute meldet er sich unter anderem auf YouTube und Twitter zu Wort. Muh\u014d ist seit 2002 verheiratet und hat drei Kinder. Er ist der Autor der B&uuml;cher &#8222;Alles, was du denkst, sind nur Gedanken&#8220; (O.W. Barth Verlag), &#8222;Der Mond leuchtet in jeder Pf&uuml;tze&#8220;, &#8222;Das Meer weist keinen Fluss zur\u00fcck&#8220; und &#8222;Ein Regentropfen kehrt ins Meer zur\u00fcck&#8220;, die im Berlin-Verlag erschienen sind, und &#8222;Futter f\u00fcr Pferd und Esel &#8211; das [&hellip;]<\/p>\n","protected":false},"author":1,"featured_media":0,"parent":0,"menu_order":52,"comment_status":"closed","ping_status":"closed","template":"side-navigation.php","meta":{"ngg_post_thumbnail":0,"footnotes":""},"class_list":["post-3106","page","type-page","status-publish","hentry"],"_links":{"self":[{"href":"https:\/\/antaiji.org\/de\/wp-json\/wp\/v2\/pages\/3106","targetHints":{"allow":["GET"]}}],"collection":[{"href":"https:\/\/antaiji.org\/de\/wp-json\/wp\/v2\/pages"}],"about":[{"href":"https:\/\/antaiji.org\/de\/wp-json\/wp\/v2\/types\/page"}],"author":[{"embeddable":true,"href":"https:\/\/antaiji.org\/de\/wp-json\/wp\/v2\/users\/1"}],"replies":[{"embeddable":true,"href":"https:\/\/antaiji.org\/de\/wp-json\/wp\/v2\/comments?post=3106"}],"version-history":[{"count":72,"href":"https:\/\/antaiji.org\/de\/wp-json\/wp\/v2\/pages\/3106\/revisions"}],"predecessor-version":[{"id":20069,"href":"https:\/\/antaiji.org\/de\/wp-json\/wp\/v2\/pages\/3106\/revisions\/20069"}],"wp:attachment":[{"href":"https:\/\/antaiji.org\/de\/wp-json\/wp\/v2\/media?parent=3106"}],"curies":[{"name":"wp","href":"https:\/\/api.w.org\/{rel}","templated":true}]}}