{"id":33,"date":"2012-07-31T02:06:41","date_gmt":"2012-07-31T02:06:41","guid":{"rendered":"http:\/\/theme-fusion.com\/avada\/?page_id=33"},"modified":"2024-01-13T09:28:51","modified_gmt":"2024-01-13T09:28:51","slug":"home-2-2","status":"publish","type":"page","link":"https:\/\/antaiji.org\/de\/","title":{"rendered":"Home"},"content":{"rendered":"<p><img loading=\"lazy\" decoding=\"async\" class=\"alignleft\" src=\"https:\/\/antaiji.org\/wp-content\/uploads\/2013\/06\/star_aux.png\" alt=\"star_aux\" width=\"40\" height=\"40\"><strong>Antaiji <\/strong>geh\u00f6rt zur japanischen S\u014dt\u014d-Zen-Schule. Die 24 Stunden des heutigen Tages sind unsere Praxis. Wir \u00fcben Zazen, bestellen die Felder und f\u00e4llen B\u00e4ume. Auf diese Weise versorgt sich die Klostergemeinschaft mit Nahrung und Holz f\u00fcr die K\u00fcche und den Ofen im Winter. Was bringt uns das? Die Antwort ist einfach: Nichts! Zenpraxis ist nichts weiter als ein Ausdruck nat\u00fcrlichen Lebens, ohne Ziel, nicht einmal Erleuchtung.<\/p>\n<div class=\"demo-sep sep-shadow\" style=\"margin-top:30px;margin-bottom:30px\"><\/div>\n<h4><a href=\"https:\/\/antaiji.org\/de\/category\/blog\/\">Nichts Neues im Osten? <\/div><\/div><div id=\"post-20163\"class=\"post-20163 post type-post status-publish format-standard hentry category-blog category-video\"><style type=\"text\/css\"><\/style><h2><a href=\"https:\/\/antaiji.org\/de\/20220908-2-2-3-2-2-3-2-2-2-4-3-3-2-2-2-2-2-2-2-2-3-3\/\">January<\/a><\/h2>\n\t\t\t<div class=\"post-content\">\n\t\t\t<p><iframe loading=\"lazy\" title=\"YouTube video player\" src=\"https:\/\/www.youtube.com\/embed\/rTzCPguUZ4c?si=-BNZdi3UhBq9VbX5\" width=\"560\" height=\"315\" frameborder=\"0\" allowfullscreen=\"allowfullscreen\"><\/iframe><\/p>\n<p><iframe loading=\"lazy\" title=\"YouTube video player\" src=\"https:\/\/www.youtube.com\/embed\/NH4EVhDhLvM?si=nop4Uv5GdJrok1jo\" width=\"560\" height=\"315\" frameborder=\"0\" allowfullscreen=\"allowfullscreen\"><\/iframe><\/p>\n<p><iframe loading=\"lazy\" title=\"YouTube video player\" src=\"https:\/\/www.youtube.com\/embed\/Ec-L8vpd7UM?si=iffFMnPUnCz-GpIx\" width=\"560\" height=\"315\" frameborder=\"0\" allowfullscreen=\"allowfullscreen\"><\/iframe><\/p>\n<\/div><div class=\"clearboth\"><\/div><\/div><div id=\"post-20161\"class=\"post-20161 post type-post status-publish format-standard hentry category-blog category-video\"><style type=\"text\/css\"><\/style><h2><a href=\"https:\/\/antaiji.org\/de\/20220908-2-2-3-2-2-3-2-2-2-4-3-3-2-2-2-2-2-2-2-2-3-2\/\">Dezember<\/a><\/h2>\n\t\t\t<div class=\"post-content\">\n\t\t\t<p><iframe loading=\"lazy\" title=\"YouTube video player\" src=\"https:\/\/www.youtube.com\/embed\/Qx7_orv62x4?si=zgX2_-xpBkGa8TEu\" width=\"560\" height=\"315\" frameborder=\"0\" allowfullscreen=\"allowfullscreen\"><\/iframe><\/p>\n<p><iframe loading=\"lazy\" title=\"YouTube video player\" src=\"https:\/\/www.youtube.com\/embed\/o0OsbX9V-DE?si=vJvqBwmps8UuBovK\" width=\"560\" height=\"315\" frameborder=\"0\" allowfullscreen=\"allowfullscreen\"><\/iframe><\/p>\n<\/div><div class=\"clearboth\"><\/div><\/div><div><div><\/a><\/h4>\n<style type='text\/css'>\n\t\t#content-boxes-1 article.col{background-color: !important;}\n\t\t#content-boxes-1 .fontawesome-icon.circle-yes{color: !important;background-color: !important;border:1px solid  !important;}\n\t\t<\/style><section class=\"clearfix columns content-boxes content-boxes-icon-with-title columns-4\" id=\"content-boxes-1\"> <article class=\"col\"><div class=\"col-content-container \"><style type='text\/css'>\n\t#imageframe-1.imageframe{float:;}\n\t#imageframe-1.imageframe img{border:6px solid #FFFFFF;}\n\t#imageframe-1.imageframe-glow img{\n\t\t-moz-box-shadow: 0 0 3px rgba(0,0,0,.3); \/* outer glow *\/\n\t\t-webkit-box-shadow: 0 0 3px rgba(0,0,0,.3); \/* outer glow *\/\n\t\tbox-shadow: 0 0 3px rgba(0,0,0,.3); \/* outer glow *\/\n\t}\n\t#imageframe-1.imageframe-dropshadow img{\n\t\t-moz-box-shadow: 2px 3px 7px rgba(0,0,0,.3); \/* drop shadow *\/\n\t\t-webkit-box-shadow: 2px 3px 7px rgba(0,0,0,.3); \/* drop shadow *\/\n\t\tbox-shadow: 2px 3px 7px rgba(0,0,0,.3); \/* drop shadow *\/\n\t}\n\t<\/style>\n\t<span id=\"imageframe-1\" class=\"imageframe imageframe-dropshadow\"><a title=\"History\" href=\"https:\/\/antaiji.org\/en\/history\/about\/\"><img loading=\"lazy\" decoding=\"async\" src=\"https:\/\/antaiji.org\/wp-content\/uploads\/2013\/06\/1569_banner-320x202.jpg\" alt=\"History\" width=\"300\" height=\"202\"><\/a><\/span>\n<h4><a href=\"https:\/\/antaiji.org\/de\/history\/about\/\"><strong>Wir \u00fcber uns<\/strong><\/a><\/h4>\n<p>Antaiji ist nicht f\u00fcr jeden &#8211; aber vielleicht genau f\u00fcr dich?<\/div><\/article> <article class=\"col\"><div class=\"col-content-container \"><style type='text\/css'>\n\t#imageframe-2.imageframe{float:;}\n\t#imageframe-2.imageframe img{border:6px solid #FFFFFF;}\n\t#imageframe-2.imageframe-glow img{\n\t\t-moz-box-shadow: 0 0 3px rgba(0,0,0,.3); \/* outer glow *\/\n\t\t-webkit-box-shadow: 0 0 3px rgba(0,0,0,.3); \/* outer glow *\/\n\t\tbox-shadow: 0 0 3px rgba(0,0,0,.3); \/* outer glow *\/\n\t}\n\t#imageframe-2.imageframe-dropshadow img{\n\t\t-moz-box-shadow: 2px 3px 7px rgba(0,0,0,.3); \/* drop shadow *\/\n\t\t-webkit-box-shadow: 2px 3px 7px rgba(0,0,0,.3); \/* drop shadow *\/\n\t\tbox-shadow: 2px 3px 7px rgba(0,0,0,.3); \/* drop shadow *\/\n\t}\n\t<\/style>\n\t<span id=\"imageframe-2\" class=\"imageframe imageframe-dropshadow\"><a href=\"https:\/\/antaiji.org\/de\/dharma\/\"><img loading=\"lazy\" decoding=\"async\" src=\"https:\/\/antaiji.org\/wp-content\/uploads\/2012\/07\/sawaki_zazen1.jpg\" alt=\"About Zazen\" width=\"299\" height=\"198\"><\/a><\/span>\n<h4><a title=\"Zazen\" href=\"https:\/\/antaiji.org\/de\/dharma\/\">\u00dcber Zazen<\/a><\/h4>\n<p>Warum es nichts bringt &#8211; wenn du es richtig machst.<\/div><\/article> <article class=\"col\"><div class=\"col-content-container \"><style type='text\/css'>\n\t#imageframe-3.imageframe{float:;}\n\t#imageframe-3.imageframe img{border:6px solid #FFFFFF;}\n\t#imageframe-3.imageframe-glow img{\n\t\t-moz-box-shadow: 0 0 3px rgba(0,0,0,.3); \/* outer glow *\/\n\t\t-webkit-box-shadow: 0 0 3px rgba(0,0,0,.3); \/* outer glow *\/\n\t\tbox-shadow: 0 0 3px rgba(0,0,0,.3); \/* outer glow *\/\n\t}\n\t#imageframe-3.imageframe-dropshadow img{\n\t\t-moz-box-shadow: 2px 3px 7px rgba(0,0,0,.3); \/* drop shadow *\/\n\t\t-webkit-box-shadow: 2px 3px 7px rgba(0,0,0,.3); \/* drop shadow *\/\n\t\tbox-shadow: 2px 3px 7px rgba(0,0,0,.3); \/* drop shadow *\/\n\t}\n\t<\/style>\n\t<span id=\"imageframe-3\" class=\"imageframe imageframe-dropshadow\"><a title=\"Support\" href=\"https:\/\/antaiji.org\/de\/history\/support\/\"><img loading=\"lazy\" decoding=\"async\" src=\"https:\/\/antaiji.org\/wp-content\/uploads\/2013\/06\/1833_banner-320x202.jpg\" alt=\"Abbot Muho\" width=\"299\" height=\"202\"><\/a><\/span>\n<h4><a href=\"https:\/\/antaiji.org\/de\/history\/support\/\"><strong>Hilf uns<\/strong><\/a><\/h4>\n<p>Antaiji braucht deine Hilfe. Wie kannst du uns unterst\u00fctzen?<\/div><\/article>\n<article class=\"col last\"><div class=\"col-content-container \"><style type='text\/css'>\n\t#imageframe-4.imageframe{float:;}\n\t#imageframe-4.imageframe img{border:6px solid #FFFFFF;}\n\t#imageframe-4.imageframe-glow img{\n\t\t-moz-box-shadow: 0 0 3px rgba(0,0,0,.3); \/* outer glow *\/\n\t\t-webkit-box-shadow: 0 0 3px rgba(0,0,0,.3); \/* outer glow *\/\n\t\tbox-shadow: 0 0 3px rgba(0,0,0,.3); \/* outer glow *\/\n\t}\n\t#imageframe-4.imageframe-dropshadow img{\n\t\t-moz-box-shadow: 2px 3px 7px rgba(0,0,0,.3); \/* drop shadow *\/\n\t\t-webkit-box-shadow: 2px 3px 7px rgba(0,0,0,.3); \/* drop shadow *\/\n\t\tbox-shadow: 2px 3px 7px rgba(0,0,0,.3); \/* drop shadow *\/\n\t}\n\t<\/style>\n\t<span id=\"imageframe-4\" class=\"imageframe imageframe-dropshadow\"><a href=\"https:\/\/antaiji.org\/de\/practice\/\"><img loading=\"lazy\" decoding=\"async\" src=\"https:\/\/antaiji.org\/wp-content\/uploads\/2013\/enfor.jpg\" alt=\"Staying at Antaiji\" width=\"300\" height=\"200\"><\/a><\/span>\n<h4><a href=\"https:\/\/antaiji.org\/de\/practice\/\"><strong>Retreats<\/strong><\/a><\/h4>\n<p>Lust auf eine Auszeit? Erlebe Zen am eigenen Leib.<\/div><\/article> <\/section>\n<div class=\"demo-sep sep-shadow\" style=\"margin-top:30px;margin-bottom:30px\"><\/div>\n","protected":false},"excerpt":{"rendered":"<p>Antaiji geh\u00f6rt zur japanischen S\u014dt\u014d-Zen-Schule. Die 24 Stunden des heutigen Tages sind unsere Praxis. Wir \u00fcben Zazen, bestellen die Felder und f\u00e4llen B\u00e4ume. Auf diese Weise versorgt sich die Klostergemeinschaft mit Nahrung und Holz f\u00fcr die K\u00fcche und den Ofen im Winter. Was bringt uns das? Die Antwort ist einfach: Nichts! Zenpraxis ist nichts weiter als ein Ausdruck nat\u00fcrlichen Lebens, ohne Ziel, nicht einmal Erleuchtung. Nichts Neues im Osten?<\/p>\n","protected":false},"author":1,"featured_media":0,"parent":0,"menu_order":52,"comment_status":"closed","ping_status":"closed","template":"full-width.php","meta":{"ngg_post_thumbnail":0,"footnotes":""},"class_list":["post-33","page","type-page","status-publish","hentry"],"_links":{"self":[{"href":"https:\/\/antaiji.org\/de\/wp-json\/wp\/v2\/pages\/33","targetHints":{"allow":["GET"]}}],"collection":[{"href":"https:\/\/antaiji.org\/de\/wp-json\/wp\/v2\/pages"}],"about":[{"href":"https:\/\/antaiji.org\/de\/wp-json\/wp\/v2\/types\/page"}],"author":[{"embeddable":true,"href":"https:\/\/antaiji.org\/de\/wp-json\/wp\/v2\/users\/1"}],"replies":[{"embeddable":true,"href":"https:\/\/antaiji.org\/de\/wp-json\/wp\/v2\/comments?post=33"}],"version-history":[{"count":451,"href":"https:\/\/antaiji.org\/de\/wp-json\/wp\/v2\/pages\/33\/revisions"}],"predecessor-version":[{"id":19770,"href":"https:\/\/antaiji.org\/de\/wp-json\/wp\/v2\/pages\/33\/revisions\/19770"}],"wp:attachment":[{"href":"https:\/\/antaiji.org\/de\/wp-json\/wp\/v2\/media?parent=33"}],"curies":[{"name":"wp","href":"https:\/\/api.w.org\/{rel}","templated":true}]}}