{"id":4217,"date":"2013-05-11T05:05:41","date_gmt":"2013-05-11T05:05:41","guid":{"rendered":"http:\/\/antaiji.org\/?page_id=4217"},"modified":"2020-04-26T10:32:17","modified_gmt":"2020-04-26T10:32:17","slug":"history","status":"publish","type":"page","link":"https:\/\/antaiji.org\/de\/history\/","title":{"rendered":"Geschichte"},"content":{"rendered":"<div class=\"one_half\">\n<p><div id=\"metaslider-id-10285\" style=\"width: 100%;\" class=\"ml-slider-3-106-0 metaslider metaslider-nivo metaslider-10285 ml-slider ms-theme-default\" role=\"region\" aria-label=\"Lineage\" data-height=\"600\" data-width=\"500\">\n    <div id=\"metaslider_container_10285\">\n        <div class='slider-wrapper theme-default'><div class='ribbon'><\/div><div id='metaslider_10285' class='nivoSlider'><img loading=\"lazy\" decoding=\"async\" src=\"https:\/\/antaiji.org\/wp-content\/uploads\/2013\/01\/oka-500x600.jpg\" height=\"600\" width=\"500\" data-caption=\"Oka S\u014dtan (rechts) und Sawaki K\u014dd\u014d\" alt=\"\" class=\"slider-10285 slide-4173 msDefaultImage\" \/><img loading=\"lazy\" decoding=\"async\" src=\"https:\/\/antaiji.org\/wp-content\/uploads\/2012\/07\/sawaki_uchiyama2-500x600.jpg\" height=\"600\" width=\"500\" data-caption=\"Sawaki K\u014dd\u014d (links) und Uchiyama K\u014dsh\u014d, Antaiji 1963\" alt=\"\" class=\"slider-10285 slide-4124 msDefaultImage\" \/><img loading=\"lazy\" decoding=\"async\" src=\"https:\/\/antaiji.org\/wp-content\/uploads\/2013\/01\/miyaura_muho-500x600.jpg\" height=\"600\" width=\"500\" data-caption=\"Miyaura Shiny\u016b (links) und Muh\u014d N&ouml;lke, 1995\" alt=\"\" class=\"slider-10285 slide-4172 msDefaultImage\" \/><img loading=\"lazy\" decoding=\"async\" src=\"https:\/\/antaiji.org\/wp-content\/uploads\/2013\/06\/uchiyama_watanabe-500x600.jpg\" height=\"600\" width=\"500\" data-caption=\"Uchiyama K\u014dsh\u014d (rechts) und Watanabe K\u014dh\u014d, Antaiji 1970\" alt=\"\" class=\"slider-10285 slide-6514 msDefaultImage\" \/><img loading=\"lazy\" decoding=\"async\" src=\"https:\/\/antaiji.org\/wp-content\/uploads\/2013\/06\/watanabe_miyaura-500x600.jpg\" height=\"600\" width=\"500\" data-caption=\"Watanabe K\u014dh\u014d (links) und Miyaura Shiny\u016b, beim Bau der Stra&szlig;e zum neuen Antaiji\" alt=\"\" class=\"slider-10285 slide-6515 msDefaultImage\" \/><\/div><\/div>\n        \n    <\/div>\n<\/div><\/p>\n<\/div>\n<div class=\"one_half last\">\n<div class=\"demo-sep sep-none\" style=\"margin-top:20px;\"><\/div>\n<h3>Geschichte Antaijis<\/h3>\n<p>Antaiji geh\u00f6rt der Soto-Zen-Schule an. Der Tempel wurde 1921 von Oka S\u014dtan im Norden Ky\u014dtos gegr\u00fcndet. Anfangs diente Antaiji Gelehrten und M\u00f6nchen als Ort f\u00fcr das Studium des Sh\u014db\u014dgenz\u014d von D\u014dgen Zenji. Viele der M\u00f6nche aus dieser Zeit lehrten sp\u00e4ter als Professoren an der Komazawa-Universit\u00e4t in T\u014dky\u014d.<\/p>\n<p>W\u00e4hrend des Zweiten Weltkrieges wurde Antaiji jedoch v\u00f6llig verlassen, bis 1949 <a href=\"https:\/\/antaiji.org\/de\/services\/\">Sawaki K\u014dd\u014d und Uchiyama K\u014dsh\u014d<\/a>, Lehrer und Sch\u00fcler auf dem Buddhaweg, Antaiji \u00fcbernahmen und zu einem Ort f\u00fcr die reine und ausschlie\u00dfliche \u00dcbung des Zazen machten. Sawaki R\u014dshi lehrte zu dieser Zeit an der Komazawa-Universit\u00e4t, bereiste jedoch auch ganz Japan, um Sesshins zu leiten. Erst 1962, drei Jahre vor seinem Tod, zog er sich ganz nach Antaiji zur\u00fcck.<\/p>\n<p>W\u00e4hrend der sp\u00e4ten 60er Jahre, nach Sawakis Tod, verbreitete sich der Name dieses kleinen Tempels langsam um die ganze Welt, und viele Menschen kamen auch aus dem Ausland, um in Antaiji Zazen zu \u00fcben.<\/p>\n<p>Doch der Anstieg der Besucherzahlen und die vielen neuen Wohnh\u00e4user, die in der urspr\u00fcnglich ruhigen Gegend um Antaiji herum gebaut wurden, f\u00fchrten zu so viel L\u00e4rm, dass sich Uchiyamas Nachfolger Watanabe K\u014dh\u014d daf\u00fcr entschied, den Tempel an seinen gegenw\u00e4rtigen Ort am japanischen Meer umziehen zu lassen. Neben der Stille der Berge suchte er die R\u00fcckkehr zu dem alten chinesischen Zen-Ideal der Selbstversorgung, da das vom Betteln finanzierte Leben in der Gro\u00dfstadt allzu leicht f\u00fcr die M\u00f6nche geworden war.<\/p>\n<p>Antaiji verf\u00fcgt gegenw\u00e4rtig \u00fcber 50 Hektar Land, 15 Kilometer von einem Nationalpark am japanischen Meer entfernt. Der vorherige Abt, Miyaura Shiny\u016b, bewahrte das stille Zazen-Leben hier, w\u00e4hrend er das Ideal des Selbstversorgertums in die Praxis umsetzte. Nach seinem pl\u00f6tzlichen Tod bei einem Unfall mit dem Bulldozer beim Schneer\u00e4umen im Februar 2002 folgte ihm sein deutscher Sch\u00fcler <a href=\"https:\/\/antaiji.org\/ja\/muho\/\">Muh\u014d<\/a> als neunter Abt von Antaiji. Seit 2020 wird Antaiji von der japanischen Nonne Ek\u014d geleitet.<\/p>\n<p>Ek\u014d versucht, eine neue Sangha mit motivierten Mitgliedern zu gr\u00fcnden. Sie wartet darauf, dass du Teil der Geschichte eines neuen Antaiji wirst.<\/p>\n<div align=\"center\">\n<p style=\"text-align: left;\">\u00c4bte von Antaiji:<\/p>\n<ul>\n<li style=\"text-align: left;\">Gr\u00fcnder: Oka S\u014dtan<\/li>\n<li style=\"text-align: left;\">Zweiter Abt: Odagaki Zuirin<\/li>\n<li style=\"text-align: left;\">Dritter Abt: Kishizawa Ian<\/li>\n<li style=\"text-align: left;\">Vierter Abt: Et\u014d Soku\u014d<\/li>\n<li style=\"text-align: left;\">F\u00fcnfter Abt: Sawaki K\u014dd\u014d<\/li>\n<li style=\"text-align: left;\">Sechster Abt: Uchiyama K\u014dsh\u014d<\/li>\n<li style=\"text-align: left;\">Siebter Abt: Watanabe K\u014dh\u014d<\/li>\n<li style=\"text-align: left;\">Achter Abt: Miyaura Shiny\u016b<\/li>\n<li style=\"text-align: left;\">Neunter Abt: Muh\u014d N\u00f6lke<\/li>\n<li style=\"text-align: left;\">Zehnte &Auml;btin: Nakamura Ek\u014d<\/li>\n<\/ul>\n<\/div>\n<\/div><div class=\"clearboth\"><\/div>\n","protected":false},"excerpt":{"rendered":"","protected":false},"author":1,"featured_media":0,"parent":0,"menu_order":20,"comment_status":"closed","ping_status":"closed","template":"side-navigation.php","meta":{"ngg_post_thumbnail":0,"footnotes":""},"class_list":["post-4217","page","type-page","status-publish","hentry"],"_links":{"self":[{"href":"https:\/\/antaiji.org\/de\/wp-json\/wp\/v2\/pages\/4217","targetHints":{"allow":["GET"]}}],"collection":[{"href":"https:\/\/antaiji.org\/de\/wp-json\/wp\/v2\/pages"}],"about":[{"href":"https:\/\/antaiji.org\/de\/wp-json\/wp\/v2\/types\/page"}],"author":[{"embeddable":true,"href":"https:\/\/antaiji.org\/de\/wp-json\/wp\/v2\/users\/1"}],"replies":[{"embeddable":true,"href":"https:\/\/antaiji.org\/de\/wp-json\/wp\/v2\/comments?post=4217"}],"version-history":[{"count":42,"href":"https:\/\/antaiji.org\/de\/wp-json\/wp\/v2\/pages\/4217\/revisions"}],"predecessor-version":[{"id":18316,"href":"https:\/\/antaiji.org\/de\/wp-json\/wp\/v2\/pages\/4217\/revisions\/18316"}],"wp:attachment":[{"href":"https:\/\/antaiji.org\/de\/wp-json\/wp\/v2\/media?parent=4217"}],"curies":[{"name":"wp","href":"https:\/\/api.w.org\/{rel}","templated":true}]}}