{"id":4276,"date":"2013-05-14T11:11:40","date_gmt":"2013-05-14T11:11:40","guid":{"rendered":"http:\/\/antaiji.org\/?page_id=4276"},"modified":"2023-07-14T10:55:14","modified_gmt":"2023-07-14T10:55:14","slug":"120_questions","status":"publish","type":"page","link":"https:\/\/antaiji.org\/de\/classics\/120_questions\/","title":{"rendered":"120 Fragen"},"content":{"rendered":"<h3>120 Fragen<\/h3>\n<p style=\"text-align: center;\"><img decoding=\"async\" class=\"aligncenter wp-image-4771\" src=\"https:\/\/antaiji.org\/wp-content\/uploads\/2013\/06\/slider_\u00a9Huebner_2992-669x272.jpg\" alt=\"Muho\"><\/p>\n<p>aus dem Zen-en Shingi, einer chinesischen Sammlung von Klosterregeln vom Anfang des zw\u00f6lften Jahrhunderts<\/p>\n<p>1. Hast du Respekt vor Buddha, Dharma und Sangha, oder nicht?<\/p>\n<p>2. Suchst du nach einem Meister, oder nicht?<\/p>\n<p>3. Hast du Bodhi-Geist erweckt, oder nicht?<\/p>\n<p>4. Gibst du dich hin im Vertrauen auf Buddha, oder nicht?<\/p>\n<p>5. Hast du mit den Sentimentalit\u00e4ten alter Zeiten Schluss gemacht, oder nicht?<\/p>\n<p>6. Bist du fest verankert, ohne ein Wanken, oder nicht?<\/p>\n<p>7. Bist du so abgrundtief wie eine Felsschlucht, oder nicht?<\/p>\n<p>8. Bist du dir im Klaren \u00fcber die Gebote, oder nicht?<\/p>\n<p>9. Sind dein K\u00f6rper und Geist zur Ruhe gekommen, oder nicht?<\/p>\n<p>10. Liebst du es, stets Zazen zu \u00fcben, oder nicht?<\/p>\n<p>11. Bist du so klar wie der Himmel, oder nicht?<\/p>\n<p>12. W\u00e4hrt dein Wille zehntausend Jahre, oder nicht?<\/p>\n<p>13. Ruhst du unbewegt von der Umgebung, oder nicht?<\/p>\n<p>14. Manifestierst du die Weisheit, oder nicht?<\/p>\n<p>15. Dr\u00fcckst du aus, was Worte nicht auszudr\u00fccken verm\u00f6gen, oder nicht?<\/p>\n<p>16. Hat dein rastloses Herz endlich Frieden gefunden, oder nicht?<\/p>\n<p>17. Siehst du deinen Geist, wenn du die Dinge um dich herum betrachtest, oder nicht?<\/p>\n<p>18. Erkennst du dein eigenes Wesen, wenn du Ger\u00e4usche um dich herum h\u00f6rst, oder nicht?<\/p>\n<p>19. Sitzt du so wie Bodhidharma, so wie eine Wand, oder nicht?<\/p>\n<p>20. Verbirgst du deinen K\u00f6rper so wie ein Drache seine Krallen verbirgt, oder nicht?<\/p>\n<p>21. Hast du tausend H\u00e4nde und Augen, oder nicht?<\/p>\n<p>22. Siehst du den alten Buddha im nackten Pfeiler, oder nicht?<\/p>\n<p>23. Ist es leicht f\u00fcr dich, den Weg zu erreichen, oder nicht?<\/p>\n<p>24. Gibst du dich hin wie die Erde, die einen Berg st\u00fctzt, oder nicht?<\/p>\n<p>25. Triffst du auf Bodhidharma wenn du in die Irre gehst, oder nicht?<\/p>\n<p>26. Wei\u00df der Mensch in der Klause nichts von dem, was au\u00dferhalb passiert, oder doch?<\/p>\n<p>27. L\u00e4sst du es im Norden regnen, wenn sich die Wolken im S\u00fcden auft\u00fcrmen, oder nicht?<\/p>\n<p>28. St\u00fcrmst du vorw\u00e4rts wie ein L\u00f6we, oder nicht?<\/p>\n<p>29. Offenbaren sich G\u00fcte und Mitleid, oder nicht?<\/p>\n<p>30. Bewahrst du die Lehre w\u00e4hrend du deinen Leib vergisst, oder nicht?<\/p>\n<p>31. Beleuchtest du deinen Geist mit der alten Lehre, oder nicht?<\/p>\n<p>32. \u00d6ffnest du den G\u00f6ttern die Augen mit drei Sichtweisen, oder nicht?<\/p>\n<p>33. Ist Samadhi wie ein Spiel f\u00fcr dich, oder nicht?<\/p>\n<p>34. \u00d6ffnet sich das universelle Tor, oder nicht?<\/p>\n<p>35. Hast du die sechs Merkmale durchdrungen, oder nicht?<\/p>\n<p>36. Bist du den zehn Geheimnissen auf den Grund gegangen, oder nicht?<\/p>\n<p>37. Praktizierst du die sechs Facetten der einen, runden Ur-Sache, oder nicht?<\/p>\n<p>38. Gehst du auf im Meer der zehn Buddha-K\u00f6rper, oder nicht?<\/p>\n<p>39. Beginnst du die Reise im Vertrauen auf Manjushri, oder nicht?<\/p>\n<p>40. Begegnest du am Ende dem Samantabhadra, oder nicht?<\/p>\n<p>41. Ist auch die kleinste deiner Handlungen von Samadhi geleitet, oder nicht?<\/p>\n<p>42. Pr\u00fcfst du deine Worte genau, oder nicht?<\/p>\n<p>43. Stimmt das, was du sagst, mit dem, was du denkst, \u00fcberein, oder nicht?<\/p>\n<p>44. Enth\u00e4ltst du dich dem Eigenlob und dem Tadeln der anderen, oder nicht?<\/p>\n<p>45. Gibst du nach, um anderen den Vortritt zu lassen, oder nicht?<\/p>\n<p>46. Bist du dir \u00fcber die Verdienste der anderen im Klaren, oder nicht?<\/p>\n<p>47. Schweigst du \u00fcber die S\u00fcnden der anderen, oder nicht?<\/p>\n<p>48. \u00c4rgerst du dich nicht \u00fcber unbequeme Fragen, oder doch?<\/p>\n<p>49. H\u00e4ltst du dich fern von Geplauder und Gel\u00e4chter, oder nicht?<\/p>\n<p>50. \u00dcbst du dich stets gerne im Schweigen, oder nicht?<\/p>\n<p>51. W\u00fcrdest du auch im Stockdunkeln nicht betr\u00fcgen, oder doch?<\/p>\n<p>52. Ruhst du in der Masse wie ein Berg, oder nicht?<\/p>\n<p>53. \u00dcbst du dich stets in Bescheidenheit, oder nicht?<\/p>\n<p>54. Passt du dich an die anderen an, ohne zu k\u00e4mpfen, oder nicht?<\/p>\n<p>55. Findest du den Mittelweg, wenn eine Entscheidung getroffen werden muss, oder nicht?<\/p>\n<p>56. Freust du dich \u00fcber gute Worte, oder nicht?<\/p>\n<p>57. \u00c4rgerst du dich nicht \u00fcber wahre Worte, oder doch?<\/p>\n<p>58. Akzeptierst du gerne dein Leiden, oder nicht?<\/p>\n<p>59. Nimmst du gerne die b\u00f6sen Worte der anderen hin, oder nicht?<\/p>\n<p>60. Strahlt dein Geist stets Freude aus, oder nicht?<\/p>\n<p>61. Mischt du dich nicht in die Angelegenheiten anderer ein, oder doch?<\/p>\n<p>62. L\u00e4sst du in deiner \u00dcbung nicht nach, oder doch?<\/p>\n<p>63. Nimmst du nicht von dem, was allen geh\u00f6rt, oder doch?<\/p>\n<p>64. Verwendest du Dinge nicht zu du deinen eigenen Zwecken, oder doch?<\/p>\n<p>65. H\u00e4ufst du keine Ersparnisse auf, oder doch?<\/p>\n<p>66. Sammelst du keine Sch\u00e4tze, oder doch?<\/p>\n<p>67. L\u00e4ufst du den Leuten nicht wegen ihres Geldes nach, oder doch?<\/p>\n<p>68. Verstehst du, dass du genug Kleidung zu tragen haben wirst, auch ohne zu spinnen, oder nicht?<\/p>\n<p>69. Verstehst du, dass du genug zu essen haben wirst, auch ohne zu pfl\u00fcgen, oder nicht?<\/p>\n<p>70. Verstehst du, dass du Frieden haben wirst, wenn du aufh\u00f6rst zu k\u00e4mpfen, oder nicht?<\/p>\n<p>71. Verstehst du wirklich, dass du stets genug bekommst, oder nicht?<\/p>\n<p>72. H\u00e4ltst du Ma\u00df beim Essen und Trinken, oder nicht?<\/p>\n<p>73. Wirst du nie m\u00fcde, dich aufzuopfern, oder doch?<\/p>\n<p>74. Forderst du nicht, dass andere sich f\u00fcr dich aufopfern, oder doch?<\/p>\n<p>75. Hast du keine Extra-Roben und Extra-Schalen, oder doch?<\/p>\n<p>76. Lehrst du den Dharma ohne ein Verdienst zu erhoffen, oder nicht?<\/p>\n<p>77. Willst du nicht von den anderen respektiert und geliebt sein, oder doch?<\/p>\n<p>78. W\u00fcnscht du nicht, viele Sch\u00fcler zu haben, oder doch?<\/p>\n<p>79. W\u00fcnscht du dir nicht, ber\u00fchmt zu werden, oder doch?<\/p>\n<p>80. H\u00e4ltst du dich fern von den M\u00e4chtigen, oder nicht?<\/p>\n<p>81. Wirfst du dich nicht in Pose, oder doch?<\/p>\n<p>82. Beteiligst du dich nicht an Staatsangelegenheiten, oder doch?<\/p>\n<p>83. Respektierst und f\u00fcrchtest du das Staatsoberhaupt, oder nicht?<\/p>\n<p>84. Besch\u00e4ftigst du dich nicht mit Wahrsagerei, oder doch?<\/p>\n<p>85. Verkehrst du nicht mit den Frauen, oder doch?<\/p>\n<p>86. Beneidest du nicht die, die besser und kl\u00fcger sind als du, oder doch?<\/p>\n<p>87. Bist du nicht eifers\u00fcchtig, wenn du den Erfolg der anderen siehst, oder doch?<\/p>\n<p>88. Nimmst du es nicht leicht mit der Armut, oder doch?<\/p>\n<p>89. Besch\u00fctzt du die Wurzel des Bewusstseins der anderen Menschen?<\/p>\n<p>90. F\u00fcgst du den f\u00fchlenden Wesen keinen Schaden zu, oder doch?<\/p>\n<p>91. Ist deine \u00dcbung stets die Befreiung aller Lebewesen, oder nicht?<\/p>\n<p>92. Denkst du stets daran, alle Lebewesen zu besch\u00fctzen, oder nicht?<\/p>\n<p>93. Hast du Respekt f\u00fcr das Alter und Liebe f\u00fcr die Jugend, oder nicht?<\/p>\n<p>94. Pflegst du die Kranken, oder nicht?<\/p>\n<p>95. Bist du mit denen, die in den Gef\u00e4ngnissen sitzen, oder nicht?<\/p>\n<p>96. Gibst du den Hungrigen Nahrung und den Frierenden Kleidung, oder nicht?<\/p>\n<p>97. Trauerst du \u00fcber den Krieg in der Ferne, oder nicht?<\/p>\n<p>98. Machst du keinen Unterschied zwischen den Guten und den Schlechten, oder doch?<\/p>\n<p>99. Zeigst du Dankbarkeit gegen\u00fcber der Regierung, oder nicht?<\/p>\n<p>100. Erwiderst du die Liebe und Sorge, mit der dich Vater und Mutter erzogen haben, oder nicht?<\/p>\n<p>101. Bist du dankbar f\u00fcr den Unterricht, den dir deine Lehrer gegeben haben, oder nicht?<\/p>\n<p>102. Wei\u00dft du die Opfergaben der Gemeinde zu sch\u00e4tzen, oder nicht?<\/p>\n<p>103. Denkst du daran, wieviel du der Hilfe deiner Freunde verdankst, oder nicht?<\/p>\n<p>104. Ist dir bewusst, wieviele Menschen f\u00fcr dich arbeiten, oder nicht?<\/p>\n<p>105. Bist du dankbar f\u00fcr die g\u00f6ttliche Hilfe, die dich sch\u00fctzt, oder nicht?<\/p>\n<p>106. Ist dir klar, wieviel du dem Schutz durch Polizei und Milit\u00e4r verdankst, oder nicht?<\/p>\n<p>107. Teilst du den \u00dcberdruss mit denen im Himmel, oder nicht?<\/p>\n<p>108. Leidest du die acht Leiden mit den Menschen, oder nicht?<\/p>\n<p>109. Wirst du verwundet im Kampf der Asura-D\u00e4monen, oder nicht?<\/p>\n<p>110. Hungerst du mit den Hungergeistern, oder nicht?<\/p>\n<p>111. Trauerst du \u00fcber das Unwissen der Tiere, oder nicht?<\/p>\n<p>112. F\u00fchlst du den Schmerz der H\u00f6lle, oder nicht?<\/p>\n<p>113. Gehst du gleichm\u00fctig \u00fcber Liebe und Hass hinaus, oder nicht?<\/p>\n<p>114. Respektierst du alle Dinge, so als w\u00e4ren sie Buddha, oder nicht?<\/p>\n<p>115. Liebst du alle Dinge, so als w\u00e4ren sie dein Vater und deine Mutter, oder nicht?<\/p>\n<p>116. Besteht dein Leben aus dem Wunsch, alle Lebewesen zu retten, oder nicht?<\/p>\n<p>117. \u00dcberpr\u00fcfst du deine \u00dcbung w\u00e4hrend der 24 Stunden jedes Tages, oder nicht?<\/p>\n<p>118. Hast du die eine Sache deines Lebens gekl\u00e4rt, oder nicht?<\/p>\n<p>119. Hast du die gro\u00dfe Befreiung gefunden, oder nicht?<\/p>\n<p>120. Hast du gro\u00dfes Nirvana bezeugt, oder nicht?<\/p>\n","protected":false},"excerpt":{"rendered":"<p>120 Fragen aus dem Zen-en Shingi, einer chinesischen Sammlung von Klosterregeln vom Anfang des zw\u00f6lften Jahrhunderts 1. Hast du Respekt vor Buddha, Dharma und Sangha, oder nicht? 2. Suchst du nach einem Meister, oder nicht? 3. Hast du Bodhi-Geist erweckt, oder nicht? 4. Gibst du dich hin im Vertrauen auf Buddha, oder nicht? 5. Hast du mit den Sentimentalit\u00e4ten alter Zeiten Schluss gemacht, oder nicht? 6. Bist du fest verankert, ohne ein Wanken, oder nicht? 7. Bist du so abgrundtief wie eine Felsschlucht, oder nicht? 8. Bist du dir im Klaren \u00fcber die Gebote, oder nicht? 9. Sind dein K\u00f6rper und Geist zur Ruhe gekommen, oder nicht? 10. Liebst du es, stets Zazen zu \u00fcben, oder nicht? 11. Bist du so klar wie der Himmel, oder nicht? 12. W\u00e4hrt dein Wille zehntausend Jahre, oder nicht? 13. Ruhst du unbewegt von der Umgebung, oder nicht? 14. Manifestierst du die Weisheit, oder nicht? 15. Dr\u00fcckst du aus, was Worte nicht auszudr\u00fccken verm\u00f6gen, oder nicht? 16. Hat dein rastloses Herz endlich Frieden gefunden, oder nicht? 17. Siehst du deinen Geist, wenn du die Dinge um dich herum betrachtest, oder nicht? 18. Erkennst du dein eigenes Wesen, wenn du Ger\u00e4usche um dich herum h\u00f6rst, oder nicht? 19. Sitzt du so wie Bodhidharma, so wie eine Wand, oder nicht? 20. Verbirgst du deinen K\u00f6rper so wie ein Drache seine Krallen verbirgt, oder nicht? 21. Hast du tausend H\u00e4nde und Augen, oder nicht? 22. Siehst du den alten Buddha im nackten Pfeiler, oder nicht? 23. Ist es leicht f\u00fcr dich, den Weg zu erreichen, oder nicht? 24. Gibst du dich hin wie die Erde, die einen Berg st\u00fctzt, oder nicht? 25. Triffst du auf Bodhidharma wenn du in die Irre gehst, [&hellip;]<\/p>\n","protected":false},"author":1,"featured_media":0,"parent":4278,"menu_order":30,"comment_status":"closed","ping_status":"closed","template":"side-navigation.php","meta":{"ngg_post_thumbnail":0,"footnotes":""},"class_list":["post-4276","page","type-page","status-publish","hentry"],"_links":{"self":[{"href":"https:\/\/antaiji.org\/de\/wp-json\/wp\/v2\/pages\/4276","targetHints":{"allow":["GET"]}}],"collection":[{"href":"https:\/\/antaiji.org\/de\/wp-json\/wp\/v2\/pages"}],"about":[{"href":"https:\/\/antaiji.org\/de\/wp-json\/wp\/v2\/types\/page"}],"author":[{"embeddable":true,"href":"https:\/\/antaiji.org\/de\/wp-json\/wp\/v2\/users\/1"}],"replies":[{"embeddable":true,"href":"https:\/\/antaiji.org\/de\/wp-json\/wp\/v2\/comments?post=4276"}],"version-history":[{"count":24,"href":"https:\/\/antaiji.org\/de\/wp-json\/wp\/v2\/pages\/4276\/revisions"}],"predecessor-version":[{"id":19612,"href":"https:\/\/antaiji.org\/de\/wp-json\/wp\/v2\/pages\/4276\/revisions\/19612"}],"up":[{"embeddable":true,"href":"https:\/\/antaiji.org\/de\/wp-json\/wp\/v2\/pages\/4278"}],"wp:attachment":[{"href":"https:\/\/antaiji.org\/de\/wp-json\/wp\/v2\/media?parent=4276"}],"curies":[{"name":"wp","href":"https:\/\/api.w.org\/{rel}","templated":true}]}}