{"id":4278,"date":"2013-05-16T05:52:51","date_gmt":"2013-05-16T05:52:51","guid":{"rendered":"http:\/\/antaiji.org\/?page_id=4278"},"modified":"2016-02-14T01:56:21","modified_gmt":"2016-02-14T01:56:21","slug":"classics","status":"publish","type":"page","link":"https:\/\/antaiji.org\/de\/classics\/","title":{"rendered":"Klassiker"},"content":{"rendered":"<h3>Klassiker<\/h3>\n<p style=\"text-align: center;\"><img decoding=\"async\" class=\"aligncenter  wp-image-4771\" alt=\"Muho\" src=\"https:\/\/antaiji.org\/wp-content\/uploads\/2013\/10\/slider_\u00a9Huebner_2013aug_1630c1-669x272.jpg\" \/><\/p>\n<p>Hier gibt es einige alte Texte von Dogen und anderen Meistern in deutscher &Uuml;bersetzung zu lesen.<br \/>\nKlicke Dich bitte durch das Men&uuml; auf der linken Seite. Wer Lust auf mehr hat, wird auch im Archiv f&uuml;ndig werden:<br \/>\n<a href=\"https:\/\/antaiji.org\/archives\/deu\/shobogenzo.shtml\">Zw&ouml;lf ausgew\u00e4hlte Kapitel aus dem Sh\u00f4b\u00f4genz\u00f4<\/a> und <a href=\"https:\/\/antaiji.org\/archives\/deu\/gak0.shtml\">Sammlung von Punkten, auf die bei der \u00dcbung des Weges zu achten ist<\/a><\/p>\n","protected":false},"excerpt":{"rendered":"<p>Klassiker Hier gibt es einige alte Texte von Dogen und anderen Meistern in deutscher &Uuml;bersetzung zu lesen. Klicke Dich bitte durch das Men&uuml; auf der linken Seite. Wer Lust auf mehr hat, wird auch im Archiv f&uuml;ndig werden: Zw&ouml;lf ausgew\u00e4hlte Kapitel aus dem Sh\u00f4b\u00f4genz\u00f4 und Sammlung von Punkten, auf die bei der \u00dcbung des Weges zu achten ist<\/p>\n","protected":false},"author":1,"featured_media":0,"parent":0,"menu_order":52,"comment_status":"closed","ping_status":"closed","template":"side-navigation.php","meta":{"ngg_post_thumbnail":0,"footnotes":""},"class_list":["post-4278","page","type-page","status-publish","hentry"],"_links":{"self":[{"href":"https:\/\/antaiji.org\/de\/wp-json\/wp\/v2\/pages\/4278","targetHints":{"allow":["GET"]}}],"collection":[{"href":"https:\/\/antaiji.org\/de\/wp-json\/wp\/v2\/pages"}],"about":[{"href":"https:\/\/antaiji.org\/de\/wp-json\/wp\/v2\/types\/page"}],"author":[{"embeddable":true,"href":"https:\/\/antaiji.org\/de\/wp-json\/wp\/v2\/users\/1"}],"replies":[{"embeddable":true,"href":"https:\/\/antaiji.org\/de\/wp-json\/wp\/v2\/comments?post=4278"}],"version-history":[{"count":13,"href":"https:\/\/antaiji.org\/de\/wp-json\/wp\/v2\/pages\/4278\/revisions"}],"predecessor-version":[{"id":13862,"href":"https:\/\/antaiji.org\/de\/wp-json\/wp\/v2\/pages\/4278\/revisions\/13862"}],"wp:attachment":[{"href":"https:\/\/antaiji.org\/de\/wp-json\/wp\/v2\/media?parent=4278"}],"curies":[{"name":"wp","href":"https:\/\/api.w.org\/{rel}","templated":true}]}}