{"id":4702,"date":"2013-05-21T03:39:27","date_gmt":"2013-05-21T03:39:27","guid":{"rendered":"http:\/\/antaiji.org\/?page_id=4702"},"modified":"2020-06-03T12:00:51","modified_gmt":"2020-06-03T12:00:51","slug":"1-3","status":"publish","type":"page","link":"https:\/\/antaiji.org\/de\/essays\/1-3\/","title":{"rendered":"1-3 Optimismus und Pessimismus"},"content":{"rendered":"<p><!--\n\n<h3>Optimismus und Pessimismus<\/h3>\n\n\n\n<b>[separator top=\"40\"][dropcap]1-3[\/dropcap]<\/b>\n\nPenetre: Wei\u00dft du, was einen echten Optimisten ausmacht?\nIch: Du meinst einen, der daran glaubt, dass am Ende immer alles gut geht?\nPenetre: Nein. Ein echter Optimist ist ein Mensch, der \u00fcber eine radikal positive Lebenseinstellung verf\u00fcgt. Wem diese Einstellung fehlt, der steht dem Leben grunds\u00e4tzlich pessimistisch gegen\u00fcber. Ich meine keinen Optimismus oder Pessimismus im oberfl\u00e4chlichen Sinn, so wie wenn sich zwei dar\u00fcber uneinig sind, ob etwas gut oder schlecht ausgeht. Optimismus und Pessimismus betreffen die Wurzel des Daseins. Ein echter Optimist ist von Natur aus vergn\u00fcgt. Egal ob er gerade Hausaufgaben macht, seinem Beruf nachgeht oder auf ein Ziel hinarbeitet, die T\u00e4tigkeit selbst erf\u00fcllt ihn innerlich dabei.\nIch: Selbst dann, wenn er dabei alleine ist?\nPenetre: Ja, ein echter Optimist zu sein bedeutet, stets Erf\u00fcllung in sich selbst zu finden. Selbst wenn dein Leben sinnlos ist und dich keiner daf\u00fcr lobt, was du tust - <b>wenn du Vergn\u00fcgen am Dasein selbst hast, ist das Optimismus<\/b>. Von so einem sagt man, dass er wahre Klasse hat. Das Gegenteil ist der Fall, wenn du stets nach dem Sinn deines Tuns fragst oder auf die Best\u00e4tigung der anderen wartest. Unausgef\u00fcllt zu sein bedeutet, keine wahre Klasse zu haben.\nIch: Meinst du damit den Unterschied zwischen einem guten und schlechten Menschen?\nPenetre: Ganz verkehrt. Gute und schlechte Menschen unterscheiden sich kaum. Wichtiger ist der Unterschied zwischen einem anst\u00e4ndigen Menschen und einem, dem nicht zu helfen ist (<a href=\"https:\/\/antaiji.org\/de\/essays\/2-9\/\">siehe 2-9<\/a>). Das ist eine Frage der <b>Erziehung<\/b>. Aber noch wichtiger ist der Unterschied, ob einer von Grund auf ein Optimist oder Pessimist ist. <b>So wird man geboren<\/b>.\nIch: Was meinst du damit?\nPenetre: Die Familienverh\u00e4ltnisse oder die Gene spielen dabei keine Rolle. Der Zufall bestimmt, ob du als Optimist zur Welt kommst oder nicht.\nIch: Bedeutet das, dass einem, der als Pessimist zur Welt kommt, nicht mehr zu helfen ist?\nPenetre: Nicht, wenn du mir gut zuh\u00f6rst!\n\n--><\/p>\n","protected":false},"excerpt":{"rendered":"","protected":false},"author":1,"featured_media":0,"parent":4141,"menu_order":26,"comment_status":"closed","ping_status":"closed","template":"side-navigation.php","meta":{"ngg_post_thumbnail":0,"footnotes":""},"class_list":["post-4702","page","type-page","status-publish","hentry"],"_links":{"self":[{"href":"https:\/\/antaiji.org\/de\/wp-json\/wp\/v2\/pages\/4702","targetHints":{"allow":["GET"]}}],"collection":[{"href":"https:\/\/antaiji.org\/de\/wp-json\/wp\/v2\/pages"}],"about":[{"href":"https:\/\/antaiji.org\/de\/wp-json\/wp\/v2\/types\/page"}],"author":[{"embeddable":true,"href":"https:\/\/antaiji.org\/de\/wp-json\/wp\/v2\/users\/1"}],"replies":[{"embeddable":true,"href":"https:\/\/antaiji.org\/de\/wp-json\/wp\/v2\/comments?post=4702"}],"version-history":[{"count":5,"href":"https:\/\/antaiji.org\/de\/wp-json\/wp\/v2\/pages\/4702\/revisions"}],"predecessor-version":[{"id":18386,"href":"https:\/\/antaiji.org\/de\/wp-json\/wp\/v2\/pages\/4702\/revisions\/18386"}],"up":[{"embeddable":true,"href":"https:\/\/antaiji.org\/de\/wp-json\/wp\/v2\/pages\/4141"}],"wp:attachment":[{"href":"https:\/\/antaiji.org\/de\/wp-json\/wp\/v2\/media?parent=4702"}],"curies":[{"name":"wp","href":"https:\/\/api.w.org\/{rel}","templated":true}]}}