{"id":4724,"date":"2013-05-21T04:10:14","date_gmt":"2013-05-21T04:10:14","guid":{"rendered":"http:\/\/antaiji.org\/?page_id=4724"},"modified":"2020-06-03T12:01:30","modified_gmt":"2020-06-03T12:01:30","slug":"1-4","status":"publish","type":"page","link":"https:\/\/antaiji.org\/de\/essays\/1-4\/","title":{"rendered":"1-4 Wer bestimmt, was gut und schlecht ist (1)"},"content":{"rendered":"<p><!--\n\n<h3>Wer bestimmt, was gut und schlecht ist (1)<\/h3>\n\n\n\n<b>[separator top=\"40\"][dropcap]1-4[\/dropcap]<\/b>\n\nIch: Was w\u00fcrdest zu einem Optimisten sagen, der Vergn\u00fcgen daran findet, gemein zu anderen zu sein? Der hat doch keine Klasse! Denkst du nicht auch, dass das ein schlechter Mensch sein muss? Ich glaube schon, dass der Unterschied zwischen gut und schlecht wichtig ist!\nPenetre: Was meinst du denn, wenn du \u201egut\u201c oder \u201eschlecht\u201c sagst?\nIch: Das wei\u00df ich selbst nicht so genau...\nPenetre: Trotzdem bist du dir sicher, dass einer, der Vergn\u00fcgen daran findet, gemein zu anderen zu sein, ein schlechter Mensch sein muss. Warum eigentlich?\nIch: ... Wahrscheinlich deshalb, weil er damit etwas tut, was andere nicht wollen.\nPenetre: Warum ist es schlecht, etwas zu tun, was andere nicht wollen?\nIch: Das fragst du noch? Ist das nicht genau das, was mit dem Wort \u201eschlecht\u201c gemeint ist?\nPenetre: Verstehe. Umgekehrt verstehst du wahrscheinlich unter \u201egut\u201c das, was sich die anderen w\u00fcnschen, nicht wahr? <b>Wenn einer immer das tut, was sich die Mehrheit von ihm w\u00fcnscht, dann w\u00e4re er ein guter Mensch. Und einer, der genau das tut, was viele nicht wollen, w\u00e4re ein schlechter Mensch.<\/b> Korrekt?\nIch: Siehst du da ein Problem?\nPenetre: Angenommen ein Gro\u00dfteil der Menschheit w\u00e4re drogens\u00fcchtig. W\u00e4re es dann gut, den Menschen mehr und mehr Drogen zu geben, und w\u00e4re es umgekehrt schlecht, der Menschheit die Drogen wegzunehmen?\nIch: Das w\u00e4re in der Tat seltsam. In dem Fall w\u00e4re es eher umgekehrt. Bleibt also die Frage, wer bestimmt, was gut und was schlecht ist.\n--><\/p>\n","protected":false},"excerpt":{"rendered":"","protected":false},"author":1,"featured_media":0,"parent":4141,"menu_order":27,"comment_status":"closed","ping_status":"closed","template":"side-navigation.php","meta":{"ngg_post_thumbnail":0,"footnotes":""},"class_list":["post-4724","page","type-page","status-publish","hentry"],"_links":{"self":[{"href":"https:\/\/antaiji.org\/de\/wp-json\/wp\/v2\/pages\/4724","targetHints":{"allow":["GET"]}}],"collection":[{"href":"https:\/\/antaiji.org\/de\/wp-json\/wp\/v2\/pages"}],"about":[{"href":"https:\/\/antaiji.org\/de\/wp-json\/wp\/v2\/types\/page"}],"author":[{"embeddable":true,"href":"https:\/\/antaiji.org\/de\/wp-json\/wp\/v2\/users\/1"}],"replies":[{"embeddable":true,"href":"https:\/\/antaiji.org\/de\/wp-json\/wp\/v2\/comments?post=4724"}],"version-history":[{"count":5,"href":"https:\/\/antaiji.org\/de\/wp-json\/wp\/v2\/pages\/4724\/revisions"}],"predecessor-version":[{"id":18387,"href":"https:\/\/antaiji.org\/de\/wp-json\/wp\/v2\/pages\/4724\/revisions\/18387"}],"up":[{"embeddable":true,"href":"https:\/\/antaiji.org\/de\/wp-json\/wp\/v2\/pages\/4141"}],"wp:attachment":[{"href":"https:\/\/antaiji.org\/de\/wp-json\/wp\/v2\/media?parent=4724"}],"curies":[{"name":"wp","href":"https:\/\/api.w.org\/{rel}","templated":true}]}}