{"id":4764,"date":"2013-05-21T05:09:28","date_gmt":"2013-05-21T05:09:28","guid":{"rendered":"http:\/\/antaiji.org\/?page_id=4764"},"modified":"2019-06-12T11:19:48","modified_gmt":"2019-06-12T11:19:48","slug":"1-8","status":"publish","type":"page","link":"https:\/\/antaiji.org\/de\/essays\/1-8\/","title":{"rendered":"1-8 Menschen in Schwierigkeiten soll man nicht helfen"},"content":{"rendered":"<h3>Menschen in Schwierigkeiten soll man nicht helfen<\/h3>\n<p><b><div class=\"demo-sep sep-none\" style=\"margin-top:40px;\"><\/div><span class=\"dropcap\">1-8<\/span><\/b><\/p>\n<p>Ich: Wenn einer in Schwierigkeiten steckt, muss man ihm helfen, nicht wahr? Menschen, die leiden, haben doch unsere Unterst\u00fctzung verdient!<br \/>\nPenetre: Nein. Man sollte Menschen, denen es schlecht geht, nicht allzu sehr helfen. Nur wenn es sich um ein akutes Problem handelt, so wenn einer sich verletzt hat oder sein Portemonnaie verloren hat, ist Hilfe angebracht. Wenn es aber um eine tiefere, schwerere Form des Leidens handelt, musst du dasselbe Leiden ebenso tief und schwer am eigenen Leib erfahren, um dem anderen helfen zu k\u00f6nnen. Das ist eine Last, die man nicht jederzeit auf sich laden kann. Wenn du es versuchst, kann diese Last dich psychisch zerst\u00f6ren. <b>Nur wenn du in deinem Leben tiefes und schweres Leid gekostet hast, ist es dir m\u00f6glich, einem anderen zu helfen, der dasselbe Leid erf\u00e4hrt<\/b>. Denn nur in einem solchen Fall ist es m\u00f6glich, dem anderen zu helfen, ohne dass er es merkt, dass man ihm helfen will.<br \/>\nIch: Das klingt ganz sch\u00f6n schwierig!<br \/>\nPenetre: Nein, so schwierig ist das gar nicht\u2026 Nur eines darfst du nie vergessen: Du solltest nie das Leid eines anderen dazu missbrauchen, um die Misere des eigenen Lebens auszuloten.<\/p>\n","protected":false},"excerpt":{"rendered":"<p>Menschen in Schwierigkeiten soll man nicht helfen Ich: Wenn einer in Schwierigkeiten steckt, muss man ihm helfen, nicht wahr? Menschen, die leiden, haben doch unsere Unterst\u00fctzung verdient! Penetre: Nein. Man sollte Menschen, denen es schlecht geht, nicht allzu sehr helfen. Nur wenn es sich um ein akutes Problem handelt, so wenn einer sich verletzt hat oder sein Portemonnaie verloren hat, ist Hilfe angebracht. Wenn es aber um eine tiefere, schwerere Form des Leidens handelt, musst du dasselbe Leiden ebenso tief und schwer am eigenen Leib erfahren, um dem anderen helfen zu k\u00f6nnen. Das ist eine Last, die man nicht jederzeit auf sich laden kann. Wenn du es versuchst, kann diese Last dich psychisch zerst\u00f6ren. Nur wenn du in deinem Leben tiefes und schweres Leid gekostet hast, ist es dir m\u00f6glich, einem anderen zu helfen, der dasselbe Leid erf\u00e4hrt. Denn nur in einem solchen Fall ist es m\u00f6glich, dem anderen zu helfen, ohne dass er es merkt, dass man ihm helfen will. Ich: Das klingt ganz sch\u00f6n schwierig! Penetre: Nein, so schwierig ist das gar nicht\u2026 Nur eines darfst du nie vergessen: Du solltest nie das Leid eines anderen dazu missbrauchen, um die Misere des eigenen Lebens auszuloten.<\/p>\n","protected":false},"author":1,"featured_media":0,"parent":4141,"menu_order":33,"comment_status":"closed","ping_status":"closed","template":"side-navigation.php","meta":{"ngg_post_thumbnail":0,"footnotes":""},"class_list":["post-4764","page","type-page","status-publish","hentry"],"_links":{"self":[{"href":"https:\/\/antaiji.org\/de\/wp-json\/wp\/v2\/pages\/4764","targetHints":{"allow":["GET"]}}],"collection":[{"href":"https:\/\/antaiji.org\/de\/wp-json\/wp\/v2\/pages"}],"about":[{"href":"https:\/\/antaiji.org\/de\/wp-json\/wp\/v2\/types\/page"}],"author":[{"embeddable":true,"href":"https:\/\/antaiji.org\/de\/wp-json\/wp\/v2\/users\/1"}],"replies":[{"embeddable":true,"href":"https:\/\/antaiji.org\/de\/wp-json\/wp\/v2\/comments?post=4764"}],"version-history":[{"count":5,"href":"https:\/\/antaiji.org\/de\/wp-json\/wp\/v2\/pages\/4764\/revisions"}],"predecessor-version":[{"id":17776,"href":"https:\/\/antaiji.org\/de\/wp-json\/wp\/v2\/pages\/4764\/revisions\/17776"}],"up":[{"embeddable":true,"href":"https:\/\/antaiji.org\/de\/wp-json\/wp\/v2\/pages\/4141"}],"wp:attachment":[{"href":"https:\/\/antaiji.org\/de\/wp-json\/wp\/v2\/media?parent=4764"}],"curies":[{"name":"wp","href":"https:\/\/api.w.org\/{rel}","templated":true}]}}