{"id":4780,"date":"2013-05-21T05:31:49","date_gmt":"2013-05-21T05:31:49","guid":{"rendered":"http:\/\/antaiji.org\/?page_id=4780"},"modified":"2019-07-24T04:27:07","modified_gmt":"2019-07-24T04:27:07","slug":"1-10","status":"publish","type":"page","link":"https:\/\/antaiji.org\/de\/essays\/1-10\/","title":{"rendered":"1-10 Muss man zur Schule gehen?"},"content":{"rendered":"<h3>Muss man zur Schule gehen?<\/h3>\n<p><b><div class=\"demo-sep sep-none\" style=\"margin-top:40px;\"><\/div><span class=\"dropcap\">1-10<\/span><\/b><\/p>\n<p>Ich: Du hast es gut! Katzen m\u00fcssen nicht zur Schule gehen.<br \/>\nPenetre: Warum glaubst du denn, zur Schule gehen zu m\u00fcssen?<br \/>\nIch: Warum? Weil meine Eltern das sagen, und die Lehrer in der Schule auch!<br \/>\nPenetre: F\u00fcr viele Fragen im Leben gibt es offizielle Antworten, auf die sich die Welt geeinigt hat. Damit die Welt nicht aus den Fugen ger\u00e4t, ist es notwendig, dass alle an diese Antworten glauben. Wem es gelingt, diese Antworten ohne den geringsten Zweifel zu schlucken, dem wird das Leben in der Welt leicht fallen. Wenn es dir nicht gelingt, solltest du es aber nicht mit Gewalt versuchen.<br \/>\nIch: Willst du damit sagen, dass man die offiziellen Antworten nicht glauben muss?<br \/>\nPenetre: Alles hat ein Innen und ein Au\u00dfen. Wenn du es Innen nicht aush\u00e4ltst, gehe nach Au\u00dfen. Wenn du nicht zur Schule gehen willst, lass es bleiben. Allerdings gibt es keinen Weg, aus der Welt selbst auszutreten, solange du lebst. <b>Letztlich hast du deshalb keine andere Wahl, als die offiziellen Antworten zu schlucken, die die Welt braucht, um die \u00f6ffentliche Ordnung zu wahren<\/b>. Zumindest musst du so tun, als ob du an diese Antworten glaubst. Wenn dir selbst das zuwider ist, hast du keine andere Wahl als dich umzubringen beziehungsweise dich t\u00f6ten zu lassen.<br \/>\nIch: Mich t\u00f6ten lassen?<br \/>\nPenetre: Wenn du beispielsweise nicht akzeptieren willst, dass es sich von selbst versteht, anderen nicht das Leben zu nehmen, und auch nicht so tun willst, als h\u00e4ttest du es akzeptiert, dann kann es durchaus aus sein, dass man dich deswegen umbringt. Die Welt r\u00e4cht sich an dir, in dem sie deine Grunds\u00e4tze auf dich selbst anwendet.<br \/>\nIch: Meinst du die Todesstrafe? Ist die denn notwendig?<br \/>\nPenetre: Nur wenn Gef\u00e4ngnishaft nicht als ein Abschied aus der Welt gilt.<\/p>\n","protected":false},"excerpt":{"rendered":"<p>Muss man zur Schule gehen? Ich: Du hast es gut! Katzen m\u00fcssen nicht zur Schule gehen. Penetre: Warum glaubst du denn, zur Schule gehen zu m\u00fcssen? Ich: Warum? Weil meine Eltern das sagen, und die Lehrer in der Schule auch! Penetre: F\u00fcr viele Fragen im Leben gibt es offizielle Antworten, auf die sich die Welt geeinigt hat. Damit die Welt nicht aus den Fugen ger\u00e4t, ist es notwendig, dass alle an diese Antworten glauben. Wem es gelingt, diese Antworten ohne den geringsten Zweifel zu schlucken, dem wird das Leben in der Welt leicht fallen. Wenn es dir nicht gelingt, solltest du es aber nicht mit Gewalt versuchen. Ich: Willst du damit sagen, dass man die offiziellen Antworten nicht glauben muss? Penetre: Alles hat ein Innen und ein Au\u00dfen. Wenn du es Innen nicht aush\u00e4ltst, gehe nach Au\u00dfen. Wenn du nicht zur Schule gehen willst, lass es bleiben. Allerdings gibt es keinen Weg, aus der Welt selbst auszutreten, solange du lebst. Letztlich hast du deshalb keine andere Wahl, als die offiziellen Antworten zu schlucken, die die Welt braucht, um die \u00f6ffentliche Ordnung zu wahren. Zumindest musst du so tun, als ob du an diese Antworten glaubst. Wenn dir selbst das zuwider ist, hast du keine andere Wahl als dich umzubringen beziehungsweise dich t\u00f6ten zu lassen. Ich: Mich t\u00f6ten lassen? Penetre: Wenn du beispielsweise nicht akzeptieren willst, dass es sich von selbst versteht, anderen nicht das Leben zu nehmen, und auch nicht so tun willst, als h\u00e4ttest du es akzeptiert, dann kann es durchaus aus sein, dass man dich deswegen umbringt. Die Welt r\u00e4cht sich an dir, in dem sie deine Grunds\u00e4tze auf dich selbst anwendet. Ich: Meinst du die Todesstrafe? Ist die denn notwendig? Penetre: Nur [&hellip;]<\/p>\n","protected":false},"author":1,"featured_media":0,"parent":4141,"menu_order":35,"comment_status":"closed","ping_status":"closed","template":"side-navigation.php","meta":{"ngg_post_thumbnail":0,"footnotes":""},"class_list":["post-4780","page","type-page","status-publish","hentry"],"_links":{"self":[{"href":"https:\/\/antaiji.org\/de\/wp-json\/wp\/v2\/pages\/4780","targetHints":{"allow":["GET"]}}],"collection":[{"href":"https:\/\/antaiji.org\/de\/wp-json\/wp\/v2\/pages"}],"about":[{"href":"https:\/\/antaiji.org\/de\/wp-json\/wp\/v2\/types\/page"}],"author":[{"embeddable":true,"href":"https:\/\/antaiji.org\/de\/wp-json\/wp\/v2\/users\/1"}],"replies":[{"embeddable":true,"href":"https:\/\/antaiji.org\/de\/wp-json\/wp\/v2\/comments?post=4780"}],"version-history":[{"count":7,"href":"https:\/\/antaiji.org\/de\/wp-json\/wp\/v2\/pages\/4780\/revisions"}],"predecessor-version":[{"id":17891,"href":"https:\/\/antaiji.org\/de\/wp-json\/wp\/v2\/pages\/4780\/revisions\/17891"}],"up":[{"embeddable":true,"href":"https:\/\/antaiji.org\/de\/wp-json\/wp\/v2\/pages\/4141"}],"wp:attachment":[{"href":"https:\/\/antaiji.org\/de\/wp-json\/wp\/v2\/media?parent=4780"}],"curies":[{"name":"wp","href":"https:\/\/api.w.org\/{rel}","templated":true}]}}