{"id":4802,"date":"2013-05-24T02:18:20","date_gmt":"2013-05-24T02:18:20","guid":{"rendered":"http:\/\/antaiji.org\/?page_id=4802"},"modified":"2025-11-01T12:19:37","modified_gmt":"2025-11-01T12:19:37","slug":"essays","status":"publish","type":"page","link":"https:\/\/antaiji.org\/de\/muho\/essays\/","title":{"rendered":"Essays und &Uuml;bersetzungen"},"content":{"rendered":"<h3>Essays und &Uuml;bersetzungen<\/h3>\n<div class=\"demo-sep sep-none\" style=\"margin-top:30px;\"><\/div>\n<h4><a target=\"_blank\" href=\"https:\/\/muhode.hatenablog.com\" rel=\"noopener\">Muhos Blog &#8222;Wer bin ich?&#8220;<\/a><\/h4>\n<h4><a title=\"Shobogenzo\" href=\"https:\/\/antaiji.org\/archives\/deu\/shobogenzo.shtml\">Zw\u00f6lf ausgew\u00e4hlte Kapitel aus dem Sh\u00f4b\u00f4genz\u00f4 von Eihei D\u00f4gen<\/a><\/h4>\n<h4><a title=\"Shobogenzo\" href=\"https:\/\/antaiji.org\/archives\/deu\/kenji-miyazawa-transgalaktischer-nachtzug.shtml\">Miyazawa Kenji: Die Nacht in der transgalaktischen Eisenbahn<\/a><\/h4>\n<p>Die folgenden Links bringen dich zu alten englischen Artikeln im Archiv:<\/p>\n<ul>\n<li>\n<h4><b><a href=\"https:\/\/antaiji.org\/archives\/eng\/adult0.shtml\" target=\"_blank\" rel=\"noopener noreferrer\">Adult Practice<\/a><\/b><\/h4>\n<\/li>\n<li>\n<h4><b><a href=\"https:\/\/antaiji.org\/archives\/eng\/ruten.shtml\" target=\"_blank\" rel=\"noopener noreferrer\">Ruten (2001 &#8211; 2002)\u00a0<\/a><\/b><\/h4>\n<\/li>\n<li>\n<h4><b><a href=\"https:\/\/antaiji.org\/archives\/eng\/lotus02.shtml\" target=\"_blank\" rel=\"noopener noreferrer\">Shitpaper (2002 &#8211; 2004)<\/a><\/b><\/h4>\n<\/li>\n<li>\n<h4><b><a href=\"https:\/\/antaiji.org\/archives\/eng\/lotus05.shtml\" target=\"_blank\" rel=\"noopener noreferrer\">Lotus in the Fire (2005 &#8211; 2012)<\/a><\/b><\/h4>\n<\/li>\n<li>\n<h4><b><a title=\"What does it take to become a full-fledged Soto-shu priest and is it really worth the whole deal? (1)\" href=\"https:\/\/antaiji.org\/english-what-does-it-take-to-become-a-full-fledged-soto-shu-priest-and-is-it-really-worth-the-whole-deal-1\/?lang=en\">What does it take to become a full-fledged Soto-shu priest and is it really worth the whole deal?<\/a><\/b><\/h4>\n<\/li>\n<\/ul>\n<h3>B\u00fccher<\/h3>\n<p>Eine Liste mit Muhos B\u00fcchern und anderen Leseempfehlungen findest du hier: <a href=\"https:\/\/muhonoelke.blogspot.com\/p\/bucher.html\" target=\"_blank\" rel=\"noopener noreferrer\"><b>https:\/\/muhonoelke.blogspot.com\/p\/bucher.html<\/b><\/a><\/p>\n","protected":false},"excerpt":{"rendered":"<p>Essays und &Uuml;bersetzungen Muhos Blog &#8222;Wer bin ich?&#8220; Zw\u00f6lf ausgew\u00e4hlte Kapitel aus dem Sh\u00f4b\u00f4genz\u00f4 von Eihei D\u00f4gen Miyazawa Kenji: Die Nacht in der transgalaktischen Eisenbahn Die folgenden Links bringen dich zu alten englischen Artikeln im Archiv: Adult Practice Ruten (2001 &#8211; 2002)\u00a0 Shitpaper (2002 &#8211; 2004) Lotus in the Fire (2005 &#8211; 2012) What does it take to become a full-fledged Soto-shu priest and is it really worth the whole deal? B\u00fccher Eine Liste mit Muhos B\u00fcchern und anderen Leseempfehlungen findest du hier: https:\/\/muhonoelke.blogspot.com\/p\/bucher.html<\/p>\n","protected":false},"author":1,"featured_media":0,"parent":3106,"menu_order":29,"comment_status":"closed","ping_status":"closed","template":"side-navigation.php","meta":{"ngg_post_thumbnail":0,"footnotes":""},"class_list":["post-4802","page","type-page","status-publish","hentry"],"_links":{"self":[{"href":"https:\/\/antaiji.org\/de\/wp-json\/wp\/v2\/pages\/4802","targetHints":{"allow":["GET"]}}],"collection":[{"href":"https:\/\/antaiji.org\/de\/wp-json\/wp\/v2\/pages"}],"about":[{"href":"https:\/\/antaiji.org\/de\/wp-json\/wp\/v2\/types\/page"}],"author":[{"embeddable":true,"href":"https:\/\/antaiji.org\/de\/wp-json\/wp\/v2\/users\/1"}],"replies":[{"embeddable":true,"href":"https:\/\/antaiji.org\/de\/wp-json\/wp\/v2\/comments?post=4802"}],"version-history":[{"count":28,"href":"https:\/\/antaiji.org\/de\/wp-json\/wp\/v2\/pages\/4802\/revisions"}],"predecessor-version":[{"id":20072,"href":"https:\/\/antaiji.org\/de\/wp-json\/wp\/v2\/pages\/4802\/revisions\/20072"}],"up":[{"embeddable":true,"href":"https:\/\/antaiji.org\/de\/wp-json\/wp\/v2\/pages\/3106"}],"wp:attachment":[{"href":"https:\/\/antaiji.org\/de\/wp-json\/wp\/v2\/media?parent=4802"}],"curies":[{"name":"wp","href":"https:\/\/api.w.org\/{rel}","templated":true}]}}