{"id":4867,"date":"2013-05-29T23:03:03","date_gmt":"2013-05-29T23:03:03","guid":{"rendered":"http:\/\/antaiji.org\/?page_id=4867"},"modified":"2026-02-09T04:10:37","modified_gmt":"2026-02-09T04:10:37","slug":"residency","status":"publish","type":"page","link":"https:\/\/antaiji.org\/de\/practice\/residency\/","title":{"rendered":"Aufenthalt im Kloster"},"content":{"rendered":"<h2>Aufenthalt im Kloster<\/h2>\n<p>Antaiji sucht nach ernsthaften, kompetenten Zen-Praktizierenden, die einen langfristigen Aufenthalt in einem japanischen Kloster anstreben und einen positiven Beitrag zum Gemeinschaftsleben leisten wollen. Wer nicht langfristig zu uns kommen kann, hat die M\u00f6glichkeit an einem <a title=\"contact\" href=\"https:\/\/antaiji.org\/de\/muho\/events\/\">5-t\u00e4gigen Retreat in Antaiji<\/a> teilzunehmen.<\/p>\n<div class=\"demo-sep sep-none\" style=\"margin-top:40px;\"><\/div>\n<h4>Voraussetzungen f\u00fcr einen langfristigen Aufenthalt:<\/h4>\n<ul>\n<li>Du solltest bereit sein, dich &#8211; nach einer Probezeit &#8211; f\u00fcr mindestens drei Jahre zu verpflichten.<\/li>\n<li>Du bist zwischen 18 und 40 Jahre alt, gesund und kannst auch schwere k\u00f6rperliche Arbeit leisten.<\/li>\n<li>Du solltest nicht nur Englisch sprechen, sondern auch angemessene Japanischkenntnisse besitzen (ab Level 4 des Japanese-Language Proficiency Test <a href=\"http:\/\/www.jlpt.jp\/e\/\" target=\"blank\" rel=\"noopener noreferrer\"><span style=\"color: #999999;\"><u>JLPT<\/u><\/span><\/a>).<\/li>\n<li>Die Teilnahme an einem anderen Antaiji-Retreat als dem Yoga &amp; Zen Retreat.<\/li>\n<\/ul>\n<div class=\"demo-sep sep-none\" style=\"margin-top:40px;\"><\/div>\n<h4>Testzeit als Anw\u00e4rter<\/h4>\n<p>Wer langfristig in Antaiji leben m\u00f6chte, sollte erst einmal als Anw\u00e4rter kommen, bevor er sich f\u00fcr einen dreif\u00e4hrigen Aufenthalt entscheidet. Von Anw\u00e4rtern erwarten wir, dass sie f\u00fcr mindestens 80 Tage bleiben. Nach diesem Zeitraum wird es sowohl dir selbst als auch dem Rest der Gemeinschaft m\u00f6glich sein, zu entscheiden, ob ein langfristiger Aufenthalt realistisch ist. Wir nehmen Anw\u00e4rter an nur : 26. M\u00e4rz, 6.April, 26.August,6.September.&nbsp;<\/p>\n<p>&nbsp;<\/p>\n<p>Die Verantwortung f\u00fcr dein Leben, deine Gesundheit und deine Zen-\u00dcbung liegt allein bei dir. Antaiji \u00fcbernimmt keine Verantwortung f\u00fcr Unf\u00e4lle, Verletzungen, sowie physische oder psychische Sch\u00e4den irgendeiner Art w\u00e4hrend des Aufenthaltes in Antaiji, auch wenn diese fremd verschuldet sind.<\/p>\n<p>Der Aufenthalt in Antaiji ist kostenlos, allerdings sind Spenden willkommen und notwendig, um unsere Praxis aufrecht zu erhalten. Ob und wieviel du spenden m\u00f6chtest, ist dir selbst \u00fcberlassen.<\/p>\n<p>Vergiss nicht, Arbeitskleidung mit nach Antaiji zu bringen, m\u00f6glichst auch Regenmantel und Stiefel. Viel Arbeit wird in den Feldern oder im Wald, in Schlamm und Dreck verrichtet. Antaiji besitzt 50 Hektar Land, auf denen das Gem\u00fcse und der Reis wachsen, den wir t\u00e4glich essen. Auch das Holz, mit dem die Herde in der K\u00fcche und der Boiler f\u00fcr das Bad geheizt werden, stammt aus den W\u00e4ldern, die zum Kloster geh\u00f6ren. Die B\u00e4ume werden von den Bewohnern selbst gef\u00e4llt, ges\u00e4gt und gehackt. Wenn du in Antaiji lebst, wirst du deshalb viel Zeit auf den Feldern oder im Wald zubringen, was wenig oder keine Zeit l\u00e4sst f\u00fcr das Internet, zum B\u00fccher-Lesen, Wandern oder sich Erholen. Die Arbeit w\u00e4hrend des Tages umfasst land- und forstwirtschaftliche Arbeiten und findet auch in Wind und Wetter statt.<\/p>\n<p>Die Zazenpraxis wird grunds\u00e4tzlich im Lotussitz ge\u00fcbt, das hei\u00dft mit verschr\u00e4nkten Beinen auf einem Kissen sitzend; Ausnahmen sind m\u00f6glich. W\u00e4hrend der Sesshin sitzen wir auf diese Weise f\u00fcr 15 Stunden t\u00e4glich, an anderen Tagen sind es vier Stunden. Das Essen und die Teebesprechungen werden dagegen in Seiza abgehalten, das ist eine Sitzhaltung im Knien.<\/p>\n<p>Das Essen in Antaiji ist haupts\u00e4chlich \u2013 aber nicht 100% \u2013 vegetarisch. Das Essen wird im japanischen Zen-Stil gegessen, nach genauen Regeln und sehr schnell. Dabei muss alles, was auf den Tisch kommt, aufgegessen werden, auch nicht-vegetarische Bestandteile. Es ist nicht gestattet, zwischen den Mahlzeiten auf den Zimmern zu essen.<\/p>\n<p>Wir nehmen sowohl M\u00e4nner als auch Frauen in Antaiji auf, aber keine Paare.<\/p>\n<p>Es wird hier gro\u00dfer Wert auf das Zusammenleben in der Gruppe gelegt, die hierarchisch strukturiert ist. Wir erwarten von allen Besuchern, dass sie sich in diese Struktur eingliedern.<\/p>\n<p>Mache dich deshalb bitte gut mit dem&nbsp;Tagesablauf&nbsp;vertraut, bevor du dich zu einem Besuch anmeldest. Wenn m\u00f6glich, wirf auch einen Blick auf die englischen&nbsp;<a href=\"https:\/\/antaiji.org\/archives\/eng\/adult0.shtml\">\u201cAdult practice\u201d-Artikel<\/a>&nbsp;von Muho, unserem Abt.<\/p>\n<p>Es lohnt sich auch, diesen Artikel von Gesshin Greenwood zu lesen, die mehrere Jahre in Japan als Zen-Nonne praktiziert hat: <a href=\"http:\/\/thatssozen.blogspot.jp\/2016\/06\/so-you-want-to-practice-zen-in-japan.html\" target=\"new\" rel=\"noopener noreferrer\">So You Want To Practice Zen In Japan?<\/a><\/p>\n<div class=\"demo-sep sep-none\" style=\"margin-top:40px;\"><\/div>\n<h4>Die Praxis als Klosterbewohner<\/h4>\n<p>Anders als die Anw\u00e4rter m\u00fcssen Klosterbewohner, die sich f\u00fcr drei Jahre verpflichten, das ganze Jahr \u00fcber in Antaiji bleiben. Nur nach dem R\u00f4hatsu-Sesshin gibt es bis nach Neujahr die M\u00f6glichkeit, das Kloster f\u00fcr einige Wochen zu verlassen.<\/p>\n<p>Die Klosterbewohner m\u00fcssen f\u00fcr ihren Aufenthalt nichts bezahlen, bekommen aber umgekehrt auch kein Taschengeld bezahlt. Die Kosten f\u00fcr Krankenversicherung und andere pers\u00f6nliche Ausgaben m\u00fcssen durch private Betteltouren w\u00e4hrend der Winterferien bestritten werden.<\/p>\n<p>Die Klosterbewohner verbringen nicht nur 1800 Stunden im Jahr in Zazen, sondern teilen sich auch die Verantwortung f\u00fcr die verschiedenen Aufgaben in und um das Kloster. Dazu geh\u00f6ren die Aufgaben des Koches, des G\u00e4steempfangs, der Reis- und Gem\u00fcsefelder. Die Bewohner m\u00fcssen Telefonanrufe beantworten, Werkzeuge reparieren und Arbeitsmaschinen jeglicher Art bedienen und warten.<\/p>\n<p>Es reicht also nicht, auf einer inneren, spirituellen Suche zu sein. Du musst dich auch f\u00fcr deine \u00e4u\u00dfere Umgebung interessieren und aktiv am Geschehen teilnehmen. Antaiji ist ein Ort f\u00fcr Praktiker.<\/p>\n<p>Der Grund, weshalb sich Langzeit-Bewohner f\u00fcr mindestens drei Jahre verpflichten m\u00fcssen, ist folgender: Es dauert mindestens ein Jahr, bis ein Bewohner einen \u00dcberblick \u00fcber die einzelnen Aufgaben und deren gegenseitigen Zusammenhang gewinnt. W\u00e4hrend des zweiten Jahres lernt er, m\u00f6glichst viele dieser Aufgaben selbst erledigen zu k\u00f6nnen. Erst im dritten Jahr wird er in der Lage sein, nicht nur Verantwortung f\u00fcr die eigenen Aufgaben zu \u00fcbernehmen, sondern auch andere, neu dazu gekommene Bewohner zu unterrichten und in ihre jeweiligen Aufgaben einzuf\u00fchren. Ohne eine gewisse Anzahl von Bewohnern, die mindestens drei Jahre in Antaiji zugebracht haben, l\u00e4sst sich das Kloster also praktisch nicht verwalten.<\/p>\n<p>Es wird von gro\u00dfem Vorteil f\u00fcr Neuanw\u00e4rter sein, wenn sie \u00fcber einige der folgenden F\u00e4higkeiten verf\u00fcgen:<\/p>\n<ul>\n<li><span class=\"Apple-style-span\" style=\"-webkit-tap-highlight-color: rgba(26, 26, 26, 0.296875); -webkit-composition-fill-color: rgba(175, 192, 227, 0.230469); -webkit-composition-frame-color: rgba(77, 128, 180, 0.230469);\">Kochk\u00fcnste. Im Idealfall Erfahrung mit japanischer K\u00fcche.<\/span><\/li>\n<li><span class=\"Apple-style-span\" style=\"-webkit-tap-highlight-color: rgba(26, 26, 26, 0.296875); -webkit-composition-fill-color: rgba(175, 192, 227, 0.230469); -webkit-composition-frame-color: rgba(77, 128, 180, 0.230469);\">Mechanische und handwerkliche F\u00e4higkeiten.<\/span><\/li>\n<li><span class=\"Apple-style-span\" style=\"-webkit-tap-highlight-color: rgba(26, 26, 26, 0.296875); -webkit-composition-fill-color: rgba(175, 192, 227, 0.230469); -webkit-composition-frame-color: rgba(77, 128, 180, 0.230469);\">Erfahrung in der Land- und Forstwirtschaft.<\/span><\/li>\n<li><span class=\"Apple-style-span\" style=\"-webkit-tap-highlight-color: rgba(26, 26, 26, 0.296875); -webkit-composition-fill-color: rgba(175, 192, 227, 0.230469); -webkit-composition-frame-color: rgba(77, 128, 180, 0.230469);\">Geschick beim Umgang mit und der Reparatur von Maschinen, Werk- und Fahrzeugen. Dabei handelt es sich beispielsweise um M\u00e4hmaschinen, Maschinens\u00e4gen, Lastwagen, Traktoren, Schaufelbagger etc.<\/span><\/li>\n<\/ul>\n<div class=\"demo-sep sep-none\" style=\"margin-top:40px;\"><\/div>\n<h4>Aufnahmemodalit\u00e4ten<\/h4>\n<p>Am Besten wird es sein, wenn Anw\u00e4rter am Ende des Winters nach Antaiji kommen. Der fr\u00fcheste m\u00f6gliche Termin ist der 26. M\u00e4rz, danach ist eine Aufnahme am 6. April m\u00f6glich. Nach dem Sommer nehmen wir Neuzug\u00e4nge entweder am 26. August oder am 6. September auf. In jedem Fall m\u00fcssen Anw\u00e4rter bis zum Herbst in Antaiji sein, denn es ist wegen des tiefen Schnees f\u00fcr Unerfahrene nicht m\u00f6glich, das Kloster im Winter zu erreichen oder zu verlassen.<\/p>\n<p>Warte nach deiner Anmeldung auf eine Antwort des Klosters, und best\u00e4tige deinen Besuch noch einmal zwei oder drei Tage vor deinem Eintreffen (m\u00f6glichst per E-mail).<br \/>\n<div class=\"demo-sep sep-none\" style=\"margin-top:40px;\"><\/div>\n<h4>Visum und Anreise<\/h4>\n<p>Bei der Einreise bekommen deutsche Staatsangeh\u00f6rige ein Toursiten-Visum, das 90 Tage gilt und in den meisten F\u00e4llen um weitere 90 Tage verl\u00e4ngert werden kann. Genaue Informationen \u00fcber die japanischen Einreiseregelungen findest du&nbsp;hier. Wir k\u00f6nnen Besuchern, die wir nicht pers\u00f6nlich kennen, vor der Einreise nicht bei Visaformalit\u00e4ten helfen. Wenn du l\u00e4nger als 180 Tage in Japan bleiben willst, musst du dich entweder selbst vor der Einreise um ein l\u00e4ngeres Visum bem\u00fchen (z.B. \u201cWorking Holiday\u201d-Visum), oder versuchen, nach deiner Einreise in Japan das Visum zu erneuern. Das ist aber unter Umst\u00e4nden mit einer kurzzeitigen Ausreise in das nicht-japanische Ausland (und entsprechenden Reisekosten) verbunden. Informationen dazu gibt es auf der Homepage des <a href=\"http:\/\/www.immi-moj.go.jp\/english\/\" target=\"new\" rel=\"noopener noreferrer\">Immigration Bureau, Japanese Ministry of Justice<\/a>.<\/p>\n<p>Beachte die <a href=\"https:\/\/antaiji.org\/practice\/access\/?lang=de\">Wegbeschreibung zu uns<\/a> und die <a href=\"https:\/\/weather.weatherbug.com\/weather-forecast\/10-day-weather\/hamasaka-kinki-ja\" target=\"new\" rel=\"noopener noreferrer\">Informationen \u00fcber das&nbsp;Wetter in Hamasaka<\/a>. Antaiji liegt 350 Meter h\u00f6her als Hamasaka, die Temperaturen liegen deshalb im Schnitt 2\u00b0 unter den im Internet f\u00fcr Hamasaka angegebenen. Au\u00dferdem f\u00fchlt sich wegen der hohen Luftfeuchtigkeit der Sommer sehr viel hei\u00dfer an, als man erwarten k\u00f6nnte. Und im Winter, wenn die Temperaturen um den Gefrierpunkt liegen, fallen circa zwei Meter Schnee und auch innerhalb des Klostergeb\u00e4udes sind die Temperaturen kaum h\u00f6her als drau\u00dfen.<\/p>\n<p>Wenn du nach dem oben gesagten trotzdem nach Antaiji kommen willst, wende dich bitte auf Englisch oder Japanisch an unsere G\u00e4steverwaltung. Kontaktinformationen findest du&nbsp;<a href=\"https:\/\/antaiji.org\/de\/history\/contact\/\">hier<\/a>.<\/p>\n","protected":false},"excerpt":{"rendered":"<p>Aufenthalt im Kloster Antaiji sucht nach ernsthaften, kompetenten Zen-Praktizierenden, die einen langfristigen Aufenthalt in einem japanischen Kloster anstreben und einen positiven Beitrag zum Gemeinschaftsleben leisten wollen. Wer nicht langfristig zu uns kommen kann, hat die M\u00f6glichkeit an einem 5-t\u00e4gigen Retreat in Antaiji teilzunehmen. Voraussetzungen f\u00fcr einen langfristigen Aufenthalt: Du solltest bereit sein, dich &#8211; nach einer Probezeit &#8211; f\u00fcr mindestens drei Jahre zu verpflichten. Du bist zwischen 18 und 40 Jahre alt, gesund und kannst auch schwere k\u00f6rperliche Arbeit leisten. Du solltest nicht nur Englisch sprechen, sondern auch angemessene Japanischkenntnisse besitzen (ab Level 4 des Japanese-Language Proficiency Test JLPT). Die Teilnahme an einem anderen Antaiji-Retreat als dem Yoga &amp; Zen Retreat. Testzeit als Anw\u00e4rter Wer langfristig in Antaiji leben m\u00f6chte, sollte erst einmal als Anw\u00e4rter kommen, bevor er sich f\u00fcr einen dreif\u00e4hrigen Aufenthalt entscheidet. Von Anw\u00e4rtern erwarten wir, dass sie f\u00fcr mindestens 80 Tage bleiben. Nach diesem Zeitraum wird es sowohl dir selbst als auch dem Rest der Gemeinschaft m\u00f6glich sein, zu entscheiden, ob ein langfristiger Aufenthalt realistisch ist. Wir nehmen Anw\u00e4rter an nur : 26. M\u00e4rz, 6.April, 26.August,6.September.&nbsp; &nbsp; Die Verantwortung f\u00fcr dein Leben, deine Gesundheit und deine Zen-\u00dcbung liegt allein bei dir. Antaiji \u00fcbernimmt keine Verantwortung f\u00fcr Unf\u00e4lle, Verletzungen, sowie physische oder psychische Sch\u00e4den irgendeiner Art w\u00e4hrend des Aufenthaltes in Antaiji, auch wenn diese fremd verschuldet sind. Der Aufenthalt in Antaiji ist kostenlos, allerdings sind Spenden willkommen und notwendig, um unsere Praxis aufrecht zu erhalten. Ob und wieviel du spenden m\u00f6chtest, ist dir selbst \u00fcberlassen. Vergiss nicht, Arbeitskleidung mit nach Antaiji zu bringen, m\u00f6glichst auch Regenmantel und Stiefel. Viel Arbeit wird in den Feldern oder im Wald, in Schlamm und Dreck verrichtet. Antaiji besitzt 50 Hektar Land, auf denen das Gem\u00fcse und der [&hellip;]<\/p>\n","protected":false},"author":1,"featured_media":0,"parent":5105,"menu_order":12,"comment_status":"closed","ping_status":"closed","template":"side-navigation.php","meta":{"ngg_post_thumbnail":0,"footnotes":""},"class_list":["post-4867","page","type-page","status-publish","hentry"],"_links":{"self":[{"href":"https:\/\/antaiji.org\/de\/wp-json\/wp\/v2\/pages\/4867","targetHints":{"allow":["GET"]}}],"collection":[{"href":"https:\/\/antaiji.org\/de\/wp-json\/wp\/v2\/pages"}],"about":[{"href":"https:\/\/antaiji.org\/de\/wp-json\/wp\/v2\/types\/page"}],"author":[{"embeddable":true,"href":"https:\/\/antaiji.org\/de\/wp-json\/wp\/v2\/users\/1"}],"replies":[{"embeddable":true,"href":"https:\/\/antaiji.org\/de\/wp-json\/wp\/v2\/comments?post=4867"}],"version-history":[{"count":175,"href":"https:\/\/antaiji.org\/de\/wp-json\/wp\/v2\/pages\/4867\/revisions"}],"predecessor-version":[{"id":20173,"href":"https:\/\/antaiji.org\/de\/wp-json\/wp\/v2\/pages\/4867\/revisions\/20173"}],"up":[{"embeddable":true,"href":"https:\/\/antaiji.org\/de\/wp-json\/wp\/v2\/pages\/5105"}],"wp:attachment":[{"href":"https:\/\/antaiji.org\/de\/wp-json\/wp\/v2\/media?parent=4867"}],"curies":[{"name":"wp","href":"https:\/\/api.w.org\/{rel}","templated":true}]}}