{"id":5069,"date":"2013-06-06T07:22:57","date_gmt":"2013-06-06T07:22:57","guid":{"rendered":"http:\/\/antaiji.org\/?page_id=5069"},"modified":"2019-06-28T00:36:03","modified_gmt":"2019-06-28T00:36:03","slug":"english-the-seven-points-of-practice-uchiyama","status":"publish","type":"page","link":"https:\/\/antaiji.org\/de\/services\/english-the-seven-points-of-practice-uchiyama\/","title":{"rendered":"7 Punkte der Praxis"},"content":{"rendered":"<h3>Sieben Punkte der Praxis<\/h3>\n<p><em>von Uchiyama K\u014dsh\u014d R\u014dshi<\/em><br \/>\n<em> Aus seinem letzten \u00f6ffentlichen Vortrag in Antaiji, am 23. Februar 1975.<\/em><\/p>\n<ol>\n<li>Lass dich beim Studium und der Praxis des Buddhadharma nur vom Buddhadharma selbst leiten, nicht von deinen pers\u00f6nlichen Gef\u00fchlen oder weltlichen Ideen.<\/li>\n<li>Der Gegenstand deines Respekts muss Zazen selbst sein, denn Zazen ist dein wahrer Lehrer.<\/li>\n<li>Zazen bedeutet die Lehre &#8222;Gewinn ist Illusion, Verlust ist Erwachen&#8220; konkret umzusetzen. Zazen muss sich in den beiden Praktiken des Gel\u00fcbdes und der Reue manifestieren und durch die drei Herzen im Alltag lebendig sein: das freudige Herz, alte Herz und gro\u00dfe Herz.<\/li>\n<li>Mach die Gel\u00fcbde zu deinem Leben und lass ihre Wurzeln in die Tiefe wachsen.<\/li>\n<li>Sei dir dar\u00fcber im Klaren, dass es nur an dir selbst liegt, ob du mit deiner Praxis voran kommst oder R\u00fcckschritte machst. Tue deshalb dein Bestes, um voranzukommen.<\/li>\n<li>Sitz erst einmal schweigend f\u00fcr zehn Jahre und dann weitere zehn Jahre. Im Anschluss sitz noch einmal zehn Jahre.<\/li>\n<li>Arbeite mit anderen zusammen um einen Ort f\u00fcr die Praxis zu schaffen, an dem ernsthafte \u00dcbende ohne unn\u00f6tige Sorgen sich der Praxis widmen k\u00f6nnen.<\/li>\n<\/ol>\n","protected":false},"excerpt":{"rendered":"<p>Sieben Punkte der Praxis von Uchiyama K\u014dsh\u014d R\u014dshi Aus seinem letzten \u00f6ffentlichen Vortrag in Antaiji, am 23. Februar 1975. Lass dich beim Studium und der Praxis des Buddhadharma nur vom Buddhadharma selbst leiten, nicht von deinen pers\u00f6nlichen Gef\u00fchlen oder weltlichen Ideen. Der Gegenstand deines Respekts muss Zazen selbst sein, denn Zazen ist dein wahrer Lehrer. Zazen bedeutet die Lehre &#8222;Gewinn ist Illusion, Verlust ist Erwachen&#8220; konkret umzusetzen. Zazen muss sich in den beiden Praktiken des Gel\u00fcbdes und der Reue manifestieren und durch die drei Herzen im Alltag lebendig sein: das freudige Herz, alte Herz und gro\u00dfe Herz. Mach die Gel\u00fcbde zu deinem Leben und lass ihre Wurzeln in die Tiefe wachsen. Sei dir dar\u00fcber im Klaren, dass es nur an dir selbst liegt, ob du mit deiner Praxis voran kommst oder R\u00fcckschritte machst. Tue deshalb dein Bestes, um voranzukommen. Sitz erst einmal schweigend f\u00fcr zehn Jahre und dann weitere zehn Jahre. Im Anschluss sitz noch einmal zehn Jahre. Arbeite mit anderen zusammen um einen Ort f\u00fcr die Praxis zu schaffen, an dem ernsthafte \u00dcbende ohne unn\u00f6tige Sorgen sich der Praxis widmen k\u00f6nnen.<\/p>\n","protected":false},"author":1,"featured_media":0,"parent":72,"menu_order":28,"comment_status":"closed","ping_status":"closed","template":"side-navigation.php","meta":{"ngg_post_thumbnail":0,"footnotes":""},"class_list":["post-5069","page","type-page","status-publish","hentry"],"_links":{"self":[{"href":"https:\/\/antaiji.org\/de\/wp-json\/wp\/v2\/pages\/5069","targetHints":{"allow":["GET"]}}],"collection":[{"href":"https:\/\/antaiji.org\/de\/wp-json\/wp\/v2\/pages"}],"about":[{"href":"https:\/\/antaiji.org\/de\/wp-json\/wp\/v2\/types\/page"}],"author":[{"embeddable":true,"href":"https:\/\/antaiji.org\/de\/wp-json\/wp\/v2\/users\/1"}],"replies":[{"embeddable":true,"href":"https:\/\/antaiji.org\/de\/wp-json\/wp\/v2\/comments?post=5069"}],"version-history":[{"count":33,"href":"https:\/\/antaiji.org\/de\/wp-json\/wp\/v2\/pages\/5069\/revisions"}],"predecessor-version":[{"id":17826,"href":"https:\/\/antaiji.org\/de\/wp-json\/wp\/v2\/pages\/5069\/revisions\/17826"}],"up":[{"embeddable":true,"href":"https:\/\/antaiji.org\/de\/wp-json\/wp\/v2\/pages\/72"}],"wp:attachment":[{"href":"https:\/\/antaiji.org\/de\/wp-json\/wp\/v2\/media?parent=5069"}],"curies":[{"name":"wp","href":"https:\/\/api.w.org\/{rel}","templated":true}]}}