{"id":5478,"date":"2013-06-15T07:44:03","date_gmt":"2013-06-15T07:44:03","guid":{"rendered":"http:\/\/antaiji.org\/?page_id=5478"},"modified":"2019-09-19T08:54:35","modified_gmt":"2019-09-19T08:54:35","slug":"1-11","status":"publish","type":"page","link":"https:\/\/antaiji.org\/de\/essays\/1-11\/","title":{"rendered":"1-11 Merkw\u00fcrdige Broterwerbe"},"content":{"rendered":"<h3>Merkw\u00fcrdige Broterwerbe<\/h3>\n<p><b><div class=\"demo-sep sep-none\" style=\"margin-top:40px;\"><\/div><span class=\"dropcap\">1-11<\/span><\/b><\/p>\n<p>Ich: Wenn ich gro\u00df bin, werde ich einen Beruf w\u00e4hlen m\u00fcssen. Bei vielen T\u00e4tigkeiten frage ich mich allerdings, was f\u00fcr einen Sinn die haben. Ich verstehe es, wenn einer die Landwirtschaft oder eine Heilt\u00e4tigkeit zu seinem Beruf macht. Auch dass manche Menschen mit dem Malen von Kunstwerken, Romaneschreiben oder Musikspielen ihren Lebensunterhalt verdienen, leuchtet mir ein. Aber wie kommt es, dass es professionelle Schachspieler gibt, oder Leute, deren Beruf es ist, die Kunstwerke oder Musik anderer zu kritisieren? Ich glaube, dass die Gesellschaft auch ohne solche Berufe auskommen w\u00fcrde.<br \/>\nPenetre: Du meinst, dass Bauern und \u00c4rzte notwendig sind, Schachspieler und Kritiker hingegen nicht? Da irrst du dich! Der Mensch lebt zum Vergn\u00fcgen, und was einen vergn\u00fcgt, ist von Mensch zu Mensch verschieden. F\u00fcr manche gibt es kein gr\u00f6\u00dferes Vergn\u00fcgen als Schach zu spielen, anderen macht es am meisten Spa\u00df, Musik zu h\u00f6ren. Solche Menschen erreichen in der Regel ein h\u00f6heres Niveau beim Schach oder werden zu Kennern der Musik. <b>Es ist also kein Wunder, wenn es Profis gibt, deren besondere F\u00e4higkeiten nur solche Experten zu sch\u00e4tzen wissen.<\/b> Vom Standpunkt des Rests der Welt aus betrachtet mag das merkw\u00fcrdig erscheinen, aber innerhalb des Kreises der Kenner sind die Profis unverzichtbar. Ein Produkt wird nur deshalb hergestellt, weil es jemanden gibt, der es kauft. Schachspieler und Musikkritiker machen ihre Expertise zum Broterwerb. Das geht nur deshalb, weil Kenner bereit sind, daf\u00fcr gutes Geld zu bezahlen. Nur wenn keiner mehr daf\u00fcr zahlt, stirbt der Beruf aus.<\/p>\n","protected":false},"excerpt":{"rendered":"<p>Merkw\u00fcrdige Broterwerbe Ich: Wenn ich gro\u00df bin, werde ich einen Beruf w\u00e4hlen m\u00fcssen. Bei vielen T\u00e4tigkeiten frage ich mich allerdings, was f\u00fcr einen Sinn die haben. Ich verstehe es, wenn einer die Landwirtschaft oder eine Heilt\u00e4tigkeit zu seinem Beruf macht. Auch dass manche Menschen mit dem Malen von Kunstwerken, Romaneschreiben oder Musikspielen ihren Lebensunterhalt verdienen, leuchtet mir ein. Aber wie kommt es, dass es professionelle Schachspieler gibt, oder Leute, deren Beruf es ist, die Kunstwerke oder Musik anderer zu kritisieren? Ich glaube, dass die Gesellschaft auch ohne solche Berufe auskommen w\u00fcrde. Penetre: Du meinst, dass Bauern und \u00c4rzte notwendig sind, Schachspieler und Kritiker hingegen nicht? Da irrst du dich! Der Mensch lebt zum Vergn\u00fcgen, und was einen vergn\u00fcgt, ist von Mensch zu Mensch verschieden. F\u00fcr manche gibt es kein gr\u00f6\u00dferes Vergn\u00fcgen als Schach zu spielen, anderen macht es am meisten Spa\u00df, Musik zu h\u00f6ren. Solche Menschen erreichen in der Regel ein h\u00f6heres Niveau beim Schach oder werden zu Kennern der Musik. Es ist also kein Wunder, wenn es Profis gibt, deren besondere F\u00e4higkeiten nur solche Experten zu sch\u00e4tzen wissen. Vom Standpunkt des Rests der Welt aus betrachtet mag das merkw\u00fcrdig erscheinen, aber innerhalb des Kreises der Kenner sind die Profis unverzichtbar. Ein Produkt wird nur deshalb hergestellt, weil es jemanden gibt, der es kauft. Schachspieler und Musikkritiker machen ihre Expertise zum Broterwerb. Das geht nur deshalb, weil Kenner bereit sind, daf\u00fcr gutes Geld zu bezahlen. Nur wenn keiner mehr daf\u00fcr zahlt, stirbt der Beruf aus.<\/p>\n","protected":false},"author":1,"featured_media":0,"parent":4141,"menu_order":37,"comment_status":"closed","ping_status":"closed","template":"side-navigation.php","meta":{"ngg_post_thumbnail":0,"footnotes":""},"class_list":["post-5478","page","type-page","status-publish","hentry"],"_links":{"self":[{"href":"https:\/\/antaiji.org\/de\/wp-json\/wp\/v2\/pages\/5478","targetHints":{"allow":["GET"]}}],"collection":[{"href":"https:\/\/antaiji.org\/de\/wp-json\/wp\/v2\/pages"}],"about":[{"href":"https:\/\/antaiji.org\/de\/wp-json\/wp\/v2\/types\/page"}],"author":[{"embeddable":true,"href":"https:\/\/antaiji.org\/de\/wp-json\/wp\/v2\/users\/1"}],"replies":[{"embeddable":true,"href":"https:\/\/antaiji.org\/de\/wp-json\/wp\/v2\/comments?post=5478"}],"version-history":[{"count":4,"href":"https:\/\/antaiji.org\/de\/wp-json\/wp\/v2\/pages\/5478\/revisions"}],"predecessor-version":[{"id":17943,"href":"https:\/\/antaiji.org\/de\/wp-json\/wp\/v2\/pages\/5478\/revisions\/17943"}],"up":[{"embeddable":true,"href":"https:\/\/antaiji.org\/de\/wp-json\/wp\/v2\/pages\/4141"}],"wp:attachment":[{"href":"https:\/\/antaiji.org\/de\/wp-json\/wp\/v2\/media?parent=5478"}],"curies":[{"name":"wp","href":"https:\/\/api.w.org\/{rel}","templated":true}]}}