{"id":5816,"date":"2013-06-19T04:41:03","date_gmt":"2013-06-19T04:41:03","guid":{"rendered":"http:\/\/antaiji.org\/?page_id=5816"},"modified":"2013-07-10T19:49:08","modified_gmt":"2013-07-10T19:49:08","slug":"deutsch-yasutomo","status":"publish","type":"page","link":"https:\/\/antaiji.org\/de\/history\/yearbooks\/yearbook-2012\/deutsch-yasutomo\/","title":{"rendered":"Yasutomo"},"content":{"rendered":"<h3>Mein Wunsch<\/h3>\n<p>Mein Wunsche, dass konnte nicht erreicht werden: Er hei\u00dft &#8222;Maybach \u03b2&#8220;, Profi-Wrestler aus Russland. Aber ich nahm ihn ausl\u00e4ndisch Student mit guten K\u00f6rperbau. Weil, ich kenne ein gro\u00dfer Koch mehr. Ich wollte ein Profi-Wrestler oder stark Koch werden.<\/p>\n","protected":false},"excerpt":{"rendered":"<p>Mein Wunsch Mein Wunsche, dass konnte nicht erreicht werden: Er hei\u00dft &#8222;Maybach \u03b2&#8220;, Profi-Wrestler aus Russland. Aber ich nahm ihn ausl\u00e4ndisch Student mit guten K\u00f6rperbau. Weil, ich kenne ein gro\u00dfer Koch mehr. Ich wollte ein Profi-Wrestler oder stark Koch werden.<\/p>\n","protected":false},"author":1,"featured_media":0,"parent":3983,"menu_order":0,"comment_status":"closed","ping_status":"closed","template":"side-navigation.php","meta":{"ngg_post_thumbnail":0,"footnotes":""},"class_list":["post-5816","page","type-page","status-publish","hentry"],"_links":{"self":[{"href":"https:\/\/antaiji.org\/de\/wp-json\/wp\/v2\/pages\/5816","targetHints":{"allow":["GET"]}}],"collection":[{"href":"https:\/\/antaiji.org\/de\/wp-json\/wp\/v2\/pages"}],"about":[{"href":"https:\/\/antaiji.org\/de\/wp-json\/wp\/v2\/types\/page"}],"author":[{"embeddable":true,"href":"https:\/\/antaiji.org\/de\/wp-json\/wp\/v2\/users\/1"}],"replies":[{"embeddable":true,"href":"https:\/\/antaiji.org\/de\/wp-json\/wp\/v2\/comments?post=5816"}],"version-history":[{"count":7,"href":"https:\/\/antaiji.org\/de\/wp-json\/wp\/v2\/pages\/5816\/revisions"}],"predecessor-version":[{"id":7186,"href":"https:\/\/antaiji.org\/de\/wp-json\/wp\/v2\/pages\/5816\/revisions\/7186"}],"up":[{"embeddable":true,"href":"https:\/\/antaiji.org\/de\/wp-json\/wp\/v2\/pages\/3983"}],"wp:attachment":[{"href":"https:\/\/antaiji.org\/de\/wp-json\/wp\/v2\/media?parent=5816"}],"curies":[{"name":"wp","href":"https:\/\/api.w.org\/{rel}","templated":true}]}}