{"id":5867,"date":"2013-06-19T05:45:01","date_gmt":"2013-06-19T05:45:01","guid":{"rendered":"http:\/\/antaiji.org\/?page_id=5867"},"modified":"2013-07-04T19:54:05","modified_gmt":"2013-07-04T19:54:05","slug":"english-werner","status":"publish","type":"page","link":"https:\/\/antaiji.org\/de\/history\/yearbooks\/yearbook-2011\/english-werner\/","title":{"rendered":"Werner"},"content":{"rendered":"<h3>Werner<\/h3>\n<p>one more time,<\/p>\n<p>sumi-masen,<\/p>\n<p>THIS ONE<br \/>\nworking on it,<br \/>\ndaybyday,<\/p>\n<p>this time<br \/>\nthanks to<br \/>\nAi WEiWEi:<\/p>\n<p>Meine Definition von ZEN ist immer dieselbe geblieben.<br \/>\nZEN ist f\u00fcr mich freie Meinungs\u00e4u\u00dferung,<br \/>\neine neue Art zu kommunizieren.<br \/>\nEs geht nicht darum,<br \/>\nin Kl\u00f6stern zu leben,<br \/>\nBuddha, Jesus, Mohamed<br \/>\n(whoever)<br \/>\nzu verehren.<br \/>\nZen sollte in den Herzen der Menschen leben.<br \/>\nUnd normale Leute sollten ZEN genauso verstehen k\u00f6nnen wie jeder andere.<br \/>\nZEN ist keine Angelegenheit f\u00fcr Eliten.<br \/>\nIm \u00dcbrigen lassen sich ZEN und Politik nicht voneinander trennen, nirgendwo.<br \/>\nSchon allein die Absicht, beides voneinander trennen zu wollen, ist politisch.<br \/>\nAber ich kenne durchaus schamlose Leute, die grundlegende Werte aufgegeben haben.<br \/>\nWenn ich diese Art von Religion sehe, sch\u00e4me ich mich.<br \/>\nZEN wird oft als Dekoration behandelt.<br \/>\nEs sieht aus wie ZEN,<br \/>\nes verkauft sich wie ZEN,<br \/>\naber tats\u00e4chlich handelt es sich um ein St\u00fcck Schei\u00dfe.<\/p>\n","protected":false},"excerpt":{"rendered":"<p>Werner one more time, sumi-masen, THIS ONE working on it, daybyday, this time thanks to Ai WEiWEi: Meine Definition von ZEN ist immer dieselbe geblieben. ZEN ist f\u00fcr mich freie Meinungs\u00e4u\u00dferung, eine neue Art zu kommunizieren. Es geht nicht darum, in Kl\u00f6stern zu leben, Buddha, Jesus, Mohamed (whoever) zu verehren. Zen sollte in den Herzen der Menschen leben. Und normale Leute sollten ZEN genauso verstehen k\u00f6nnen wie jeder andere. ZEN ist keine Angelegenheit f\u00fcr Eliten. Im \u00dcbrigen lassen sich ZEN und Politik nicht voneinander trennen, nirgendwo. Schon allein die Absicht, beides voneinander trennen zu wollen, ist politisch. Aber ich kenne durchaus schamlose Leute, die grundlegende Werte aufgegeben haben. Wenn ich diese Art von Religion sehe, sch\u00e4me ich mich. ZEN wird oft als Dekoration behandelt. Es sieht aus wie ZEN, es verkauft sich wie ZEN, aber tats\u00e4chlich handelt es sich um ein St\u00fcck Schei\u00dfe.<\/p>\n","protected":false},"author":1,"featured_media":0,"parent":5733,"menu_order":0,"comment_status":"closed","ping_status":"closed","template":"side-navigation.php","meta":{"ngg_post_thumbnail":0,"footnotes":""},"class_list":["post-5867","page","type-page","status-publish","hentry"],"_links":{"self":[{"href":"https:\/\/antaiji.org\/de\/wp-json\/wp\/v2\/pages\/5867","targetHints":{"allow":["GET"]}}],"collection":[{"href":"https:\/\/antaiji.org\/de\/wp-json\/wp\/v2\/pages"}],"about":[{"href":"https:\/\/antaiji.org\/de\/wp-json\/wp\/v2\/types\/page"}],"author":[{"embeddable":true,"href":"https:\/\/antaiji.org\/de\/wp-json\/wp\/v2\/users\/1"}],"replies":[{"embeddable":true,"href":"https:\/\/antaiji.org\/de\/wp-json\/wp\/v2\/comments?post=5867"}],"version-history":[{"count":6,"href":"https:\/\/antaiji.org\/de\/wp-json\/wp\/v2\/pages\/5867\/revisions"}],"predecessor-version":[{"id":6908,"href":"https:\/\/antaiji.org\/de\/wp-json\/wp\/v2\/pages\/5867\/revisions\/6908"}],"up":[{"embeddable":true,"href":"https:\/\/antaiji.org\/de\/wp-json\/wp\/v2\/pages\/5733"}],"wp:attachment":[{"href":"https:\/\/antaiji.org\/de\/wp-json\/wp\/v2\/media?parent=5867"}],"curies":[{"name":"wp","href":"https:\/\/api.w.org\/{rel}","templated":true}]}}