{"id":5871,"date":"2013-06-19T05:49:41","date_gmt":"2013-06-19T05:49:41","guid":{"rendered":"http:\/\/antaiji.org\/?page_id=5871"},"modified":"2013-11-25T20:32:28","modified_gmt":"2013-11-25T20:32:28","slug":"deutsch-dirk","status":"publish","type":"page","link":"https:\/\/antaiji.org\/de\/history\/yearbooks\/yearbook-2011\/deutsch-dirk\/","title":{"rendered":"Marcus"},"content":{"rendered":"<h3>Marcus<\/h3>\n<p><tt>Antaiji; Kloster des Friedens, hier kann jeder seinen Frieden finden aber genauso gut seinen Hass kultivieren, wie wohl \u00fcberall auf der Welt.<br \/>\nMann nimmt sich immer selbst mit und somit finde ich das vor, was in mir schlummert.<br \/>\nBei K\u00e4lte, langer Arbeit, immer die gleichen Leute und die Schmerzen beim Zazen, kann schon mal die Frage aufkommen, was mache ich hier eigentlich?<br \/>\nWas bringt es mir also im Antaiji zu leben?<br \/>\nEine Motivation k\u00f6nnte sein, dass mich die Welt in der ich lebe nicht ausf\u00fcllt, dass meine Ziele, wenn ich sie erreicht habe entt\u00e4uschen.<br \/>\nWer sich auf den Weg macht, stellt \u00fcber kurz oder lang fest, dass es nicht um Individualit\u00e4t geht und das die W\u00fcnsche, die auf diese angelegt sind, wenn \u00fcberhaupt, nur kurz gl\u00fccklich machen.<br \/>\nIm Antaiji mit Muho und dem Sangha, gibt es die M\u00f6glichkeit diese Individualit\u00e4t ein St\u00fcck weit im t\u00e4glichen Leben hinter sich zu lassen.<\/p>\n<p>Es gr\u00fc\u00dft Euch alle Daishin.<\/tt><\/p>\n","protected":false},"excerpt":{"rendered":"<p>Marcus Antaiji; Kloster des Friedens, hier kann jeder seinen Frieden finden aber genauso gut seinen Hass kultivieren, wie wohl \u00fcberall auf der Welt. Mann nimmt sich immer selbst mit und somit finde ich das vor, was in mir schlummert. Bei K\u00e4lte, langer Arbeit, immer die gleichen Leute und die Schmerzen beim Zazen, kann schon mal die Frage aufkommen, was mache ich hier eigentlich? Was bringt es mir also im Antaiji zu leben? Eine Motivation k\u00f6nnte sein, dass mich die Welt in der ich lebe nicht ausf\u00fcllt, dass meine Ziele, wenn ich sie erreicht habe entt\u00e4uschen. Wer sich auf den Weg macht, stellt \u00fcber kurz oder lang fest, dass es nicht um Individualit\u00e4t geht und das die W\u00fcnsche, die auf diese angelegt sind, wenn \u00fcberhaupt, nur kurz gl\u00fccklich machen. Im Antaiji mit Muho und dem Sangha, gibt es die M\u00f6glichkeit diese Individualit\u00e4t ein St\u00fcck weit im t\u00e4glichen Leben hinter sich zu lassen. Es gr\u00fc\u00dft Euch alle Daishin.<\/p>\n","protected":false},"author":1,"featured_media":0,"parent":5733,"menu_order":0,"comment_status":"closed","ping_status":"closed","template":"side-navigation.php","meta":{"ngg_post_thumbnail":0,"footnotes":""},"class_list":["post-5871","page","type-page","status-publish","hentry"],"_links":{"self":[{"href":"https:\/\/antaiji.org\/de\/wp-json\/wp\/v2\/pages\/5871","targetHints":{"allow":["GET"]}}],"collection":[{"href":"https:\/\/antaiji.org\/de\/wp-json\/wp\/v2\/pages"}],"about":[{"href":"https:\/\/antaiji.org\/de\/wp-json\/wp\/v2\/types\/page"}],"author":[{"embeddable":true,"href":"https:\/\/antaiji.org\/de\/wp-json\/wp\/v2\/users\/1"}],"replies":[{"embeddable":true,"href":"https:\/\/antaiji.org\/de\/wp-json\/wp\/v2\/comments?post=5871"}],"version-history":[{"count":7,"href":"https:\/\/antaiji.org\/de\/wp-json\/wp\/v2\/pages\/5871\/revisions"}],"predecessor-version":[{"id":6917,"href":"https:\/\/antaiji.org\/de\/wp-json\/wp\/v2\/pages\/5871\/revisions\/6917"}],"up":[{"embeddable":true,"href":"https:\/\/antaiji.org\/de\/wp-json\/wp\/v2\/pages\/5733"}],"wp:attachment":[{"href":"https:\/\/antaiji.org\/de\/wp-json\/wp\/v2\/media?parent=5871"}],"curies":[{"name":"wp","href":"https:\/\/api.w.org\/{rel}","templated":true}]}}