{"id":5875,"date":"2013-06-19T05:51:39","date_gmt":"2013-06-19T05:51:39","guid":{"rendered":"http:\/\/antaiji.org\/?page_id=5875"},"modified":"2013-07-04T20:06:27","modified_gmt":"2013-07-04T20:06:27","slug":"deutsch-tairin","status":"publish","type":"page","link":"https:\/\/antaiji.org\/de\/history\/yearbooks\/yearbook-2011\/deutsch-tairin\/","title":{"rendered":"Tairin"},"content":{"rendered":"<h3>Die Wiederkunft zur Ewigkeit<\/h3>\n<h4><b>Tairin<\/b><\/h4>\n<p><tt>Im Februar war ich in Antaiji. Obwohl es zu sehr schneitet, alles ging gut dort. Aber ich war auf dem Weg nach Antaiji fast gestorben. Mein Geburtstag w\u00e4re fast Todestag geworden. Es schaudertet mich vor Furcht. Ich w\u00fcnschte nicht Tod! Nach einer Weile fand ich das Flimmern der Sterne sehr sch\u00f6n war, die Kammlinie aus der Dunkelheit tauchtet, es sehr ruhig war. Dann war ich sicher Etwas gefunden. Das war gar nicht nur die Fu\u00dfspur des Dochos!<\/p>\n<p>Ich w\u00fcnsche mein Ketten Fahrzeug als Schneewagen arbeitet.<\/tt><\/p>\n","protected":false},"excerpt":{"rendered":"<p>Die Wiederkunft zur Ewigkeit Tairin Im Februar war ich in Antaiji. Obwohl es zu sehr schneitet, alles ging gut dort. Aber ich war auf dem Weg nach Antaiji fast gestorben. Mein Geburtstag w\u00e4re fast Todestag geworden. Es schaudertet mich vor Furcht. Ich w\u00fcnschte nicht Tod! Nach einer Weile fand ich das Flimmern der Sterne sehr sch\u00f6n war, die Kammlinie aus der Dunkelheit tauchtet, es sehr ruhig war. Dann war ich sicher Etwas gefunden. Das war gar nicht nur die Fu\u00dfspur des Dochos! Ich w\u00fcnsche mein Ketten Fahrzeug als Schneewagen arbeitet.<\/p>\n","protected":false},"author":1,"featured_media":0,"parent":5733,"menu_order":0,"comment_status":"closed","ping_status":"closed","template":"side-navigation.php","meta":{"ngg_post_thumbnail":0,"footnotes":""},"class_list":["post-5875","page","type-page","status-publish","hentry"],"_links":{"self":[{"href":"https:\/\/antaiji.org\/de\/wp-json\/wp\/v2\/pages\/5875","targetHints":{"allow":["GET"]}}],"collection":[{"href":"https:\/\/antaiji.org\/de\/wp-json\/wp\/v2\/pages"}],"about":[{"href":"https:\/\/antaiji.org\/de\/wp-json\/wp\/v2\/types\/page"}],"author":[{"embeddable":true,"href":"https:\/\/antaiji.org\/de\/wp-json\/wp\/v2\/users\/1"}],"replies":[{"embeddable":true,"href":"https:\/\/antaiji.org\/de\/wp-json\/wp\/v2\/comments?post=5875"}],"version-history":[{"count":9,"href":"https:\/\/antaiji.org\/de\/wp-json\/wp\/v2\/pages\/5875\/revisions"}],"predecessor-version":[{"id":6662,"href":"https:\/\/antaiji.org\/de\/wp-json\/wp\/v2\/pages\/5875\/revisions\/6662"}],"up":[{"embeddable":true,"href":"https:\/\/antaiji.org\/de\/wp-json\/wp\/v2\/pages\/5733"}],"wp:attachment":[{"href":"https:\/\/antaiji.org\/de\/wp-json\/wp\/v2\/media?parent=5875"}],"curies":[{"name":"wp","href":"https:\/\/api.w.org\/{rel}","templated":true}]}}