{"id":5938,"date":"2013-06-19T06:46:02","date_gmt":"2013-06-19T06:46:02","guid":{"rendered":"http:\/\/antaiji.org\/?page_id=5938"},"modified":"2013-07-04T19:51:24","modified_gmt":"2013-07-04T19:51:24","slug":"deutsch-stefan-2","status":"publish","type":"page","link":"https:\/\/antaiji.org\/de\/history\/yearbooks\/yearbook-2010\/deutsch-stefan-2\/","title":{"rendered":"Stefan"},"content":{"rendered":"<h3>Wandel<\/h3>\n<h4><b>Stefan (M\u00fcnchen, 24, B\u00fccherwurm)<\/b><\/h4>\n<p><tt>Meditieren ist nicht einfach<br \/>\nUnd auf jeden Fall ein Stress<br \/>\nHindernis? Probier es zehnfach<br \/>\nOhne es man wohl nicht s\u00e4\u00df<\/p>\n<p>M\u00fc\u00dfiggang erscheint als Laster<br \/>\nUebertrieben, sagt der Abt<br \/>\nHohe Kunst und kein Desaster<br \/>\nOb's einen hinhaut oder klappt<\/p>\n<p>Meditieren ist ganz einfach<br \/>\nUnd auf jeden Fall kein Stress<br \/>\nHindernis geh\u00f6rt ins Zen-Fach<br \/>\nOb's mal leer wird? Das selbst vergess.<\/tt><\/p>\n","protected":false},"excerpt":{"rendered":"<p>Wandel Stefan (M\u00fcnchen, 24, B\u00fccherwurm) Meditieren ist nicht einfach Und auf jeden Fall ein Stress Hindernis? Probier es zehnfach Ohne es man wohl nicht s\u00e4\u00df M\u00fc\u00dfiggang erscheint als Laster Uebertrieben, sagt der Abt Hohe Kunst und kein Desaster Ob&#8217;s einen hinhaut oder klappt Meditieren ist ganz einfach Und auf jeden Fall kein Stress Hindernis geh\u00f6rt ins Zen-Fach Ob&#8217;s mal leer wird? Das selbst vergess.<\/p>\n","protected":false},"author":1,"featured_media":0,"parent":5731,"menu_order":0,"comment_status":"closed","ping_status":"closed","template":"side-navigation.php","meta":{"ngg_post_thumbnail":0,"footnotes":""},"class_list":["post-5938","page","type-page","status-publish","hentry"],"_links":{"self":[{"href":"https:\/\/antaiji.org\/de\/wp-json\/wp\/v2\/pages\/5938","targetHints":{"allow":["GET"]}}],"collection":[{"href":"https:\/\/antaiji.org\/de\/wp-json\/wp\/v2\/pages"}],"about":[{"href":"https:\/\/antaiji.org\/de\/wp-json\/wp\/v2\/types\/page"}],"author":[{"embeddable":true,"href":"https:\/\/antaiji.org\/de\/wp-json\/wp\/v2\/users\/1"}],"replies":[{"embeddable":true,"href":"https:\/\/antaiji.org\/de\/wp-json\/wp\/v2\/comments?post=5938"}],"version-history":[{"count":8,"href":"https:\/\/antaiji.org\/de\/wp-json\/wp\/v2\/pages\/5938\/revisions"}],"predecessor-version":[{"id":9030,"href":"https:\/\/antaiji.org\/de\/wp-json\/wp\/v2\/pages\/5938\/revisions\/9030"}],"up":[{"embeddable":true,"href":"https:\/\/antaiji.org\/de\/wp-json\/wp\/v2\/pages\/5731"}],"wp:attachment":[{"href":"https:\/\/antaiji.org\/de\/wp-json\/wp\/v2\/media?parent=5938"}],"curies":[{"name":"wp","href":"https:\/\/api.w.org\/{rel}","templated":true}]}}