{"id":5945,"date":"2013-06-19T06:48:47","date_gmt":"2013-06-19T06:48:47","guid":{"rendered":"http:\/\/antaiji.org\/?page_id=5945"},"modified":"2013-06-30T14:00:36","modified_gmt":"2013-06-30T14:00:36","slug":"deutsch-daishin","status":"publish","type":"page","link":"https:\/\/antaiji.org\/de\/history\/yearbooks\/yearbook-2010\/deutsch-daishin\/","title":{"rendered":"Daishin"},"content":{"rendered":"<h3>Daishin (43, Triepkendorf)<\/h3>\n<p>Mal wieder mit Antaiji-Leuten sitzen\u2026.<\/p>\n<p>Docho, Tomomi, Megumi, und Hikaru waren zum zweiten mal w\u00e4hrend Ihrer Deutschland-Reise bei uns im Tenzo Gasthof. Diesmal sa\u00dfen wir ein Mini-Mini-Sesshin in der Dorfturnhalle mit ein paar aus der Antaiji-Familie und Leuten aus der Umgebung. Nach dem Sitzen gab es eine kleine Abk\u00fchlung im nahe gelegenen See. Mit Lagerfeuer, W\u00fcrstchen und Sushi von Tomomi neigte sich der Tag dem Ende zu. Der Besuch Dochos und seiner Familie erweckte in mir mein Antaiji-Gef\u00fchl, nicht nur wegen Dochos Mitbringsel, den Schlangen-Schnaps, der jetzt f\u00fcr die mutigen G\u00e4ste auf dem Tresen des Gasthofes bereit steht. Prost.<\/p>\n<p>Noch etwas Geistiges:<\/p>\n<p>Ich glaube wir f\u00fchlen uns oft getrennt und verloren, weil wir unser Denksystem so konditioniert haben. Ich meine damit, dass wir uns als getrennt von allem sehen und dadurch viel Irrsinn entsteht. Die Folge w\u00e4re ja, wenn man das f\u00fcr sich erkennt, dass man das jetzige Denksystem aufgibt und ein anderes installiert, welches nicht auf Trennung basiert. Die Frage w\u00e4re dann, wie? Wie kann ich das Denksystem, mit all meinen Werten und Mustern \u00e4ndern, das sich mein \u201eIch\u201c nicht st\u00e4ndig behaupten muss und gegen alles Krieg f\u00fchren muss. Ich glaube nur durch kontinuierliche, unverkrampfte Disziplin und mit anderen zusammen, ist es m\u00f6glich das Ego-Denksystem zu durchschauen und andere Wege zu probieren. Ob so ein Weg unbedingt hart sein muss wage ich mittlerweile zu bezweifeln, jedoch sind extreme Erfahrungen manchmal hilfreich, um gedachte Grenzen zu verschieben.<\/p>\n<div style=\"max-width:600px;max-height:360px;\"><div class=\"video-shortcode\"><iframe loading=\"lazy\" title=\"YouTube video player\" width=\"600\" height=\"360\" src=\"http:\/\/www.youtube.com\/embed\/KHSkv_zdr7w?wmode=transparent\" frameborder=\"0\" allowfullscreen><\/iframe><\/div><\/div>\n<p>&nbsp;<\/p>\n","protected":false},"excerpt":{"rendered":"<p>Daishin (43, Triepkendorf) Mal wieder mit Antaiji-Leuten sitzen\u2026. Docho, Tomomi, Megumi, und Hikaru waren zum zweiten mal w\u00e4hrend Ihrer Deutschland-Reise bei uns im Tenzo Gasthof. Diesmal sa\u00dfen wir ein Mini-Mini-Sesshin in der Dorfturnhalle mit ein paar aus der Antaiji-Familie und Leuten aus der Umgebung. Nach dem Sitzen gab es eine kleine Abk\u00fchlung im nahe gelegenen See. Mit Lagerfeuer, W\u00fcrstchen und Sushi von Tomomi neigte sich der Tag dem Ende zu. Der Besuch Dochos und seiner Familie erweckte in mir mein Antaiji-Gef\u00fchl, nicht nur wegen Dochos Mitbringsel, den Schlangen-Schnaps, der jetzt f\u00fcr die mutigen G\u00e4ste auf dem Tresen des Gasthofes bereit steht. Prost. Noch etwas Geistiges: Ich glaube wir f\u00fchlen uns oft getrennt und verloren, weil wir unser Denksystem so konditioniert haben. Ich meine damit, dass wir uns als getrennt von allem sehen und dadurch viel Irrsinn entsteht. Die Folge w\u00e4re ja, wenn man das f\u00fcr sich erkennt, dass man das jetzige Denksystem aufgibt und ein anderes installiert, welches nicht auf Trennung basiert. Die Frage w\u00e4re dann, wie? Wie kann ich das Denksystem, mit all meinen Werten und Mustern \u00e4ndern, das sich mein \u201eIch\u201c nicht st\u00e4ndig behaupten muss und gegen alles Krieg f\u00fchren muss. Ich glaube nur durch kontinuierliche, unverkrampfte Disziplin und mit anderen zusammen, ist es m\u00f6glich das Ego-Denksystem zu durchschauen und andere Wege zu probieren. Ob so ein Weg unbedingt hart sein muss wage ich mittlerweile zu bezweifeln, jedoch sind extreme Erfahrungen manchmal hilfreich, um gedachte Grenzen zu verschieben. &nbsp;<\/p>\n","protected":false},"author":1,"featured_media":0,"parent":5731,"menu_order":0,"comment_status":"closed","ping_status":"closed","template":"side-navigation.php","meta":{"ngg_post_thumbnail":0,"footnotes":""},"class_list":["post-5945","page","type-page","status-publish","hentry"],"_links":{"self":[{"href":"https:\/\/antaiji.org\/de\/wp-json\/wp\/v2\/pages\/5945","targetHints":{"allow":["GET"]}}],"collection":[{"href":"https:\/\/antaiji.org\/de\/wp-json\/wp\/v2\/pages"}],"about":[{"href":"https:\/\/antaiji.org\/de\/wp-json\/wp\/v2\/types\/page"}],"author":[{"embeddable":true,"href":"https:\/\/antaiji.org\/de\/wp-json\/wp\/v2\/users\/1"}],"replies":[{"embeddable":true,"href":"https:\/\/antaiji.org\/de\/wp-json\/wp\/v2\/comments?post=5945"}],"version-history":[{"count":4,"href":"https:\/\/antaiji.org\/de\/wp-json\/wp\/v2\/pages\/5945\/revisions"}],"predecessor-version":[{"id":6674,"href":"https:\/\/antaiji.org\/de\/wp-json\/wp\/v2\/pages\/5945\/revisions\/6674"}],"up":[{"embeddable":true,"href":"https:\/\/antaiji.org\/de\/wp-json\/wp\/v2\/pages\/5731"}],"wp:attachment":[{"href":"https:\/\/antaiji.org\/de\/wp-json\/wp\/v2\/media?parent=5945"}],"curies":[{"name":"wp","href":"https:\/\/api.w.org\/{rel}","templated":true}]}}