{"id":6636,"date":"2013-06-30T06:29:14","date_gmt":"2013-06-30T06:29:14","guid":{"rendered":"http:\/\/antaiji.org\/?page_id=6636"},"modified":"2019-04-01T07:23:55","modified_gmt":"2019-04-01T07:23:55","slug":"photos","status":"publish","type":"page","link":"https:\/\/antaiji.org\/de\/photos\/","title":{"rendered":"Fotos"},"content":{"rendered":"<h3>Antaiji Fotoalben<\/h3>\n<p><code>[expand title=\"Was zum Teufel haben diese Photos mit dem wirklichen Leben in Antaiji zu tun?!\"]Viele, die unsere Homepage lesen, finden das, was sie da \u00fcber Zazen und die Arbeit lesen, ziemlich streng. Wie kommt es dann, dass auf diesen Photos es sich die Leute gut gehen lassen und die Natur genie\u00dfen?<\/p>\n<p>Ein offensichtlicher Grund ist, dass diese Aufnahmen w\u00e4hrend unserer Freizeit gemacht wurden. Wir haben keine Kamera dabei, wenn wir die H\u00f6lle eines Sesshin durchsitzen oder von der Arbeit in Schwei\u00df gebadet sind. Photos werden w\u00e4hrend der Partys gemacht, oder an einem gem\u00fctlichen Nachmittag an einem freien Tag. Obwohl die Homepage davon spricht, dass wir bereit sein m\u00fcssen, auf dem Zafu zu sterben, und dass die Arbeit ersch\u00f6pfend ist, gibt es doch Zeiten, wo sich die Leute hier in der Natur vergn\u00fcgen.<\/p>\n<p>Das bedeutet nat\u00fcrlich nicht, dass es die andere Seite, die Du nicht auf diesen Bildern findest, nicht gibt. Wir haben blo\u00df anderes zu tun, als Photos zu knippsen, wenn es hart auf hart kommt. Au\u00dferdem wird ein Gro\u00dfteil der \"H\u00e4rte\", die wir hier im t\u00e4glichen Leben erfahren, nicht so sehr von dem Zazen oder der Arbeit selbst verursacht, als von unserem Geist, der sich weigert, unser Leben so zu akzeptieren wie es ist. Wir k\u00e4mpfen mehr mit inneren Widerst\u00e4nden als mit irgendetwas anderem, und wir sind stets auf der Suche nach etwas anderem, was uns mehr Befriedigung verschafft. Deshalb sind diese Bilder vielleicht vielversprechend f\u00fcr den, der Antaiji nur vom Computer-Screen kennt, w\u00e4hrend sie f\u00fcr die, die hier tats\u00e4chlich leben, nichts Besonderes darstellen, denn f\u00fcr uns ist das Leben hier bereits eine Realit\u00e4t, kein Traum von einem besseren Ort an einer anderen Ecke dieses Planeten.<\/p>\n<p>Falls Du jemals hierher kommst, wirst vielleicht auch Du nach einiger Zeit entt\u00e4uscht feststellen, dass das Leben hier nicht so \"befriedigend\" ist, wie Du es Dir beim Betrachten der Photos vorgestellt hattest. Realit\u00e4t unterscheidet sich immer von unserem Bild von ihr, und Antaiji ist keine Vorstellung in unserem Geist, sondern eine Wirklichkeit, die oft das, was wir uns von der Wirklichkeit erhoffen, entt\u00e4uscht und unsere Vorstellungen auf die F\u00fc\u00dfe stellt.[\/expand]<\/code><\/p>\n<p>[child_pages size=&#8220;thumbnail&#8220; width=&#8220;25%&#8220;]<\/p>\n","protected":false},"excerpt":{"rendered":"<p>Antaiji Fotoalben [expand title=&#8220;Was zum Teufel haben diese Photos mit dem wirklichen Leben in Antaiji zu tun?!&#8220;]Viele, die unsere Homepage lesen, finden das, was sie da \u00fcber Zazen und die Arbeit lesen, ziemlich streng. Wie kommt es dann, dass auf diesen Photos es sich die Leute gut gehen lassen und die Natur genie\u00dfen? Ein offensichtlicher Grund ist, dass diese Aufnahmen w\u00e4hrend unserer Freizeit gemacht wurden. Wir haben keine Kamera dabei, wenn wir die H\u00f6lle eines Sesshin durchsitzen oder von der Arbeit in Schwei\u00df gebadet sind. Photos werden w\u00e4hrend der Partys gemacht, oder an einem gem\u00fctlichen Nachmittag an einem freien Tag. Obwohl die Homepage davon spricht, dass wir bereit sein m\u00fcssen, auf dem Zafu zu sterben, und dass die Arbeit ersch\u00f6pfend ist, gibt es doch Zeiten, wo sich die Leute hier in der Natur vergn\u00fcgen. Das bedeutet nat\u00fcrlich nicht, dass es die andere Seite, die Du nicht auf diesen Bildern findest, nicht gibt. Wir haben blo\u00df anderes zu tun, als Photos zu knippsen, wenn es hart auf hart kommt. Au\u00dferdem wird ein Gro\u00dfteil der &#8222;H\u00e4rte&#8220;, die wir hier im t\u00e4glichen Leben erfahren, nicht so sehr von dem Zazen oder der Arbeit selbst verursacht, als von unserem Geist, der sich weigert, unser Leben so zu akzeptieren wie es ist. Wir k\u00e4mpfen mehr mit inneren Widerst\u00e4nden als mit irgendetwas anderem, und wir sind stets auf der Suche nach etwas anderem, was uns mehr Befriedigung verschafft. Deshalb sind diese Bilder vielleicht vielversprechend f\u00fcr den, der Antaiji nur vom Computer-Screen kennt, w\u00e4hrend sie f\u00fcr die, die hier tats\u00e4chlich leben, nichts Besonderes darstellen, denn f\u00fcr uns ist das Leben hier bereits eine Realit\u00e4t, kein Traum von einem besseren Ort an einer anderen Ecke dieses Planeten. Falls Du jemals hierher kommst, wirst [&hellip;]<\/p>\n","protected":false},"author":1,"featured_media":0,"parent":0,"menu_order":60,"comment_status":"closed","ping_status":"closed","template":"full-width.php","meta":{"ngg_post_thumbnail":0,"footnotes":""},"class_list":["post-6636","page","type-page","status-publish","hentry"],"_links":{"self":[{"href":"https:\/\/antaiji.org\/de\/wp-json\/wp\/v2\/pages\/6636","targetHints":{"allow":["GET"]}}],"collection":[{"href":"https:\/\/antaiji.org\/de\/wp-json\/wp\/v2\/pages"}],"about":[{"href":"https:\/\/antaiji.org\/de\/wp-json\/wp\/v2\/types\/page"}],"author":[{"embeddable":true,"href":"https:\/\/antaiji.org\/de\/wp-json\/wp\/v2\/users\/1"}],"replies":[{"embeddable":true,"href":"https:\/\/antaiji.org\/de\/wp-json\/wp\/v2\/comments?post=6636"}],"version-history":[{"count":12,"href":"https:\/\/antaiji.org\/de\/wp-json\/wp\/v2\/pages\/6636\/revisions"}],"predecessor-version":[{"id":15512,"href":"https:\/\/antaiji.org\/de\/wp-json\/wp\/v2\/pages\/6636\/revisions\/15512"}],"wp:attachment":[{"href":"https:\/\/antaiji.org\/de\/wp-json\/wp\/v2\/media?parent=6636"}],"curies":[{"name":"wp","href":"https:\/\/api.w.org\/{rel}","templated":true}]}}