{"id":69,"date":"2012-07-31T02:15:48","date_gmt":"2012-07-31T02:15:48","guid":{"rendered":"http:\/\/theme-fusion.com\/avada\/?page_id=69"},"modified":"2025-02-26T05:26:15","modified_gmt":"2025-02-26T05:26:15","slug":"about","status":"publish","type":"page","link":"https:\/\/antaiji.org\/de\/history\/about\/","title":{"rendered":"\u00dcber Antaiji"},"content":{"rendered":"<div id=\"metaslider-id-10317\" style=\"width: 100%;\" class=\"ml-slider-3-106-0 metaslider metaslider-nivo metaslider-10317 ml-slider ms-theme-default\" role=\"region\" aria-label=\"Retreat\" data-height=\"350\" data-width=\"960\">\n    <div id=\"metaslider_container_10317\">\n        <div class='slider-wrapper theme-default'><div class='ribbon'><\/div><div id='metaslider_10317' class='nivoSlider'><img loading=\"lazy\" decoding=\"async\" src=\"https:\/\/antaiji.org\/wp-content\/uploads\/2013\/06\/slider_\u00a9Huebner_1705.jpg\" height=\"350\" width=\"960\" alt=\"\" class=\"slider-10317 slide-5371 msDefaultImage\" \/><img loading=\"lazy\" decoding=\"async\" src=\"https:\/\/antaiji.org\/wp-content\/uploads\/2014\/10\/slider_\u00a9Huebner_201406_8268_C7.jpg\" height=\"350\" width=\"960\" alt=\"\" class=\"slider-10317 slide-11451 msDefaultImage\" \/><img loading=\"lazy\" decoding=\"async\" src=\"https:\/\/antaiji.org\/wp-content\/uploads\/2013\/06\/slider_\u00a9Huebner_2368.jpg\" height=\"350\" width=\"960\" alt=\"\" class=\"slider-10317 slide-5387 msDefaultImage\" \/><img loading=\"lazy\" decoding=\"async\" src=\"https:\/\/antaiji.org\/wp-content\/uploads\/2013\/06\/slider_\u00a9Huebner_1258.jpg\" height=\"350\" width=\"960\" title=\"\u30cd\u30eb\u30b1\u7121\u65b9 \u8b1b\u6f14\u4e88\u5b9a\" alt=\"\" class=\"slider-10317 slide-5345 msDefaultImage\" \/><img loading=\"lazy\" decoding=\"async\" src=\"https:\/\/antaiji.org\/wp-content\/uploads\/2013\/06\/slider_\u00a9Huebner_3159.jpg\" height=\"350\" width=\"960\" alt=\"\" class=\"slider-10317 slide-5412 msDefaultImage\" \/><img loading=\"lazy\" decoding=\"async\" src=\"https:\/\/antaiji.org\/wp-content\/uploads\/2013\/10\/slider_\u00a9Huebner_2013aug_0841c1.jpg\" height=\"350\" width=\"960\" alt=\"\" class=\"slider-10317 slide-8299 msDefaultImage\" \/><img loading=\"lazy\" decoding=\"async\" src=\"https:\/\/antaiji.org\/wp-content\/uploads\/2013\/06\/slider_\u00a9Huebner_1167.jpg\" height=\"350\" width=\"960\" alt=\"\" class=\"slider-10317 slide-5339 msDefaultImage\" \/><img loading=\"lazy\" decoding=\"async\" src=\"https:\/\/antaiji.org\/wp-content\/uploads\/2013\/10\/slider_\u00a9Huebner_2013aug_1369c2.jpg\" height=\"350\" width=\"960\" alt=\"\" class=\"slider-10317 slide-8358 msDefaultImage\" \/><img loading=\"lazy\" decoding=\"async\" src=\"https:\/\/antaiji.org\/wp-content\/uploads\/2014\/10\/slider_\u00a9Huebner_201406_0672_C10b.jpg\" height=\"350\" width=\"960\" alt=\"\" class=\"slider-10317 slide-11379 msDefaultImage\" \/><img loading=\"lazy\" decoding=\"async\" src=\"https:\/\/antaiji.org\/wp-content\/uploads\/2013\/10\/slider_\u00a9Huebner_2013aug_1297c2.jpg\" height=\"350\" width=\"960\" alt=\"\" class=\"slider-10317 slide-8346 msDefaultImage\" \/><img loading=\"lazy\" decoding=\"async\" src=\"https:\/\/antaiji.org\/wp-content\/uploads\/2013\/10\/slider_\u00a9Huebner_2013aug_1435c2.jpg\" height=\"350\" width=\"960\" alt=\"\" class=\"slider-10317 slide-8361 msDefaultImage\" \/><img loading=\"lazy\" decoding=\"async\" src=\"https:\/\/antaiji.org\/wp-content\/uploads\/2013\/10\/slider_\u00a9Huebner_2013aug_0607.jpg\" height=\"350\" width=\"960\" alt=\"\" class=\"slider-10317 slide-8281 msDefaultImage\" \/><img loading=\"lazy\" decoding=\"async\" src=\"https:\/\/antaiji.org\/wp-content\/uploads\/2013\/10\/slider_\u00a9Huebner_2013aug_0940c2.jpg\" height=\"350\" width=\"960\" alt=\"\" class=\"slider-10317 slide-8308 msDefaultImage\" \/><img loading=\"lazy\" decoding=\"async\" src=\"https:\/\/antaiji.org\/wp-content\/uploads\/2013\/06\/slider_\u00a9Huebner_1262.jpg\" height=\"350\" width=\"960\" alt=\"\" class=\"slider-10317 slide-5346 msDefaultImage\" \/><img loading=\"lazy\" decoding=\"async\" src=\"https:\/\/antaiji.org\/wp-content\/uploads\/2014\/10\/slider_\u00a9Huebner_201406_8000_C7.jpg\" height=\"350\" width=\"960\" alt=\"\" class=\"slider-10317 slide-11438 msDefaultImage\" \/><img loading=\"lazy\" decoding=\"async\" src=\"https:\/\/antaiji.org\/wp-content\/uploads\/2014\/10\/slider_\u00a9Huebner_201406_0269_C10.jpg\" height=\"350\" width=\"960\" alt=\"Blackboard\" class=\"slider-10317 slide-11339 msDefaultImage\" \/><img loading=\"lazy\" decoding=\"async\" src=\"https:\/\/antaiji.org\/wp-content\/uploads\/2014\/10\/slider_\u00a9Huebner_201406_8636_C8.jpg\" height=\"350\" width=\"960\" alt=\"\" class=\"slider-10317 slide-11495 msDefaultImage\" \/><img loading=\"lazy\" decoding=\"async\" src=\"https:\/\/antaiji.org\/wp-content\/uploads\/2013\/06\/slider_\u00a9Huebner_1255.jpg\" height=\"350\" width=\"960\" alt=\"\" class=\"slider-10317 slide-5344 msDefaultImage\" \/><img loading=\"lazy\" decoding=\"async\" src=\"https:\/\/antaiji.org\/wp-content\/uploads\/2013\/06\/slider_\u00a9Huebner_1589.jpg\" height=\"350\" width=\"960\" alt=\"\" class=\"slider-10317 slide-5525 msDefaultImage\" \/><\/div><\/div>\n        \n    <\/div>\n<\/div>\n<h3>Du bist Antaiji!<\/h3>\n<p>\nAntaiji widmet sich der Zen-Praxis als einem nat\u00fcrlichen Ausdruck des t\u00e4glichen Lebens. Zazen und Arbeit sind nicht einfach nur ein Teil des Lebens in Antaiji: Vielmehr sind es die 24 Stunden jedes einzelnen Tages, den du hier verbringst, die eine Manifestation von Zen sein m\u00fcssen. In Antaiji werden dar\u00fcber hinaus keine spirituellen Praktiken oder Meditationstechniken angeboten. Es geht nicht darum, fern\u00f6stlichen Mysterien auf den Grund zu gehen, okkulte Erfahrungen zu haben oder einfach einen Geschmack von japanischer Kultur zu bekommen.<\/p>\n<p>Der Punkt ist es, unser eigenes Leben als Bodhisattva-\u00dcbung zu verstehen und zu praktizieren. Obwohl alle in der Gemeinschaft ihr Bestes geben m\u00fcssen, um ein harmonisches Zusammenleben zu erm\u00f6glichen, ist gleichzeitig jeder f\u00fcr seine \u00dcbung nur ganz allein verantwortlich. Niemand wird deinen Hintern f\u00fcr dich abwischen. Du musst dir selbst klar \u00fcber die Grundlage deiner \u00dcbung sein und \u00fcber den Grund, der dich hierher bringt. Wenn du irgendetwas anderes von deinem Aufenthalt in Antaiji erwartest, als was dir das Leben in jedem einzelnen Moment zu bieten hat, wirst du entt\u00e4uscht werden. \u00dcberlege dir deshalb, was du hier suchst &#8211; t\u00e4usche dich nicht selbst und auch nicht die anderen.<\/p>\n<p>Das Leben hier besteht aus Zazen, harter Arbeit zur Selbstversorgung und Studium. Wer zwischen 18 und 40 Jahren alt ist, mindestens drei Jahre Zen in der Tradition von Dogen Zenji praktizieren will und daf&uuml;r auch bereits ein wenig Japanisch spricht, ist in Antaiji willkommen.<\/p>\n<p>Wir verlangen kein Geld f\u00fcr den langfristigen Aufenthalt im Kloster, doch Spenden sind willkommen und notwendig, um Antaiji zu erhalten. Genauere Informationen zur <a href=\"https:\/\/antaiji.org\/de\/practice\/support\/\">Unterst\u00fctzung<\/a> und zum <a href=\"https:\/\/antaiji.org\/de\/practice\/residency\/>Aufenthalt im Kloster<\/a> findest du auf den entsprechenden Seiten.<\/p>\n<p>Wer nicht langfristig zu uns kommen kann, hat die M&ouml;glichkeit an einem 5-t&auml;gigen (kostenpflichtigen) Retreat vom <a title=\"contact\" href=\"https:\/\/antaiji.org\/de\/practice\/tenzo\">1. bis 6. Mai<\/a> oder vom <a title=\"contact\" href=\"https:\/\/antaiji.org\/de\/practice\/summer-retreat\/\">6. bis 11. Juli<\/a> teilzunehmen.<\/p>\n<p> Wer sich einiges zutraut, ist auch zum Sesshin vom <a title=\"contact\" href=\"https:\/\/antaiji.org\/de\/practice\/november-sesshin\/\">1. bis 5. November<\/a> willkommen.<\/p>\n","protected":false},"excerpt":{"rendered":"<p>Du bist Antaiji! Antaiji widmet sich der Zen-Praxis als einem nat\u00fcrlichen Ausdruck des t\u00e4glichen Lebens. Zazen und Arbeit sind nicht einfach nur ein Teil des Lebens in Antaiji: Vielmehr sind es die 24 Stunden jedes einzelnen Tages, den du hier verbringst, die eine Manifestation von Zen sein m\u00fcssen. In Antaiji werden dar\u00fcber hinaus keine spirituellen Praktiken oder Meditationstechniken angeboten. Es geht nicht darum, fern\u00f6stlichen Mysterien auf den Grund zu gehen, okkulte Erfahrungen zu haben oder einfach einen Geschmack von japanischer Kultur zu bekommen. Der Punkt ist es, unser eigenes Leben als Bodhisattva-\u00dcbung zu verstehen und zu praktizieren. Obwohl alle in der Gemeinschaft ihr Bestes geben m\u00fcssen, um ein harmonisches Zusammenleben zu erm\u00f6glichen, ist gleichzeitig jeder f\u00fcr seine \u00dcbung nur ganz allein verantwortlich. Niemand wird deinen Hintern f\u00fcr dich abwischen. Du musst dir selbst klar \u00fcber die Grundlage deiner \u00dcbung sein und \u00fcber den Grund, der dich hierher bringt. Wenn du irgendetwas anderes von deinem Aufenthalt in Antaiji erwartest, als was dir das Leben in jedem einzelnen Moment zu bieten hat, wirst du entt\u00e4uscht werden. \u00dcberlege dir deshalb, was du hier suchst &#8211; t\u00e4usche dich nicht selbst und auch nicht die anderen. Das Leben hier besteht aus Zazen, harter Arbeit zur Selbstversorgung und Studium. Wer zwischen 18 und 40 Jahren alt ist, mindestens drei Jahre Zen in der Tradition von Dogen Zenji praktizieren will und daf&uuml;r auch bereits ein wenig Japanisch spricht, ist in Antaiji willkommen. Wir verlangen kein Geld f\u00fcr den langfristigen Aufenthalt im Kloster, doch Spenden sind willkommen und notwendig, um Antaiji zu erhalten. Genauere Informationen zur Unterst\u00fctzung und zum<\/p>\n","protected":false},"author":1,"featured_media":0,"parent":4217,"menu_order":1,"comment_status":"closed","ping_status":"closed","template":"side-navigation.php","meta":{"ngg_post_thumbnail":0,"footnotes":""},"class_list":["post-69","page","type-page","status-publish","hentry"],"_links":{"self":[{"href":"https:\/\/antaiji.org\/de\/wp-json\/wp\/v2\/pages\/69","targetHints":{"allow":["GET"]}}],"collection":[{"href":"https:\/\/antaiji.org\/de\/wp-json\/wp\/v2\/pages"}],"about":[{"href":"https:\/\/antaiji.org\/de\/wp-json\/wp\/v2\/types\/page"}],"author":[{"embeddable":true,"href":"https:\/\/antaiji.org\/de\/wp-json\/wp\/v2\/users\/1"}],"replies":[{"embeddable":true,"href":"https:\/\/antaiji.org\/de\/wp-json\/wp\/v2\/comments?post=69"}],"version-history":[{"count":54,"href":"https:\/\/antaiji.org\/de\/wp-json\/wp\/v2\/pages\/69\/revisions"}],"predecessor-version":[{"id":19990,"href":"https:\/\/antaiji.org\/de\/wp-json\/wp\/v2\/pages\/69\/revisions\/19990"}],"up":[{"embeddable":true,"href":"https:\/\/antaiji.org\/de\/wp-json\/wp\/v2\/pages\/4217"}],"wp:attachment":[{"href":"https:\/\/antaiji.org\/de\/wp-json\/wp\/v2\/media?parent=69"}],"curies":[{"name":"wp","href":"https:\/\/api.w.org\/{rel}","templated":true}]}}