{"id":6984,"date":"2013-07-08T06:46:31","date_gmt":"2013-07-08T06:46:31","guid":{"rendered":"http:\/\/antaiji.org\/?page_id=6984"},"modified":"2019-03-12T06:14:41","modified_gmt":"2019-03-12T06:14:41","slug":"2-5","status":"publish","type":"page","link":"https:\/\/antaiji.org\/de\/essays\/2-5\/","title":{"rendered":"2-5 Die Liebe zur Mitte hin und die Liebe aus der Mitte heraus"},"content":{"rendered":"<h3>Die Liebe zur Mitte hin und die Liebe aus der Mitte heraus<\/h3>\n<p><b><div class=\"demo-sep sep-none\" style=\"margin-top:40px;\"><\/div><span class=\"dropcap\">2-5<\/span><\/b><\/p>\n<p>Ich: Was denkst du \u00fcber die Liebe?<br \/>\nPenetre: Es gibt zwei Arten der Liebe: Die Liebe, die vom Rand der Welt auf deren Mitte gerichtet ist, und die Liebe, die aus der Weltmitte bis an den Rand reicht. Angenommen, du bist in ein M\u00e4dchen verliebt. Dann liebst du so wie einer, der vom Rand der Welt in die Mitte blickt.<br \/>\nIch: Das kann ich nicht beurteilen, denn so verliebt war ich noch nie. Aber das, was du \u00fcber den Rand und die Weltmitte sagst, erinnert mich an etwas anderes: Wenn ich f\u00fcr mich allein Musik h\u00f6re, f\u00fchle ich mich manchmal sehr einsam, wenn mir bewusst wird, dass ich in dem Augenblick wahrscheinlich der einzige Mensch im Universum bin, der diese Musik h\u00f6rt. Deshalb sehe ich lieber fern oder h\u00f6re Radio. Denn selbst wenn das Programm total uninteressant ist, habe ich doch die Gewissheit, dass ich nicht allein bin: Unz\u00e4hlige andere sehen oder h\u00f6ren in demselben Augenblick dasselbe Programm. Ich finde es tr\u00f6stend, mir das bewusst zu machen. Irgendwie f\u00fchle ich mich dann mit der Welt verbunden.<br \/>\nPenetre: Das Zeitgeschehen, an dem wir durch Fernsehen und Radio teilhaben, verbindet uns auch in einem gewissen Sinn mit der Welt \u2013 wenn sich beispielswese etwas Wichtiges auf der Welt ereignet, wird es sofort live \u00fcbertragen. Aber ich meine etwas tieferes, wenn ich von der Weltmitte spreche. <b>Die Weltmitte ist der Ursprung, aus dem alle Dinge ihren Sinn beziehen.<\/b> So nah du auch am Zeitgeschehen sein magst, du kannst trotzdem noch das Gef\u00fchl haben, nicht mit der Weltmitte verbunden zu sein. <b>Wenn du dagegen das Gef\u00fchl hast, in einer Person der Weltmitte zu begegnen \u2013 dann liebst du diese Person.<\/b><br \/>\nIch: Du hast aber auch gesagt, dass es eine Liebe gibt, die von der Weltmitte aus an den Rand reicht.<br \/>\nPenetre: Genau! Wenn du die Sicherheit in dir selbst gefunden hast, mit der Weltmitte verbunden zu sein, und diese innere Sicherheit auch mit den Menschen ganz am Rand der Welt teilen willst, dann ist das ebenfalls Liebe.<\/p>\n","protected":false},"excerpt":{"rendered":"<p>Die Liebe zur Mitte hin und die Liebe aus der Mitte heraus Ich: Was denkst du \u00fcber die Liebe? Penetre: Es gibt zwei Arten der Liebe: Die Liebe, die vom Rand der Welt auf deren Mitte gerichtet ist, und die Liebe, die aus der Weltmitte bis an den Rand reicht. Angenommen, du bist in ein M\u00e4dchen verliebt. Dann liebst du so wie einer, der vom Rand der Welt in die Mitte blickt. Ich: Das kann ich nicht beurteilen, denn so verliebt war ich noch nie. Aber das, was du \u00fcber den Rand und die Weltmitte sagst, erinnert mich an etwas anderes: Wenn ich f\u00fcr mich allein Musik h\u00f6re, f\u00fchle ich mich manchmal sehr einsam, wenn mir bewusst wird, dass ich in dem Augenblick wahrscheinlich der einzige Mensch im Universum bin, der diese Musik h\u00f6rt. Deshalb sehe ich lieber fern oder h\u00f6re Radio. Denn selbst wenn das Programm total uninteressant ist, habe ich doch die Gewissheit, dass ich nicht allein bin: Unz\u00e4hlige andere sehen oder h\u00f6ren in demselben Augenblick dasselbe Programm. Ich finde es tr\u00f6stend, mir das bewusst zu machen. Irgendwie f\u00fchle ich mich dann mit der Welt verbunden. Penetre: Das Zeitgeschehen, an dem wir durch Fernsehen und Radio teilhaben, verbindet uns auch in einem gewissen Sinn mit der Welt \u2013 wenn sich beispielswese etwas Wichtiges auf der Welt ereignet, wird es sofort live \u00fcbertragen. Aber ich meine etwas tieferes, wenn ich von der Weltmitte spreche. Die Weltmitte ist der Ursprung, aus dem alle Dinge ihren Sinn beziehen. So nah du auch am Zeitgeschehen sein magst, du kannst trotzdem noch das Gef\u00fchl haben, nicht mit der Weltmitte verbunden zu sein. Wenn du dagegen das Gef\u00fchl hast, in einer Person der Weltmitte zu begegnen \u2013 dann liebst [&hellip;]<\/p>\n","protected":false},"author":1,"featured_media":0,"parent":4141,"menu_order":52,"comment_status":"closed","ping_status":"closed","template":"side-navigation.php","meta":{"ngg_post_thumbnail":0,"footnotes":""},"class_list":["post-6984","page","type-page","status-publish","hentry"],"_links":{"self":[{"href":"https:\/\/antaiji.org\/de\/wp-json\/wp\/v2\/pages\/6984","targetHints":{"allow":["GET"]}}],"collection":[{"href":"https:\/\/antaiji.org\/de\/wp-json\/wp\/v2\/pages"}],"about":[{"href":"https:\/\/antaiji.org\/de\/wp-json\/wp\/v2\/types\/page"}],"author":[{"embeddable":true,"href":"https:\/\/antaiji.org\/de\/wp-json\/wp\/v2\/users\/1"}],"replies":[{"embeddable":true,"href":"https:\/\/antaiji.org\/de\/wp-json\/wp\/v2\/comments?post=6984"}],"version-history":[{"count":2,"href":"https:\/\/antaiji.org\/de\/wp-json\/wp\/v2\/pages\/6984\/revisions"}],"predecessor-version":[{"id":17340,"href":"https:\/\/antaiji.org\/de\/wp-json\/wp\/v2\/pages\/6984\/revisions\/17340"}],"up":[{"embeddable":true,"href":"https:\/\/antaiji.org\/de\/wp-json\/wp\/v2\/pages\/4141"}],"wp:attachment":[{"href":"https:\/\/antaiji.org\/de\/wp-json\/wp\/v2\/media?parent=6984"}],"curies":[{"name":"wp","href":"https:\/\/api.w.org\/{rel}","templated":true}]}}