{"id":7187,"date":"2013-07-11T00:34:47","date_gmt":"2013-07-11T00:34:47","guid":{"rendered":"http:\/\/antaiji.org\/?page_id=7187"},"modified":"2021-06-15T23:55:53","modified_gmt":"2021-06-15T23:55:53","slug":"access","status":"publish","type":"page","link":"https:\/\/antaiji.org\/de\/practice\/access\/","title":{"rendered":"Der Weg zu uns"},"content":{"rendered":"<h3>Der Weg zu uns<\/h3>\n<div class=\"demo-sep sep-shadow\" style=\"margin-top:40px;margin-bottom:40px\"><\/div><div class=\"one_third\">\nAntaiji liegt ungef\u00e4hr 180 km nord-westlich von Osaka und 16 km s\u00fcd-\u00f6stlich von Hamsaka, der n\u00e4chsten Stadt an der K\u00fcste Japans. Mit dem Zug dauert es mehrere Stunden von Osaka oder Kyoto, oder eine Stunde von Tottori, um mit der San&#8217;in Linie der Japanischen Eisenbahn (JR) nach Hamasaka zu gelangen. Zugverbindungen lassen sich <a href=\"http:\/\/www.hyperdia.com\/cgi-english\/hyperWeb.cgi\" target=\"new\" rel=\"noopener\">hier<\/a> finden. Der n\u00e4chste Flughafen befindet sich in <a href=\"http:\/\/www.pref.tottori.lg.jp\/airport\/\" target=\"new\" rel=\"noopener\">Tottori<\/a>.<br \/>\n<\/div>\n<div class=\"two_third last\">\n<iframe loading=\"lazy\" src=\"https:\/\/maps.google.de\/maps?f=q&#038;source=embed&#038;hl=de&#038;geocode=&#038;q=Antaiji,+Kutoyama,+Shin-onsen-cho,+Mikata-gun,+Hyogo-ken&#038;aq=&#038;sll=51.151786,10.415039&#038;sspn=7.044221,19.753418&#038;ie=UTF8&#038;hq=Antaiji,+Kutoyama,+Shin-onsen-cho,&#038;hnear=Mikata+District,+Pr%C3%A4fektur+Hy%C5%8Dgo,+Japan&#038;t=m&#038;cid=5678222107464036674&#038;ll=35.603719,134.560547&#038;spn=12.493453,18.676758&#038;z=5&#038;iwloc=near&#038;output=embed\" height=\"350\" width=\"425\" frameborder=\"0\" marginwidth=\"0\" marginheight=\"0\" scrolling=\"no\"><\/iframe><br \/>\n<small><a style=\"color: #0000ff; text-align: left;\" href=\"https:\/\/maps.google.de\/maps?f=q&#038;source=embed&#038;hl=de&#038;geocode=&#038;q=Antaiji,+Kutoyama,+Shin-onsen-cho,+Mikata-gun,+Hyogo-ken&#038;aq=&#038;sll=51.151786,10.415039&#038;sspn=7.044221,19.753418&#038;ie=UTF8&#038;hq=Antaiji,+Kutoyama,+Shin-onsen-cho,&#038;hnear=Mikata+District,+Pr%C3%A4fektur+Hy%C5%8Dgo,+Japan&#038;t=m&#038;cid=5678222107464036674&#038;ll=35.603719,134.560547&#038;spn=12.493453,18.676758&#038;z=5&#038;iwloc=A\">Gr\u00f6\u00dfere Kartenansicht<\/a><\/small><br \/>\n<\/div><div class=\"clearboth\"><\/div>\n<div class=\"demo-sep sep-shadow\" style=\"margin-top:40px;margin-bottom:40px\"><\/div>\n<h4>Verkehrsmittel<\/h4>\n<div id=\"attachment_6012\" style=\"width: 259px\" class=\"wp-caption alignleft\"><img loading=\"lazy\" decoding=\"async\" aria-describedby=\"caption-attachment-6012\" class=\"size-full wp-image-6012\" alt=\"\u6d5c\u5742\u304b\u3089\u7a0b\u8fd1\u3044\u4f59\u90e8\u9244\u6a4bThe railway bridge in Amarube, two stations before Hamasaka.Die Eisenbahnbr\u00fccke in Amarube, zwei Stationen vor Hamasaka.\" src=\"https:\/\/antaiji.org\/wp-content\/uploads\/2013\/06\/amarube2.jpg\" width=\"249\" height=\"173\" srcset=\"https:\/\/antaiji.org\/wp-content\/uploads\/2013\/06\/amarube2.jpg 295w, https:\/\/antaiji.org\/wp-content\/uploads\/2013\/06\/amarube2-289x200.jpg 289w\" sizes=\"auto, (max-width: 249px) 100vw, 249px\" \/><p id=\"caption-attachment-6012\" class=\"wp-caption-text\"><!--en--><em>Die Eisenbahnbr\u00fccke in Amarube, zwei Stationen vor Hamasaka.<\/em><\/p><\/div>\n<p>Vom Bahnhof in Hamasaka aus geht es mit dem Bus nach Kutoyama. Wichtig: Der Bus nach Antaiji f\u00e4hrt an Wochenenden nicht mehr. An Sams- und Sonntagen ist Antaiji nur zu Fu\u00df oder mit dem Taxi (6000 Yen) zu erreichen.<br \/>\nDer Bus an Wochentagen kostet 300 Yen und braucht 30 Minuten bis zur Ike-ga-naru-guchi Haltestelle, wo die Stra\u00dfe nach Antaiji anf\u00e4ngt. Von dort ist es ca. eine Stunde Fu\u00dfweg bis zum Tempel (4 km). Nach 2 km kommt eine Gabelung, an der ein Schild nach links den Weg nach Antaiji anzeigt. Der Weg ist zum gr\u00f6\u00dften Teil nicht asphaltiert, deshalb empfiehlt es sich, nicht mit Koffer, sondern nur mit einem Rucksack zu kommen.<\/p>\n<div id=\"attachment_6015\" style=\"width: 250px\" class=\"wp-caption alignright\"><img loading=\"lazy\" decoding=\"async\" aria-describedby=\"caption-attachment-6015\" class=\"size-full wp-image-6015\" alt=\"Bus nach Kutoyama, rechts vor dem Bahnhof in Hamasaka.\" src=\"https:\/\/antaiji.org\/wp-content\/uploads\/2013\/06\/bus.jpg\" width=\"240\" height=\"180\" \/><p id=\"caption-attachment-6015\" class=\"wp-caption-text\"><em>Bus nach Kutoyama, rechts vor dem Bahnhof in Hamasaka.<\/em><\/p><\/div>\n<p>Busse nach Kutoyama fahren auf dem rechten Bahnhofsvorplatz in Hamasaka, allerdings nur an Wochentagen. An Samstagen und an Sonn- und Feiertagen verkehren keine Busse. Antaiji ist dann nur zu Fu\u00df (18 km) oder mit dem Taxi (6000 Yen) zu erreichen. Melde dich in jedem Fall vorher an und best\u00e4tige deine Ankunft eine Woche im Voraus um uns mitzuteilen, mit welchem Bus du kommst. Komme am fr\u00fchen Nachmittag, da eine erste Orientierung vor dem Abendessen stattfinden wird. Keinesfalls solltest nach Anbruch der Dunkelheit ankommen, da die Stra\u00dfe nachts sehr gef\u00e4hrlich ist.<\/p>\n<p>Um den Bus am Mittag zu erwischen, wirst du von Kyoto oder Osaka aus zwischen 5 und 6 Uhr morgens mit dem Zug aufbrechen m\u00fcssen. Wenn du von Tokyo kommst, kannst du auch einen Nachtbus oder das Flugzeug nach Tottori nehmen. Es ist auch m\u00f6glich, eine Nacht in einer Herberge in Hamasaka zu verbringen. Bitte informiere dich aber zun\u00e4chst auf der Seite \u00fcber den <a title=\"Staying at Antaiji\" href=\"https:\/\/antaiji.org\/practice\/residency\/?lang=de\">Aufenthalt im Kloster<\/a> \u00fcber die M\u00f6glichkeiten und Bedingungen eines Besuches in Antaiji.<\/p>\n<p>Hier findest Du Busfahrpl\u00e4ne (Montag bis Freitag):<br \/>\n\u2022 von\u00a0<a title=\"Hamasaka Station Busfahrplan\" href=\"http:\/\/www.navitime.co.jp\/diagram\/00082671_00028569_t4\" target=\"_blank\" rel=\"noopener\">Hamasaka Bahnhof<\/a> nach Ike-ga-naru-guchi (Endstation Kutoyama)<br \/>\n\u2022 von\u00a0<a title=\"Ike-g-naru-guchi Busfahrplan\" href=\"http:\/\/www.navitime.co.jp\/diagram\/00118702_00028569_t4#1_0\" target=\"_blank\" rel=\"noopener\">Ike-ga-naru-guchi<\/a>\u00a0nach Hamasaka Bahnhof<\/p>\n<div class=\"one_half\">\n<div class=\"demo-sep sep-none\" style=\"margin-top:20px;\"><\/div>\n<p><div id=\"attachment_6014\" style=\"width: 249px\" class=\"wp-caption alignleft\"><img loading=\"lazy\" decoding=\"async\" aria-describedby=\"caption-attachment-6014\" class=\"size-medium wp-image-6014\" alt=\"\u6c60\u30f6\u5e73\u53e3\uff08\u3044\u3051\u304c\u306a\u308b\u3050\u3061\uff09\u30d0\u30b9\u505c\u3002\u3053\u3053\u304b\u3089\u5b89\u6cf0\u5bfa\u307e\u3067\u5c71\u9053\uff08\uff14km\uff09\u304c\u7d9a\u304d\u307e\u3059Sign pointing up the dirt road (4km) to Antaiji at the Ike-ga-naru-guchi bus stop. Walk up the mountain from here.Ein Schild links von der Ike-ga-naru-guchi Bus-Haltestelle weist den Weg nach Antaiji. Von hier geht es vier Kilometer den Berg hinauf.\" src=\"https:\/\/antaiji.org\/wp-content\/uploads\/2013\/06\/bussign-300x225.jpg\" width=\"239\" height=\"179\" srcset=\"https:\/\/antaiji.org\/wp-content\/uploads\/2013\/06\/bussign-300x225.jpg 300w, https:\/\/antaiji.org\/wp-content\/uploads\/2013\/06\/bussign-300x225-266x200.jpg 266w\" sizes=\"auto, (max-width: 239px) 100vw, 239px\" \/><p id=\"caption-attachment-6014\" class=\"wp-caption-text\">Ein Schild links von der Ike-ga-naru-guchi Bus-Haltestelle weist den Weg nach Antaiji. Von hier geht es vier Kilometer den Berg hinauf.<\/p><\/div><\/p>\n<\/div>\n<div class=\"one_half last\">\n<p><div id=\"attachment_6013\" style=\"width: 250px\" class=\"wp-caption alignleft\"><img loading=\"lazy\" decoding=\"async\" aria-describedby=\"caption-attachment-6013\" class=\"size-full wp-image-6013\" alt=\"Sign after two kilometers. Cross the bridge here and follow the asphalt road, which turns into a dirt road again after 500 meters or so..\" src=\"https:\/\/antaiji.org\/wp-content\/uploads\/2013\/06\/sign.jpg\" width=\"240\" height=\"180\" \/><p id=\"caption-attachment-6013\" class=\"wp-caption-text\">Das Schild nach zwei Kilometern gibt es nicht mehr. \u00dcberquere hier die Br\u00fccke und folge der Stra\u00dfe, die f\u00fcr die n\u00e4chsten 500 Meter asphaltiert ist.\u2022<\/p><\/div><\/p>\n<\/div><div class=\"clearboth\"><\/div>\n<p>Der Weg von der Bushaltestelle mit dem Auto (der Motor startet gegen 1:30):<\/p>\n<p><iframe loading=\"lazy\" width=\"560\" height=\"315\" src=\"https:\/\/www.youtube.com\/embed\/41YPXtPi7TA\" frameborder=\"0\" allowfullscreen><\/iframe><\/p>\n","protected":false},"excerpt":{"rendered":"<p>Der Weg zu uns Verkehrsmittel Vom Bahnhof in Hamasaka aus geht es mit dem Bus nach Kutoyama. Wichtig: Der Bus nach Antaiji f\u00e4hrt an Wochenenden nicht mehr. An Sams- und Sonntagen ist Antaiji nur zu Fu\u00df oder mit dem Taxi (6000 Yen) zu erreichen. Der Bus an Wochentagen kostet 300 Yen und braucht 30 Minuten bis zur Ike-ga-naru-guchi Haltestelle, wo die Stra\u00dfe nach Antaiji anf\u00e4ngt. Von dort ist es ca. eine Stunde Fu\u00dfweg bis zum Tempel (4 km). Nach 2 km kommt eine Gabelung, an der ein Schild nach links den Weg nach Antaiji anzeigt. Der Weg ist zum gr\u00f6\u00dften Teil nicht asphaltiert, deshalb empfiehlt es sich, nicht mit Koffer, sondern nur mit einem Rucksack zu kommen. Busse nach Kutoyama fahren auf dem rechten Bahnhofsvorplatz in Hamasaka, allerdings nur an Wochentagen. An Samstagen und an Sonn- und Feiertagen verkehren keine Busse. Antaiji ist dann nur zu Fu\u00df (18 km) oder mit dem Taxi (6000 Yen) zu erreichen. Melde dich in jedem Fall vorher an und best\u00e4tige deine Ankunft eine Woche im Voraus um uns mitzuteilen, mit welchem Bus du kommst. Komme am fr\u00fchen Nachmittag, da eine erste Orientierung vor dem Abendessen stattfinden wird. Keinesfalls solltest nach Anbruch der Dunkelheit ankommen, da die Stra\u00dfe nachts sehr gef\u00e4hrlich ist. Um den Bus am Mittag zu erwischen, wirst du von Kyoto oder Osaka aus zwischen 5 und 6 Uhr morgens mit dem Zug aufbrechen m\u00fcssen. Wenn du von Tokyo kommst, kannst du auch einen Nachtbus oder das Flugzeug nach Tottori nehmen. Es ist auch m\u00f6glich, eine Nacht in einer Herberge in Hamasaka zu verbringen. Bitte informiere dich aber zun\u00e4chst auf der Seite \u00fcber den Aufenthalt im Kloster \u00fcber die M\u00f6glichkeiten und Bedingungen eines Besuches in Antaiji. Hier findest [&hellip;]<\/p>\n","protected":false},"author":1,"featured_media":0,"parent":5105,"menu_order":88,"comment_status":"closed","ping_status":"closed","template":"side-navigation.php","meta":{"ngg_post_thumbnail":0,"footnotes":""},"class_list":["post-7187","page","type-page","status-publish","hentry"],"_links":{"self":[{"href":"https:\/\/antaiji.org\/de\/wp-json\/wp\/v2\/pages\/7187","targetHints":{"allow":["GET"]}}],"collection":[{"href":"https:\/\/antaiji.org\/de\/wp-json\/wp\/v2\/pages"}],"about":[{"href":"https:\/\/antaiji.org\/de\/wp-json\/wp\/v2\/types\/page"}],"author":[{"embeddable":true,"href":"https:\/\/antaiji.org\/de\/wp-json\/wp\/v2\/users\/1"}],"replies":[{"embeddable":true,"href":"https:\/\/antaiji.org\/de\/wp-json\/wp\/v2\/comments?post=7187"}],"version-history":[{"count":89,"href":"https:\/\/antaiji.org\/de\/wp-json\/wp\/v2\/pages\/7187\/revisions"}],"predecessor-version":[{"id":19075,"href":"https:\/\/antaiji.org\/de\/wp-json\/wp\/v2\/pages\/7187\/revisions\/19075"}],"up":[{"embeddable":true,"href":"https:\/\/antaiji.org\/de\/wp-json\/wp\/v2\/pages\/5105"}],"wp:attachment":[{"href":"https:\/\/antaiji.org\/de\/wp-json\/wp\/v2\/media?parent=7187"}],"curies":[{"name":"wp","href":"https:\/\/api.w.org\/{rel}","templated":true}]}}