{"id":7404,"date":"2013-07-12T07:34:26","date_gmt":"2013-07-12T07:34:26","guid":{"rendered":"http:\/\/antaiji.org\/?page_id=7404"},"modified":"2019-04-01T07:23:14","modified_gmt":"2019-04-01T07:23:14","slug":"%e3%83%aa%e3%83%b3%e3%82%af%e9%9b%86","status":"publish","type":"page","link":"https:\/\/antaiji.org\/de\/%e3%83%aa%e3%83%b3%e3%82%af%e9%9b%86\/","title":{"rendered":"Links"},"content":{"rendered":"<h3>Links<\/h3>\n<p>Hier findest du Links zu verschiedenen Homepages die entweder mit Antaiji in Verbindung stehen oder von Interesse f&uuml;r die weitergehende Lekt&uuml;re sein k&ouml;nnten. Wir &uuml;bernehmen keine Verantwortung f&uuml;r die Inhalte der folgenden Seiten.<\/p>\n<p><a class=\"h4\" href=\"http:\/\/global.sotozen-net.or.jp\/ger\/index.html\" target=\"_blank\" rel=\"noopener noreferrer\">Sotozen-Net<\/a><br \/>\nDie deutsche Seite der offiziellen S\u00f4t\u00f4-sh\u00fb-Website. Mit Links zu anderen Zenkl\u00f6stern.<\/p>\n<p><a class=\"h4\" href=\"http:\/\/www.buddhaland.de\/\" target=\"_blank\" rel=\"noopener noreferrer\">Buddhaland<\/a><br \/>\nDeutsches Portal f\u00fcr Buddhismus. Hier kann man Fragen stellen und mit m\u00fc\u00dfigen Internet-Junkies \u00fcber Buddha und die Welt diskutieren. &#8222;Dieses Forum ist offen f\u00fcr alle buddhistischen Schulen und auch f\u00fcr Menschen, die sich keiner besonderen Schule verbunden f\u00fchlen. Wir \u00fcben Respekt und Toleranz im Umgang mit Vertretern anderer Schulen im Bewusstsein, dass es unterschiedliche Formen und Lesarten des Buddha-Dharma gibt, von denen keine einen Anspruch auf absolute G\u00fcltigkeit und Deutungshoheit erheben kann.&#8220;<\/p>\n<p><a class=\"h4\" href=\"https:\/\/www.zen-im-idogohaus.de\/\" target=\"_blank\" rel=\"noopener noreferrer\">Zen im Idogo-Haus<\/a><br \/>\nZazen in Stuttgart, dienstags von 20:30 bis 21:30 Uhr.<br \/>\n<!--\n<a class=\"h4\" href=\"http:\/\/antaiji-berlin.blogspot.com\/\" target=\"_blank\" rel=\"noopener noreferrer\">Antaiji Gruppe Berlin<\/a>\nZazen : Jeden Donnerstag ab 19:00 Tee, bitte bis sp\u00e4testens 19:45 eintreffen, dann 2 x 40min Zazen. \"Eingeladen sind alle, die im Geist von Antaiji \u00fcben wollen. W\u00e4hrend wir hier am Abend die letzte Zazen-Periode beginnen, f\u00e4ngt in Antaiji der Tag an. Eine Weile sitzen wir zusammen.\"\n\n<a class=\"h4\" href=\"http:\/\/www.buddhistische-gesellschaft-berlin.de\/\" target=\"_blank\" rel=\"noopener noreferrer\">Buddhistische Gesellschaft Berlin<\/a>\nDie BGB bietet regelm\u00e4\u00dfig Veranstaltungen und Wochenendsemianre an, darunter auch Zazen, Vipassana Meditation, Tibetische Studiengruppe und Theravada-Abend. Mehrmals im Jahr gibt es Sesshin. Auf der Homepage gibt es unter anderem auch viele interessante <a href=\"http:\/\/www.buddhistische-gesellschaft-berlin.de\/links\/links.html\" target=\"_blank\" rel=\"noopener noreferrer\">Links<\/a> (besonders interessant der Link zu problematisch einzustufende Tendenzen in buddhistischen <a href=\"http:\/\/www.buddhistische-sekten.de\" target=\"_blank\" rel=\"noopener noreferrer\">Sekten<\/a>) und <a href=\"http:\/\/www.buddhistische-gesellschaft-berlin.de\/downloads\/download.html\" target=\"_blank\" rel=\"noopener noreferrer\">Downloads<\/a> (neben vielen Sutrentexten beispielsweise auch eine kritische Betrachtungen zum Verhalten buddhistischer M\u00f6nche: <a href=\"http:\/\/www.buddhistische-gesellschaft-berlin.de\/downloads\/brokenbuddha.pdf\" target=\"_blank\" rel=\"noopener noreferrer\">The Broken Buddha<\/a> (deutsch [851 KB]). Sehr zu empfehlen!)\n\n<a class=\"h4\" href=\"http:\/\/zen-do-alt-sb.blogspot.com\/\" target=\"_blank\" rel=\"noopener noreferrer\">Zen-Do-Alt-Saarbruecken<\/a>\nUnabh\u00e4ngige Zen-Meditatitions-\u00dcbungsgruppe mit unterschiedlichen pers\u00f6nlichen Orientierungen: \"Wir sitzen und gehen einfach nur in der Stille. Wir legen keinen Wert auf Zeremonien und Rituale. Wir geh\u00f6ren keiner Organisation oder Vereinigung an. Wir sind keinem Meister, keiner Meisterin verpflichtet. Wir geh\u00f6ren keiner Sekte an.\"\n--><br \/>\n<a class=\"h4\" href=\"http:\/\/www.dogen-zen.nl\/\" target=\"_blank\" rel=\"noopener noreferrer\">Sangha Maastricht<\/a><br \/>\nZen-Gruppe in Schin op Geul, zwischen Aachen und Maastricht. Hier gibt es manchmal auch Sesshins mit Muho.<\/p>\n<p><a class=\"h4\" href=\"http:\/\/www.tenzo-gasthof.de\" target=\"_blank\" rel=\"noopener noreferrer\">Tenzo Gasthof<\/a><br \/>\nKatarina und Marcus (der 2006 in Antaiji als M\u00f6nch ordinierte und uns hier als Tenzo &#8211; also der Koch &#8211; kulinarisch verw\u00f6hnte) f\u00fchren dieses Gasthaus mit G\u00e4stezimmern in der Feldberger Seenlandschaft.<br \/>\n<!--\n\n<a class=\"h4\" href=\"http:\/\/www.zen.org.au\/\" target=\"_blank\" rel=\"noopener noreferrer\">Melbourne Zen Hospice<\/a>\nEin Projekt von Seikan, einem australischen Zen-M\u00f6nch, der 2004 in Antaiji ordiniert wurde und in Melbourne mit Sterbenden arbeitet.\n\n<a class=\"h4\" href=\"http:\/\/www.meetup.com\/melbourne-zen-meditation\/\" target=\"_blank\" rel=\"noopener noreferrer\">Melbourne Zen Centre<\/a>\nSeikans Zen-Gruppe trifft sich seit Sommer 2009.\n\n<a class=\"h4\" href=\"http:\/\/www.sanshinji.org\/\" target=\"_blank\" rel=\"noopener noreferrer\">Sanshin Zen Community<\/a>\nDie Zen-Gemeinschaft von Sh\u00f4haku Okumura R\u00f4shi, einem Sch\u00fcler Uchiyama R\u00f4shis, in Bloomington, Indiana (USA).\n\n<a class=\"h4\" href=\"http:\/\/scbs.stanford.edu\/sztp3\/index.html\" target=\"_blank\" rel=\"noopener noreferrer\">Soto Zen Text Project<\/a>\nHier gibt es englische \u00dcbersetzungen von Sh\u00f4b\u00f4genz\u00f4-Kapiteln und anderen Texten des S\u00f4t\u00f4-Zen zu lesen. Die \u00dcbersetzungen des an der Stanford Universit\u00e4t ans\u00e4ssigen Projekts sind zuverl\u00e4ssig, schreiten jedoch nur sehr langsam voran.\n\n<a class=\"h4\" href=\"http:\/\/www.numatacenter.com\/default.aspx?MPID=81\" target=\"_blank\" rel=\"noopener noreferrer\">Nishijimas englisches Shobogenzo<\/a>\nDie englische Nishijima\/Cross \u00dcbersetzung von Dogen Zenjis Hauptwerk in vier Teilen: <a class=\"h4\" href=\"http:\/\/www.numatacenter.com\/digital\/dBET_T2582_Shobogenzo1_2009.pdf\" target=\"_blank\" rel=\"noopener noreferrer\">1<\/a>, <a class=\"h4\" href=\"http:\/\/www.numatacenter.com\/digital\/dBET_T2582_Shobogenzo2_2009.pdf\" target=\"_blank\" rel=\"noopener noreferrer\">2<\/a>, <a class=\"h4\" href=\"http:\/\/www.numatacenter.com\/digital\/dBET_T2582_Shobogenzo3_2009.pdf\" target=\"_blank\" rel=\"noopener noreferrer\">3<\/a> und <a class=\"h4\" href=\"http:\/\/www.numatacenter.com\/digital\/dBET_T2582_Shobogenzo4_2009.pdf\" target=\"_blank\" rel=\"noopener noreferrer\">4<\/a>.\n--><\/p>\n<p><a class=\"h4\" href=\"http:\/\/www.angkor-verlag.de\/\" target=\"_blank\" rel=\"noopener noreferrer\">Angkor-Verlag<\/a><br \/>\nPubliziert vorallem B\u00fccher \u00fcber Zen und Samurai. Hier sind unter anderem &#8222;An dich&#8220;, &#8222;Zen ist die gr\u00f6\u00dfte L\u00fcge aller Zeiten&#8220; &#8222;Tag f\u00fcr Tag ist ein guter Tag&#8220; und &#8222;Die Zen-Lehre des Landstreichers Kodo&#8220; von Sawaki R\u00f4shi sowie Uchiyama R\u00f4shis &#8222;Zen f\u00fcr K\u00fcche und Leben&#8220; und &#8222;Das Leben meistern durch Zazen&#8220; erschienen.<br \/>\n<!--\n<a class=\"h4\" href=\"http:\/\/der-asso-blog.blogspot.com\/\" target=\"_blank\" rel=\"noopener noreferrer\">Der Asso-Blog<\/a>\nKommentare eines Zen-R\u00fcpels zur Buddha-Lehre und zum Leben in der Welt.\n\n<a class=\"h4\" href=\"http:\/\/unbuddhist.com\" target=\"_blank\" rel=\"noopener noreferrer\">Der Unbuddhist<\/a>\nSo wie ein Vogel sich das Fliegen nicht verbieten l\u00e4sst, und ein Fisch das Schwimmen nicht, sollte sich auch der Menschen - selbst wenn er Buddhist ist - das Denken nicht verbieten lassen. So auch das Motto dieses Blogs von Matthias Steingass: \"Denken, nicht meditieren!\"\nKritische Kommentare sind hier stets willkommen. \n--><br \/>\n<a class=\"h4\" href=\"https:\/\/www.facebook.com\/groups\/76378857312\/\" target=\"_blank\" rel=\"noopener noreferrer\">I have been in Antaiji<\/a><br \/>\nDu willst dich wie ein Teil von Antaiji fuehlen, aber 1800 Stunden Zazen im Jahr sind dir doch ein bisschen zu viel? Arbeiten in Wind und Regen sind auch nicht dein Ding? Und aufs Japanisch-Lernen hast du sowieso keine Lust? Kein Problem, es gibt ja Facebook: &#8222;This group intends to unite all the people that have stayed in Antaiji, the Zen temple lead by Kodo Sawaki Roshi, for the pure practice of Zazen.&#8220;<\/p>\n","protected":false},"excerpt":{"rendered":"<p>Links Hier findest du Links zu verschiedenen Homepages die entweder mit Antaiji in Verbindung stehen oder von Interesse f&uuml;r die weitergehende Lekt&uuml;re sein k&ouml;nnten. Wir &uuml;bernehmen keine Verantwortung f&uuml;r die Inhalte der folgenden Seiten. Sotozen-Net Die deutsche Seite der offiziellen S\u00f4t\u00f4-sh\u00fb-Website. Mit Links zu anderen Zenkl\u00f6stern. Buddhaland Deutsches Portal f\u00fcr Buddhismus. Hier kann man Fragen stellen und mit m\u00fc\u00dfigen Internet-Junkies \u00fcber Buddha und die Welt diskutieren. &#8222;Dieses Forum ist offen f\u00fcr alle buddhistischen Schulen und auch f\u00fcr Menschen, die sich keiner besonderen Schule verbunden f\u00fchlen. Wir \u00fcben Respekt und Toleranz im Umgang mit Vertretern anderer Schulen im Bewusstsein, dass es unterschiedliche Formen und Lesarten des Buddha-Dharma gibt, von denen keine einen Anspruch auf absolute G\u00fcltigkeit und Deutungshoheit erheben kann.&#8220; Zen im Idogo-Haus Zazen in Stuttgart, dienstags von 20:30 bis 21:30 Uhr. Sangha Maastricht Zen-Gruppe in Schin op Geul, zwischen Aachen und Maastricht. Hier gibt es manchmal auch Sesshins mit Muho. Tenzo Gasthof Katarina und Marcus (der 2006 in Antaiji als M\u00f6nch ordinierte und uns hier als Tenzo &#8211; also der Koch &#8211; kulinarisch verw\u00f6hnte) f\u00fchren dieses Gasthaus mit G\u00e4stezimmern in der Feldberger Seenlandschaft. Angkor-Verlag Publiziert vorallem B\u00fccher \u00fcber Zen und Samurai. Hier sind unter anderem &#8222;An dich&#8220;, &#8222;Zen ist die gr\u00f6\u00dfte L\u00fcge aller Zeiten&#8220; &#8222;Tag f\u00fcr Tag ist ein guter Tag&#8220; und &#8222;Die Zen-Lehre des Landstreichers Kodo&#8220; von Sawaki R\u00f4shi sowie Uchiyama R\u00f4shis &#8222;Zen f\u00fcr K\u00fcche und Leben&#8220; und &#8222;Das Leben meistern durch Zazen&#8220; erschienen. I have been in Antaiji Du willst dich wie ein Teil von Antaiji fuehlen, aber 1800 Stunden Zazen im Jahr sind dir doch ein bisschen zu viel? Arbeiten in Wind und Regen sind auch nicht dein Ding? Und aufs Japanisch-Lernen hast du sowieso keine Lust? Kein Problem, es gibt ja [&hellip;]<\/p>\n","protected":false},"author":1,"featured_media":0,"parent":0,"menu_order":94,"comment_status":"closed","ping_status":"closed","template":"side-navigation.php","meta":{"ngg_post_thumbnail":0,"footnotes":""},"class_list":["post-7404","page","type-page","status-publish","hentry"],"_links":{"self":[{"href":"https:\/\/antaiji.org\/de\/wp-json\/wp\/v2\/pages\/7404","targetHints":{"allow":["GET"]}}],"collection":[{"href":"https:\/\/antaiji.org\/de\/wp-json\/wp\/v2\/pages"}],"about":[{"href":"https:\/\/antaiji.org\/de\/wp-json\/wp\/v2\/types\/page"}],"author":[{"embeddable":true,"href":"https:\/\/antaiji.org\/de\/wp-json\/wp\/v2\/users\/1"}],"replies":[{"embeddable":true,"href":"https:\/\/antaiji.org\/de\/wp-json\/wp\/v2\/comments?post=7404"}],"version-history":[{"count":85,"href":"https:\/\/antaiji.org\/de\/wp-json\/wp\/v2\/pages\/7404\/revisions"}],"predecessor-version":[{"id":17450,"href":"https:\/\/antaiji.org\/de\/wp-json\/wp\/v2\/pages\/7404\/revisions\/17450"}],"wp:attachment":[{"href":"https:\/\/antaiji.org\/de\/wp-json\/wp\/v2\/media?parent=7404"}],"curies":[{"name":"wp","href":"https:\/\/api.w.org\/{rel}","templated":true}]}}