{"id":7605,"date":"2013-07-14T03:52:43","date_gmt":"2013-07-14T03:52:43","guid":{"rendered":"http:\/\/antaiji.org\/?page_id=7605"},"modified":"2019-05-19T09:27:40","modified_gmt":"2019-05-19T09:27:40","slug":"2-6","status":"publish","type":"page","link":"https:\/\/antaiji.org\/de\/essays\/2-6\/","title":{"rendered":"2-6 Braucht man Freunde?"},"content":{"rendered":"<h3>Braucht man Freunde?<\/h3>\n<p><b><div class=\"demo-sep sep-none\" style=\"margin-top:40px;\"><\/div><span class=\"dropcap\">2-6<\/span><\/b><\/p>\n<p>Penetre: Glaubst, dass Freunde wichtig sind?<br \/>\nIch: Ja, nat\u00fcrlich sind die wichtig! Wer will schon allein sein?<br \/>\nPenetre: Ich komme auch ohne Freunde gut aus.<br \/>\nIch: Du bist ja auch eine Katze!<br \/>\nPenetre: Ist es f\u00fcr euch Menschen wirklich anders? Ich habe das Gef\u00fchl, dass ihr Menschen kollektive Illusionen braucht. An die m\u00fcsst ihr glauben, damit die \u00f6ffentliche Ordnung nicht gef\u00e4hrdet wird. Das sind die offiziellen Antworten, \u00fcber die wir bereits gesprochen haben (<a href=\"https:\/\/antaiji.org\/de\/essays\/1-10\/\">siehe 1-10<\/a>). Du solltest aber nicht vergessen, dass es eigentlich keinen Grund gibt, diese offiziellen Antworten zu schlucken.<br \/>\nIch: Was ihr Katzen zum Leben braucht, wei\u00df ich nicht. Aber als Mensch braucht man doch Freunde, die einen wirklich verstehen.<br \/>\nPenetre: Warum? Zum Leben braucht man keine Freunde. Das einzige was dazu notwendig ist, ist die innere St\u00e4rke, \u00fcber die jeder Mensch urspr\u00fcnglich verf\u00fcgt. Dass sich die Menschen gegenseitig brauchen, um sich zu verstehen und anzuerkennen, ist nichts weiter als eine kollektive Illusion, die euch eingetrichtert wird.<br \/>\nIch: Du bist der erste, von dem ich so etwas h\u00f6re!<br \/>\nPenetre: <b>Eine der wichtigsten Lektionen, die du als Mensch zu lernen hast: Du brauchst keine Freunde, die dich verstehen, um zu leben. Wahre Freundschaft kann es nur zwischen Menschen geben, die erkannt haben, dass sie auch ohne Freunde leben k\u00f6nnen.<\/b><br \/>\nIch: Das ist mir ganz neu!<\/p>\n","protected":false},"excerpt":{"rendered":"<p>Braucht man Freunde? Penetre: Glaubst, dass Freunde wichtig sind? Ich: Ja, nat\u00fcrlich sind die wichtig! Wer will schon allein sein? Penetre: Ich komme auch ohne Freunde gut aus. Ich: Du bist ja auch eine Katze! Penetre: Ist es f\u00fcr euch Menschen wirklich anders? Ich habe das Gef\u00fchl, dass ihr Menschen kollektive Illusionen braucht. An die m\u00fcsst ihr glauben, damit die \u00f6ffentliche Ordnung nicht gef\u00e4hrdet wird. Das sind die offiziellen Antworten, \u00fcber die wir bereits gesprochen haben (siehe 1-10). Du solltest aber nicht vergessen, dass es eigentlich keinen Grund gibt, diese offiziellen Antworten zu schlucken. Ich: Was ihr Katzen zum Leben braucht, wei\u00df ich nicht. Aber als Mensch braucht man doch Freunde, die einen wirklich verstehen. Penetre: Warum? Zum Leben braucht man keine Freunde. Das einzige was dazu notwendig ist, ist die innere St\u00e4rke, \u00fcber die jeder Mensch urspr\u00fcnglich verf\u00fcgt. Dass sich die Menschen gegenseitig brauchen, um sich zu verstehen und anzuerkennen, ist nichts weiter als eine kollektive Illusion, die euch eingetrichtert wird. Ich: Du bist der erste, von dem ich so etwas h\u00f6re! Penetre: Eine der wichtigsten Lektionen, die du als Mensch zu lernen hast: Du brauchst keine Freunde, die dich verstehen, um zu leben. Wahre Freundschaft kann es nur zwischen Menschen geben, die erkannt haben, dass sie auch ohne Freunde leben k\u00f6nnen. Ich: Das ist mir ganz neu!<\/p>\n","protected":false},"author":1,"featured_media":0,"parent":4141,"menu_order":53,"comment_status":"closed","ping_status":"closed","template":"side-navigation.php","meta":{"ngg_post_thumbnail":0,"footnotes":""},"class_list":["post-7605","page","type-page","status-publish","hentry"],"_links":{"self":[{"href":"https:\/\/antaiji.org\/de\/wp-json\/wp\/v2\/pages\/7605","targetHints":{"allow":["GET"]}}],"collection":[{"href":"https:\/\/antaiji.org\/de\/wp-json\/wp\/v2\/pages"}],"about":[{"href":"https:\/\/antaiji.org\/de\/wp-json\/wp\/v2\/types\/page"}],"author":[{"embeddable":true,"href":"https:\/\/antaiji.org\/de\/wp-json\/wp\/v2\/users\/1"}],"replies":[{"embeddable":true,"href":"https:\/\/antaiji.org\/de\/wp-json\/wp\/v2\/comments?post=7605"}],"version-history":[{"count":3,"href":"https:\/\/antaiji.org\/de\/wp-json\/wp\/v2\/pages\/7605\/revisions"}],"predecessor-version":[{"id":17651,"href":"https:\/\/antaiji.org\/de\/wp-json\/wp\/v2\/pages\/7605\/revisions\/17651"}],"up":[{"embeddable":true,"href":"https:\/\/antaiji.org\/de\/wp-json\/wp\/v2\/pages\/4141"}],"wp:attachment":[{"href":"https:\/\/antaiji.org\/de\/wp-json\/wp\/v2\/media?parent=7605"}],"curies":[{"name":"wp","href":"https:\/\/api.w.org\/{rel}","templated":true}]}}