{"id":7728,"date":"2013-08-21T23:43:41","date_gmt":"2013-08-21T23:43:41","guid":{"rendered":"http:\/\/antaiji.org\/?page_id=7728"},"modified":"2025-02-27T18:33:49","modified_gmt":"2025-02-27T18:33:49","slug":"yearbooks","status":"publish","type":"page","link":"https:\/\/antaiji.org\/de\/history\/yearbooks\/","title":{"rendered":"Jahrb\u00fccher"},"content":{"rendered":"<p><img decoding=\"async\" src=\"https:\/\/antaiji.org\/wp-content\/gallery\/tokudoshiki\/ceremony_26.jpg\"><\/p>\n<h3>Die Jahrb\u00fccher<\/h3>\n<p>Jedes Jahr bitten wir Besucher und Residenten des Klosters um einen Beitrag f\u00fcr das Jahrbuch. \u00dcber das Seitenmen\u00fc links entdeckst Du Gedanken, Erfahrungen, Anekdoten und Einsichten von Besuchern aus der ganzen Welt.<\/p>\n<p style=\"text-align: center;\"><img decoding=\"async\" class=\"aligncenter wp-image-4771\" src=\"https:\/\/antaiji.org\/wp-content\/uploads\/2013\/06\/album_2012_nov+lr16-660x405.jpg\" alt=\"Muho\"><\/p>\n","protected":false},"excerpt":{"rendered":"<p>Die Jahrb\u00fccher Jedes Jahr bitten wir Besucher und Residenten des Klosters um einen Beitrag f\u00fcr das Jahrbuch. \u00dcber das Seitenmen\u00fc links entdeckst Du Gedanken, Erfahrungen, Anekdoten und Einsichten von Besuchern aus der ganzen Welt.<\/p>\n","protected":false},"author":1,"featured_media":0,"parent":4217,"menu_order":66,"comment_status":"closed","ping_status":"closed","template":"side-navigation.php","meta":{"ngg_post_thumbnail":0,"footnotes":""},"class_list":["post-7728","page","type-page","status-publish","hentry"],"_links":{"self":[{"href":"https:\/\/antaiji.org\/de\/wp-json\/wp\/v2\/pages\/7728","targetHints":{"allow":["GET"]}}],"collection":[{"href":"https:\/\/antaiji.org\/de\/wp-json\/wp\/v2\/pages"}],"about":[{"href":"https:\/\/antaiji.org\/de\/wp-json\/wp\/v2\/types\/page"}],"author":[{"embeddable":true,"href":"https:\/\/antaiji.org\/de\/wp-json\/wp\/v2\/users\/1"}],"replies":[{"embeddable":true,"href":"https:\/\/antaiji.org\/de\/wp-json\/wp\/v2\/comments?post=7728"}],"version-history":[{"count":18,"href":"https:\/\/antaiji.org\/de\/wp-json\/wp\/v2\/pages\/7728\/revisions"}],"predecessor-version":[{"id":19992,"href":"https:\/\/antaiji.org\/de\/wp-json\/wp\/v2\/pages\/7728\/revisions\/19992"}],"up":[{"embeddable":true,"href":"https:\/\/antaiji.org\/de\/wp-json\/wp\/v2\/pages\/4217"}],"wp:attachment":[{"href":"https:\/\/antaiji.org\/de\/wp-json\/wp\/v2\/media?parent=7728"}],"curies":[{"name":"wp","href":"https:\/\/api.w.org\/{rel}","templated":true}]}}