{"id":3106,"date":"2013-02-09T21:05:54","date_gmt":"2013-02-09T21:05:54","guid":{"rendered":"http:\/\/theme-fusion.com\/avada2\/?page_id=3106"},"modified":"2025-11-01T12:13:45","modified_gmt":"2025-11-01T12:13:45","slug":"muho","status":"publish","type":"page","link":"https:\/\/antaiji.org\/en\/muho\/","title":{"rendered":"Muho"},"content":{"rendered":"<p><div id=\"metaslider-id-14318\" style=\"width: 100%;\" class=\"ml-slider-3-106-0 metaslider metaslider-nivo metaslider-14318 ml-slider ms-theme-default\" role=\"region\" aria-label=\"Event\" data-height=\"350\" data-width=\"960\">\n    <div id=\"metaslider_container_14318\">\n        <div class='slider-wrapper theme-default'><div class='ribbon'><\/div><div id='metaslider_14318' class='nivoSlider'><img loading=\"lazy\" decoding=\"async\" src=\"https:\/\/antaiji.org\/wp-content\/uploads\/2016\/06\/few-960x350.jpg\" height=\"350\" width=\"960\" title=\"\u30cd\u30eb\u30b1\u7121\u65b9 \u8b1b\u6f14\u4e88\u5b9a\" alt=\"\" class=\"slider-14318 slide-14183 msDefaultImage\" \/><img loading=\"lazy\" decoding=\"async\" src=\"https:\/\/antaiji.org\/wp-content\/uploads\/2018\/10\/b.jpg\" height=\"350\" width=\"960\" title=\"\u30cd\u30eb\u30b1\u7121\u65b9 \u8b1b\u6f14\u4e88\u5b9a\" alt=\"\" class=\"slider-14318 slide-16933 msDefaultImage\" \/><img loading=\"lazy\" decoding=\"async\" src=\"https:\/\/antaiji.org\/wp-content\/uploads\/2018\/12\/truenature3.jpg\" height=\"350\" width=\"960\" title=\"truenature3\" alt=\"\" class=\"slider-14318 slide-17011 msDefaultImage\" \/><img loading=\"lazy\" decoding=\"async\" src=\"https:\/\/antaiji.org\/wp-content\/uploads\/2018\/10\/l-1.jpg\" height=\"350\" width=\"960\" title=\"\u30cd\u30eb\u30b1\u7121\u65b9 \u8b1b\u6f14\u4e88\u5b9a\" alt=\"\" class=\"slider-14318 slide-16919 msDefaultImage\" \/><img loading=\"lazy\" decoding=\"async\" src=\"https:\/\/antaiji.org\/wp-content\/uploads\/2017\/09\/muho3.jpg\" height=\"350\" width=\"960\" title=\"\u30cd\u30eb\u30b1\u7121\u65b9 \u8b1b\u6f14\u4e88\u5b9a\" alt=\"\" class=\"slider-14318 slide-15702 msDefaultImage\" \/><img loading=\"lazy\" decoding=\"async\" src=\"https:\/\/antaiji.org\/wp-content\/uploads\/2017\/09\/akita8.jpg\" height=\"350\" width=\"960\" title=\"\u30cd\u30eb\u30b1\u7121\u65b9 \u8b1b\u6f14\u4e88\u5b9a\" alt=\"\" class=\"slider-14318 slide-15725 msDefaultImage\" \/><img loading=\"lazy\" decoding=\"async\" src=\"https:\/\/antaiji.org\/wp-content\/uploads\/2018\/10\/c.jpg\" height=\"350\" width=\"960\" data-caption=\"????????????????????????????????????\" title=\"\u30cd\u30eb\u30b1\u7121\u65b9 \u8b1b\u6f14\u4e88\u5b9a\" alt=\"\" class=\"slider-14318 slide-16934 msDefaultImage\" \/><img loading=\"lazy\" decoding=\"async\" src=\"https:\/\/antaiji.org\/wp-content\/uploads\/2013\/06\/3868_banner.jpg\" height=\"350\" width=\"960\" title=\"\u30cd\u30eb\u30b1\u7121\u65b9 \u8b1b\u6f14\u4e88\u5b9a\" alt=\"\" class=\"slider-14318 slide-5317 msDefaultImage\" \/><img loading=\"lazy\" decoding=\"async\" src=\"https:\/\/antaiji.org\/wp-content\/uploads\/2018\/10\/d.jpg\" height=\"350\" width=\"960\" data-caption=\"????????????????????????????????????\" title=\"\u30cd\u30eb\u30b1\u7121\u65b9 \u8b1b\u6f14\u4e88\u5b9a\" alt=\"\" class=\"slider-14318 slide-16935 msDefaultImage\" \/><img loading=\"lazy\" decoding=\"async\" src=\"https:\/\/antaiji.org\/wp-content\/uploads\/2013\/06\/slider_\u00a9Huebner_4276.jpg\" height=\"350\" width=\"960\" title=\"\u30cd\u30eb\u30b1\u7121\u65b9 \u8b1b\u6f14\u4e88\u5b9a\" alt=\"\" class=\"slider-14318 slide-5433 msDefaultImage\" \/><img loading=\"lazy\" decoding=\"async\" src=\"https:\/\/antaiji.org\/wp-content\/uploads\/2017\/09\/img_abt_muho-960x350.jpg\" height=\"350\" width=\"960\" title=\"\u30cd\u30eb\u30b1\u7121\u65b9 \u8b1b\u6f14\u4e88\u5b9a\" alt=\"\" class=\"slider-14318 slide-15836 msDefaultImage\" \/><img loading=\"lazy\" decoding=\"async\" src=\"https:\/\/antaiji.org\/wp-content\/uploads\/2018\/12\/truenature4.jpg\" height=\"350\" width=\"960\" title=\"truenature4\" alt=\"\" class=\"slider-14318 slide-17012 msDefaultImage\" \/><img loading=\"lazy\" decoding=\"async\" src=\"https:\/\/antaiji.org\/wp-content\/uploads\/2018\/10\/e.jpg\" height=\"350\" width=\"960\" data-caption=\"????????????????????????????????????\" title=\"\u30cd\u30eb\u30b1\u7121\u65b9 \u8b1b\u6f14\u4e88\u5b9a\" alt=\"\" class=\"slider-14318 slide-16936 msDefaultImage\" \/><img loading=\"lazy\" decoding=\"async\" src=\"https:\/\/antaiji.org\/wp-content\/uploads\/2016\/06\/feh.jpg\" height=\"350\" width=\"960\" title=\"\u30cd\u30eb\u30b1\u7121\u65b9 \u8b1b\u6f14\u4e88\u5b9a\" alt=\"\" class=\"slider-14318 slide-14175 msDefaultImage\" \/><img loading=\"lazy\" decoding=\"async\" src=\"https:\/\/antaiji.org\/wp-content\/uploads\/2017\/09\/muho1.jpg\" height=\"350\" width=\"960\" title=\"\u30cd\u30eb\u30b1\u7121\u65b9 \u8b1b\u6f14\u4e88\u5b9a\" alt=\"\" class=\"slider-14318 slide-15701 msDefaultImage\" \/><img loading=\"lazy\" decoding=\"async\" src=\"https:\/\/antaiji.org\/wp-content\/uploads\/2017\/09\/akita7.jpg\" height=\"350\" width=\"960\" title=\"\u30cd\u30eb\u30b1\u7121\u65b9 \u8b1b\u6f14\u4e88\u5b9a\" alt=\"\" class=\"slider-14318 slide-15724 msDefaultImage\" \/><img loading=\"lazy\" decoding=\"async\" src=\"https:\/\/antaiji.org\/wp-content\/uploads\/2016\/11\/tanba2.jpeg\" height=\"350\" width=\"960\" title=\"\u30cd\u30eb\u30b1\u7121\u65b9 \u8b1b\u6f14\u4e88\u5b9a\" alt=\"\" class=\"slider-14318 slide-14720 msDefaultImage\" \/><img loading=\"lazy\" decoding=\"async\" src=\"https:\/\/antaiji.org\/wp-content\/uploads\/2016\/11\/norb.jpg\" height=\"350\" width=\"960\" title=\"\u30cd\u30eb\u30b1\u7121\u65b9 \u8b1b\u6f14\u4e88\u5b9a\" alt=\"\" class=\"slider-14318 slide-14721 msDefaultImage\" \/><img loading=\"lazy\" decoding=\"async\" src=\"https:\/\/antaiji.org\/wp-content\/uploads\/2016\/06\/feg.jpg\" height=\"350\" width=\"960\" title=\"\u30cd\u30eb\u30b1\u7121\u65b9 \u8b1b\u6f14\u4e88\u5b9a\" alt=\"\" class=\"slider-14318 slide-14174 msDefaultImage\" \/><img loading=\"lazy\" decoding=\"async\" src=\"https:\/\/antaiji.org\/wp-content\/uploads\/2016\/06\/tn1.jpg\" height=\"350\" width=\"960\" title=\"\u30cd\u30eb\u30b1\u7121\u65b9 \u8b1b\u6f14\u4e88\u5b9a\" alt=\"\" class=\"slider-14318 slide-14167 msDefaultImage\" \/><img loading=\"lazy\" decoding=\"async\" src=\"https:\/\/antaiji.org\/wp-content\/uploads\/2016\/06\/fee.jpg\" height=\"350\" width=\"960\" title=\"\u30cd\u30eb\u30b1\u7121\u65b9 \u8b1b\u6f14\u4e88\u5b9a\" alt=\"\" class=\"slider-14318 slide-14173 msDefaultImage\" \/><img loading=\"lazy\" decoding=\"async\" src=\"https:\/\/antaiji.org\/wp-content\/uploads\/2013\/06\/slider_\u00a9Huebner_1258.jpg\" height=\"350\" width=\"960\" title=\"\u30cd\u30eb\u30b1\u7121\u65b9 \u8b1b\u6f14\u4e88\u5b9a\" alt=\"\" class=\"slider-14318 slide-5345 msDefaultImage\" \/><img loading=\"lazy\" decoding=\"async\" src=\"https:\/\/antaiji.org\/wp-content\/uploads\/2016\/11\/tanba1.jpeg\" height=\"350\" width=\"960\" title=\"\u30cd\u30eb\u30b1\u7121\u65b9 \u8b1b\u6f14\u4e88\u5b9a\" alt=\"\" class=\"slider-14318 slide-14719 msDefaultImage\" \/><img loading=\"lazy\" decoding=\"async\" src=\"https:\/\/antaiji.org\/wp-content\/uploads\/2017\/09\/muho2-1.jpg\" height=\"350\" width=\"960\" title=\"\u30cd\u30eb\u30b1\u7121\u65b9 \u8b1b\u6f14\u4e88\u5b9a\" alt=\"\" class=\"slider-14318 slide-15703 msDefaultImage\" \/><img loading=\"lazy\" decoding=\"async\" src=\"https:\/\/antaiji.org\/wp-content\/uploads\/2016\/06\/fea.jpg\" height=\"350\" width=\"960\" title=\"\u30cd\u30eb\u30b1\u7121\u65b9 \u8b1b\u6f14\u4e88\u5b9a\" alt=\"\" class=\"slider-14318 slide-14168 msDefaultImage\" \/><\/div><\/div>\n        \n    <\/div>\n<\/div><br \/>\n<br \/>\nMuh\u014d was the ninth abbot of Antaiji between 2002 and 2020. He was born in 1968 in Berlin and grew up in Western Germany. At age 16, he was introduced to zazen by one of his high school teachers and soon had the wish to become a Zen monk. To prepare for his stay in Japan, he studied Japanese at the university in Berlin, along with philosophy and physics. During his studies, he spent one year at Ky\u014dto University and learned about Antaiji for the first time. At age 22, he spent six months there as a lay practioner. <\/p>\n<p>Three years later, after graduating from university, Muh\u014d ordained as a monk under the abbot Miyaura Shiny\u016b R\u014dshi. Apart from Antaiji he trained for one year at the Rinzai monastery T\u014dfukuji in Ky\u014dto, and one year at Hosshinji in Obama. <\/p>\n<p>After obtaining the transmission of dharma (shih\u014d) from his teacher Miyaura R\u014dshi he decided to live as a homeless monk in a park in central \u014csaka, where he led a zazen group. He was 33 years old. <\/p>\n<p>After six months though, in February of 2002, he learned of the sudden death of his teacher and was called back to Antaiji. He succeeded his teacher as the ninth abbot in the spring of that year. In 2020 he retired after 18 years as the abbot and appointed <a href=\"https:\/\/antaiji.org\/en\/eko.shtml\">Ek\u014d<\/a>, a Japanese nun, as his successor. You can find him on <a target-\"_blank\" href=\"https:\/\/www.youtube.com\/channel\/UCffBVsdYVFfvxPLaX6EHZKQ\">YouTube<\/a> and <a target=\"_blank\" href=\"https:\/\/twitter.com\/MuhoNoelke\" rel=\"noopener noreferrer\">Twitter<\/a>.<\/p>\n<p>Muh\u014d is married since 2002 and has three children. His old writings are in the &#8220;<a href=\"https:\/\/antaiji.org\/?page_id=4802&#038;lang=en\">Adult practice<\/a>&#8221; section of this website.<\/p>\n","protected":false},"excerpt":{"rendered":"<p>Muh\u014d was the ninth abbot of Antaiji between 2002 and 2020. He was born in 1968 in Berlin and grew up in Western Germany. At age 16, he was introduced to zazen by one of his high school teachers and soon had the wish to become a Zen monk. To prepare for his stay in Japan, he studied Japanese at the university in Berlin, along with philosophy and physics. During his studies, he spent one year at Ky\u014dto University and learned about Antaiji for the first time. At age 22, he spent six months there as a lay practioner. Three years later, after graduating from university, Muh\u014d ordained as a monk under the abbot Miyaura Shiny\u016b R\u014dshi. Apart from Antaiji he trained for one year at the Rinzai monastery T\u014dfukuji in Ky\u014dto, and one year at Hosshinji in Obama. After obtaining the transmission of dharma (shih\u014d) from his teacher Miyaura R\u014dshi he decided to live as a homeless monk in a park in central \u014csaka, where he led a zazen group. He was 33 years old. After six months though, in February of 2002, he learned of the sudden death of his teacher and was called back to Antaiji. He succeeded his teacher as the ninth abbot in the spring of that year. In 2020 he retired after 18 years as the abbot and appointed Ek\u014d, a Japanese nun, as his successor. You can find him on YouTube and Twitter. Muh\u014d is married since 2002 and has three children. His old writings are in the &#8220;Adult practice&#8221; section of this website.<\/p>\n","protected":false},"author":1,"featured_media":0,"parent":0,"menu_order":52,"comment_status":"closed","ping_status":"closed","template":"side-navigation.php","meta":{"ngg_post_thumbnail":0,"footnotes":""},"class_list":["post-3106","page","type-page","status-publish","hentry"],"_links":{"self":[{"href":"https:\/\/antaiji.org\/en\/wp-json\/wp\/v2\/pages\/3106","targetHints":{"allow":["GET"]}}],"collection":[{"href":"https:\/\/antaiji.org\/en\/wp-json\/wp\/v2\/pages"}],"about":[{"href":"https:\/\/antaiji.org\/en\/wp-json\/wp\/v2\/types\/page"}],"author":[{"embeddable":true,"href":"https:\/\/antaiji.org\/en\/wp-json\/wp\/v2\/users\/1"}],"replies":[{"embeddable":true,"href":"https:\/\/antaiji.org\/en\/wp-json\/wp\/v2\/comments?post=3106"}],"version-history":[{"count":72,"href":"https:\/\/antaiji.org\/en\/wp-json\/wp\/v2\/pages\/3106\/revisions"}],"predecessor-version":[{"id":20069,"href":"https:\/\/antaiji.org\/en\/wp-json\/wp\/v2\/pages\/3106\/revisions\/20069"}],"wp:attachment":[{"href":"https:\/\/antaiji.org\/en\/wp-json\/wp\/v2\/media?parent=3106"}],"curies":[{"name":"wp","href":"https:\/\/api.w.org\/{rel}","templated":true}]}}