{"id":5973,"date":"2013-06-19T07:55:07","date_gmt":"2013-06-19T07:55:07","guid":{"rendered":"http:\/\/antaiji.org\/?page_id=5973"},"modified":"2013-06-30T13:57:50","modified_gmt":"2013-06-30T13:57:50","slug":"english-hubert-french","status":"publish","type":"page","link":"https:\/\/antaiji.org\/en\/history\/yearbooks\/yearbook-2010\/english-hubert-french\/","title":{"rendered":"Hubert (French)"},"content":{"rendered":"<h3>Hubert \uff0856yo, Programmer, France\uff09<\/h3>\n<p>Cette ann\u00e9e c\u2019est du tout venant :<\/p>\n<p>1) D\u2019abord j\u2019ai trouv\u00e9 la photo du ventilateur trois axes du train d\u2019Hamasaka que je cherchai depuis mon passage \u00e0 Antaiji en 2005. J\u2019ai m\u00eame trouv\u00e9 une vid\u00e9o (les 6 premi\u00e8res secondes), je ne sais pas ce qu\u2019elle raconte mais on voit cette merveille d\u2019ing\u00e9niosit\u00e9 qu\u2019est ce ventilateur trois axes, j\u2019en \u00e9tais bouche b\u00e9e : (Ctrl Clic sur la photo)<\/p>\n<p><center><a href=\"http:\/\/www.youtube.com\/watch?v=eIsPisBi7_k\"><img loading=\"lazy\" decoding=\"async\" class=\"aligncenter size-full wp-image-5978\" alt=\"image002\" src=\"https:\/\/antaiji.org\/wp-content\/uploads\/2013\/06\/image002.jpg\" width=\"400\" height=\"217\" srcset=\"https:\/\/antaiji.org\/wp-content\/uploads\/2013\/06\/image002.jpg 400w, https:\/\/antaiji.org\/wp-content\/uploads\/2013\/06\/image002-300x162.jpg 300w\" sizes=\"auto, (max-width: 400px) 100vw, 400px\" \/><\/a><\/center>2) Cet \u00e9t\u00e9 Schin op Gueul :<\/p>\n<p><img loading=\"lazy\" decoding=\"async\" class=\"aligncenter size-full wp-image-5974\" alt=\"image004\" src=\"https:\/\/antaiji.org\/wp-content\/uploads\/2013\/06\/image004.jpg\" width=\"400\" height=\"267\" srcset=\"https:\/\/antaiji.org\/wp-content\/uploads\/2013\/06\/image004.jpg 400w, https:\/\/antaiji.org\/wp-content\/uploads\/2013\/06\/image004-300x200.jpg 300w\" sizes=\"auto, (max-width: 400px) 100vw, 400px\" \/><\/p>\n<p><img loading=\"lazy\" decoding=\"async\" class=\"aligncenter size-full wp-image-5975\" alt=\"image006\" src=\"https:\/\/antaiji.org\/wp-content\/uploads\/2013\/06\/image006.jpg\" width=\"400\" height=\"266\" srcset=\"https:\/\/antaiji.org\/wp-content\/uploads\/2013\/06\/image006.jpg 400w, https:\/\/antaiji.org\/wp-content\/uploads\/2013\/06\/image006-300x199.jpg 300w\" sizes=\"auto, (max-width: 400px) 100vw, 400px\" \/><\/p>\n<p><center><img loading=\"lazy\" decoding=\"async\" class=\"aligncenter size-full wp-image-5976\" alt=\"image008\" src=\"https:\/\/antaiji.org\/wp-content\/uploads\/2013\/06\/image008.jpg\" width=\"400\" height=\"266\" srcset=\"https:\/\/antaiji.org\/wp-content\/uploads\/2013\/06\/image008.jpg 400w, https:\/\/antaiji.org\/wp-content\/uploads\/2013\/06\/image008-300x199.jpg 300w\" sizes=\"auto, (max-width: 400px) 100vw, 400px\" \/><\/center>Dans les sesshin o\u00f9 le lieu est lou\u00e9 pour l\u2019occasion, on tombe sur des d\u00e9cors de zazen assez dr\u00f4les :<\/p>\n<p><center><\/center><img loading=\"lazy\" decoding=\"async\" class=\"aligncenter size-full wp-image-5977\" alt=\"image010\" src=\"https:\/\/antaiji.org\/wp-content\/uploads\/2013\/06\/image010.jpg\" width=\"427\" height=\"640\" srcset=\"https:\/\/antaiji.org\/wp-content\/uploads\/2013\/06\/image010.jpg 427w, https:\/\/antaiji.org\/wp-content\/uploads\/2013\/06\/image010-200x300.jpg 200w\" sizes=\"auto, (max-width: 427px) 100vw, 427px\" \/><\/p>\n<p>3) J\u2019ai aussi une photo \u00e0 faire sur la causalit\u00e9 bouddhiste : sur cette terre les m\u00eames causes provoquent les m\u00eames effets. (une main qui l\u00e2che un galet tombant sur le sol.)<\/p>\n<p>4) Au Centre Zen d\u2019Amiens on a d\u00e9marr\u00e9 l\u2019atelier Dharma sur le Shobogenzo, on a commenc\u00e9 par Zazenshin. C\u2019est passionnant d\u2019entrer dans l\u2019univers de Ma\u00eetre Dogen\u2026<\/p>\n<p>5) Shiki et ku sont dans un bateau, shiki tombe \u00e0 l\u2019eau, qu\u2019est-ce qui reste ?<\/p>\n<p>Comme dirait mon petit-fils : \u00ab je t\u2019ai fait une bonne blague\u2026 \u00bb<\/p>\n<p>C\u2019est ma fa\u00e7on de mieux appr\u00e9hender la relation entre Shiki et Ku surtout durant zazen o\u00f9 je crois que c\u2019est shiki qui doit faire tout le boulot pour s\u2019\u00e9veiller. Shiki peut la mettre un peu en sourdine car l\u2019Hannya Shingyo nous dit que Shiki devient ku, ku devient Shiki et que Shiki est shiki ainsi que Ku est Ku. Ma\u00eetre Dogen nous dit aussi dans le Zazenshin : \u00ab Il nous faut conna\u00eetre le moment favorable o\u00f9 les deux amis intimes se rencontrent face \u00e0 face. Si l\u2019autre est un ami intime pour moi, (je suis) un ami intime pour l\u2019autre. La question : \u00ab Qu\u2019y a-t-il de bon \u00e0 faire alors ? \u00bb n\u2019est autre que la manifestation simultan\u00e9e de ces deux c\u00f4t\u00e9s.<\/p>\n<p>6) Pour solutionner les probl\u00e8mes de pouvoir et de hi\u00e9rarchie mal plac\u00e9e dans les sanghas zen en Europe, c\u2019est facile : tout le monde face au mur dans le dojo et ailleurs aussi.<\/p>\n<p>7) \u00ab l\u2019empreinte de Zazen \u00bb. Elle se r\u00e9alise comme les saisons, la nature ne compte pas son temps. Gassho \u00e0 toute la Sangha<\/p>\n","protected":false},"excerpt":{"rendered":"<p>Hubert \uff0856yo, Programmer, France\uff09 Cette ann\u00e9e c\u2019est du tout venant : 1) D\u2019abord j\u2019ai trouv\u00e9 la photo du ventilateur trois axes du train d\u2019Hamasaka que je cherchai depuis mon passage \u00e0 Antaiji en 2005. J\u2019ai m\u00eame trouv\u00e9 une vid\u00e9o (les 6 premi\u00e8res secondes), je ne sais pas ce qu\u2019elle raconte mais on voit cette merveille d\u2019ing\u00e9niosit\u00e9 qu\u2019est ce ventilateur trois axes, j\u2019en \u00e9tais bouche b\u00e9e : (Ctrl Clic sur la photo) 2) Cet \u00e9t\u00e9 Schin op Gueul : Dans les sesshin o\u00f9 le lieu est lou\u00e9 pour l\u2019occasion, on tombe sur des d\u00e9cors de zazen assez dr\u00f4les : 3) J\u2019ai aussi une photo \u00e0 faire sur la causalit\u00e9 bouddhiste : sur cette terre les m\u00eames causes provoquent les m\u00eames effets. (une main qui l\u00e2che un galet tombant sur le sol.) 4) Au Centre Zen d\u2019Amiens on a d\u00e9marr\u00e9 l\u2019atelier Dharma sur le Shobogenzo, on a commenc\u00e9 par Zazenshin. C\u2019est passionnant d\u2019entrer dans l\u2019univers de Ma\u00eetre Dogen\u2026 5) Shiki et ku sont dans un bateau, shiki tombe \u00e0 l\u2019eau, qu\u2019est-ce qui reste ? Comme dirait mon petit-fils : \u00ab je t\u2019ai fait une bonne blague\u2026 \u00bb C\u2019est ma fa\u00e7on de mieux appr\u00e9hender la relation entre Shiki et Ku surtout durant zazen o\u00f9 je crois que c\u2019est shiki qui doit faire tout le boulot pour s\u2019\u00e9veiller. Shiki peut la mettre un peu en sourdine car l\u2019Hannya Shingyo nous dit que Shiki devient ku, ku devient Shiki et que Shiki est shiki ainsi que Ku est Ku. Ma\u00eetre Dogen nous dit aussi dans le Zazenshin : \u00ab Il nous faut conna\u00eetre le moment favorable o\u00f9 les deux amis intimes se rencontrent face \u00e0 face. Si l\u2019autre est un ami intime pour moi, (je suis) un ami intime pour [&hellip;]<\/p>\n","protected":false},"author":1,"featured_media":0,"parent":5731,"menu_order":0,"comment_status":"closed","ping_status":"closed","template":"side-navigation.php","meta":{"ngg_post_thumbnail":0,"footnotes":""},"class_list":["post-5973","page","type-page","status-publish","hentry"],"_links":{"self":[{"href":"https:\/\/antaiji.org\/en\/wp-json\/wp\/v2\/pages\/5973","targetHints":{"allow":["GET"]}}],"collection":[{"href":"https:\/\/antaiji.org\/en\/wp-json\/wp\/v2\/pages"}],"about":[{"href":"https:\/\/antaiji.org\/en\/wp-json\/wp\/v2\/types\/page"}],"author":[{"embeddable":true,"href":"https:\/\/antaiji.org\/en\/wp-json\/wp\/v2\/users\/1"}],"replies":[{"embeddable":true,"href":"https:\/\/antaiji.org\/en\/wp-json\/wp\/v2\/comments?post=5973"}],"version-history":[{"count":5,"href":"https:\/\/antaiji.org\/en\/wp-json\/wp\/v2\/pages\/5973\/revisions"}],"predecessor-version":[{"id":6670,"href":"https:\/\/antaiji.org\/en\/wp-json\/wp\/v2\/pages\/5973\/revisions\/6670"}],"up":[{"embeddable":true,"href":"https:\/\/antaiji.org\/en\/wp-json\/wp\/v2\/pages\/5731"}],"wp:attachment":[{"href":"https:\/\/antaiji.org\/en\/wp-json\/wp\/v2\/media?parent=5973"}],"curies":[{"name":"wp","href":"https:\/\/api.w.org\/{rel}","templated":true}]}}