{"id":7404,"date":"2013-07-12T07:34:26","date_gmt":"2013-07-12T07:34:26","guid":{"rendered":"http:\/\/antaiji.org\/?page_id=7404"},"modified":"2019-04-01T07:23:14","modified_gmt":"2019-04-01T07:23:14","slug":"%e3%83%aa%e3%83%b3%e3%82%af%e9%9b%86","status":"publish","type":"page","link":"https:\/\/antaiji.org\/en\/%e3%83%aa%e3%83%b3%e3%82%af%e9%9b%86\/","title":{"rendered":"Links"},"content":{"rendered":"<h3>Links<\/h3>\n<p>Here are some links to websites that are either somehow related to Antaiji, or might be of interest for further reading. We do not take responsibility for the content of any of the following sites.<\/p>\n<p><a class=\"h4\" href=\"http:\/\/global.sotozen-net.or.jp\/eng\/index.html\" target=\"_blank\" rel=\"noopener noreferrer\">Sotozen-Net<\/a><br \/>\nThe English version of the official S\u00f4t\u00f4sh\u00fb website. With links to other Zen temples. Check out Okumura Shohaku Roshi&#8217;s English translation of the <a href=\"http:\/\/global.sotozen-net.or.jp\/common_html\/zuimonki\/index.html\">Sh\u00f4b\u00f4genz\u00f4 Zuimonki<\/a>.<\/p>\n<p><a class=\"h4\" href=\"http:\/\/web.stanford.edu\/group\/scbs\/sztp3\/\" target=\"_blank\" rel=\"noopener noreferrer\">Soto Zen Text Project<\/a><br \/>\nThis slowly but steadily progessing project is based at Stanford university. You&#8217;ll find a lot of English translations from the Sh\u00f4b\u00f4genz\u00f4 and other S\u00f4t\u00f4 texts here. As a first read, the <a href=\"http:\/\/web.stanford.edu\/group\/scbs\/sztp3\/translations\/eihei_shingi\/translations\/tenzo_kyokun\/translation.html\">Tenzo Ky\u00f4kun<\/a> is recommended.<\/p>\n<p><a class=\"h4\" href=\"http:\/\/www.bdkamerica.org\/digital\" target=\"_blank\" rel=\"noopener noreferrer\">Bukkyo Dendo Kyokai (BDK) \u2013 Digital Texts<\/a><br \/>\nOnline versions of several important sutras.<\/p>\n<p><a class=\"h4\" href=\"http:\/\/www.thezensite.com\/ZenTeachings\/Dogen_Teachings\/Shobogenzo_Complete.html\" target=\"_blank\" rel=\"noopener noreferrer\">The Zensite: Sh\u014db\u014dgenz\u014d<\/a><br \/>\nTranslations of Dogen&#8217;s major work.<\/p>\n<p><a class=\"h4\" href=\"http:\/\/www.sanshinji.org\/\" target=\"_blank\" rel=\"noopener noreferrer\">Sanshin Zen Community<\/a><br \/>\nLed by Sh\u00f4haku Okumura R\u00f4shi, a student of Uchiyama R\u00f4shi, in Bloomington IN (USA).<\/p>\n<p><a class=\"h4\" href=\"http:\/\/www.gyobutsuji.org\/\" target=\"_blank\" rel=\"noopener noreferrer\">Gyobutsuji Zen Monastery<\/a><br \/>\nFounded by Shoryu Bradley, a sudent of Sh\u00f4haku Okumura R\u00f4shi, in Kingston, AR (USA).<\/p>\n<p><a class=\"h4\" href=\"https:\/\/valleyzendo.org\" target=\"_blank\" rel=\"noopener noreferrer\">Valley Zendo<\/a><br \/>\nWas founded in 1975 by K\u00f4shi Ichida, Sh\u00f4haku Okumura and Eishin Ikeda, three students of Uchiyama R\u00f4shi, in Western Massachusetts (USA). The present resident priest is Eishin Ikeda.<\/p>\n<p><a class=\"h4\" href=\"http:\/\/www.meetup.com\/melbourne-zen-meditation\/\" target=\"_blank\" rel=\"noopener noreferrer\">Melbourne Zen Centre<\/a><br \/>\n&#8220;MZC runs regular Zazen meetings for people from all walks of life. Whether you are new to Zen practice, or have had some prior experience, please feel free to come and sit.&#8221;<\/p>\n<p><a class=\"h4\" href=\"http:\/\/www.dogen-zen.nl\/\" target=\"_blank\" rel=\"noopener noreferrer\">Sangha Maastricht<\/a><br \/>\nZen group in Schin op Geul, located between Aachen und Maastricht. Lots of translations in Dutch.<\/p>\n<p><a class=\"h4\" href=\"http:\/\/ssssplash.blogspot.jp\/\" target=\"_blank\" rel=\"noopener noreferrer\">Sitting Duck<\/a><br \/>\nMushin from Australia writes about her experience at Antaiji in the spring and early summer of 2014.<br \/>\nYou will find lots of beautiful pictures of the daily life here as well.<br \/>\n<!--\n<a class=\"h4\" href=\"http:\/\/buddhism-for-vampires.com\" target=\"_blank\" rel=\"noopener noreferrer\">Buddhism for Vampires<\/a>\n\"Buddhism for vampires? That\u2019s silly. Buddhism and vampires don\u2019t have anything to do with each other\u2014do they?\"\n\n<a class=\"h4\" href=\"http:\/\/www.donoharm.us\/\" target=\"_blank\" rel=\"noopener noreferrer\">DO NO HARM<\/a>\nA non-profit non-organization. \"If you think you're a member, you're a member. If you think you're not a member, you're an honorary member.\"\n--><br \/>\n<a class=\"h4\" href=\"http:\/\/hardcorezen.info\/\" target=\"_blank\" rel=\"noopener noreferrer\">Hardcore Zen<\/a><br \/>\nAlways entertaining, sometimes thought provoking blog by punk rock Zen master Brad Warner.<\/p>\n<p><a class=\"h4\" href=\"http:\/\/posttraditionalbuddhism.com\/start-here-please\/\" target=\"_blank\" rel=\"noopener noreferrer\">Post-Traditional Buddhism<\/a><br \/>\n&#8220;This blog is based on an experimental exploration of Buddhism. Focusing primarily on a post-traditional approach, it explores a variety of important aspects of contemporary western Buddhism.&#8221;<\/p>\n<p><a class=\"h4\" href=\"http:\/\/speculativenonbuddhism.com\/\" target=\"_blank\" rel=\"noopener noreferrer\">Speculative Non-Buddhism &#8211; an experiment in creative criticism<\/a><br \/>\n&#8220;The blog is meant to serve as a forum for speculation on Buddhism (more properly, on what I call \u201cnon-Buddhism\u201c).&#8221; (by Glenn Wallis)<br \/>\n<!--\n<a class=\"h4\" href=\"http:\/\/linesofflight.co\/\" target=\"_blank\" rel=\"noopener noreferrer\">Lines of Flight<\/a>\n\"Lines of Flight is a site of transition. It is an unstable stratum, on which you, the reader, may pause, and consider. You will encounter thoughts, images, texts, and sounds produced by other people. These people also stand, fleetingly, some place. They, too, pause, look, and think.\"\n\n<a class=\"h4\" href=\"http:\/\/tuttejiorg.wordpress.com\/\" target=\"_blank\" rel=\"noopener noreferrer\">Tutteji Wachtmeister<\/a>\n\"Tutte Wachtmeister is an internationally respected spiritual teacher, cutting edge theorist, entrepeneur, cultural visionary, and founder of the Liberalism 3.0 think tank.\"\n--><br \/>\n<a class=\"h4\" href=\"https:\/\/www.facebook.com\/groups\/76378857312\/\" target=\"_blank\" rel=\"noopener noreferrer\">I have been in Antaiji<\/a><br \/>\nThis group intends to unite all the people that have stayed in Antaiji, the Zen temple lead by Kodo Sawaki Roshi, for the pure practice of Zazen.<\/p>\n","protected":false},"excerpt":{"rendered":"<p>Links Here are some links to websites that are either somehow related to Antaiji, or might be of interest for further reading. We do not take responsibility for the content of any of the following sites. Sotozen-Net The English version of the official S\u00f4t\u00f4sh\u00fb website. With links to other Zen temples. Check out Okumura Shohaku Roshi&#8217;s English translation of the Sh\u00f4b\u00f4genz\u00f4 Zuimonki. Soto Zen Text Project This slowly but steadily progessing project is based at Stanford university. You&#8217;ll find a lot of English translations from the Sh\u00f4b\u00f4genz\u00f4 and other S\u00f4t\u00f4 texts here. As a first read, the Tenzo Ky\u00f4kun is recommended. Bukkyo Dendo Kyokai (BDK) \u2013 Digital Texts Online versions of several important sutras. The Zensite: Sh\u014db\u014dgenz\u014d Translations of Dogen&#8217;s major work. Sanshin Zen Community Led by Sh\u00f4haku Okumura R\u00f4shi, a student of Uchiyama R\u00f4shi, in Bloomington IN (USA). Gyobutsuji Zen Monastery Founded by Shoryu Bradley, a sudent of Sh\u00f4haku Okumura R\u00f4shi, in Kingston, AR (USA). Valley Zendo Was founded in 1975 by K\u00f4shi Ichida, Sh\u00f4haku Okumura and Eishin Ikeda, three students of Uchiyama R\u00f4shi, in Western Massachusetts (USA). The present resident priest is Eishin Ikeda. Melbourne Zen Centre &#8220;MZC runs regular Zazen meetings for people from all walks of life. Whether you are new to Zen practice, or have had some prior experience, please feel free to come and sit.&#8221; Sangha Maastricht Zen group in Schin op Geul, located between Aachen und Maastricht. Lots of translations in Dutch. Sitting Duck Mushin from Australia writes about her experience at Antaiji in the spring and early summer of 2014. You will find lots of beautiful pictures of the daily life here as well. Hardcore Zen Always entertaining, sometimes thought provoking blog by punk rock Zen master [&hellip;]<\/p>\n","protected":false},"author":1,"featured_media":0,"parent":0,"menu_order":94,"comment_status":"closed","ping_status":"closed","template":"side-navigation.php","meta":{"ngg_post_thumbnail":0,"footnotes":""},"class_list":["post-7404","page","type-page","status-publish","hentry"],"_links":{"self":[{"href":"https:\/\/antaiji.org\/en\/wp-json\/wp\/v2\/pages\/7404","targetHints":{"allow":["GET"]}}],"collection":[{"href":"https:\/\/antaiji.org\/en\/wp-json\/wp\/v2\/pages"}],"about":[{"href":"https:\/\/antaiji.org\/en\/wp-json\/wp\/v2\/types\/page"}],"author":[{"embeddable":true,"href":"https:\/\/antaiji.org\/en\/wp-json\/wp\/v2\/users\/1"}],"replies":[{"embeddable":true,"href":"https:\/\/antaiji.org\/en\/wp-json\/wp\/v2\/comments?post=7404"}],"version-history":[{"count":86,"href":"https:\/\/antaiji.org\/en\/wp-json\/wp\/v2\/pages\/7404\/revisions"}],"predecessor-version":[{"id":17450,"href":"https:\/\/antaiji.org\/en\/wp-json\/wp\/v2\/pages\/7404\/revisions\/17450"}],"wp:attachment":[{"href":"https:\/\/antaiji.org\/en\/wp-json\/wp\/v2\/media?parent=7404"}],"curies":[{"name":"wp","href":"https:\/\/api.w.org\/{rel}","templated":true}]}}